{"id":45132,"date":"2026-04-04T09:59:28","date_gmt":"2026-04-04T09:59:28","guid":{"rendered":"https:\/\/keepfitnutrition.ch\/?post_type=product&#038;p=45132"},"modified":"2026-04-04T12:45:09","modified_gmt":"2026-04-04T12:45:09","slug":"arginine-3000mg-ostrovit","status":"publish","type":"product","link":"https:\/\/keepfitnutrition.ch\/de\/produkt\/arginine-3000mg-ostrovit\/","title":{"rendered":"ARGININ 3000MG OSTROVIT"},"content":{"rendered":"<h3 style=\"text-align: center;\"><strong>Arginin 3000mg 150 Kapseln OstroVit.<\/strong><\/h3>\n<p><img loading=\"lazy\" decoding=\"async\" class=\"alignnone size-full wp-image-45142 aligncenter\" src=\"https:\/\/keepfitnutrition.ch\/wp-content\/uploads\/2026\/04\/Arginine-3000-150caps-OstroVit-Description-K.webp\" alt=\"\" width=\"311\" height=\"300\" \/><\/p>\n<h4 class=\"Y3BBE\" data-sfc-root=\"c\" data-hveid=\"CAEIBBAA\" data-complete=\"true\" data-processed=\"true\"><strong class=\"Yjhzub\" data-sfc-root=\"c\" data-sfc-cb=\"\" data-complete=\"true\" data-processed=\"true\">Wachstumshormone &amp; Anaboler Effekt<\/strong><\/h4>\n<div class=\"Y3BBE\" data-sfc-cp=\"\" data-sfc-root=\"c\" data-sfc-cb=\"\" data-hveid=\"CAEIBBAA\" data-complete=\"true\" data-processed=\"true\"><strong>Arginin stimuliert die Aussch\u00fcttung von Wachstumshormonen (GH), insbesondere bei hoher Dosierung oder in Ruhephasen. Der \u201eanabole\u201c Effekt resultiert vor allem aus der Optimierung des Stoffwechselumfelds und einem verbesserten N\u00e4hrstofftransport.<\/strong><\/div>\n<div data-sfc-cp=\"\" data-sfc-root=\"c\" data-sfc-cb=\"\" data-hveid=\"CAEIBBAA\" data-complete=\"true\" data-processed=\"true\"><\/div>\n<h4 data-sfc-root=\"c\" data-hveid=\"CAEIBRAA\" data-complete=\"true\" data-processed=\"true\" aria-owns=\"action-menu-parent-container\"><\/h4>\n<h4 class=\"Y3BBE\" data-sfc-root=\"c\" data-hveid=\"CAEIBRAA\" data-complete=\"true\" data-processed=\"true\" aria-owns=\"action-menu-parent-container\"><strong class=\"Yjhzub\" data-sfc-root=\"c\" data-sfc-cb=\"\" data-complete=\"true\" data-processed=\"true\">Optimale N\u00e4hrstoffzufuhr: Die gr\u00f6\u00dfte St\u00e4rke<\/strong><\/h4>\n<div class=\"Y3BBE\" data-sfc-cp=\"\" data-sfc-root=\"c\" data-sfc-cb=\"\" data-hveid=\"CAEIBRAA\" data-complete=\"true\" data-processed=\"true\" aria-owns=\"action-menu-parent-container\"><strong>Durch die gezielte Gef\u00e4\u00dferweiterung (Vasodilatation) werden die \u201eSchleusen\u201c ge\u00f6ffnet: Das Blut transportiert Aminos\u00e4uren und Glukose schneller zu den beanspruchten Muskelfasern. Das Ergebnis: Eine beschleunigte Muskelrekonstruktion.<\/strong><\/div>\n<h4><\/h4>\n<h4><span style=\"color: #d0121a;\"><strong>Verzehrempfehlung:<\/strong><\/span><\/h4>\n<p><span style=\"color: #d0121a;\"><strong> 3 Kapseln *1 Portion* t\u00e4glich, 30 Minuten vor dem Training mit reichlich Wasser einnehmen.<\/strong><\/span><\/p>\n<h4><strong>Zutaten<\/strong><\/h4>\n<p><strong>L-Arginin, Kapselh\u00fclle (Gelatine, gereinigtes Wasser), Magnesiumsalze von Speisefetts\u00e4uren.<\/strong><\/p>\n<h4><strong>Allergiehinweis:<\/strong><\/h4>\n<p><strong>Das Produkt kann Milch (einschlie\u00dflich Laktose), Soja Erdn\u00fcsse, andere Schlenfr\u00fcchte, Sesamsamen, Hafer, Eier, Krebstiere und Fisch enthalten.<\/strong><\/p>\n<h4 class=\"Y3BBE\" data-sfc-root=\"c\" data-hveid=\"CAEIAhAA\" data-complete=\"true\" data-processed=\"true\"><strong>N\u00e4hrwerte: <\/strong><\/h4>\n<p class=\"Y3BBE\" data-sfc-root=\"c\" data-hveid=\"CAEIAhAA\" data-complete=\"true\" data-processed=\"true\"><strong>1 Portion (3 Kapseln) enth\u00e4lt 3000mg Arginin.<\/strong><\/p>\n<h4 class=\"Y3BBE\" data-sfc-root=\"c\" data-hveid=\"CAEIAxAA\" data-complete=\"true\" data-processed=\"true\"><strong class=\"Yjhzub\" data-sfc-root=\"c\" data-sfc-cb=\"\" data-complete=\"true\" data-processed=\"true\">Warnhinweise:<\/strong><\/h4>\n<p><strong>Nahrungserg\u00e4nzungsmittel sind kein Ersatz f\u00fcr eine abwechslungsreiche und ausgewogene Ern\u00e4hrung sowie eine gesunde Lebensweise.<\/strong><\/p>\n<p><strong><span class=\"T286Pc\" data-sfc-cp=\"\" data-sfc-root=\"c\" data-sfc-cb=\"\" data-complete=\"true\">Die empfohlene t\u00e4gliche Verzehrmenge darf nicht \u00fcberschritten werden.<\/span><\/strong><\/p>\n<p><strong><span class=\"T286Pc\" data-sfc-cp=\"\" data-sfc-root=\"c\" data-sfc-cb=\"\" data-complete=\"true\">Nicht einnehmen, wenn Sie gegen einen der Inhaltsstoffe allergisch sind.<\/span><\/strong><\/p>\n<p><strong><span class=\"T286Pc\" data-sfc-cp=\"\" data-sfc-root=\"c\" data-sfc-cb=\"\" data-complete=\"true\">Schwangere oder stillende Frauen sollten dieses Nahrungserg\u00e4nzungsmittel nicht einnehmen.<\/span><\/strong><\/p>\n<p><strong><span class=\"T286Pc\" data-sfc-cp=\"\" data-sfc-root=\"c\" data-sfc-cb=\"\" data-complete=\"true\">Au\u00dferhalb der Reichweite von Kindern aufbewahren.<\/span><\/strong><\/p>\n<p><strong><span class=\"T286Pc\" data-sfc-cp=\"\" data-sfc-root=\"c\" data-sfc-cb=\"\" data-complete=\"true\" aria-owns=\"action-menu-parent-container\">Verpackung sorgf\u00e4ltig verschlossen an einem trockenen Ort bei einer Temperatur von 15 bis 25 \u00b0C lagern.<\/span><\/strong><\/p>\n<p>&nbsp;<\/p>\n<p>&nbsp;<\/p>\n<div data-sfc-cp=\"\" data-sfc-root=\"c\" data-sfc-cb=\"\" data-hveid=\"CAEIAhAA\" data-complete=\"true\" data-processed=\"true\"><\/div>\n<p>&nbsp;<\/p>\n","protected":false},"excerpt":{"rendered":"<h5><strong>Arginin 150 Kapseln von OstroVit.<\/strong><\/h5>\n<p><strong class=\"Yjhzub\" data-sfc-root=\"c\" data-sfc-cb=\"\" data-complete=\"true\" data-processed=\"true\">Arginin ist eine Aminos\u00e4ure-Vorstufe von Stickstoffmonoxid, die w\u00e4hrend des Trainings eine gef\u00e4\u00dferweiternde Wirkung hat. Dies beg\u00fcnstigt die Steigerung des Blutflusses in die am Training beteiligten Muskelpartien und erm\u00f6glicht so eine maximale Muskelpumpe.<\/strong><\/p>\n<p><strong class=\"Yjhzub\" data-sfc-root=\"c\" data-sfc-cb=\"\" data-complete=\"true\" data-processed=\"true\" aria-owns=\"action-menu-parent-container\">50 Portionen \u2013 0.43 Fr. pro Tag.<\/strong><\/p>\n","protected":false},"featured_media":45135,"comment_status":"open","ping_status":"closed","template":"","meta":[],"product_cat":[1762,1774,1772,1798],"product_tag":[2990],"class_list":{"0":"post-45132","1":"product","2":"type-product","3":"status-publish","4":"has-post-thumbnail","6":"product_cat-sporternaehrung","7":"product_cat-pre-workout-post-workout","8":"product_cat-100-eaa-bcaa-de","9":"product_cat-ostrovit-de","10":"product_tag-ostrovit-de","12":"first","13":"instock","14":"taxable","15":"shipping-taxable","16":"purchasable","17":"product-type-simple"},"tiered_pricing_type":"fixed","tiered_pricing_fixed_rules":[],"tiered_pricing_product_settings":{"layout":"default","base_unit_name":{"singular":null,"plural":null},"default_variation":null},"tiered_pricing_minimum_quantity":null,"tiered_pricing_roles_data":[],"tiered_pricing_percentage_rules":[],"_links":{"self":[{"href":"https:\/\/keepfitnutrition.ch\/de\/wp-json\/wp\/v2\/product\/45132","targetHints":{"allow":["GET"]}}],"collection":[{"href":"https:\/\/keepfitnutrition.ch\/de\/wp-json\/wp\/v2\/product"}],"about":[{"href":"https:\/\/keepfitnutrition.ch\/de\/wp-json\/wp\/v2\/types\/product"}],"replies":[{"embeddable":true,"href":"https:\/\/keepfitnutrition.ch\/de\/wp-json\/wp\/v2\/comments?post=45132"}],"wp:featuredmedia":[{"embeddable":true,"href":"https:\/\/keepfitnutrition.ch\/de\/wp-json\/wp\/v2\/media\/45135"}],"wp:attachment":[{"href":"https:\/\/keepfitnutrition.ch\/de\/wp-json\/wp\/v2\/media?parent=45132"}],"wp:term":[{"taxonomy":"product_cat","embeddable":true,"href":"https:\/\/keepfitnutrition.ch\/de\/wp-json\/wp\/v2\/product_cat?post=45132"},{"taxonomy":"product_tag","embeddable":true,"href":"https:\/\/keepfitnutrition.ch\/de\/wp-json\/wp\/v2\/product_tag?post=45132"}],"curies":[{"name":"wp","href":"https:\/\/api.w.org\/{rel}","templated":true}]}}