{"id":44880,"date":"2026-02-21T14:47:04","date_gmt":"2026-02-21T14:47:04","guid":{"rendered":"https:\/\/keepfitnutrition.ch\/?post_type=product&#038;p=44880"},"modified":"2026-02-24T13:51:19","modified_gmt":"2026-02-24T13:51:19","slug":"vitamin-c-500g-ostrovit","status":"publish","type":"product","link":"https:\/\/keepfitnutrition.ch\/de\/produkt\/vitamin-c-500g-ostrovit\/","title":{"rendered":"VITAMIN C 500G OSTROVIT"},"content":{"rendered":"<h3 style=\"text-align: center;\"><strong>Vitamin C, ein Klassiker im Alltag und in der Ern\u00e4hrung.<\/strong><\/h3>\n<p>&nbsp;<\/p>\n<p><img loading=\"lazy\" decoding=\"async\" class=\"alignnone size-full wp-image-44906 aligncenter\" src=\"https:\/\/keepfitnutrition.ch\/wp-content\/uploads\/2026\/02\/VITAMINE-C-OstroVit-1000mg-500g-Description-OK.webp\" alt=\"\" width=\"350\" height=\"350\" srcset=\"https:\/\/keepfitnutrition.ch\/wp-content\/uploads\/2026\/02\/VITAMINE-C-OstroVit-1000mg-500g-Description-OK.webp 350w, https:\/\/keepfitnutrition.ch\/wp-content\/uploads\/2026\/02\/VITAMINE-C-OstroVit-1000mg-500g-Description-OK-280x280.webp 280w, https:\/\/keepfitnutrition.ch\/wp-content\/uploads\/2026\/02\/VITAMINE-C-OstroVit-1000mg-500g-Description-OK-300x300.webp 300w, https:\/\/keepfitnutrition.ch\/wp-content\/uploads\/2026\/02\/VITAMINE-C-OstroVit-1000mg-500g-Description-OK-100x100.webp 100w\" sizes=\"auto, (max-width: 350px) 100vw, 350px\" \/><\/p>\n<p>&nbsp;<\/p>\n<p><strong>Vitamin C oder Ascorbins\u00e4ure ist ein Vitamin, das an wesentlichen Funktionen f\u00fcr die Gesundheit des K\u00f6rpers beteiligt ist. Dieses wasserl\u00f6sliche Vitamin wird von Wissenschaftlern als eines der st\u00e4rksten nat\u00fcrlichen Antioxidantien angesehen.<\/strong><\/p>\n<p><strong>Obwohl Vitamin C nat\u00fcrlicherweise in Lebensmitteln enthalten ist, macht die sinkende N\u00e4hrstoffqualit\u00e4t von Obst die Einnahme in Form von Nahrungserg\u00e4nzungsmitteln interessant.<\/strong><\/p>\n<h4 class=\"otQkpb\" role=\"heading\" aria-level=\"3\" data-complete=\"true\" data-processed=\"true\"><strong>Empfohlene Anwendung in der Schweiz:<\/strong><\/h4>\n<div class=\"Y3BBE\" data-sfc-cp=\"\" data-hveid=\"CAEIAxAA\" data-complete=\"true\" data-processed=\"true\"><strong>Mischen Sie\u00a03\/4 einer Portion von 1g *entspricht\u00a03\/4 eines Dosierl\u00f6ffels*\u00a0in 100 bis 150 ml Wasser oder Saft. Bitte verwenden Sie den beiliegenden Dosierl\u00f6ffel.\u00a0Kein heisses Wasser verwenden. Es wird empfohlen,\u00a01 Portion pro Tag einzunehmen, vorzugsweise zu einer Mahlzeit. Das Produkt ist f\u00fcr Erwachsene bestimmt.<\/strong><\/div>\n<h4 data-hveid=\"CAEIAxAA\" data-complete=\"true\" data-processed=\"true\"><\/h4>\n<h4 data-hveid=\"CAEIAxAA\" data-complete=\"true\" data-processed=\"true\"><strong>Verzehrempfehlung f\u00fcr die Europ\u00e4ische Union:<\/strong><\/h4>\n<div data-sfc-cp=\"\" data-hveid=\"CAEIAxAA\" data-complete=\"true\" data-processed=\"true\">\n<div class=\"Y3BBE\" data-sfc-cp=\"\" data-hveid=\"CAEIAxAA\" data-complete=\"true\" data-processed=\"true\"><strong>Mischen Sie eine Portion von 1g *1 Dosierl\u00f6ffels* mit 100 bis 150 ml Wasser oder Saft. Bitte verwenden Sie den beiliegenden Messl\u00f6ffel. Nicht mit hei\u00dfem Wasser \u00fcbergie\u00dfen. Es wird empfohlen, 1 Portion pro Tag einzunehmen, vorzugsweise zu einer Mahlzeit. Das Produkt ist f\u00fcr Erwachsene bestimmt.<\/strong><\/div>\n<\/div>\n<h4><\/h4>\n<h4><\/h4>\n<h4><\/h4>\n<h4><span style=\"color: #d0121a;\"><strong>Anwendungsempfehlung:<\/strong><\/span><\/h4>\n<p><span style=\"color: #d0121a;\"><strong>T\u00e4glich 3\/4 Messl\u00f6ffel *750mg* mit einem Glas Wasser einnehmen, vorzugsweise zu einer Mahlzeit.<\/strong><\/span><\/p>\n<p><strong>Insbesondere f\u00fcr Sportler erm\u00f6glicht Vitamin C die Synthese von L-Carnitin. Es spielt eine wichtige Rolle bei Muskelkontraktionen w\u00e4hrend langer und intensiver Anstrengungen. Es erm\u00f6glicht auch den Transport von Fetts\u00e4uren zu deren Abbau und Umwandlung in Energie.<\/strong><\/p>\n<h4><strong>Zutaten:<\/strong><\/h4>\n<p><strong class=\"Yjhzub\" data-complete=\"true\" data-processed=\"true\" aria-owns=\"action-menu-parent-container\">L-Ascorbins\u00e4ure *Vitamin C*.<\/strong><\/p>\n<h4><strong>Warnhinweis<\/strong><\/h4>\n<p><strong>Nahrungserg\u00e4nzungsmittel sollten im Rahmen einer gesunden Lebensweise verwendet werden und nicht als Ersatz f\u00fcr eine abwechslungsreiche und ausgewogene Ern\u00e4hrung dienen.<\/strong><\/p>\n<p><strong>Die empfohlene Tagesdosis darf nicht \u00fcberschritten werden.<\/strong><\/p>\n<p><strong>Ausserhalb der Reichweite von kleinen Kindern aufbewahren.<\/strong><\/p>\n<p><strong>Nicht empfohlen f\u00fcr schwangere und stillende Frauen, sofern vom Arzt nicht anders verordnet.<\/strong><\/p>\n<p><strong>Die Anwendung bei Personen mit Niereninsuffizienz wird nicht empfohlen.<\/strong><\/p>\n<h4 data-hveid=\"CAEIAhAA\" data-complete=\"true\" data-processed=\"true\"><strong class=\"Yjhzub\" data-complete=\"true\">Die Einzelheiten Gesundheitsbezogene Angaben:<\/strong><\/h4>\n<div class=\"Y3BBE\" data-sfc-cp=\"\" data-hveid=\"CAEIAhAA\" data-complete=\"true\" data-processed=\"true\"><strong class=\"Yjhzub\" data-complete=\"true\" data-processed=\"true\">Vitamin C tr\u00e4gt zur Verringerung von M\u00fcdigkeit und Erm\u00fcdung bei<\/strong><\/div>\n<div data-sfc-cp=\"\" data-hveid=\"CAEIAhAA\" data-complete=\"true\" data-processed=\"true\"><\/div>\n<div class=\"Y3BBE\" data-sfc-cp=\"\" data-hveid=\"CAEIAxAA\" data-complete=\"true\" data-processed=\"true\"><strong class=\"Yjhzub\" data-complete=\"true\" data-processed=\"true\">Vitamin C tr\u00e4gt zu einer normalen Funktion des Immunsystems bei<\/strong><\/div>\n<div data-sfc-cp=\"\" data-hveid=\"CAEIBBAA\" data-complete=\"true\" data-processed=\"true\"><\/div>\n<div class=\"Y3BBE\" data-sfc-cp=\"\" data-hveid=\"CAEIBBAA\" data-complete=\"true\" data-processed=\"true\"><strong class=\"Yjhzub\" data-complete=\"true\" data-processed=\"true\">Vitamin C tr\u00e4gt dazu bei, die Zellen vor oxidativem Stress zu sch\u00fctzen.<\/strong><\/div>\n<div class=\"Fsg96\" data-sfc-cp=\"\" data-complete=\"true\" data-processed=\"true\"><\/div>\n<div class=\"Fsg96\" data-sfc-cp=\"\" data-complete=\"true\" data-processed=\"true\"><\/div>\n","protected":false},"excerpt":{"rendered":"<h5><strong>Vitamin C 500G Natural OstroVit.<\/strong><\/h5>\n<p><span class=\"T286Pc\" data-sfc-cp=\"\" data-complete=\"true\"><strong class=\"Yjhzub\" data-complete=\"true\">Tr\u00e4gt zur Verringerung von M\u00fcdigkeit und Erm\u00fcdung bei<\/strong><\/span><\/p>\n<p><span class=\"T286Pc\" data-sfc-cp=\"\" data-complete=\"true\"><strong class=\"Yjhzub\" data-complete=\"true\">Tr\u00e4gt zu einer normalen Funktion des Immunsystems bei<\/strong><\/span><\/p>\n<p><span class=\"T286Pc\" data-sfc-cp=\"\" data-complete=\"true\"><strong class=\"Yjhzub\" data-complete=\"true\">Tr\u00e4gt dazu bei, die Zellen vor oxidativem Stress zu sch\u00fctzen.<\/strong><\/span><\/p>\n<div class=\"Fsg96\" data-sfc-cp=\"\" data-complete=\"true\" data-processed=\"true\"><\/div>\n","protected":false},"featured_media":44902,"comment_status":"open","ping_status":"closed","template":"","meta":[],"product_cat":[1762,1768,1798],"product_tag":[3099,2990],"class_list":{"0":"post-44880","1":"product","2":"type-product","3":"status-publish","4":"has-post-thumbnail","6":"product_cat-sporternaehrung","7":"product_cat-gesundheit-diaet","8":"product_cat-ostrovit-de","9":"product_tag-500g-de","10":"product_tag-ostrovit-de","12":"first","13":"instock","14":"taxable","15":"shipping-taxable","16":"purchasable","17":"product-type-simple"},"tiered_pricing_type":"fixed","tiered_pricing_fixed_rules":[],"tiered_pricing_product_settings":{"layout":"default","base_unit_name":{"singular":null,"plural":null},"default_variation":null},"tiered_pricing_minimum_quantity":null,"tiered_pricing_roles_data":[],"tiered_pricing_percentage_rules":[],"_links":{"self":[{"href":"https:\/\/keepfitnutrition.ch\/de\/wp-json\/wp\/v2\/product\/44880","targetHints":{"allow":["GET"]}}],"collection":[{"href":"https:\/\/keepfitnutrition.ch\/de\/wp-json\/wp\/v2\/product"}],"about":[{"href":"https:\/\/keepfitnutrition.ch\/de\/wp-json\/wp\/v2\/types\/product"}],"replies":[{"embeddable":true,"href":"https:\/\/keepfitnutrition.ch\/de\/wp-json\/wp\/v2\/comments?post=44880"}],"wp:featuredmedia":[{"embeddable":true,"href":"https:\/\/keepfitnutrition.ch\/de\/wp-json\/wp\/v2\/media\/44902"}],"wp:attachment":[{"href":"https:\/\/keepfitnutrition.ch\/de\/wp-json\/wp\/v2\/media?parent=44880"}],"wp:term":[{"taxonomy":"product_cat","embeddable":true,"href":"https:\/\/keepfitnutrition.ch\/de\/wp-json\/wp\/v2\/product_cat?post=44880"},{"taxonomy":"product_tag","embeddable":true,"href":"https:\/\/keepfitnutrition.ch\/de\/wp-json\/wp\/v2\/product_tag?post=44880"}],"curies":[{"name":"wp","href":"https:\/\/api.w.org\/{rel}","templated":true}]}}