{"id":44861,"date":"2026-02-19T15:19:15","date_gmt":"2026-02-19T15:19:15","guid":{"rendered":"https:\/\/keepfitnutrition.ch\/?post_type=product&#038;p=44861"},"modified":"2026-03-05T10:15:06","modified_gmt":"2026-03-05T10:15:06","slug":"chromium-200-ostrovit-200tabletten","status":"publish","type":"product","link":"https:\/\/keepfitnutrition.ch\/de\/produkt\/chromium-200-ostrovit-200tabletten\/","title":{"rendered":"CHROMIUM 200 OSTROVIT"},"content":{"rendered":"<h3 style=\"text-align: center;\"><strong>Chromium 200 <\/strong>\u03bc<strong>g OstroVit 200 tabletten.<\/strong><\/h3>\n<h4><strong>Chrom 200 \u03bcg Quelle des wertvollen Spurenelements.<\/strong><\/h4>\n<p><strong>Chrom ist ein Mineral, das in geringen Mengen im menschlichen K\u00f6rper vorkommt, aber f\u00fcr die optimale Funktion des Systems notwendig ist, wo es zur Aufrechterhaltung eines normalen Stoffwechsels der Makron\u00e4hrstoffe beitr\u00e4gt und dabei hilft, einen normalen Blutzuckerspiegel aufrechtzuerhalten. Chrom kommt nat\u00fcrlich in Lebensmitteln vor, die Verbindung ist in Produkten wie Vollkorngetreide, Hefe, Eiern und Gem\u00fcse wie Brokkoli, Erbsen und Tomaten enthalten.<\/strong><\/p>\n<p><strong>Das Element wird im K\u00f6rper haupts\u00e4chlich in den Nieren, der Milz und den Hoden sowie im Weichgewebe, in den Knochen und im Blut gespeichert, wo es sich an Proteine, vor allem an Transferrin, binden kann. In seiner anorganischen Form kann es nur zu 1% vom menschlichen K\u00f6rper aufgenommen werden, w\u00e4hrend seine Aufnahme in Form von organischen Verbindungen h\u00f6her ist.<\/strong><\/p>\n<h4><strong>N\u00e4hrwertangaben:<\/strong><\/h4>\n<p><strong>1 Tablette enth\u00e4lt 200 \u03bcg<\/strong><\/p>\n<h4><strong>Empfohlene Verwendung in der Europ\u00e4ischen Union:<\/strong><\/h4>\n<p><strong>Nehmen Sie 1 Portion *1 Tablette* t\u00e4glich nach einer Mahlzeit ein. *200 \u03bcg zul\u00e4ssig*.<\/strong><\/p>\n<h4><strong>Empfohlene Verwendung in der Schweiz:<\/strong><\/h4>\n<p><strong>Nehmen Sie t\u00e4glich eine halbe Tablette nach einer Mahlzeit ein. *188 \u03bcg zul\u00e4ssig*.<\/strong><\/p>\n<h4><strong>Zutaten:<\/strong><\/h4>\n<p><strong>F\u00fcllstoffe: mikrokristalline Cellulose, St\u00e4rke; Trennmittel: Siliciumdioxid, Magnesiumsalze von Fetts\u00e4uren; Chrompicolinat *Chrom*.<\/strong><\/p>\n<h4><strong>Allergene:<\/strong><\/h4>\n<p><strong>Dieses Produkt wird in einer Fabrik hergestellt, in der Milch, Eier, Gluten, Soja, Krustentiere, Schwefeldioxid und N\u00fcsse verarbeitet werden.<\/strong><\/p>\n<h4><strong>Warnhinweis<\/strong><\/h4>\n<p><strong>Ersetzt keine abwechslungsreiche und ausgewogene Ern\u00e4hrung. Die empfohlene Tagesdosis darf nicht \u00fcberschritten werden. Ausserhalb der Reichweite von Kindern aufbewahren. Trocken und lichtgesch\u00fctzt lagern. Nicht geeignet f\u00fcr schwangere oder stillende Frauen, Kinder und Jugendliche unter 18 Jahren sowie Personen, die unter \u00e4rztlicher Behandlung stehen, insbesondere mit Antikoagulanzien.<\/strong><\/p>\n<h4><strong>Details zu den gesundheitsbezogenen Angaben:<\/strong><\/h4>\n<p><strong>Chrom tr\u00e4gt zum Stoffwechsel der Makron\u00e4hrstoffe bei.<\/strong><\/p>\n<p><strong>Chrom tr\u00e4gt zur Aufrechterhaltung eines normalen Blutzuckerspiegels bei<\/strong>.<\/p>\n<p>&nbsp;<\/p>\n","protected":false},"excerpt":{"rendered":"<h5><strong>Chromium 200 <\/strong>\u03bc<strong>g OstroVit 200 tabletten.<\/strong><\/h5>\n<p><strong class=\"Yjhzub\" data-complete=\"true\" aria-owns=\"action-menu-parent-container\">Chrompicolinat tr\u00e4gt zu dnem normalen Stoffwechsel von Makron\u00e4hrstoffen und zur Aufrechterhaltung eines normalen Blutzuckerspiegels bei.<\/strong><\/p>\n","protected":false},"featured_media":44863,"comment_status":"open","ping_status":"closed","template":"","meta":[],"product_cat":[1762,1768,1798,1784],"product_tag":[3095,2991,2990],"class_list":{"0":"post-44861","1":"product","2":"type-product","3":"status-publish","4":"has-post-thumbnail","6":"product_cat-sporternaehrung","7":"product_cat-gesundheit-diaet","8":"product_cat-ostrovit-de","9":"product_cat-vegan-de","10":"product_tag-chromium-de","11":"product_tag-glucose-de","12":"product_tag-ostrovit-de","14":"first","15":"instock","16":"taxable","17":"shipping-taxable","18":"purchasable","19":"product-type-simple"},"tiered_pricing_type":"fixed","tiered_pricing_fixed_rules":[],"tiered_pricing_product_settings":{"layout":"default","base_unit_name":{"singular":null,"plural":null},"default_variation":null},"tiered_pricing_minimum_quantity":null,"tiered_pricing_roles_data":[],"tiered_pricing_percentage_rules":[],"_links":{"self":[{"href":"https:\/\/keepfitnutrition.ch\/de\/wp-json\/wp\/v2\/product\/44861","targetHints":{"allow":["GET"]}}],"collection":[{"href":"https:\/\/keepfitnutrition.ch\/de\/wp-json\/wp\/v2\/product"}],"about":[{"href":"https:\/\/keepfitnutrition.ch\/de\/wp-json\/wp\/v2\/types\/product"}],"replies":[{"embeddable":true,"href":"https:\/\/keepfitnutrition.ch\/de\/wp-json\/wp\/v2\/comments?post=44861"}],"wp:featuredmedia":[{"embeddable":true,"href":"https:\/\/keepfitnutrition.ch\/de\/wp-json\/wp\/v2\/media\/44863"}],"wp:attachment":[{"href":"https:\/\/keepfitnutrition.ch\/de\/wp-json\/wp\/v2\/media?parent=44861"}],"wp:term":[{"taxonomy":"product_cat","embeddable":true,"href":"https:\/\/keepfitnutrition.ch\/de\/wp-json\/wp\/v2\/product_cat?post=44861"},{"taxonomy":"product_tag","embeddable":true,"href":"https:\/\/keepfitnutrition.ch\/de\/wp-json\/wp\/v2\/product_tag?post=44861"}],"curies":[{"name":"wp","href":"https:\/\/api.w.org\/{rel}","templated":true}]}}