{"id":44751,"date":"2026-02-10T14:17:00","date_gmt":"2026-02-10T14:17:00","guid":{"rendered":"https:\/\/keepfitnutrition.ch\/?post_type=product&#038;p=44751"},"modified":"2026-04-18T13:22:41","modified_gmt":"2026-04-18T13:22:41","slug":"spirulina-1000-tabletten-ostrovit","status":"publish","type":"product","link":"https:\/\/keepfitnutrition.ch\/de\/produkt\/spirulina-1000-tabletten-ostrovit\/","title":{"rendered":"SPIRULINA 1000 TABLETTEN"},"content":{"rendered":"<h3 style=\"text-align: center;\"><strong>Spirulina Vegan 980 mg von OstroVit.<\/strong><\/h3>\n<h3 style=\"text-align: center;\"><img loading=\"lazy\" decoding=\"async\" class=\"alignnone size-full wp-image-44750 aligncenter\" src=\"https:\/\/keepfitnutrition.ch\/wp-content\/uploads\/2026\/01\/Spiruline-Ostrovit-1000-Marketing-OK.webp\" alt=\"\" width=\"800\" height=\"300\" srcset=\"https:\/\/keepfitnutrition.ch\/wp-content\/uploads\/2026\/01\/Spiruline-Ostrovit-1000-Marketing-OK.webp 800w, https:\/\/keepfitnutrition.ch\/wp-content\/uploads\/2026\/01\/Spiruline-Ostrovit-1000-Marketing-OK-768x288.webp 768w, https:\/\/keepfitnutrition.ch\/wp-content\/uploads\/2026\/01\/Spiruline-Ostrovit-1000-Marketing-OK-600x225.webp 600w\" sizes=\"auto, (max-width: 800px) 100vw, 800px\" \/><\/h3>\n<h4><strong>Ein wertvolles Nahrungserg\u00e4nzungsmittel<\/strong><\/h4>\n<p><strong>Spirulina: Gr\u00fcn-blaue Algen, die in den warmen Gew\u00e4ssern von Seen in Afrika, S\u00fcdamerika oder Nordamerika wachsen. Es handelt sich um eine Verbindung mit intensivem Geschmack und Aroma, die als Superfood gilt. Spirulina zeichnet sich durch ihren hohen Proteingehalt aus \u2013 die blaugr\u00fcne Alge soll mehr Proteine enthalten als alle bekannten essbaren Pflanzen.<\/strong><\/p>\n<p><strong>Da Proteine ca. 60-70 % der Trockenmasse von Spirulina ausmachen, wird die Verbindung oft als gr\u00fcnes Fleisch bezeichnet. Neben wertvollen Aminos\u00e4uren enth\u00e4lt Spirulina auch Vitamine, Mineralien und andere wertvolle Verbindungen, wodurch es nicht nur in der Ern\u00e4hrung, sondern auch als Zutat in Nahrungserg\u00e4nzungsmitteln verwendet werden kann.<\/strong><\/p>\n<p><strong>Spirulina-Quelle: Eine Portion *4 Tabletten* des Nahrungserg\u00e4nzungsmittels versorgt den K\u00f6rper mit 980 mg Spirulina-Algenpulver.<\/strong><\/p>\n<p><strong>Geeignet f\u00fcr Vegetarier und Veganer \u2013 das Produkt enth\u00e4lt keine tierischen Inhaltsstoffe.<\/strong><\/p>\n<p><strong>Hergestellt nach der \u201eBroken Cell Walls\u201d-Methode (*zerbrochene Zellw\u00e4nde*). Dies ist ein entscheidender technischer Prozess, um die N\u00e4hrstoffe bestimmter Algen f\u00fcr den Menschen assimilierbar zu machen.<\/strong><\/p>\n<h4><strong>Das sollten Sie wissen:<\/strong><\/h4>\n<p><strong>Das nat\u00fcrliche Hindernis: Spirulina (und insbesondere Chlorella) hat eine Zellwand aus sehr widerstandsf\u00e4higer Zellulose. Das menschliche Verdauungssystem verf\u00fcgt nicht \u00fcber die notwendigen Enzyme, um diese nat\u00fcrliche \u201ePanzerung\u201d aufzubrechen.<\/strong><\/p>\n<p><strong>Der Mechanismus: Bei diesem Verfahren werden physikalische Techniken (wie Druckver\u00e4nderungen oder Ultraschall) eingesetzt, um die Zellwand aufzubrechen, ohne den Zellinhalt zu zerst\u00f6ren.<\/strong><\/p>\n<p><strong>Der Vorteil: Sobald die Wand \u201eaufgebrochen\u201d ist, werden die Vitamine, Mineralien und Proteine bioverf\u00fcgbar. Das bedeutet, dass Ihr K\u00f6rper die N\u00e4hrstoffe tats\u00e4chlich aufnehmen und verwerten kann, anstatt sie einfach auszuscheiden. Das Laboratoire Roches Marines erkl\u00e4rt \u00fcbrigens, dass die Verdaulichkeit von Spirulina von Natur aus hoch ist, diese Behandlung jedoch den Zugang zu Proteinen noch weiter optimiert.<\/strong><\/p>\n<p><strong>Obwohl Spirulina eine d\u00fcnnere Zellwand als Chlorella hat, garantiert das Label \u201eBroken Cell Walls\u201d auf dem Produkt von OstroVit eine hohe Verdaulichkeit und Herstellungsqualit\u00e4t.<\/strong><\/p>\n<h4 data-hveid=\"CAEIBBAA\" data-processed=\"true\" data-complete=\"true\"><strong style=\"color: #d0121a;\">Anwendungsempfehlung: <\/strong><\/h4>\n<p data-hveid=\"CAEIBBAA\" data-processed=\"true\" data-complete=\"true\"><strong style=\"color: #d0121a;\">Nehmen Sie zweimal t\u00e4glich 1 Portion *4 Tabletten* mit einem Glas Wasser ein.<\/strong><\/p>\n<h4><strong>Zutaten:<\/strong><\/h4>\n<p><strong>Algenpulver \u2013 Spirulina *Spirulina platensis (Gomont) Geitler*, Trennmittel: Siliciumdioxid, Magnesiumsalze von Fetts\u00e4uren.<\/strong><\/p>\n<p><strong>Das Produkt kann Milch *einschliesslich Laktose*, Soja, Erdn\u00fcsse, Sesam, glutenhaltiges Getreide, Eier, Krebstiere und Fisch enthalten.<\/strong><\/p>\n<h4><strong>N\u00e4hrwertangaben:<\/strong><\/h4>\n<p><strong>Anzahl der Portionen pro Packung: 250<\/strong><\/p>\n<p><strong>Portionsgr\u00f6sse: 4 Tabletten<\/strong><\/p>\n<table width=\"892\">\n<tbody>\n<tr>\n<td width=\"284\"><strong>Wirkstoffe<\/strong><\/td>\n<td width=\"201\"><strong>Pro Portion<\/strong><\/td>\n<td width=\"395\"><strong>Pro 2 Portionen<\/strong><\/td>\n<\/tr>\n<tr>\n<td width=\"284\"><strong>Spirulina-Algenpulver<\/strong><\/td>\n<td width=\"201\"><strong>980 mg<\/strong><\/td>\n<td width=\"395\"><strong>1960 mg<\/strong><\/td>\n<\/tr>\n<\/tbody>\n<\/table>\n<h4><strong>Warnhinweis:<\/strong><\/h4>\n<p><strong>Ersetzt keine abwechslungsreiche Ern\u00e4hrung und gesunde Lebensweise.<\/strong><\/p>\n<p><strong>Es darf keinesfalls eine medizinische Behandlung ersetzen.<\/strong><\/p>\n<p><strong>Die empfohlene Dosis darf nicht \u00fcberschritten werden.<\/strong><\/p>\n<p><strong>Ausserhalb der Reichweite von Kindern aufbewahren.<\/strong><\/p>\n<p><strong>Nicht w\u00e4hrend der Schwangerschaft oder Stillzeit einnehmen.<\/strong><\/p>\n<p><strong>Fragen Sie Ihren Arzt um Rat, bevor Sie dieses Produkt einnehmen, wenn Sie unter gesundheitlichen Problemen leiden.<\/strong><\/p>\n","protected":false},"excerpt":{"rendered":"<h5><strong>Spirulina Vegan 1000 Tabs von OstroVit<\/strong><\/h5>\n<p><strong>Reich an N\u00e4hrstoffen: Proteine *bis zu 60-70 % seines Trockengewichts*, Eisen, Vitamine und Antioxidantien, die zur Entgiftung und St\u00e4rkung des Immunsystems beitragen.<\/strong><\/p>\n","protected":false},"featured_media":44746,"comment_status":"open","ping_status":"closed","template":"","meta":[],"product_cat":[1762,1764,1768,1798,1784],"product_tag":[2990],"class_list":{"0":"post-44751","1":"product","2":"type-product","3":"status-publish","4":"has-post-thumbnail","6":"product_cat-sporternaehrung","7":"product_cat-protein","8":"product_cat-gesundheit-diaet","9":"product_cat-ostrovit-de","10":"product_cat-vegan-de","11":"product_tag-ostrovit-de","13":"first","14":"instock","15":"taxable","16":"shipping-taxable","17":"purchasable","18":"product-type-simple"},"tiered_pricing_type":"fixed","tiered_pricing_fixed_rules":[],"tiered_pricing_product_settings":{"layout":"default","base_unit_name":{"singular":null,"plural":null},"default_variation":null},"tiered_pricing_minimum_quantity":null,"tiered_pricing_roles_data":[],"tiered_pricing_percentage_rules":[],"_links":{"self":[{"href":"https:\/\/keepfitnutrition.ch\/de\/wp-json\/wp\/v2\/product\/44751","targetHints":{"allow":["GET"]}}],"collection":[{"href":"https:\/\/keepfitnutrition.ch\/de\/wp-json\/wp\/v2\/product"}],"about":[{"href":"https:\/\/keepfitnutrition.ch\/de\/wp-json\/wp\/v2\/types\/product"}],"replies":[{"embeddable":true,"href":"https:\/\/keepfitnutrition.ch\/de\/wp-json\/wp\/v2\/comments?post=44751"}],"wp:featuredmedia":[{"embeddable":true,"href":"https:\/\/keepfitnutrition.ch\/de\/wp-json\/wp\/v2\/media\/44746"}],"wp:attachment":[{"href":"https:\/\/keepfitnutrition.ch\/de\/wp-json\/wp\/v2\/media?parent=44751"}],"wp:term":[{"taxonomy":"product_cat","embeddable":true,"href":"https:\/\/keepfitnutrition.ch\/de\/wp-json\/wp\/v2\/product_cat?post=44751"},{"taxonomy":"product_tag","embeddable":true,"href":"https:\/\/keepfitnutrition.ch\/de\/wp-json\/wp\/v2\/product_tag?post=44751"}],"curies":[{"name":"wp","href":"https:\/\/api.w.org\/{rel}","templated":true}]}}