{"id":44699,"date":"2026-01-21T12:28:52","date_gmt":"2026-01-21T12:28:52","guid":{"rendered":"https:\/\/keepfitnutrition.ch\/?post_type=product&#038;p=44699"},"modified":"2026-03-06T10:44:51","modified_gmt":"2026-03-06T10:44:51","slug":"reiscreme-max-protein","status":"publish","type":"product","link":"https:\/\/keepfitnutrition.ch\/de\/produkt\/reiscreme-max-protein\/","title":{"rendered":"REISCREME"},"content":{"rendered":"<h3 style=\"text-align: center;\"><strong>Reiscreme 1kg von Max Protein.<\/strong><\/h3>\n<h4><strong>Hervorragender Geschmack und cremige Konsistenz!<\/strong><\/h4>\n<p><strong>Die ber\u00fchmte Reiscreme ist endlich in einer praktischen Gr\u00f6sse erh\u00e4ltlich: Good Morning Instant Rice Max Protein\u00ae Reiscreme f\u00fcr Babys in einer 1000-g-Packung. Diese Instant-Reiscreme wird aus einem speziellen nativen Reismehl hergestellt, ist glutenfrei, milchfrei und ohne Zuckerzusatz und bietet eine cremige Konsistenz, optimale Verdaulichkeit und sanfte Energie, die auf die Bed\u00fcrfnisse von Kleinkindern und der ganzen Familie abgestimmt ist.<\/strong><\/p>\n<p><strong>Perfekt f\u00fcr alle, die morgens wenig Zeit haben, um ihr Fr\u00fchst\u00fcck zuzubereiten \u2013 Sie werden die Reiscremes von Max Protein\u00ae lieben. Sie sind auch eine ausgezeichnete Kohlenhydratquelle f\u00fcr Ihre Shakes oder Rezepte.<\/strong><\/p>\n<p><strong>Dank ihres hohen Kohlenhydratgehalts versorgen Sie die Good Morning-Reiscremes mit der Energie, die Sie f\u00fcr Ihren Tag brauchen. F\u00fcr eine optimale Verdaulichkeit werden sie ohne Gluten, Milchprodukte und Zucker hergestellt. Schon beim ersten L\u00f6ffel werden Sie ihren Geschmack und ihre einzigartige Konsistenz lieben. Eines ist sicher: Wenn Sie sie einmal probiert haben, werden Sie nicht mehr darauf verzichten wollen!<\/strong><\/p>\n<h4><span style=\"color: #d0121a;\"><strong>Anwendungsempfehlung: <\/strong><\/span><\/h4>\n<p><span style=\"color: #d0121a;\"><strong>Einfach zuzubereiten: 30 g Reiscreme in 200 ml Wasser oder Milch (vorzugsweise lauwarm) einr\u00fchren &#8211; fertig ist eine schnelle, nahrhafte und beruhigende Mahlzeit, die schon nach den ersten L\u00f6ffeln zufriedenstellt.<\/strong><\/span><\/p>\n<h4><strong>Zu den erwarteten Vorteilen einer hochwertigen Reiscreme geh\u00f6ren:<\/strong><\/h4>\n<p><strong>Schnelle und leicht verdauliche Energiezufuhr.<\/strong><\/p>\n<p><strong>Erleichterung der Verdauung bei S\u00e4uglingen und empfindlichen Kindern.<\/strong><\/p>\n<p><strong>Ohne Zuckerzusatz, um eine fr\u00fchzeitige Zuckeraufnahme zu begrenzen.<\/strong><\/p>\n<p><strong>Anpassungsf\u00e4hig an eine abwechslungsreiche und ausgewogene Ern\u00e4hrung.<\/strong><\/p>\n<h4><strong>Reiscreme ist das ideale Lebensmittel f\u00fcr eine schnelle Kohlenhydratzufuhr, ideal f\u00fcr alle Kraft- und Kraft-Ausdauer-Sportarten:<\/strong><\/h4>\n<p><strong>Fitness \u2013 Bodybuilding \u2013 Gewichtheben \u2013 Powerlifting \u2013 Crossfit \u2013 Cross Training \u2013 Hyrox.<\/strong><\/p>\n<h4><strong>N\u00e4hrwerte pro 100 g:<\/strong><\/h4>\n<p><strong>Energie: 1559 kJ \/ 373 kcal \u2013 Fett: 1 g \u2013 davon ges\u00e4ttigte Fetts\u00e4uren: 0,4 g \u2013 Kohlenhydrate: 83 g \u2013 davon Zucker: 0 g \u2013 Ballaststoffe: 0 g \u2013 Eiweiss: 8 g \u2013 Salz: 0,1 mg.<\/strong><\/p>\n<h4><strong>Werte pro Portion 30 g:<\/strong><\/h4>\n<p><strong>Energie: 468 kJ \/ 112 kcal \u2013 Fett: 0,3 g \u2013 davon ges\u00e4ttigte Fetts\u00e4uren: 0,12 g \u2013 Kohlenhydrate: 24,9 g \u2013 davon Zucker: 0 g \u2013 Ballaststoffe: 0 g \u2013 Eiweiss: 2,4 g \u2013 Salz: 0,03 mg.<\/strong><\/p>\n<h4><strong>Zutaten:<\/strong><\/h4>\n<p><strong>Reismehl 92,85 %, nat\u00fcrliche Aromen, Salz, S\u00fcssungsmittel (Sucralose).<\/strong><\/p>\n<h4><strong>Warnhinweis<\/strong><\/h4>\n<p><strong>Dies ist ein Nahrungserg\u00e4nzungsmittel. Es darf nicht als Ersatz f\u00fcr eine abwechslungsreiche und ausgewogene Ern\u00e4hrung verwendet werden. Die empfohlene Tagesdosis darf nicht \u00fcberschritten werden. Ausserhalb der Reichweite von Kindern aufbewahren. Trocken und lichtgesch\u00fctzt lagern. Nicht geeignet f\u00fcr schwangere oder stillende Frauen sowie f\u00fcr Personen, die unter \u00e4rztlicher Behandlung stehen, insbesondere wenn sie Antikoagulanzien einnehmen. <\/strong><\/p>\n<p>&nbsp;<\/p>\n<p>&nbsp;<\/p>\n","protected":false},"excerpt":{"rendered":"<h5><strong>Reiscreme 1 kg neutral von Max Protein.<\/strong><\/h5>\n<p><strong>Reich an komplexen Kohlenhydraten.<\/strong><\/p>\n<p><strong>Leicht verdaulich.<\/strong><\/p>\n<p><strong>Einfach zu zubereiten.<\/strong><\/p>\n<p><strong>Glutenfrei, laktosefrei und zuckerfrei.<\/strong><\/p>\n<p><strong>Ideal zum Fr\u00fchst\u00fcck oder als Snack.<\/strong><\/p>\n","protected":false},"featured_media":44703,"comment_status":"open","ping_status":"closed","template":"","meta":[],"product_cat":[1762,1788,1776],"product_tag":[3085,3086],"class_list":{"0":"post-44699","1":"product","2":"type-product","3":"status-publish","4":"has-post-thumbnail","6":"product_cat-sporternaehrung","7":"product_cat-rice-cream-gainer","8":"product_cat-angebote","9":"product_tag-max-protein-de","10":"product_tag-rice-cream-1kg-de","12":"first","13":"instock","14":"sale","15":"taxable","16":"shipping-taxable","17":"purchasable","18":"product-type-simple"},"tiered_pricing_type":"fixed","tiered_pricing_fixed_rules":[],"tiered_pricing_product_settings":{"layout":"default","base_unit_name":{"singular":null,"plural":null},"default_variation":null},"tiered_pricing_minimum_quantity":null,"tiered_pricing_roles_data":[],"tiered_pricing_percentage_rules":[],"_links":{"self":[{"href":"https:\/\/keepfitnutrition.ch\/de\/wp-json\/wp\/v2\/product\/44699","targetHints":{"allow":["GET"]}}],"collection":[{"href":"https:\/\/keepfitnutrition.ch\/de\/wp-json\/wp\/v2\/product"}],"about":[{"href":"https:\/\/keepfitnutrition.ch\/de\/wp-json\/wp\/v2\/types\/product"}],"replies":[{"embeddable":true,"href":"https:\/\/keepfitnutrition.ch\/de\/wp-json\/wp\/v2\/comments?post=44699"}],"wp:featuredmedia":[{"embeddable":true,"href":"https:\/\/keepfitnutrition.ch\/de\/wp-json\/wp\/v2\/media\/44703"}],"wp:attachment":[{"href":"https:\/\/keepfitnutrition.ch\/de\/wp-json\/wp\/v2\/media?parent=44699"}],"wp:term":[{"taxonomy":"product_cat","embeddable":true,"href":"https:\/\/keepfitnutrition.ch\/de\/wp-json\/wp\/v2\/product_cat?post=44699"},{"taxonomy":"product_tag","embeddable":true,"href":"https:\/\/keepfitnutrition.ch\/de\/wp-json\/wp\/v2\/product_tag?post=44699"}],"curies":[{"name":"wp","href":"https:\/\/api.w.org\/{rel}","templated":true}]}}