{"id":44690,"date":"2026-01-20T14:19:51","date_gmt":"2026-01-20T14:19:51","guid":{"rendered":"https:\/\/keepfitnutrition.ch\/?post_type=product&#038;p=44690"},"modified":"2026-03-11T20:31:43","modified_gmt":"2026-03-11T20:31:43","slug":"thermo-fat-burner-ostrovit","status":"publish","type":"product","link":"https:\/\/keepfitnutrition.ch\/de\/produkt\/thermo-fat-burner-ostrovit\/","title":{"rendered":"FAT BURNER EXTREME"},"content":{"rendered":"<h3 style=\"text-align: center;\"><strong>Fat Burner Extreme 90 Kapseln von OstroVit.<\/strong><\/h3>\n<p><strong>Fat Burner Extreme ist die ideale Erg\u00e4nzung w\u00e4hrend einer Di\u00e4t, um den Kalorienverbrauch zu steigern und Fett zu verbrennen.<\/strong><\/p>\n<h4><strong>Quelle von zehn wertvollen Inhaltsstoffen<\/strong><\/h4>\n<p><strong>Eine Portion Fat Burner Extreme versorgt den K\u00f6rper mit 500 mg L-Tyrosin, 300 mg L-Carnitin-Tartrat, 200 mg Extrakt aus gr\u00fcnen Kaffeebohnen, standardisiert auf 50 % Chlorogens\u00e4ure und 5 % Koffein, sowie 200 mg Extrakt aus gr\u00fcnen Teebl\u00e4ttern, standardisiert auf 50 % Polyphenole, und 200 mg Extrakt aus Ingwerwurzeln, standardisiert auf 5 % Gingerole. Das Produkt enth\u00e4lt ausserdem 190 mg wasserfreies Koffein, 150 mg afrikanischen Mangosamen-Extrakt und 50 mg Ginsengwurzel-Extrakt, standardisiert auf 20 % Ginsenoside, 2,1 mg schwarzen Pfeffer-Frucht-Extrakt, standardisiert auf 95 % Piperin, und 100 \u03bcg Chrom.<\/strong><\/p>\n<p><strong>Das Produkt kann Milch (einschliesslich Laktose), Soja, Erdn\u00fcsse, andere N\u00fcsse, Sesam, glutenhaltiges Getreide, Eier, Krebstiere und Fisch enthalten.<\/strong><\/p>\n<h4><span style=\"color: #d0121a;\"><strong> Empfohlene Anwendung in der Europ\u00e4ischen Union: <\/strong><\/span><\/h4>\n<p><span style=\"color: #d0121a;\"><strong>Nehmen Sie 1 Portion *3 Kapseln* t\u00e4glich mit einem Glas Wasser w\u00e4hrend der Mahlzeiten oder 15 Minuten vor Ihrer sportlichen Aktivit\u00e4t ein.<\/strong><\/span><\/p>\n<h4><span style=\"color: #d0121a;\"><strong>Empfohlene Anwendung in der Schweiz:<\/strong><\/span><\/h4>\n<p><span style=\"color: #d0121a;\"><strong>Nehmen Sie 1 Kapseln morgens mit einem Glas Wasser w\u00e4hrend der Fr\u00fchst\u00fccks oder 15 Minuten vor Ihrer sportlichen Aktivit\u00e4t ein.<\/strong><\/span><\/p>\n<h4><strong>Warnhinweis<\/strong><\/h4>\n<p><strong>Ersetzt keine abwechslungsreiche Ern\u00e4hrung und gesunde Lebensweise.<\/strong><\/p>\n<p><strong>Die empfohlene Dosis darf nicht \u00fcberschritten werden.<\/strong><\/p>\n<p><strong>Ausserhalb der Reichweite von Kindern aufbewahren.<\/strong><\/p>\n<p><strong>Nicht w\u00e4hrend der Schwangerschaft oder Stillzeit einnehmen.<\/strong><\/p>\n<p><strong>Fragen Sie Ihren Arzt um Rat, bevor Sie dieses Produkt einnehmen, wenn Sie unter gesundheitlichen Problemen leiden.<\/strong><\/p>\n<p><strong>Dieses Produkt enth\u00e4lt Koffein. Nehmen Sie dieses Produkt niemals gleichzeitig mit einer Tasse starken Kaffees oder anderen Stimulanzien ein. Kombinieren Sie auch nicht zwei Nahrungserg\u00e4nzungsmittel, die viel Koffein enthalten.<\/strong><\/p>\n<p><strong>Details zu den gesundheitsbezogenen Angaben:<\/strong><\/p>\n<p><strong>Koffein tr\u00e4gt zur Verbesserung der Konzentration, Leistungsf\u00e4higkeit, Wachsamkeit und Aufmerksamkeit bei.<\/strong><\/p>\n<p><strong>Koffein f\u00f6rdert kurzfristig die k\u00f6rperliche Leistungsf\u00e4higkeit.<\/strong><\/p>\n<p><strong>Chrom tr\u00e4gt zum Stoffwechsel von Makron\u00e4hrstoffen bei.<\/strong><\/p>\n<p><strong>Chrom tr\u00e4gt zur Aufrechterhaltung eines normalen Blutzuckerspiegels bei.<\/strong><\/p>\n","protected":false},"excerpt":{"rendered":"<h5><strong>Fat Burner 90 Kapseln von OstroVit.<\/strong><\/h5>\n<p><strong>Fat Burner Extreme ist eine leistungsstarke thermogene Formel, die eine Mischung aus mehreren hochwirksamen Substanzen enth\u00e4lt.<\/strong><\/p>\n<p><strong>Dieser Fatburner wurde entwickelt, um den Energiestoffwechsel, den Anabolismus und den Fettstoffwechsel zu unterst\u00fctzen und gleichzeitig das Hungergef\u00fchl zu reduzieren.<\/strong><\/p>\n<p>&nbsp;<\/p>\n","protected":false},"featured_media":44692,"comment_status":"open","ping_status":"closed","template":"","meta":[],"product_cat":[1762,1768,1798],"product_tag":[2997,3083,2990],"class_list":{"0":"post-44690","1":"product","2":"type-product","3":"status-publish","4":"has-post-thumbnail","6":"product_cat-sporternaehrung","7":"product_cat-gesundheit-diaet","8":"product_cat-ostrovit-de","9":"product_tag-bruleur-de-graisse-de","10":"product_tag-fat-burner-de","11":"product_tag-ostrovit-de","13":"first","14":"outofstock","15":"taxable","16":"shipping-taxable","17":"purchasable","18":"product-type-simple"},"tiered_pricing_type":"fixed","tiered_pricing_fixed_rules":[],"tiered_pricing_product_settings":{"layout":"default","base_unit_name":{"singular":null,"plural":null},"default_variation":null},"tiered_pricing_minimum_quantity":null,"tiered_pricing_roles_data":[],"tiered_pricing_percentage_rules":[],"_links":{"self":[{"href":"https:\/\/keepfitnutrition.ch\/de\/wp-json\/wp\/v2\/product\/44690","targetHints":{"allow":["GET"]}}],"collection":[{"href":"https:\/\/keepfitnutrition.ch\/de\/wp-json\/wp\/v2\/product"}],"about":[{"href":"https:\/\/keepfitnutrition.ch\/de\/wp-json\/wp\/v2\/types\/product"}],"replies":[{"embeddable":true,"href":"https:\/\/keepfitnutrition.ch\/de\/wp-json\/wp\/v2\/comments?post=44690"}],"wp:featuredmedia":[{"embeddable":true,"href":"https:\/\/keepfitnutrition.ch\/de\/wp-json\/wp\/v2\/media\/44692"}],"wp:attachment":[{"href":"https:\/\/keepfitnutrition.ch\/de\/wp-json\/wp\/v2\/media?parent=44690"}],"wp:term":[{"taxonomy":"product_cat","embeddable":true,"href":"https:\/\/keepfitnutrition.ch\/de\/wp-json\/wp\/v2\/product_cat?post=44690"},{"taxonomy":"product_tag","embeddable":true,"href":"https:\/\/keepfitnutrition.ch\/de\/wp-json\/wp\/v2\/product_tag?post=44690"}],"curies":[{"name":"wp","href":"https:\/\/api.w.org\/{rel}","templated":true}]}}