{"id":44670,"date":"2026-01-19T15:19:12","date_gmt":"2026-01-19T15:19:12","guid":{"rendered":"https:\/\/keepfitnutrition.ch\/?post_type=product&#038;p=44670"},"modified":"2026-03-14T14:27:45","modified_gmt":"2026-03-14T14:27:45","slug":"ostrovit-brotaufstrich-creametto","status":"publish","type":"product","link":"https:\/\/keepfitnutrition.ch\/de\/produkt\/ostrovit-brotaufstrich-creametto\/","title":{"rendered":"CREAMETTO BROTAUFSTRICH"},"content":{"rendered":"<h3 style=\"text-align: center;\"><strong>Creametto Brotaufstrich 350G von OstroVit.<\/strong><\/h3>\n<p><img loading=\"lazy\" decoding=\"async\" class=\"alignnone size-full wp-image-44677 aligncenter\" src=\"https:\/\/keepfitnutrition.ch\/wp-content\/uploads\/2026\/01\/Creametto-fiche-chocolat-Ok.webp\" alt=\"\" width=\"700\" height=\"271\" srcset=\"https:\/\/keepfitnutrition.ch\/wp-content\/uploads\/2026\/01\/Creametto-fiche-chocolat-Ok.webp 700w, https:\/\/keepfitnutrition.ch\/wp-content\/uploads\/2026\/01\/Creametto-fiche-chocolat-Ok-600x232.webp 600w\" sizes=\"auto, (max-width: 700px) 100vw, 700px\" \/><\/p>\n<p>&nbsp;<\/p>\n<p><img loading=\"lazy\" decoding=\"async\" class=\"alignnone size-full wp-image-44679 aligncenter\" src=\"https:\/\/keepfitnutrition.ch\/wp-content\/uploads\/2026\/01\/Creametto-350g-choco-blanc-fiche-Ok.webp\" alt=\"\" width=\"700\" height=\"271\" srcset=\"https:\/\/keepfitnutrition.ch\/wp-content\/uploads\/2026\/01\/Creametto-350g-choco-blanc-fiche-Ok.webp 700w, https:\/\/keepfitnutrition.ch\/wp-content\/uploads\/2026\/01\/Creametto-350g-choco-blanc-fiche-Ok-600x232.webp 600w\" sizes=\"auto, (max-width: 700px) 100vw, 700px\" \/><\/p>\n<h4><strong>K\u00f6stliche Schokoladencreme<\/strong><\/h4>\n<p><strong>Creametto, zuckerfreie Schokoladencreme 350 g, ist eine ausgezeichnete Wahl f\u00fcr Menschen, die S\u00fcssigkeiten lieben und gleichzeitig die negativen Folgen ihres Konsums vermeiden m\u00f6chten. Zu den Zutaten von Creametto geh\u00f6ren pflanzliche Fette und gesunde Kohlenhydrate, als S\u00fcssungsmittel wird Maltit verwendet, das nur halb so viele Kalorien wie Zucker hat und einen niedrigen glyk\u00e4mischen Index aufweist.<\/strong><\/p>\n<h4><span style=\"color: #d0121a;\"><strong>Verzehrempfehlung: <\/strong><\/span><\/h4>\n<p><span style=\"color: #d0121a;\"><strong>Verwenden Sie es auf Ihrem Lieblingsbrot oder Ihren S\u00fcsskartoffel-Cr\u00eapes und Pfannkuchen zum Fr\u00fchst\u00fcck oder als Snack. <\/strong><\/span><\/p>\n<p><span style=\"color: #d0121a;\"><strong>Der Verzehr in \u00fcberm\u00e4ssigen Mengen kann abf\u00fchrend wirken.<\/strong><\/span><\/p>\n<h4><strong>N\u00e4hrwerte pro 100 g:<\/strong><\/h4>\n<p><strong>Energie 513 kcal \u2013 Fett 38 g, davon ges\u00e4ttigte Fetts\u00e4uren 9,8 g \u2013 Kohlenhydrate 56 g, davon Zucker 8,8 g, davon Polyole 44 g \u2013 Eiweiss 3,9 g \u2013 Salz 0,19 g.<\/strong><\/p>\n<h4><strong>Zutaten:<\/strong><\/h4>\n<p><strong>S\u00fcssungsmittel *Maltit, Steviolglykoside aus Stevia*, pflanzliche \u00d6le *Sheabutter, Raps*, Molkenpulver *aus Milch*, fettarmes Kakaopulver 5%, Vollmilchpulver, Emulgator *Lecithine*, Aromen.<\/strong><\/p>\n<p><strong>Das Produkt kann N\u00fcsse, Soja und glutenhaltiges Getreide enthalten.<\/strong><\/p>\n<h4><strong>Warnhinweis<\/strong><\/h4>\n<p><strong>Ersetzten keine abwechslungsreiche Ern\u00e4hrung und gesunde Lebensweise.<\/strong><\/p>\n<p><strong>Die empfohlene Dosis darf nicht \u00fcberschritten werden.<\/strong><\/p>\n<p><strong>Ausserhalb der Reichweite von Kindern aufbewahren.<\/strong><\/p>\n<p><strong>Vor Feuchtigkeit gesch\u00fctzt an einem k\u00fchlen, trockenen Ort aufbewahren.<\/strong><\/p>\n<p><strong>Nicht empfohlen f\u00fcr schwangere oder stillende Frauen.<\/strong><\/p>\n<p><strong>Fragen Sie Ihren Arzt um Rat, bevor Sie dieses Produkt einnehmen, wenn Sie unter gesundheitlichen Problemen leiden.<\/strong><\/p>\n","protected":false},"excerpt":{"rendered":"<h5><strong>Creametto Brotaufstrich 350G von OstroVit.<\/strong><\/h5>\n<p><strong>Ohne Zuckerzusatz<\/strong><\/p>\n<p><strong>Ohne Palm\u00f6l<\/strong><\/p>\n<p><strong>Ideal f\u00fcr Ihre Lieblingscr\u00eapes, Waffeln, Pfannkuchen oder Ihr Lieblingsbrot<\/strong><\/p>\n<p><strong>Der Creametto-Brotaufstrich ist Ihre morgendliche Leckerei ohne schlechtes Gewissen.<\/strong><\/p>\n","protected":false},"featured_media":44673,"comment_status":"open","ping_status":"closed","template":"","meta":[],"product_cat":[1762,1768,1798,1776],"product_tag":[2990],"class_list":{"0":"post-44670","1":"product","2":"type-product","3":"status-publish","4":"has-post-thumbnail","6":"product_cat-sporternaehrung","7":"product_cat-gesundheit-diaet","8":"product_cat-ostrovit-de","9":"product_cat-angebote","10":"product_tag-ostrovit-de","11":"pa_aromes-schokolade","12":"pa_aromes-weisseschokolade-de","14":"first","15":"instock","16":"sale","17":"taxable","18":"shipping-taxable","19":"purchasable","20":"product-type-variable","21":"has-default-attributes"},"tiered_pricing_type":"fixed","tiered_pricing_fixed_rules":[],"tiered_pricing_product_settings":{"layout":"default","base_unit_name":{"singular":null,"plural":null},"default_variation":null},"tiered_pricing_minimum_quantity":null,"tiered_pricing_roles_data":[],"tiered_pricing_percentage_rules":[],"_links":{"self":[{"href":"https:\/\/keepfitnutrition.ch\/de\/wp-json\/wp\/v2\/product\/44670","targetHints":{"allow":["GET"]}}],"collection":[{"href":"https:\/\/keepfitnutrition.ch\/de\/wp-json\/wp\/v2\/product"}],"about":[{"href":"https:\/\/keepfitnutrition.ch\/de\/wp-json\/wp\/v2\/types\/product"}],"replies":[{"embeddable":true,"href":"https:\/\/keepfitnutrition.ch\/de\/wp-json\/wp\/v2\/comments?post=44670"}],"wp:featuredmedia":[{"embeddable":true,"href":"https:\/\/keepfitnutrition.ch\/de\/wp-json\/wp\/v2\/media\/44673"}],"wp:attachment":[{"href":"https:\/\/keepfitnutrition.ch\/de\/wp-json\/wp\/v2\/media?parent=44670"}],"wp:term":[{"taxonomy":"product_cat","embeddable":true,"href":"https:\/\/keepfitnutrition.ch\/de\/wp-json\/wp\/v2\/product_cat?post=44670"},{"taxonomy":"product_tag","embeddable":true,"href":"https:\/\/keepfitnutrition.ch\/de\/wp-json\/wp\/v2\/product_tag?post=44670"}],"curies":[{"name":"wp","href":"https:\/\/api.w.org\/{rel}","templated":true}]}}