{"id":44586,"date":"2026-01-13T13:13:58","date_gmt":"2026-01-13T13:13:58","guid":{"rendered":"https:\/\/keepfitnutrition.ch\/?post_type=product&#038;p=44586"},"modified":"2026-04-11T09:53:34","modified_gmt":"2026-04-11T09:53:34","slug":"diet-whey-protein-lean","status":"publish","type":"product","link":"https:\/\/keepfitnutrition.ch\/de\/produkt\/diet-whey-protein-lean\/","title":{"rendered":"DIET WHEY PROTEIN LEAN"},"content":{"rendered":"<h3 style=\"text-align: center;\"><strong>Diet Whey Protein Lean von PHD.<\/strong><\/h3>\n<p><img loading=\"lazy\" decoding=\"async\" class=\"alignnone size-full wp-image-45194 aligncenter\" src=\"https:\/\/keepfitnutrition.ch\/wp-content\/uploads\/2026\/01\/Diet-Whey-Description.jpg\" alt=\"\" width=\"425\" height=\"507\" \/><\/p>\n<p>&nbsp;<\/p>\n<h4><\/h4>\n<h4><strong>Erhalten Sie Ihre fettfreie Muskelmasse mit Diet Whey<\/strong><\/h4>\n<p><strong>Proteine sind lebenswichtig, da sie die f\u00fcr das Wachstum und die Reparatur des K\u00f6rpers notwendigen Aminos\u00e4uren liefern. Unsere Haare, unsere Haut, unsere Muskeln und alle unsere Gewebe bestehen aus den Proteinen, die wir zu uns nehmen. Um die Muskelmasse zu erhalten, ist eine proteinreiche Ern\u00e4hrung unerl\u00e4sslich, insbesondere bei einem Kaloriendefizit. Diet Whey liefert 20 g hochwertiges Protein mit einem geringen Zucker- und Fettgehalt und ist somit ideal f\u00fcr eine kalorienarme Ern\u00e4hrung bei gleichzeitigem Erhalt der Muskelmasse.<\/strong><\/p>\n<h4><strong>F\u00fcr wen ist Diet Whey geeignet?\u202f<\/strong><\/h4>\n<p><strong>Diet Whey wurde f\u00fcr Menschen entwickelt, die w\u00e4hrend einer Di\u00e4tphase ihres Trainings ihre Muskelmasse erhalten m\u00f6chten.<\/strong><\/p>\n<p><strong>Auch bei reduzierter Kalorienzufuhr ist es wichtig, eine hohe und konstante Proteinzufuhr aufrechtzuerhalten, um die Muskelmasse optimal zu erhalten. Proteine ben\u00f6tigen nicht nur mehr Energie f\u00fcr die Verdauung, sondern sorgen auch f\u00fcr ein l\u00e4nger anhaltendes S\u00e4ttigungsgef\u00fchl, was sie zu einem wichtigen Makron\u00e4hrstoff w\u00e4hrend einer Di\u00e4t macht.<\/strong><\/p>\n<p><strong>Die neue Formel von Diet Whey enth\u00e4lt Wirkstoffe, die den Fettabbau f\u00f6rdern, darunter CLA, L-Carnitin, Gr\u00fcntee-Extrakt und Leinsamen.<\/strong><\/p>\n<p><strong>Wir haben die bew\u00e4hrte Formel beibehalten, aber einige Details wie Geschmack und Konsistenz optimiert und darauf geachtet, dass nur Proteine von h\u00f6chster Qualit\u00e4t verwendet werden. Das Ergebnis? Ein noch schmackhafteres Diet Whey, das sich leicht mischen l\u00e4sst und cremig zu trinken ist.\u202f<\/strong><\/p>\n<h4><strong><span style=\"color: #d0121a;\">Anwendungsempfehlung: <\/span><\/strong><\/h4>\n<p><strong><span style=\"color: #d0121a;\">1 Messl\u00f6ffel *32 g* in einem Shaker mit 200 bis 250 ml Wasser oder frischer Milch anr\u00fchren. F\u00fcr optimale Ergebnisse: 2x t\u00e4glich einnehmen, 1x morgens, 1x unmittelbar nach dem Sport oder an Ruhetagen nachmittags.<\/span><\/strong><\/p>\n<p><strong><span style=\"color: #d0121a;\"> 1 Messl\u00f6ffel = Muskelerhalt.<\/span><\/strong><\/p>\n<p><span style=\"color: #d0121a;\"><strong>1 1\/2 Messl\u00f6ffel = Muskelaufbau.<\/strong><\/span><\/p>\n<p><strong>Dieses Produkt ist auch f\u00fcr Vegetarier geeignet<\/strong><\/p>\n<h4><strong>N\u00e4hrwertangaben:<\/strong><\/h4>\n<p><strong>Vanillecreme:<\/strong><\/p>\n<table style=\"height: 511px;\" width=\"460\">\n<tbody>\n<tr>\n<td><strong>TYPISCHE WERTE<\/strong><\/td>\n<td><strong>PRO 100 g (PRO 32 g)<\/strong><\/td>\n<\/tr>\n<tr>\n<td><strong>Energie<\/strong><\/td>\n<td><strong>1632kJ \/ 388kcal (522kJ \/ 124kcal)<\/strong><\/td>\n<\/tr>\n<tr>\n<td><strong>Fett<\/strong><\/td>\n<td><strong>8,2 g\u00a0 \u00a0 \u00a0 \u00a0 \u00a0 \u00a0 \u00a0 \u00a0 \u00a0 \u00a0 \u00a0(2,6 g)<\/strong><\/td>\n<\/tr>\n<tr>\n<td><strong>davon ges\u00e4ttigte Fetts\u00e4uren<\/strong><\/td>\n<td><strong>4,0 g\u00a0 \u00a0 \u00a0 \u00a0 \u00a0 \u00a0 \u00a0 \u00a0 \u00a0 \u00a0 \u00a0(1,3 g)<\/strong><\/td>\n<\/tr>\n<tr>\n<td><strong>Kohlenhydrate<\/strong><\/td>\n<td><strong>12 g\u00a0 \u00a0 \u00a0 \u00a0 \u00a0 \u00a0 \u00a0 \u00a0 \u00a0 \u00a0 \u00a0 (3,8 g)<\/strong><\/td>\n<\/tr>\n<tr>\n<td><strong>davon Zucker\u00a0<\/strong><\/td>\n<td><strong>2,9 g\u00a0 \u00a0 \u00a0 \u00a0 \u00a0 \u00a0 \u00a0 \u00a0 \u00a0 \u00a0 \u00a0(0,9 g)<\/strong><\/td>\n<\/tr>\n<tr>\n<td><strong>Ballaststoffe<\/strong><\/td>\n<td><strong>3,5 g\u00a0 \u00a0 \u00a0 \u00a0 \u00a0 \u00a0 \u00a0 \u00a0 \u00a0 \u00a0 \u00a0(1,1 g)<\/strong><\/td>\n<\/tr>\n<tr>\n<td><strong>Eiweiss<\/strong><\/td>\n<td><strong>64 g\u00a0 \u00a0 \u00a0 \u00a0 \u00a0 \u00a0 \u00a0 \u00a0 \u00a0 \u00a0 \u00a0 \u00a0(20 g)<\/strong><\/td>\n<\/tr>\n<tr>\n<td><strong>Salz<\/strong><\/td>\n<td><strong>0,84 g\u00a0 \u00a0 \u00a0 \u00a0 \u00a0 \u00a0 \u00a0 \u00a0 \u00a0(0,27 g)<\/strong><\/td>\n<\/tr>\n<\/tbody>\n<\/table>\n<p>&nbsp;<\/p>\n<table style=\"height: 449px;\" width=\"420\">\n<tbody>\n<tr>\n<td><strong>LIEFERT AUCH<\/strong><\/td>\n<td><strong>PRO 100 g (PRO 32 g)<\/strong><\/td>\n<\/tr>\n<tr>\n<td><strong>Konjugierte Linols\u00e4ure<\/strong><\/td>\n<td><strong>\u00a0 \u00a01085 mg\u00a0 \u00a0 \u00a0 \u00a0(347 mg)<\/strong><\/td>\n<\/tr>\n<tr>\n<td><strong>Acetyl-L-Carnitin<\/strong><\/td>\n<td><strong>\u00a0 \u00a0 \u00a0848 mg\u00a0 \u00a0 \u00a0 \u00a0(271 mg)<\/strong><\/td>\n<\/tr>\n<tr>\n<td><strong>Gr\u00fcntee-Extrakt<\/strong><\/td>\n<td><strong>\u00a0 \u00a0 \u00a0400 mg\u00a0 \u00a0 \u00a0 \u00a0(128 mg)<\/strong><\/td>\n<\/tr>\n<tr>\n<td><strong><em>davon<\/em> Polyphenole<\/strong><\/td>\n<td><strong>\u00a0 \u00a0 \u00a0160 mg\u00a0 \u00a0 \u00a0 \u00a0 \u00a0(51 mg)<\/strong><\/td>\n<\/tr>\n<tr>\n<td><strong><em>davon<\/em> Catechine<\/strong><\/td>\n<td><strong>\u00a0 \u00a0 \u00a0 \u00a080 mg\u00a0 \u00a0 \u00a0 \u00a0 \u00a0(26 mg)<\/strong><\/td>\n<\/tr>\n<tr>\n<td><strong><em>davon <\/em>Koffein<\/strong><\/td>\n<td><strong>\u00a0 \u00a0 \u00a0 \u00a032 mg\u00a0 \u00a0 \u00a0 \u00a0 \u00a0(10 mg)<\/strong><\/td>\n<\/tr>\n<tr>\n<td><strong><em>davon <\/em>EGCG<\/strong><\/td>\n<td><strong>\u00a0 \u00a0 \u00a0 \u00a028 mg\u00a0 \u00a0 \u00a0 \u00a0 \u00a0 \u00a0(9 mg)<\/strong><\/td>\n<\/tr>\n<\/tbody>\n<\/table>\n<p><strong>Die N\u00e4hrwerte k\u00f6nnen je nach Aroma leicht variieren.<\/strong><\/p>\n<h4><strong>Zutaten:<\/strong><\/h4>\n<p><strong>PhD Premium Protein Blend (80 %) (Molkenproteinkonzentrat (Milch) (enth\u00e4lt einen Emulgator: Lecithine), Sojaproteinisolat , Milchproteinkonzentrat), Gerstenmehl, Goldbraunes Leinsamenpulver, Stabilisatoren (Akaziengummi, Xanthan), Aromen, konjugierte Linols\u00e4urepulver (Distel\u00f6l) (Milch), Acetyl-L-Carnitin, Gr\u00fcntee-Extrakt (Camellia sinensis), S\u00fc\u00dfungsmittel *Sucralose*.<\/strong><\/p>\n<p><strong>Enth\u00e4lt Allergene, darunter glutenhaltiges Getreide. Kann auch Eier und anderes glutenhaltiges Getreide enthalten.<\/strong><\/p>\n<h4><strong>Warnhinweis:<\/strong><\/h4>\n<p><strong>Dies ist ein Nahrungserg\u00e4nzungsmittel.<\/strong><\/p>\n<p><strong> Es sollte keine abwechslungsreiche und ausgewogene Ern\u00e4hrung ersetzen. <\/strong><\/p>\n<p><strong>Die empfohlene Tagesdosis sollte nicht \u00fcberschritten werden. Au\u00dferhalb der Reichweite von Kindern aufbewahren.<\/strong><\/p>\n<p><strong> Trocken und lichtgesch\u00fctzt lagern. <\/strong><\/p>\n<p><strong>Nicht geeignet f\u00fcr schwangere oder stillende Frauen, Kinder und Jugendliche unter 18 Jahren sowie Personen, die unter \u00e4rztlicher Behandlung stehen, insbesondere mit Antikoagulanzien.<\/strong><\/p>\n<p><strong>Nicht f\u00fcr Diabetiker geeignet.<\/strong><\/p>\n<p><strong> Nicht am selben Tag wie andere Produkte mit gr\u00fcnem Tee einnehmen.<\/strong><\/p>\n<p><strong> Nicht auf n\u00fcchternen Magen einnehmen.<\/strong><\/p>\n<p><strong> Dieses Produkt enth\u00e4lt Koffein. <\/strong><\/p>\n<p><strong>Nehmen Sie dieses Produkt niemals gleichzeitig mit einer Tasse starken Kaffees oder anderen Stimulanzien ein. <\/strong><\/p>\n<p><strong>Kombinieren Sie auch nicht zwei Nahrungserg\u00e4nzungsmittel, die viel Koffein enthalten.<\/strong><\/p>\n<h4><strong>Details zu den gesundheitsbezogenen Angaben:<\/strong><\/h4>\n<p><strong>Proteine tragen zum Aufbau von Muskelmasse bei.\u00a0<\/strong><\/p>\n<p><strong>Proteine tragen zur Erhaltung normaler Knochen bei.<\/strong><\/p>\n<p><strong class=\"Yjhzub\" data-sfc-cb=\"\" data-complete=\"true\" data-processed=\"true\" aria-owns=\"action-menu-parent-container\">Linols\u00e4ure tr\u00e4gt zur Aufrechterhaltung eines normalen Cholesterinspiegels bei.<\/strong><\/p>\n","protected":false},"excerpt":{"rendered":"<h5><strong>Diet Whey Protein Lean von PHD<\/strong><\/h5>\n<p><strong>Die Nummer 1 unter den Proteinen zum Abnehmen.<\/strong><\/p>\n<p><strong>Spezielles Protein, ideal f\u00fcr die Bed\u00fcrfnisse beim Abnehmen.<\/strong><\/p>\n<p><strong>Ideal zum Schutz der Muskeln vor Muskelabbau.<\/strong><\/p>\n<p><strong>Mischung aus Molkenprotein mit gr\u00fcnem Tee, CLA und L-Carnitin.<\/strong><\/p>\n","protected":false},"featured_media":44625,"comment_status":"open","ping_status":"closed","template":"","meta":[],"product_cat":[1762,1764,1768,1776],"product_tag":[3076],"class_list":{"0":"post-44586","1":"product","2":"type-product","3":"status-publish","4":"has-post-thumbnail","6":"product_cat-sporternaehrung","7":"product_cat-protein","8":"product_cat-gesundheit-diaet","9":"product_cat-angebote","10":"product_tag-phd-de","11":"pa_aromes-erdbeere-de-de","12":"pa_aromes-schokolade","13":"pa_aromes-vanilla-de","14":"pa_contenance-1kg-de","15":"pa_contenance-2kg-de","17":"first","18":"instock","19":"sale","20":"taxable","21":"shipping-taxable","22":"purchasable","23":"product-type-variable","24":"has-default-attributes"},"tiered_pricing_type":"fixed","tiered_pricing_fixed_rules":[],"tiered_pricing_product_settings":{"layout":"default","base_unit_name":{"singular":null,"plural":null},"default_variation":null},"tiered_pricing_minimum_quantity":null,"tiered_pricing_roles_data":[],"tiered_pricing_percentage_rules":[],"_links":{"self":[{"href":"https:\/\/keepfitnutrition.ch\/de\/wp-json\/wp\/v2\/product\/44586","targetHints":{"allow":["GET"]}}],"collection":[{"href":"https:\/\/keepfitnutrition.ch\/de\/wp-json\/wp\/v2\/product"}],"about":[{"href":"https:\/\/keepfitnutrition.ch\/de\/wp-json\/wp\/v2\/types\/product"}],"replies":[{"embeddable":true,"href":"https:\/\/keepfitnutrition.ch\/de\/wp-json\/wp\/v2\/comments?post=44586"}],"wp:featuredmedia":[{"embeddable":true,"href":"https:\/\/keepfitnutrition.ch\/de\/wp-json\/wp\/v2\/media\/44625"}],"wp:attachment":[{"href":"https:\/\/keepfitnutrition.ch\/de\/wp-json\/wp\/v2\/media?parent=44586"}],"wp:term":[{"taxonomy":"product_cat","embeddable":true,"href":"https:\/\/keepfitnutrition.ch\/de\/wp-json\/wp\/v2\/product_cat?post=44586"},{"taxonomy":"product_tag","embeddable":true,"href":"https:\/\/keepfitnutrition.ch\/de\/wp-json\/wp\/v2\/product_tag?post=44586"}],"curies":[{"name":"wp","href":"https:\/\/api.w.org\/{rel}","templated":true}]}}