{"id":44471,"date":"2024-07-24T12:56:19","date_gmt":"2024-07-24T12:56:19","guid":{"rendered":"https:\/\/keepfitnutrition.ch\/?post_type=product&#038;p=44471"},"modified":"2026-04-20T15:21:50","modified_gmt":"2026-04-20T15:21:50","slug":"glucosamin-msm-chondroitin-vitc","status":"publish","type":"product","link":"https:\/\/keepfitnutrition.ch\/de\/produkt\/glucosamin-msm-chondroitin-vitc\/","title":{"rendered":"GLUCOSAMIN + MSM + CHONDROITIN + VIT C"},"content":{"rendered":"<h3 style=\"text-align: center;\"><strong>Glucosamin + MSM + Chondroitin + Vitamin C 90 Tabletten von OstroVit.<\/strong><\/h3>\n<p><img loading=\"lazy\" decoding=\"async\" class=\"alignnone size-full wp-image-44476 aligncenter\" src=\"https:\/\/keepfitnutrition.ch\/wp-content\/uploads\/2025\/12\/Glucosamine-MSM-90-Tabs-Fiche-K.webp\" alt=\"\" width=\"800\" height=\"585\" srcset=\"https:\/\/keepfitnutrition.ch\/wp-content\/uploads\/2025\/12\/Glucosamine-MSM-90-Tabs-Fiche-K.webp 800w, https:\/\/keepfitnutrition.ch\/wp-content\/uploads\/2025\/12\/Glucosamine-MSM-90-Tabs-Fiche-K-768x562.webp 768w, https:\/\/keepfitnutrition.ch\/wp-content\/uploads\/2025\/12\/Glucosamine-MSM-90-Tabs-Fiche-K-600x439.webp 600w\" sizes=\"auto, (max-width: 800px) 100vw, 800px\" \/><\/p>\n<h3 style=\"text-align: center;\"><strong>Glucosamin + MSM + Chondroitin + Vitamin C, Quelle wertvoller Inhaltsstoffe.<\/strong><\/h3>\n<h4><strong>Dieses Nahrungserg\u00e4nzungsmittel kombiniert vier wichtige Inhaltsstoffe zur Unterst\u00fctzung der Gelenke<\/strong><\/h4>\n<p><strong>Glucosamin *Glucosaminsulfat 2KCL*: Hilft beim Wiederaufbau des Knorpelgewebes und f\u00f6rdert die Flexibilit\u00e4t der Gelenke. OstroVit verwendet die Sulfatform, die als gut bioverf\u00fcgbar gilt.<\/strong><\/p>\n<p><strong>MSM *Methylsulfonylmethan*: Eine nat\u00fcrliche Schwefelverbindung, die Entz\u00fcndungen lindern und die Gesundheit des Bindegewebes unterst\u00fctzen kann.<\/strong><\/p>\n<p><strong>Chondroitin *Chondroitinsulfat*: Tr\u00e4gt zur Aufrechterhaltung einer guten Gelenkschmierung bei und sch\u00fctzt den Knorpel vor Abbau.<\/strong><\/p>\n<p><strong>Vitamin C *L-Ascorbins\u00e4ure*: Ein Antioxidans, das zur normalen Kollagenbildung beitr\u00e4gt, die f\u00fcr eine optimale Funktion von Knochen und Knorpel unerl\u00e4sslich ist.<\/strong><\/p>\n<h4><strong>M\u00f6gliche Vorteile:<\/strong><\/h4>\n<p><strong>Anwender dieses Produkts, insbesondere Sportler, Radfahrer und Menschen, deren Gelenke stark beansprucht werden, erwarten in der Regel folgende Wirkungen:<\/strong><\/p>\n<p><strong>St\u00e4rkung der Gelenke, Sehnen, Knorpel und B\u00e4nder.<\/strong><\/p>\n<p><strong>Unterst\u00fctzung der Genesung nach Verletzungen.<\/strong><\/p>\n<p><strong>Unterst\u00fctzung der Beweglichkeit und Flexibilit\u00e4t der Gelenke.<\/strong><\/p>\n<p><strong>Schutz der Zellen vor oxidativem Stress dank Vitamin C.<\/strong><\/p>\n<h4><span style=\"color: #d0121a;\"><strong>Anwendungsempfehlung: <\/strong><\/span><\/h4>\n<p><span style=\"color: #d0121a;\"><strong>Nehmen Sie 2 Tabletten pro Tag *1empfohlene Tagesdosis* vorzugsweise morgens mit einem grossen Glas Wasser ein.<\/strong><\/span><\/p>\n<h4><strong>Warnhinweis<\/strong><\/h4>\n<p><strong>Dieses Nahrungserg\u00e4nzungsmittel sollte nicht als Ersatz f\u00fcr eine abwechslungsreiche und ausgewogene Ern\u00e4hrung verwendet werden.<\/strong><\/p>\n<p><strong>Die empfohlene Tagesdosis darf nicht \u00fcberschritten werden.<\/strong><\/p>\n<p><strong>Ausserhalb der Reichweite von kleinen Kindern aufbewahren.<\/strong><\/p>\n<p><strong>Nicht empfohlen f\u00fcr schwangere Frauen oder Frauen, die schwanger werden m\u00f6chten, sofern vom Arzt nicht anders empfohlen.<\/strong><\/p>\n<p><strong>Es wird empfohlen, vor der Anwendung einen Arzt zu konsultieren, wenn Sie an Diabetes leiden, Antikoagulanzien einnehmen oder bereits bestehende Erkrankungen haben. <\/strong><\/p>\n","protected":false},"excerpt":{"rendered":"<h5><strong>Glucosamin + MSM + Chondroitin + Vitamin C von OstroVit<\/strong><\/h5>\n<p><strong>Die Kombination aus Glucosamin + MSM + Chondroitin + Vitamin C ist ein Nahrungserg\u00e4nzungsmittel zur Unterst\u00fctzung der Gelenkgesundheit. Diese Inhaltsstoffe wirken synergistisch, um Gelenkschmerzen zu lindern, die Integrit\u00e4t des Knorpels zu erhalten und die Beweglichkeit zu f\u00f6rdern.<\/strong><\/p>\n<p><strong>90 Tabletten f\u00fcr 45 Tage.<\/strong><\/p>\n","protected":false},"featured_media":44473,"comment_status":"open","ping_status":"closed","template":"","meta":[],"product_cat":[1762,1768,1798],"product_tag":[3068,3067,2990],"class_list":{"0":"post-44471","1":"product","2":"type-product","3":"status-publish","4":"has-post-thumbnail","6":"product_cat-sporternaehrung","7":"product_cat-gesundheit-diaet","8":"product_cat-ostrovit-de","9":"product_tag-chondroitin-de","10":"product_tag-msm-de","11":"product_tag-ostrovit-de","13":"first","14":"instock","15":"taxable","16":"shipping-taxable","17":"purchasable","18":"product-type-simple"},"tiered_pricing_type":"fixed","tiered_pricing_fixed_rules":[],"tiered_pricing_product_settings":{"layout":"default","base_unit_name":{"singular":null,"plural":null},"default_variation":null},"tiered_pricing_minimum_quantity":null,"tiered_pricing_roles_data":[],"tiered_pricing_percentage_rules":[],"_links":{"self":[{"href":"https:\/\/keepfitnutrition.ch\/de\/wp-json\/wp\/v2\/product\/44471","targetHints":{"allow":["GET"]}}],"collection":[{"href":"https:\/\/keepfitnutrition.ch\/de\/wp-json\/wp\/v2\/product"}],"about":[{"href":"https:\/\/keepfitnutrition.ch\/de\/wp-json\/wp\/v2\/types\/product"}],"replies":[{"embeddable":true,"href":"https:\/\/keepfitnutrition.ch\/de\/wp-json\/wp\/v2\/comments?post=44471"}],"wp:featuredmedia":[{"embeddable":true,"href":"https:\/\/keepfitnutrition.ch\/de\/wp-json\/wp\/v2\/media\/44473"}],"wp:attachment":[{"href":"https:\/\/keepfitnutrition.ch\/de\/wp-json\/wp\/v2\/media?parent=44471"}],"wp:term":[{"taxonomy":"product_cat","embeddable":true,"href":"https:\/\/keepfitnutrition.ch\/de\/wp-json\/wp\/v2\/product_cat?post=44471"},{"taxonomy":"product_tag","embeddable":true,"href":"https:\/\/keepfitnutrition.ch\/de\/wp-json\/wp\/v2\/product_tag?post=44471"}],"curies":[{"name":"wp","href":"https:\/\/api.w.org\/{rel}","templated":true}]}}