{"id":44448,"date":"2025-09-11T10:19:01","date_gmt":"2025-09-11T10:19:01","guid":{"rendered":"https:\/\/keepfitnutrition.ch\/?post_type=product&#038;p=44448"},"modified":"2026-04-15T11:06:44","modified_gmt":"2026-04-15T11:06:44","slug":"magnesium-bisglycinat-120-kapseln","status":"publish","type":"product","link":"https:\/\/keepfitnutrition.ch\/de\/produkt\/magnesium-bisglycinat-120-kapseln\/","title":{"rendered":"MAGNESIUM BISGLYCINAT"},"content":{"rendered":"<h3 style=\"text-align: center;\"><strong>Magnesium-Bisglycinat 120 Kapseln Zec+<\/strong><img loading=\"lazy\" decoding=\"async\" class=\"alignnone size-full wp-image-44453 aligncenter\" src=\"https:\/\/keepfitnutrition.ch\/wp-content\/uploads\/2025\/12\/MAGNESIUM-BISGLYCINATE-120Caps-ZecFiche-K.webp\" alt=\"\" width=\"800\" height=\"427\" srcset=\"https:\/\/keepfitnutrition.ch\/wp-content\/uploads\/2025\/12\/MAGNESIUM-BISGLYCINATE-120Caps-ZecFiche-K.webp 800w, https:\/\/keepfitnutrition.ch\/wp-content\/uploads\/2025\/12\/MAGNESIUM-BISGLYCINATE-120Caps-ZecFiche-K-768x410.webp 768w, https:\/\/keepfitnutrition.ch\/wp-content\/uploads\/2025\/12\/MAGNESIUM-BISGLYCINATE-120Caps-ZecFiche-K-600x320.webp 600w\" sizes=\"auto, (max-width: 800px) 100vw, 800px\" \/><\/h3>\n<h4><strong>Magnesium, ein unverzichtbares Produkt f\u00fcr den K\u00f6rper.<\/strong><\/h4>\n<p><strong>Neben Kalzium, Eisen und Zink ist Magnesium ein f\u00fcr die Gesundheit essentielles Mineral. Es spielt eine wichtige Rolle f\u00fcr die allgemeine Funktion des K\u00f6rpers, wie z. B. die Muskelkontraktion oder den Umgang mit Stress und Schlaf.<\/strong><\/p>\n<p><strong>Magnesiumbisglycinat ist eine Form von Magnesiumpr\u00e4paraten, die an Glycin, eine Aminos\u00e4ure, gebunden ist. Diese spezielle Form von Magnesium wird h\u00e4ufig aufgrund ihrer erh\u00f6hten Bioverf\u00fcgbarkeit und ihrer im Vergleich zu anderen Formen von Magnesiumpr\u00e4paraten verbesserten Magen-Darm-Vertr\u00e4glichkeit verwendet.<\/strong><\/p>\n<p><strong>Die Hydroxypropylmethylcellulose-Kapsel ist frei von tierischen Inhaltsstoffen und daher sowohl f\u00fcr Vegetarier als auch f\u00fcr Veganer geeignet.<\/strong><\/p>\n<p><strong>Hier sind einige der potenziellen Vorteile von Magnesiumbisglycinat:<\/strong><\/p>\n<p><strong>Verbesserte Absorption: Magnesiumbisglycinat wird besser absorbiert als einige andere Formen von Magnesium, was bedeutet, dass der K\u00f6rper das Mineral besser verwerten kann.<\/strong><\/p>\n<p><strong>Magen-Darm-Vertr\u00e4glichkeit: Bestimmte Arten von Magnesiumpr\u00e4paraten k\u00f6nnen Magen-Darm-Probleme wie Durchfall verursachen. Magnesiumbisglycinat wird h\u00e4ufig f\u00fcr Personen empfohlen, die eine Magen-Darm-Empfindlichkeit gegen\u00fcber anderen Magnesiumformen aufweisen.<\/strong><\/p>\n<p><strong>Unterst\u00fctzung des Schlafes: Magnesium ist an der Regulierung des Schlafes beteiligt und f\u00fchrt zu einer Verbesserung der Schlafqualit\u00e4t.<\/strong><\/p>\n<p><strong>Stress- und Angstabbau: Magnesium spielt eine Rolle bei der Regulierung des Nervensystems und f\u00fchrt zu einer Verringerung von Stress und Angstzust\u00e4nden.<\/strong><\/p>\n<p><strong>Muskelunterst\u00fctzung: Magnesium ist f\u00fcr eine normale Muskelfunktion unerl\u00e4sslich, und eine Nahrungserg\u00e4nzung hilft, Muskelkr\u00e4mpfe und Steifheit zu reduzieren.<\/strong><\/p>\n<p><strong>Knochengesundheit: Magnesium ist an der Knochenbildung beteiligt, und eine ausreichende Zufuhr tr\u00e4gt zur Knochengesundheit bei.<\/strong><\/p>\n<h4><strong><span style=\"color: #d0121a;\">Anwendungshinweise: <\/span><\/strong><\/h4>\n<p><strong><span style=\"color: #d0121a;\">Nehmen Sie t\u00e4glich 3 Kapseln mit einem Glas Wasser vor dem Schlafengehen.<\/span><\/strong><\/p>\n<h4><strong>N\u00e4hrwertangaben:<\/strong><\/h4>\n<p><strong>1 Portion *3 Kapseln* enth\u00e4lt davon 300mg elementares Magnesiumbisglycinat.<\/strong><\/p>\n<h4><strong>Zutaten:<\/strong><\/h4>\n<p><strong>Magnesiumbisglycinat, Kapselh\u00fclle *Hydroxypropylmethylcellulose*, F\u00fcllstoff *mikrokristalline Cellulose*.<\/strong><\/p>\n<h4><strong>Warnhinweis<\/strong><\/h4>\n<p><strong>Nahrungserg\u00e4nzungsmittel sollten im Rahmen einer gesunden Lebensweise verwendet werden und nicht als Ersatz f\u00fcr eine abwechslungsreiche und ausgewogene Ern\u00e4hrung dienen.<\/strong><\/p>\n<p><strong>Die empfohlene Tagesdosis darf nicht \u00fcberschritten werden.<\/strong><\/p>\n<p><strong>Ausserhalb der Reichweite von kleinen Kindern aufbewahren.<\/strong><\/p>\n<p><strong>Dieses Nahrungserg\u00e4nzungsmittel darf nicht von Kindern eingenommen werden.<\/strong><\/p>\n<p><strong>Nicht empfohlen f\u00fcr schwangere und stillende Frauen, sofern nicht anders angegeben.<\/strong><\/p>\n<h4><strong class=\"Yjhzub\" data-complete=\"true\" data-processed=\"true\">Details der gesundheitsbezogenen Angaben:<\/strong><\/h4>\n<p><span class=\"T286Pc\" data-sfc-cp=\"\" data-processed=\"true\"><strong class=\"Yjhzub\" data-processed=\"true\">Magnesium tr\u00e4gt zu einer normalen Muskelfunktion bei<\/strong><\/span><\/p>\n<p><span class=\"T286Pc\" data-sfc-cp=\"\" data-processed=\"true\"><strong class=\"Yjhzub\" data-processed=\"true\">Magnesium tr\u00e4gt zum Elektrolytgleichgewicht bei<\/strong><\/span><\/p>\n<p><span class=\"T286Pc\" data-sfc-cp=\"\" data-processed=\"true\"><strong class=\"Yjhzub\" data-processed=\"true\">Magnesium tr\u00e4gt zur normalen Funktion des Nervensystems bei<\/strong><\/span><\/p>\n","protected":false},"excerpt":{"rendered":"<h5><strong>Magnesium-Bisglycinat 120 Kapseln Zec+.<\/strong><\/h5>\n<p><strong>Magnesiumbisglycinat Zec+ ist eine hoch bioverf\u00fcgbare und gut vertr\u00e4gliche Form von Magnesium, die h\u00e4ufig zur Linderung von M\u00fcdigkeit, Stress und Muskelkr\u00e4mpfen empfohlen wird.<\/strong><\/p>\n<p><strong class=\"Yjhzub\" data-complete=\"true\">100 mg elementares Magnesiumbisglycinat pro Kapsel.<\/strong><\/p>\n<p><strong>1 Packung enth\u00e4lt 120 Kapseln und entspricht einer 40 t\u00e4gigen Anwendung.<\/strong><\/p>\n","protected":false},"featured_media":44450,"comment_status":"open","ping_status":"closed","template":"","meta":[],"product_cat":[1762,1768,1784],"product_tag":[3060,3028],"class_list":{"0":"post-44448","1":"product","2":"type-product","3":"status-publish","4":"has-post-thumbnail","6":"product_cat-sporternaehrung","7":"product_cat-gesundheit-diaet","8":"product_cat-vegan-de","9":"product_tag-magnesium-de","10":"product_tag-zec-de","12":"first","13":"instock","14":"taxable","15":"shipping-taxable","16":"purchasable","17":"product-type-simple"},"tiered_pricing_type":"fixed","tiered_pricing_fixed_rules":[],"tiered_pricing_product_settings":{"layout":"default","base_unit_name":{"singular":null,"plural":null},"default_variation":null},"tiered_pricing_minimum_quantity":null,"tiered_pricing_roles_data":[],"tiered_pricing_percentage_rules":[],"_links":{"self":[{"href":"https:\/\/keepfitnutrition.ch\/de\/wp-json\/wp\/v2\/product\/44448","targetHints":{"allow":["GET"]}}],"collection":[{"href":"https:\/\/keepfitnutrition.ch\/de\/wp-json\/wp\/v2\/product"}],"about":[{"href":"https:\/\/keepfitnutrition.ch\/de\/wp-json\/wp\/v2\/types\/product"}],"replies":[{"embeddable":true,"href":"https:\/\/keepfitnutrition.ch\/de\/wp-json\/wp\/v2\/comments?post=44448"}],"wp:featuredmedia":[{"embeddable":true,"href":"https:\/\/keepfitnutrition.ch\/de\/wp-json\/wp\/v2\/media\/44450"}],"wp:attachment":[{"href":"https:\/\/keepfitnutrition.ch\/de\/wp-json\/wp\/v2\/media?parent=44448"}],"wp:term":[{"taxonomy":"product_cat","embeddable":true,"href":"https:\/\/keepfitnutrition.ch\/de\/wp-json\/wp\/v2\/product_cat?post=44448"},{"taxonomy":"product_tag","embeddable":true,"href":"https:\/\/keepfitnutrition.ch\/de\/wp-json\/wp\/v2\/product_tag?post=44448"}],"curies":[{"name":"wp","href":"https:\/\/api.w.org\/{rel}","templated":true}]}}