{"id":44360,"date":"2025-12-03T12:29:45","date_gmt":"2025-12-03T12:29:45","guid":{"rendered":"https:\/\/keepfitnutrition.ch\/?post_type=product&#038;p=44360"},"modified":"2025-12-23T15:23:25","modified_gmt":"2025-12-23T15:23:25","slug":"vegan-protein-isolat-750g","status":"publish","type":"product","link":"https:\/\/keepfitnutrition.ch\/de\/produkt\/vegan-protein-isolat-750g\/","title":{"rendered":"PROTEIN VEGAN ISOLAT"},"content":{"rendered":"<h3 style=\"text-align: center;\"><strong>Protein Vegan Isolat 750G Peak.<\/strong><\/h3>\n<p><img loading=\"lazy\" decoding=\"async\" class=\"alignnone size-full wp-image-44359 aligncenter\" src=\"https:\/\/keepfitnutrition.ch\/wp-content\/uploads\/2025\/12\/Protein-Vegan-Peak-750g-Neutre-Fiche-K.webp\" alt=\"\" width=\"800\" height=\"511\" srcset=\"https:\/\/keepfitnutrition.ch\/wp-content\/uploads\/2025\/12\/Protein-Vegan-Peak-750g-Neutre-Fiche-K.webp 800w, https:\/\/keepfitnutrition.ch\/wp-content\/uploads\/2025\/12\/Protein-Vegan-Peak-750g-Neutre-Fiche-K-768x491.webp 768w, https:\/\/keepfitnutrition.ch\/wp-content\/uploads\/2025\/12\/Protein-Vegan-Peak-750g-Neutre-Fiche-K-600x383.webp 600w\" sizes=\"auto, (max-width: 800px) 100vw, 800px\" \/><\/p>\n<p><strong>Vegan Protein ist die pflanzliche Alternative f\u00fcr die Zufuhr hochwertiger Proteine von Peak. In der Matrix wurden zwei der effektivsten pflanzlichen Proteinquellen mit Reisproteinisolat und Erbsenproteinisolat kombiniert. Die Kombination erm\u00f6glicht eine deutliche Steigerung der biologischen Wertigkeit als Zeichen f\u00fcr die Qualit\u00e4t eines Nahrungsproteins im Vergleich zur Zufuhr als Einzelprotein. Das Produkt verzichtet vollst\u00e4ndig auf tierische Bestandteile und ist daher f\u00fcr alle Arten von vegetarischen\/veganen Lebensweisen geeignet.<\/strong><\/p>\n<p><strong>Auch Menschen mit Unvertr\u00e4glichkeiten gegen\u00fcber tierischen Lebensmitteln wie Milchprodukten oder Eiern finden in Vegan Protein eine hervorragende Alternative, um den t\u00e4glichen Proteinbedarf zu decken. Auch auf den Zusatz k\u00fcnstlicher S\u00fc\u00dfstoffe wurde verzichtet. Seine leichte S\u00fc\u00dfe erh\u00e4lt das vegane Protein durch die Verwendung des nat\u00fcrlichen S\u00fc\u00dfungsmittels Stevia. Allgemein ist bekannt, dass die Aufnahme von Proteinen den Muskelaufbau in Aufbauphasen sowie den Muskelerhalt f\u00f6rdert.<\/strong><\/p>\n<h4><strong>N\u00e4hrwertangaben<\/strong><strong>:<\/strong><\/h4>\n<p><strong>Vanille pro 100 g: 360 kcal; Fett 5,6 g; ges\u00e4ttigte Fetts\u00e4uren 2 g; Kohlenhydrate 5,5 g; Zucker 0,5 g; Eiweiss 79 g; Salz 1,3 g.<\/strong><\/p>\n<p><strong>Die N\u00e4hrwerte k\u00f6nnen je nach Geschmack leicht variieren.<\/strong><\/p>\n<h4><strong><span style=\"color: #d0121a;\">Verzehrempfehlung: <\/span><\/strong><\/h4>\n<p><strong><span style=\"color: #d0121a;\">Mischen Sie 30 G *2Messl\u00f6ffel* veganes Proteinisolat 1 bis 2 Mal t\u00e4glich mit 2 dl Wasser oder Ihrer bevorzugten Pflanzenmilch zum Fr\u00fchst\u00fcck und\/oder unmittelbar nach dem Sport.<\/span><\/strong><\/p>\n<h4><strong>Zutaten:<\/strong><\/h4>\n<p><strong>Reisproteinisolat 48 %, Erbsenproteinisolat 48 %, Aroma, Salz, S\u00e4uerungsmittel *Zitronens\u00e4ure*, Verdickungsmittel *Xanthan*, S\u00fcssungsmittel *Steviolglykoside*<\/strong><\/p>\n<p><strong>Das neutrale Aroma enth\u00e4lt 2 Zutaten: Reisproteinisolat 50 %, Erbsenproteinisolat 50 %.<\/strong><\/p>\n<p><strong>Kann Spuren von Milch, Soja, Gluten und Eiern enthalten.<\/strong><\/p>\n<h4><strong>Warnhinweis:<\/strong><\/h4>\n<p><strong>Die empfohlene Tagesdosis darf nicht \u00fcberschritten werden.<\/strong><\/p>\n<p><strong>Nahrungserg\u00e4nzungsmittel sollten nicht als Ersatz f\u00fcr eine abwechslungsreiche Ern\u00e4hrung verwendet werden.<\/strong><\/p>\n<p><strong>Ausserhalb der Reichweite von Kindern aufbewahren.<\/strong><\/p>\n<p><strong>Wenn Sie stillen, schwanger sind oder eine Schwangerschaft planen, konsultieren Sie Ihren Arzt.<\/strong><\/p>\n<p><strong>Die Verpackung an einem k\u00fchlen, trockenen und lichtgesch\u00fctzten Ort aufbewahren.<\/strong><\/p>\n","protected":false},"excerpt":{"rendered":"<h5><strong>Protein Vegan Isolate 750 g Peak<\/strong><\/h5>\n<p><strong>Gluten und laktosefrei<\/strong><\/p>\n<p><strong>Nat\u00fcrlicher S\u00fc\u00dfstoff *Stevia*<\/strong><\/p>\n<p><strong>Bis zu 80 % Proteingehalt.<\/strong><\/p>\n<p>&nbsp;<\/p>\n","protected":false},"featured_media":44353,"comment_status":"open","ping_status":"closed","template":"","meta":[],"product_cat":[1762,1764,1784],"product_tag":[3056,3071,3055,2999],"class_list":{"0":"post-44360","1":"product","2":"type-product","3":"status-publish","4":"has-post-thumbnail","6":"product_cat-sporternaehrung","7":"product_cat-protein","8":"product_cat-vegan-de","9":"product_tag-isolat-de","10":"product_tag-peak-de","11":"product_tag-protein-de","12":"product_tag-vegan-de","13":"pa_aromes-cookiescream-de","14":"pa_aromes-schokolade","15":"pa_aromes-vanilla-de","16":"pa_aromes-neutral-de","18":"first","19":"instock","20":"taxable","21":"shipping-taxable","22":"purchasable","23":"product-type-variable","24":"has-default-attributes"},"tiered_pricing_type":"fixed","tiered_pricing_fixed_rules":[],"tiered_pricing_product_settings":{"layout":"default","base_unit_name":{"singular":null,"plural":null},"default_variation":null},"tiered_pricing_minimum_quantity":null,"tiered_pricing_roles_data":[],"tiered_pricing_percentage_rules":[],"_links":{"self":[{"href":"https:\/\/keepfitnutrition.ch\/de\/wp-json\/wp\/v2\/product\/44360","targetHints":{"allow":["GET"]}}],"collection":[{"href":"https:\/\/keepfitnutrition.ch\/de\/wp-json\/wp\/v2\/product"}],"about":[{"href":"https:\/\/keepfitnutrition.ch\/de\/wp-json\/wp\/v2\/types\/product"}],"replies":[{"embeddable":true,"href":"https:\/\/keepfitnutrition.ch\/de\/wp-json\/wp\/v2\/comments?post=44360"}],"wp:featuredmedia":[{"embeddable":true,"href":"https:\/\/keepfitnutrition.ch\/de\/wp-json\/wp\/v2\/media\/44353"}],"wp:attachment":[{"href":"https:\/\/keepfitnutrition.ch\/de\/wp-json\/wp\/v2\/media?parent=44360"}],"wp:term":[{"taxonomy":"product_cat","embeddable":true,"href":"https:\/\/keepfitnutrition.ch\/de\/wp-json\/wp\/v2\/product_cat?post=44360"},{"taxonomy":"product_tag","embeddable":true,"href":"https:\/\/keepfitnutrition.ch\/de\/wp-json\/wp\/v2\/product_tag?post=44360"}],"curies":[{"name":"wp","href":"https:\/\/api.w.org\/{rel}","templated":true}]}}