{"id":44335,"date":"2025-12-01T16:26:57","date_gmt":"2025-12-01T16:26:57","guid":{"rendered":"https:\/\/keepfitnutrition.ch\/?post_type=product&#038;p=44335"},"modified":"2026-03-13T13:49:40","modified_gmt":"2026-03-13T13:49:40","slug":"gaba-750mg-zec","status":"publish","type":"product","link":"https:\/\/keepfitnutrition.ch\/de\/produkt\/gaba-750mg-zec\/","title":{"rendered":"GABA 750MG"},"content":{"rendered":"<h3 style=\"text-align: center;\"><strong>Gaba 750mg 120 Kapseln von Zec+ Nutrition.<\/strong><img loading=\"lazy\" decoding=\"async\" class=\"alignnone size-full wp-image-44341 aligncenter\" src=\"https:\/\/keepfitnutrition.ch\/wp-content\/uploads\/2025\/12\/Gaba-Zec-120caps-Fiche-K.webp\" alt=\"\" width=\"800\" height=\"468\" srcset=\"https:\/\/keepfitnutrition.ch\/wp-content\/uploads\/2025\/12\/Gaba-Zec-120caps-Fiche-K.webp 800w, https:\/\/keepfitnutrition.ch\/wp-content\/uploads\/2025\/12\/Gaba-Zec-120caps-Fiche-K-768x449.webp 768w, https:\/\/keepfitnutrition.ch\/wp-content\/uploads\/2025\/12\/Gaba-Zec-120caps-Fiche-K-600x351.webp 600w\" sizes=\"auto, (max-width: 800px) 100vw, 800px\" \/><\/h3>\n<h4 style=\"text-align: left;\"><strong>GABA steht f\u00fcr Gamma-Aminobutters\u00e4ure.<\/strong><\/h4>\n<p><strong>GABA sorgt f\u00fcr Gelassenheit und f\u00f6rdert die Entspannung des K\u00f6rpers. Es ist ein unverzichtbarer Begleiter in Zeiten von Angstzust\u00e4nden und Depressionen. Es wirkt gegen Stress und Angstzust\u00e4nde, indem es die Erregung und Anspannung, die den Geist st\u00f6ren, reduziert und sich positiv auf die Stimmung auswirkt, indem es negative Gedanken und traumatische Erinnerungen vertreibt.<\/strong><\/p>\n<h4><strong>GABA ist der wichtigste hemmende Neurotransmitter des zentralen Nervensystems<\/strong><strong>.<\/strong><\/h4>\n<p><strong>Es handelt sich um eine sogenannte nicht-proteinogene Aminos\u00e4ure, die sich positiv auf Ihre Leistungsf\u00e4higkeit und Ihr Wohlbefinden auswirkt.<\/strong><\/p>\n<p><strong>GABA beeinflusst auf nat\u00fcrliche Weise die Aussch\u00fcttung des Wachstumshormons. GABA wirkt auf bestimmte Neuronenketten, die den Hypothalamus stimulieren, sodass mehr Wachstumshormone freigesetzt werden.<\/strong><\/p>\n<p><strong>GABA hemmt *unterdr\u00fcckt* die Signale, die durch Stressreaktionen ausgel\u00f6st werden und die motorischen Zentren des Gehirns erreichen wollen. Daher hat GABA im Gehirn eine entspannende Wirkung auf die Gedanken und tr\u00e4gt durch die Verringerung des Stressniveaus zum inneren Gleichgewicht bei.<\/strong><\/p>\n<h4><strong>GABA im Sport und Fitnessbereich.<\/strong><\/h4>\n<p><strong>Forscher der University of California haben ausserdem festgestellt, dass GABA die Zunahme von Fettreserven hemmen kann, insbesondere wenn die Kalorienzufuhr h\u00f6her ist als der Kalorienverbrauch. Der Neurotransmitter macht die Zellen empf\u00e4nglicher\/empfindlicher f\u00fcr Insulin, was bedeutet, dass weniger Insulin ben\u00f6tigt wird, um N\u00e4hrstoffe in die Zellen zu \u201eschleusen\u201d. Dar\u00fcber hinaus setzt die Einnahme von zus\u00e4tzlichem GABA in Form von Kapseln Wachstumshormone frei, was die fettfreie K\u00f6rpermasse erh\u00f6hen kann.<\/strong><\/p>\n<p><strong>Als Nahrungserg\u00e4nzungsmittel ist dieser Neurotransmitter daher besonders wertvoll f\u00fcr Bodybuilder. Bei erh\u00f6htem Stress, sei es im Alltag oder beim Training, sowie bei erh\u00f6hter Trainingsintensit\u00e4t ist die Einnahme von GABA von Zec+ empfehlenswert. Wir bieten es nat\u00fcrlich in der gewohnten Zec+-Qualit\u00e4t, Made in Germany und hochdosiert an.<\/strong><\/p>\n<h4><span style=\"color: #d0121a;\"><strong>Anwendungsempfehlung: <\/strong><\/span><\/h4>\n<p><span style=\"color: #d0121a;\"><strong>Nehmen Sie 2 bis 4 Kapseln t\u00e4glich 30 Minuten vor dem Schlafengehen ein, um das Einschlafen zu erleichtern, maximal 4 Kapseln pro Tag.<\/strong><\/span><\/p>\n<h4><strong>F\u00fcr wen ist dieses Nahrungserg\u00e4nzungsmittel geeignet?<\/strong><\/h4>\n<p><strong>GABA ist f\u00fcr alle Personen geeignet, die das zentrale Nervensystem hemmen m\u00f6chten, insbesondere:<\/strong><\/p>\n<p><strong>F\u00fcr gestresste Personen<\/strong><\/p>\n<p><strong>F\u00fcr Studenten in Pr\u00fcfungszeiten<\/strong><\/p>\n<p><strong>F\u00fcr Personen, die besser schlafen m\u00f6chten<\/strong><\/p>\n<p><strong>F\u00fcr Personen, die im Alltag \u00fcberlastet sind.<\/strong><\/p>\n<h4><strong>Warnhinweis<\/strong><\/h4>\n<p><strong>Nahrungserg\u00e4nzungsmittel sollten im Rahmen einer gesunden Lebensweise verwendet werden und nicht als Ersatz f\u00fcr eine abwechslungsreiche und ausgewogene Ern\u00e4hrung dienen.<\/strong><\/p>\n<p><strong>Die empfohlene Tagesdosis darf nicht \u00fcberschritten werden.<\/strong><\/p>\n<p><strong>Ausserhalb der Reichweite von kleinen Kindern aufbewahren.<\/strong><\/p>\n<p><strong>Nicht empfohlen f\u00fcr schwangere und stillende Frauen, sofern nicht anders angegeben.<\/strong><\/p>\n","protected":false},"excerpt":{"rendered":"<h5><span style=\"color: #2445a2;\"><strong>Gaba 750mg 120 Kapseln von Zec+ Nutrition.<\/strong><\/span><\/h5>\n<p><span style=\"color: #2445a2;\"><strong>Gaba ist ein einflussreicher Neurotransmitter, der sowohl auf geistiger als auch auf k\u00f6rperlicher Ebene f\u00fcr Ruhe und Gelassenheit sorgt. Es wird traditionell als Einschlafhilfe, zur Schlafregulierung, zur Beruhigung und zur Bek\u00e4mpfung von Angstzust\u00e4nden eingesetzt.<\/strong><\/span><\/p>\n<p class=\"blu\"><span style=\"color: #2445a2;\"><strong>Nat\u00fcrliches Entspannungsmittel.<\/strong><\/span><\/p>\n<p class=\"blu\"><span style=\"color: #2445a2;\"><strong>Verbessert die Qualit\u00e4t des Schlafs.<\/strong><\/span><\/p>\n<p class=\"blu\"><span style=\"color: #2445a2;\"><strong>Ideal f\u00fcr Beruhigung, Entspannung und Schlaf.<\/strong><\/span><\/p>\n","protected":false},"featured_media":44338,"comment_status":"open","ping_status":"closed","template":"","meta":[],"product_cat":[1762,1768],"product_tag":[3070,3028],"class_list":{"0":"post-44335","1":"product","2":"type-product","3":"status-publish","4":"has-post-thumbnail","6":"product_cat-sporternaehrung","7":"product_cat-gesundheit-diaet","8":"product_tag-gaba-de","9":"product_tag-zec-de","11":"first","12":"instock","13":"taxable","14":"shipping-taxable","15":"purchasable","16":"product-type-simple"},"tiered_pricing_type":"fixed","tiered_pricing_fixed_rules":[],"tiered_pricing_product_settings":{"layout":"default","base_unit_name":{"singular":null,"plural":null},"default_variation":null},"tiered_pricing_minimum_quantity":null,"tiered_pricing_roles_data":[],"tiered_pricing_percentage_rules":[],"_links":{"self":[{"href":"https:\/\/keepfitnutrition.ch\/de\/wp-json\/wp\/v2\/product\/44335","targetHints":{"allow":["GET"]}}],"collection":[{"href":"https:\/\/keepfitnutrition.ch\/de\/wp-json\/wp\/v2\/product"}],"about":[{"href":"https:\/\/keepfitnutrition.ch\/de\/wp-json\/wp\/v2\/types\/product"}],"replies":[{"embeddable":true,"href":"https:\/\/keepfitnutrition.ch\/de\/wp-json\/wp\/v2\/comments?post=44335"}],"wp:featuredmedia":[{"embeddable":true,"href":"https:\/\/keepfitnutrition.ch\/de\/wp-json\/wp\/v2\/media\/44338"}],"wp:attachment":[{"href":"https:\/\/keepfitnutrition.ch\/de\/wp-json\/wp\/v2\/media?parent=44335"}],"wp:term":[{"taxonomy":"product_cat","embeddable":true,"href":"https:\/\/keepfitnutrition.ch\/de\/wp-json\/wp\/v2\/product_cat?post=44335"},{"taxonomy":"product_tag","embeddable":true,"href":"https:\/\/keepfitnutrition.ch\/de\/wp-json\/wp\/v2\/product_tag?post=44335"}],"curies":[{"name":"wp","href":"https:\/\/api.w.org\/{rel}","templated":true}]}}