{"id":44269,"date":"2025-11-26T09:56:11","date_gmt":"2025-11-26T09:56:11","guid":{"rendered":"https:\/\/keepfitnutrition.ch\/?post_type=product&#038;p=44269"},"modified":"2025-12-23T10:04:29","modified_gmt":"2025-12-23T10:04:29","slug":"mass-gainer-2500g","status":"publish","type":"product","link":"https:\/\/keepfitnutrition.ch\/de\/produkt\/mass-gainer-2500g\/","title":{"rendered":"MASS GAINER 2500G"},"content":{"rendered":"<h3 style=\"text-align: center;\"><strong>Stimulieren Sie den Aufbau von Muskelmasse mit dem Mass Gainer von Bulk Nutrition.<\/strong><\/h3>\n<h4><img loading=\"lazy\" decoding=\"async\" class=\"alignnone size-full wp-image-44281 aligncenter\" src=\"https:\/\/keepfitnutrition.ch\/wp-content\/uploads\/2025\/11\/Mass-Gainer-2500g-Fiche-Bulk-K.webp\" alt=\"\" width=\"800\" height=\"686\" srcset=\"https:\/\/keepfitnutrition.ch\/wp-content\/uploads\/2025\/11\/Mass-Gainer-2500g-Fiche-Bulk-K.webp 800w, https:\/\/keepfitnutrition.ch\/wp-content\/uploads\/2025\/11\/Mass-Gainer-2500g-Fiche-Bulk-K-768x659.webp 768w, https:\/\/keepfitnutrition.ch\/wp-content\/uploads\/2025\/11\/Mass-Gainer-2500g-Fiche-Bulk-K-600x515.webp 600w\" sizes=\"auto, (max-width: 800px) 100vw, 800px\" \/><strong>Mass Gainer 2500 g von Bulk Nutrition.<\/strong><\/h4>\n<p><strong>Wenn Sie Ihre Muskelmasse erhalten oder steigern m\u00f6chten, ist der Mass Gainer mit Hafer das ideale Produkt zur Erg\u00e4nzung Ihrer t\u00e4glichen Ern\u00e4hrung.<\/strong><\/p>\n<p><strong>Der Mass Gainer von Bulk Nutrition enth\u00e4lt Inhaltsstoffe, die Ihnen helfen, Ihre Muskelmasse zu stimulieren und zu steigern.<\/strong><\/p>\n<p><strong>L\u00e4sst sich perfekt im Shaker mischen.<\/strong><\/p>\n<h4><strong>N\u00e4hrwerte pro 100G:<\/strong><\/h4>\n<p><strong>377 Kalorien, 51 g Kohlenhydrate, 32 g Proteine, 3 g Ballaststoffe, 7,4 g L-Glutamin, 4,4 g L-Leucin, 0,14 g Salz, 4,3 g Fett, davon 1,1 g Fetts\u00e4uren.<\/strong><\/p>\n<p><strong>Die N\u00e4hrwerte k\u00f6nnen je nach Geschmack leicht variieren.<\/strong><\/p>\n<h4><strong>Zutaten:<\/strong><\/h4>\n<p><strong>Ultrafeiner Hafer, Proteinmischung (Molkenproteinkonzentrat (Milch), Milchproteinkonzentrat, Emulgator (Sonnenblumenlecithin), L-Glutamin, Aroma, L-Leucin, S\u00fcssungsmittel (Sucralose), Verdickungsmittel (Xanthan).<\/strong><\/p>\n<h4 class=\"MsoNormal\" style=\"margin-bottom: 12pt;\"><span style=\"color: #d0121a;\"><strong>Verzehrempfehlung:<\/strong><\/span><\/h4>\n<p class=\"MsoNormal\" style=\"margin-bottom: 12pt;\"><span style=\"color: #d0121a;\"><strong> Mischen Sie 2x t\u00e4glich ausserhalb der Mahlzeiten und\/oder unmittelbar nach dem Sport 100g Pulver mit 3 bis 4dl Wasser oder fettarmer Milch.<\/strong><\/span><\/p>\n<h4><strong>Informationen zu Allergenen<\/strong><\/h4>\n<p><strong>Kann Soja, andere glutenhaltige Getreidearten, Senf und Sesam enthalten.<\/strong><\/p>\n<h4><strong>Warnhinweis<\/strong><\/h4>\n<p><strong>Dieses Produkt ist kein Ersatz f\u00fcr eine Mahlzeit, sondern ein Nahrungserg\u00e4nzungsmittel, das im Rahmen einer gesunden und ausgewogenen Ern\u00e4hrung verwendet werden sollte.<\/strong><\/p>\n<p><strong>Die empfohlene Tagesdosis darf nicht \u00fcberschritten werden.<\/strong><\/p>\n<p><strong>Nicht f\u00fcr schwangere oder stillende Frauen geeignet.<\/strong><\/p>\n<p><strong>Ausserhalb der Reichweite von Kindern aufbewahren.<\/strong><\/p>\n","protected":false},"excerpt":{"rendered":"<h5><span style=\"color: #2445a2;\"><strong>Mass Gainer 2500G von Bulk Nutrition<\/strong><\/span><\/h5>\n<p><span style=\"color: #2445a2;\"><strong> Wenn du deine Muskel und k\u00f6rpermasse sowie dein k\u00f6rpervolumen steigern m\u00f6chtest, ist der Mass Gainer von Bulk Nutrition das ideale Produkt zur Erg\u00e4nzung deiner t\u00e4glichen Ern\u00e4hrung.<\/strong><\/span><\/p>\n","protected":false},"featured_media":44275,"comment_status":"open","ping_status":"closed","template":"","meta":[],"product_cat":[1762,1788],"product_tag":[3052,3051],"class_list":{"0":"post-44269","1":"product","2":"type-product","3":"status-publish","4":"has-post-thumbnail","6":"product_cat-sporternaehrung","7":"product_cat-rice-cream-gainer","8":"product_tag-2500g-de","9":"product_tag-mass-gainer-de","10":"pa_aromes-vanilla-de","11":"pa_aromes-schokolade-de","13":"first","14":"instock","15":"taxable","16":"shipping-taxable","17":"purchasable","18":"product-type-variable","19":"has-default-attributes"},"tiered_pricing_type":"fixed","tiered_pricing_fixed_rules":[],"tiered_pricing_product_settings":{"layout":"default","base_unit_name":{"singular":null,"plural":null},"default_variation":null},"tiered_pricing_minimum_quantity":null,"tiered_pricing_roles_data":[],"tiered_pricing_percentage_rules":[],"_links":{"self":[{"href":"https:\/\/keepfitnutrition.ch\/de\/wp-json\/wp\/v2\/product\/44269","targetHints":{"allow":["GET"]}}],"collection":[{"href":"https:\/\/keepfitnutrition.ch\/de\/wp-json\/wp\/v2\/product"}],"about":[{"href":"https:\/\/keepfitnutrition.ch\/de\/wp-json\/wp\/v2\/types\/product"}],"replies":[{"embeddable":true,"href":"https:\/\/keepfitnutrition.ch\/de\/wp-json\/wp\/v2\/comments?post=44269"}],"wp:featuredmedia":[{"embeddable":true,"href":"https:\/\/keepfitnutrition.ch\/de\/wp-json\/wp\/v2\/media\/44275"}],"wp:attachment":[{"href":"https:\/\/keepfitnutrition.ch\/de\/wp-json\/wp\/v2\/media?parent=44269"}],"wp:term":[{"taxonomy":"product_cat","embeddable":true,"href":"https:\/\/keepfitnutrition.ch\/de\/wp-json\/wp\/v2\/product_cat?post=44269"},{"taxonomy":"product_tag","embeddable":true,"href":"https:\/\/keepfitnutrition.ch\/de\/wp-json\/wp\/v2\/product_tag?post=44269"}],"curies":[{"name":"wp","href":"https:\/\/api.w.org\/{rel}","templated":true}]}}