{"id":44217,"date":"2024-07-25T13:23:52","date_gmt":"2024-07-25T13:23:52","guid":{"rendered":"https:\/\/keepfitnutrition.ch\/?post_type=product&#038;p=44217"},"modified":"2026-03-03T16:01:40","modified_gmt":"2026-03-03T16:01:40","slug":"rinderkollagen-ostrovit-90tabletten","status":"publish","type":"product","link":"https:\/\/keepfitnutrition.ch\/de\/produkt\/rinderkollagen-ostrovit-90tabletten\/","title":{"rendered":"KOLLAGEN OSTROVIT"},"content":{"rendered":"<h3 style=\"text-align: center;\"><strong>Rinderkollagen 90 Tabletten OstroVit.<\/strong><\/h3>\n<p><img loading=\"lazy\" decoding=\"async\" class=\"alignnone size-full wp-image-44221 aligncenter\" src=\"https:\/\/keepfitnutrition.ch\/wp-content\/uploads\/2025\/11\/Collagen-OstroVit-90Tabs-Banner-Ok.webp\" alt=\"\" width=\"700\" height=\"278\" srcset=\"https:\/\/keepfitnutrition.ch\/wp-content\/uploads\/2025\/11\/Collagen-OstroVit-90Tabs-Banner-Ok.webp 700w, https:\/\/keepfitnutrition.ch\/wp-content\/uploads\/2025\/11\/Collagen-OstroVit-90Tabs-Banner-Ok-600x238.webp 600w\" sizes=\"auto, (max-width: 700px) 100vw, 700px\" \/><\/p>\n<h4><img loading=\"lazy\" decoding=\"async\" class=\"alignnone size-full wp-image-44223 aligncenter\" src=\"https:\/\/keepfitnutrition.ch\/wp-content\/uploads\/2025\/11\/Collagen-OstroVit-90Tabs-Fiche-K.webp\" alt=\"\" width=\"800\" height=\"491\" srcset=\"https:\/\/keepfitnutrition.ch\/wp-content\/uploads\/2025\/11\/Collagen-OstroVit-90Tabs-Fiche-K.webp 800w, https:\/\/keepfitnutrition.ch\/wp-content\/uploads\/2025\/11\/Collagen-OstroVit-90Tabs-Fiche-K-768x471.webp 768w, https:\/\/keepfitnutrition.ch\/wp-content\/uploads\/2025\/11\/Collagen-OstroVit-90Tabs-Fiche-K-600x368.webp 600w\" sizes=\"auto, (max-width: 800px) 100vw, 800px\" \/><\/h4>\n<h4><strong>Warum eine Kollagenerg\u00e4nzung?<\/strong><\/h4>\n<p><strong>Ab dem 25. Lebensjahr nimmt die Qualit\u00e4t und Quantit\u00e4t des vom K\u00f6rper produzierten Kollagens langsam ab. Nach dem 40. Lebensjahr sinkt die Kollagensynthese um 1 % pro Jahr, und im Alter von etwa 80 Jahren kann der Kollagenanteil im K\u00f6rper im Vergleich zu einem jungen Erwachsenen um 75 % reduziert sein *2,3*. Dieser physiologische Abbau h\u00e4ngt eng mit dem Alter, genetischen Faktoren oder auch Umweltfaktoren* wie Sonneneinstrahlung, Umweltverschmutzung, durch unsachgem\u00e4sse sportliche Bet\u00e4tigung verursachten freien Radikalen, ungesunder Ern\u00e4hrung, Tabak, Alkohol und Krankheiten* zusammen.<\/strong><\/p>\n<p><strong>Kollagen wird vom K\u00f6rper auf nat\u00fcrliche Weise produziert und ist das faserige Strukturprotein, aus dem die weissen Fasern der Haut, Haare, Knorpel, Muskeln, Sehnen und Knochen bestehen. Im K\u00f6rper sorgen Kollagenfasern f\u00fcr den Zusammenhalt, die Elastizit\u00e4t und die Regeneration des organischen Gewebes. Eine nat\u00fcrliche Kollagensynthese ist f\u00fcr die Beweglichkeit, die Geschmeidigkeit der Gelenke und die Jugendlichkeit der Haut unerl\u00e4sslich. Wenn die Kollagenproduktion abnimmt, sind alle Knorpelgewebe des K\u00f6rpers davon betroffen.<\/strong><\/p>\n<h4><span style=\"color: #d0121a;\"><strong>Anwendungsempfehlung: <\/strong><\/span><\/h4>\n<p><span style=\"color: #d0121a;\"><strong>Nehmen Sie 2 mal t\u00e4glich 3 Tabletten mit einem Glas Wasser zwischen den Mahlzeiten oder abends vor dem Schlafengehen ein.<\/strong><\/span><\/p>\n<h4><strong>N\u00e4hrwertangaben<\/strong><strong>:<\/strong><\/h4>\n<p><strong>1 Tablette enth\u00e4lt 1000 mg hydrolysiertes Rinderkollagen.<\/strong><\/p>\n<h4><strong>Zutaten<\/strong><strong>:<\/strong><\/h4>\n<p><strong>Hydrolysiertes Rinderkollagen, F\u00fcllstoffe: Calciumphosphat, mikrokristalline Cellulose, Trennmittel: Magnesiumsalze von Fetts\u00e4uren, Siliciumdioxid.<\/strong><\/p>\n<p><strong>Hergestellt in einer Fabrik, die Zutaten aus Milch (einschliesslich Laktose), Soja, Erdn\u00fcssen, anderen N\u00fcssen, Sesam, glutenhaltigem Getreide, Eiern, Krustentieren und Fisch verwendet.<\/strong><\/p>\n<h4><strong>Warnhinweis<\/strong><strong>:<\/strong><\/h4>\n<p><strong>Ausserhalb der Reichweite von Kindern aufbewahren.<\/strong><\/p>\n<p><strong>Nicht f\u00fcr schwangere Frauen geeignet, sofern nicht anders angegeben.<\/strong><\/p>\n<p><strong>Vor Feuchtigkeit gesch\u00fctzt an einem k\u00fchlen, trockenen Ort aufbewahren.<\/strong><\/p>\n<p><strong>Ersetzt keine abwechslungsreiche Ern\u00e4hrung und eine gesunde Lebensweise.<\/strong><\/p>\n<p><strong>Fragen Sie Ihren Arzt um Rat, bevor Sie dieses Produkt einnehmen, wenn Sie unter gesundheitlichen Problemen leiden.<\/strong><\/p>\n","protected":false},"excerpt":{"rendered":"<h5><strong>Rinderkollagen 90 Tabletten OstroVit.<\/strong><\/h5>\n<p><strong>Nutrikosmetik ist die nat\u00fcrliche Weiterentwicklung der Kosmetik; ihre Wirkung ist tiefergehend, umfassender und nachhaltiger. Die meisten unserer Zellen haben das Potenzial, sich innerhalb von 4 bis 6 Wochen zu regenerieren. Daher ist es m\u00f6glich, durch Ern\u00e4hrung daf\u00fcr zu sorgen, dass sie sich zu 100 % ihres Potenzials erneuern.<\/strong><\/p>\n<p><strong>Eine nat\u00fcrliche Kollagensynthese ist f\u00fcr die Beweglichkeit, die Geschmeidigkeit der Gelenke und die Jugendlichkeit der Haut unerl\u00e4sslich.<\/strong><\/p>\n<p><strong>3 Tabletten *3 g*\/Tag\/1 Monat oder 6 Tabletten *6 g*\/Tag\/15 Tage.<\/strong><\/p>\n","protected":false},"featured_media":44219,"comment_status":"open","ping_status":"closed","template":"","meta":[],"product_cat":[1762,1768,1798],"product_tag":[2990],"class_list":{"0":"post-44217","1":"product","2":"type-product","3":"status-publish","4":"has-post-thumbnail","6":"product_cat-sporternaehrung","7":"product_cat-gesundheit-diaet","8":"product_cat-ostrovit-de","9":"product_tag-ostrovit-de","11":"first","12":"instock","13":"taxable","14":"shipping-taxable","15":"purchasable","16":"product-type-simple"},"tiered_pricing_type":"fixed","tiered_pricing_fixed_rules":[],"tiered_pricing_product_settings":{"layout":"default","base_unit_name":{"singular":null,"plural":null},"default_variation":null},"tiered_pricing_minimum_quantity":null,"tiered_pricing_roles_data":[],"tiered_pricing_percentage_rules":[],"_links":{"self":[{"href":"https:\/\/keepfitnutrition.ch\/de\/wp-json\/wp\/v2\/product\/44217","targetHints":{"allow":["GET"]}}],"collection":[{"href":"https:\/\/keepfitnutrition.ch\/de\/wp-json\/wp\/v2\/product"}],"about":[{"href":"https:\/\/keepfitnutrition.ch\/de\/wp-json\/wp\/v2\/types\/product"}],"replies":[{"embeddable":true,"href":"https:\/\/keepfitnutrition.ch\/de\/wp-json\/wp\/v2\/comments?post=44217"}],"wp:featuredmedia":[{"embeddable":true,"href":"https:\/\/keepfitnutrition.ch\/de\/wp-json\/wp\/v2\/media\/44219"}],"wp:attachment":[{"href":"https:\/\/keepfitnutrition.ch\/de\/wp-json\/wp\/v2\/media?parent=44217"}],"wp:term":[{"taxonomy":"product_cat","embeddable":true,"href":"https:\/\/keepfitnutrition.ch\/de\/wp-json\/wp\/v2\/product_cat?post=44217"},{"taxonomy":"product_tag","embeddable":true,"href":"https:\/\/keepfitnutrition.ch\/de\/wp-json\/wp\/v2\/product_tag?post=44217"}],"curies":[{"name":"wp","href":"https:\/\/api.w.org\/{rel}","templated":true}]}}