{"id":44112,"date":"2025-11-03T16:56:24","date_gmt":"2025-11-03T16:56:24","guid":{"rendered":"https:\/\/keepfitnutrition.ch\/?post_type=product&#038;p=44112"},"modified":"2025-11-25T13:04:40","modified_gmt":"2025-11-25T13:04:40","slug":"pure-taurine-ostrovit-supreme","status":"publish","type":"product","link":"https:\/\/keepfitnutrition.ch\/de\/produkt\/pure-taurine-ostrovit-supreme\/","title":{"rendered":"PURE TAURINE OSTROVIT"},"content":{"rendered":"<h3 style=\"text-align: center;\"><strong>Supreme Pure Taurine Pulver 300 g von OstroVit.<\/strong><\/h3>\n<p><img loading=\"lazy\" decoding=\"async\" class=\"alignnone size-full wp-image-44115 aligncenter\" src=\"https:\/\/keepfitnutrition.ch\/wp-content\/uploads\/2025\/11\/Taurine-Ostrovit-Banner-K.webp\" alt=\"\" width=\"700\" height=\"278\" srcset=\"https:\/\/keepfitnutrition.ch\/wp-content\/uploads\/2025\/11\/Taurine-Ostrovit-Banner-K.webp 700w, https:\/\/keepfitnutrition.ch\/wp-content\/uploads\/2025\/11\/Taurine-Ostrovit-Banner-K-600x238.webp 600w\" sizes=\"auto, (max-width: 700px) 100vw, 700px\" \/><\/p>\n<p><img loading=\"lazy\" decoding=\"async\" class=\"alignnone size-full wp-image-44117 aligncenter\" src=\"https:\/\/keepfitnutrition.ch\/wp-content\/uploads\/2025\/11\/Taurine-Ostrovit-Fiche.K.webp\" alt=\"\" width=\"800\" height=\"468\" srcset=\"https:\/\/keepfitnutrition.ch\/wp-content\/uploads\/2025\/11\/Taurine-Ostrovit-Fiche.K.webp 800w, https:\/\/keepfitnutrition.ch\/wp-content\/uploads\/2025\/11\/Taurine-Ostrovit-Fiche.K-768x449.webp 768w, https:\/\/keepfitnutrition.ch\/wp-content\/uploads\/2025\/11\/Taurine-Ostrovit-Fiche.K-600x351.webp 600w\" sizes=\"auto, (max-width: 800px) 100vw, 800px\" \/><\/p>\n<p><strong>Taurinpulver hat mehrere Anwendungsbereiche, darunter als Nahrungserg\u00e4nzungsmittel f\u00fcr die Gesundheit von Muskeln und Herz, zur Verbesserung der k\u00f6rperlichen Leistungsf\u00e4higkeit und zur Erholung nach dem Training. Es wird auch in Energy-Drinks verwendet, um die Energie anzuregen, und kann eine beruhigende Wirkung auf das Nervensystem haben, wodurch es hilft, Stress und Schlaf zu regulieren. <\/strong><\/p>\n<p><strong>Als GABA-Rezeptoragonist verbessert es die Funktion unseres Gehirns. Bessere Konzentration und besseres Ged\u00e4chtnis.<\/strong><\/p>\n<p><strong>Durch die Einnahme von Taurinpr\u00e4paraten k\u00f6nnen Sie Muskelabbau und den Abbau von Muskelproteinen verhindern.<\/strong><\/p>\n<h4><strong>Taurin ist eine wertvolle Quelle f\u00fcr eine essentielle Verbindung<\/strong><\/h4>\n<p><strong>Taurin kommt in gr\u00f6sseren Mengen im Herzmuskel sowie in den Skelettmuskeln, im Gehirn, in der Netzhaut und in den Blutpl\u00e4ttchen vor. Der K\u00f6rper kann es aus den schwefelhaltigen Aminos\u00e4uren Cystein und Methionin synthetisieren, aber seine endogene Produktion reicht nicht aus, um seinen Bedarf zu decken.<\/strong><\/p>\n<p><strong>Es wird daher empfohlen, dem K\u00f6rper zus\u00e4tzlich zur Nahrungsaufnahme Taurin \u00fcber die Ern\u00e4hrung zuzuf\u00fchren. Es ist insbesondere in Fisch, Meeresfr\u00fcchten, getrockneten Algen, Fleisch oder auch in Form von Nahrungserg\u00e4nzungsmitteln enthalten.<\/strong><\/p>\n<p><strong>Taurinquelle: Eine Portion dieses Nahrungserg\u00e4nzungsmittels versorgt den K\u00f6rper mit 3000 mg dieses wertvollen Stoffes.<\/strong><\/p>\n<p><strong>Einfache Zusammensetzung: Das Pr\u00e4parat enth\u00e4lt nur einen einzigen Wirkstoff, ohne unn\u00f6tige Zusatzstoffe oder F\u00fcllstoffe.<\/strong><\/p>\n<p><strong>1 Portion = \u00bd Messl\u00f6ffel = 3 g des Produkts .<\/strong><\/p>\n<p><strong>Wirksamkeit: Die Packung enth\u00e4lt 100 Portionen des Nahrungserg\u00e4nzungsmittels.<\/strong><\/p>\n<h4><strong><span style=\"color: #d0121a;\">Anwendungsempfehlung:<\/span><\/strong><\/h4>\n<p><span style=\"color: #d0121a;\"><strong>Nehmen Sie 1\/2 Messl\u00f6ffel *3g* in 1dl bis 1.5dl Wasser oder Fruchtsaft ein. An Traininggstagen nehmen Sie 1 Portion 15 Minuten vor dem Training ein.<\/strong><\/span><\/p>\n<h4><strong>Zutaten:<\/strong><\/h4>\n<p><strong>100 % Taurin<\/strong><\/p>\n<h4><strong>N\u00e4hrwertangaben:<\/strong><\/h4>\n<p><strong>1\/2 Dosis *1 Portion 3 g* = 3000 mg Taurin<\/strong><\/p>\n<p><strong>Hergestellt in einer Fabrik, die Zutaten aus Milch *einschliesslich Laktose*, Soja, Erdn\u00fcssen, anderen N\u00fcssen, Sesam, glutenhaltigem Getreide, Eiern, Krustentieren und Fisch verwendet.<\/strong><\/p>\n<h4><strong>Warnhinweis<\/strong><\/h4>\n<p><strong>Ausserhalb der Reichweite von kleinen Kindern aufbewahren.<\/strong><\/p>\n<p><strong>Nahrungserg\u00e4nzungsmittel nicht empfohlen f\u00fcr Kinder, schwangere und stillende Frauen.<\/strong><\/p>\n<p><strong>Vor Feuchtigkeit gesch\u00fctzt an einem k\u00fchlen, trockenen Ort aufbewahren.<\/strong><\/p>\n<p><strong>Die empfohlene Tagesdosis darf nicht \u00fcberschritten werden.<\/strong><\/p>\n<p><strong>Im Rahmen einer gesunden Lebensweise und einer abwechslungsreichen, ausgewogenen Ern\u00e4hrung zu verzehren.<\/strong><\/p>\n","protected":false},"excerpt":{"rendered":"<h5><strong>Supreme Pure Taurine Pulver 300 g von OstroVit.<\/strong><\/h5>\n<p><strong>Die Einnahme von Taurinpr\u00e4paraten beugt Muskelabbau und dem Abbau von Muskelproteinen vor.<\/strong><\/p>\n","protected":false},"featured_media":44111,"comment_status":"open","ping_status":"closed","template":"","meta":[],"product_cat":[1762,1768,1772,1798],"product_tag":[2990],"class_list":{"0":"post-44112","1":"product","2":"type-product","3":"status-publish","4":"has-post-thumbnail","6":"product_cat-sporternaehrung","7":"product_cat-gesundheit-diaet","8":"product_cat-100-eaa-bcaa-de","9":"product_cat-ostrovit-de","10":"product_tag-ostrovit-de","12":"first","13":"instock","14":"taxable","15":"shipping-taxable","16":"purchasable","17":"product-type-simple"},"tiered_pricing_type":"fixed","tiered_pricing_fixed_rules":[],"tiered_pricing_product_settings":{"layout":"default","base_unit_name":{"singular":null,"plural":null},"default_variation":null},"tiered_pricing_minimum_quantity":null,"tiered_pricing_roles_data":[],"tiered_pricing_percentage_rules":[],"_links":{"self":[{"href":"https:\/\/keepfitnutrition.ch\/de\/wp-json\/wp\/v2\/product\/44112","targetHints":{"allow":["GET"]}}],"collection":[{"href":"https:\/\/keepfitnutrition.ch\/de\/wp-json\/wp\/v2\/product"}],"about":[{"href":"https:\/\/keepfitnutrition.ch\/de\/wp-json\/wp\/v2\/types\/product"}],"replies":[{"embeddable":true,"href":"https:\/\/keepfitnutrition.ch\/de\/wp-json\/wp\/v2\/comments?post=44112"}],"wp:featuredmedia":[{"embeddable":true,"href":"https:\/\/keepfitnutrition.ch\/de\/wp-json\/wp\/v2\/media\/44111"}],"wp:attachment":[{"href":"https:\/\/keepfitnutrition.ch\/de\/wp-json\/wp\/v2\/media?parent=44112"}],"wp:term":[{"taxonomy":"product_cat","embeddable":true,"href":"https:\/\/keepfitnutrition.ch\/de\/wp-json\/wp\/v2\/product_cat?post=44112"},{"taxonomy":"product_tag","embeddable":true,"href":"https:\/\/keepfitnutrition.ch\/de\/wp-json\/wp\/v2\/product_tag?post=44112"}],"curies":[{"name":"wp","href":"https:\/\/api.w.org\/{rel}","templated":true}]}}