{"id":44076,"date":"2025-11-01T11:18:18","date_gmt":"2025-11-01T11:18:18","guid":{"rendered":"https:\/\/keepfitnutrition.ch\/?post_type=product&#038;p=44076"},"modified":"2025-11-25T09:23:56","modified_gmt":"2025-11-25T09:23:56","slug":"peanut-butter-pulver-pb2","status":"publish","type":"product","link":"https:\/\/keepfitnutrition.ch\/de\/produkt\/peanut-butter-pulver-pb2\/","title":{"rendered":"PEANUT BUTTER PULVER"},"content":{"rendered":"<h3 style=\"text-align: center;\"><strong>Erdnussbutterpulver 184 g PB2.<\/strong><\/h3>\n<p><img loading=\"lazy\" decoding=\"async\" class=\"alignnone size-full wp-image-44081 aligncenter\" src=\"https:\/\/keepfitnutrition.ch\/wp-content\/uploads\/2025\/11\/Peanut-Butter-poudre-185g.webp\" alt=\"\" width=\"224\" height=\"500\" \/><\/p>\n<p><img loading=\"lazy\" decoding=\"async\" class=\"alignnone size-full wp-image-44079 aligncenter\" src=\"https:\/\/keepfitnutrition.ch\/wp-content\/uploads\/2025\/11\/Peanut-Butter-poudre-184g-fiche-K.webp\" alt=\"\" width=\"800\" height=\"493\" srcset=\"https:\/\/keepfitnutrition.ch\/wp-content\/uploads\/2025\/11\/Peanut-Butter-poudre-184g-fiche-K.webp 800w, https:\/\/keepfitnutrition.ch\/wp-content\/uploads\/2025\/11\/Peanut-Butter-poudre-184g-fiche-K-768x473.webp 768w, https:\/\/keepfitnutrition.ch\/wp-content\/uploads\/2025\/11\/Peanut-Butter-poudre-184g-fiche-K-600x370.webp 600w\" sizes=\"auto, (max-width: 800px) 100vw, 800px\" \/><\/p>\n<p><strong>Dieses Erdnussbutterpulver ist das Trendprodukt, das alle lieben. Es handelt sich um ein Erdnussbutterpulver der Marke PB2, das aus frisch ger\u00f6steten und gepressten Erdn\u00fcssen hergestellt wird, um den gr\u00f6ssten Teil des \u00d6ls zu entfernen.<\/strong><\/p>\n<p><strong>Ob in deinem Proteinshaker, deinem Smoothie oder beim Kochen, du beh\u00e4ltst den k\u00f6stlichen Geschmack der Erdnussbutter, den wir alle so lieben.<\/strong><\/p>\n<p><strong>Perfekt f\u00fcr deine Ern\u00e4hrung, enth\u00e4lt es nur 1,5 g Fett pro Portion, fast 70 % weniger Kalorien als herk\u00f6mmliche Erdnussbutter und 90 % weniger Fett. Ausserdem enth\u00e4lt sie 6 g pflanzliches Eiweiss pro Portion.<\/strong><\/p>\n<p><strong>Wenn du also deine Naschlust ohne schlechtes Gewissen stillen m\u00f6chtest, dich aber w\u00e4hrend deiner Di\u00e4t auch gesund ern\u00e4hren musst, ist das mit dieser k\u00f6stlichen Erdnussbutter, die deine Gel\u00fcste stillt, ganz einfach m\u00f6glich!<\/strong><\/p>\n<h4><span style=\"color: #d0121a;\"><strong>Verwendungsempfehlung <\/strong><\/span><\/h4>\n<p><span style=\"color: #d0121a;\"><strong>Dieses k\u00f6stliche Erdnussbutterpulver kann zu jeder Tageszeit genossen werden.<\/strong><\/span><\/p>\n<h4><strong>Vorteile:<\/strong><\/h4>\n<p><strong>Ohne Zusatzstoffe<\/strong><\/p>\n<p><strong>100 % nat\u00fcrliche Zutaten<\/strong><\/p>\n<p><strong>85 % weniger Kalorien aus Fett als herk\u00f6mmliche Erdnussbutter<\/strong><\/p>\n<p><strong>Reich an Proteinen.<\/strong><\/p>\n<h4><strong>Zutaten:<\/strong><\/h4>\n<p><strong>Ger\u00f6stete Erdn\u00fcsse, Zucker, Salz.<\/strong><\/p>\n<h4><strong>Allergene:<\/strong><\/h4>\n<p><strong>Hergestellt in einer Fabrik, die Eier, Milcheiweiss, Gluten, Erdn\u00fcsse, N\u00fcsse und Soja verarbeitet.<\/strong><\/p>\n<h4><strong>Warnhinweis<\/strong><\/h4>\n<p><strong>Ersetzt keine abwechslungsreiche Ern\u00e4hrung und gesunde Lebensweise.<\/strong><\/p>\n<p><strong>Ausserhalb der Reichweite von Kindern aufbewahren.<\/strong><\/p>\n<p><strong>Vor Feuchtigkeit gesch\u00fctzt an einem k\u00fchlen, trockenen Ort lagern.<\/strong><\/p>\n","protected":false},"excerpt":{"rendered":"<h5><strong>Erdnussbutter 184 g PB2 von Bell Plantation.<\/strong><\/h5>\n<p><strong>Die k\u00f6stliche Erdnussbutter in Pulverform PB2 l\u00e4sst sich einfach mit Wasser mischen, auf Brot streichen oder zum Kochen verwenden.<\/strong><\/p>\n<p><strong>Sie ist perfekt f\u00fcr Ihre Ern\u00e4hrung, enth\u00e4lt nur 1,5 g Fett pro Portion, fast 70 % weniger Kalorien als herk\u00f6mmliche Erdnussbutter und 90 % weniger Fett. Ausserdem enth\u00e4lt sie 6 g pflanzliches Eiweiss pro Portion.<\/strong><\/p>\n<p><strong>Enth\u00e4lt 184 g \u2013 14 Portionen \u00e0 13 g.<\/strong><\/p>\n","protected":false},"featured_media":44075,"comment_status":"open","ping_status":"closed","template":"","meta":[],"product_cat":[1762,1768],"product_tag":[3041,3042],"class_list":{"0":"post-44076","1":"product","2":"type-product","3":"status-publish","4":"has-post-thumbnail","6":"product_cat-sporternaehrung","7":"product_cat-gesundheit-diaet","8":"product_tag-pb2-de","9":"product_tag-peanut-butter-de","11":"first","12":"instock","13":"taxable","14":"shipping-taxable","15":"purchasable","16":"product-type-simple"},"tiered_pricing_type":"fixed","tiered_pricing_fixed_rules":[],"tiered_pricing_product_settings":{"layout":"default","base_unit_name":{"singular":null,"plural":null},"default_variation":null},"tiered_pricing_minimum_quantity":null,"tiered_pricing_roles_data":[],"tiered_pricing_percentage_rules":[],"_links":{"self":[{"href":"https:\/\/keepfitnutrition.ch\/de\/wp-json\/wp\/v2\/product\/44076","targetHints":{"allow":["GET"]}}],"collection":[{"href":"https:\/\/keepfitnutrition.ch\/de\/wp-json\/wp\/v2\/product"}],"about":[{"href":"https:\/\/keepfitnutrition.ch\/de\/wp-json\/wp\/v2\/types\/product"}],"replies":[{"embeddable":true,"href":"https:\/\/keepfitnutrition.ch\/de\/wp-json\/wp\/v2\/comments?post=44076"}],"wp:featuredmedia":[{"embeddable":true,"href":"https:\/\/keepfitnutrition.ch\/de\/wp-json\/wp\/v2\/media\/44075"}],"wp:attachment":[{"href":"https:\/\/keepfitnutrition.ch\/de\/wp-json\/wp\/v2\/media?parent=44076"}],"wp:term":[{"taxonomy":"product_cat","embeddable":true,"href":"https:\/\/keepfitnutrition.ch\/de\/wp-json\/wp\/v2\/product_cat?post=44076"},{"taxonomy":"product_tag","embeddable":true,"href":"https:\/\/keepfitnutrition.ch\/de\/wp-json\/wp\/v2\/product_tag?post=44076"}],"curies":[{"name":"wp","href":"https:\/\/api.w.org\/{rel}","templated":true}]}}