{"id":44044,"date":"2025-10-28T13:24:06","date_gmt":"2025-10-28T13:24:06","guid":{"rendered":"https:\/\/keepfitnutrition.ch\/?post_type=product&#038;p=44044"},"modified":"2026-03-17T17:20:13","modified_gmt":"2026-03-17T17:20:13","slug":"peanut-butter-ostrovit","status":"publish","type":"product","link":"https:\/\/keepfitnutrition.ch\/de\/produkt\/peanut-butter-ostrovit\/","title":{"rendered":"ERDNUSSBUTTER 1000G."},"content":{"rendered":"<h3 style=\"text-align: center;\"><strong>100% Peanut Butter 1kg von OstroVit.<\/strong><\/h3>\n<p><img loading=\"lazy\" decoding=\"async\" class=\"alignnone size-medium wp-image-44047 aligncenter\" src=\"https:\/\/keepfitnutrition.ch\/wp-content\/uploads\/2025\/10\/PEANUT-BUTTER-OstroVit-1kg-banniere-800x312.webp\" alt=\"\" width=\"800\" height=\"312\" srcset=\"https:\/\/keepfitnutrition.ch\/wp-content\/uploads\/2025\/10\/PEANUT-BUTTER-OstroVit-1kg-banniere-800x312.webp 800w, https:\/\/keepfitnutrition.ch\/wp-content\/uploads\/2025\/10\/PEANUT-BUTTER-OstroVit-1kg-banniere-768x300.webp 768w, https:\/\/keepfitnutrition.ch\/wp-content\/uploads\/2025\/10\/PEANUT-BUTTER-OstroVit-1kg-banniere-600x234.webp 600w, https:\/\/keepfitnutrition.ch\/wp-content\/uploads\/2025\/10\/PEANUT-BUTTER-OstroVit-1kg-banniere.webp 922w\" sizes=\"auto, (max-width: 800px) 100vw, 800px\" \/><\/p>\n<h5><img loading=\"lazy\" decoding=\"async\" class=\"alignnone size-full wp-image-44049 aligncenter\" src=\"https:\/\/keepfitnutrition.ch\/wp-content\/uploads\/2025\/10\/PEANUT-BUTTER-OstroVit-Fiche-K.webp\" alt=\"\" width=\"800\" height=\"463\" srcset=\"https:\/\/keepfitnutrition.ch\/wp-content\/uploads\/2025\/10\/PEANUT-BUTTER-OstroVit-Fiche-K.webp 800w, https:\/\/keepfitnutrition.ch\/wp-content\/uploads\/2025\/10\/PEANUT-BUTTER-OstroVit-Fiche-K-768x444.webp 768w, https:\/\/keepfitnutrition.ch\/wp-content\/uploads\/2025\/10\/PEANUT-BUTTER-OstroVit-Fiche-K-600x347.webp 600w\" sizes=\"auto, (max-width: 800px) 100vw, 800px\" \/><\/h5>\n<p><strong>Die Erdnussbutter von OstroVit ist ein aussergew\u00f6hnliches und einzigartiges Produkt, das f\u00fcr anspruchsvolle Feinschmecker, figurbewusste Menschen, Sportler und alle entwickelt wurde, die auf einen \u00fcberm\u00e4ssigen Salz- und Zuckerkonsum in ihrer Ern\u00e4hrung achten. Der intensive und k\u00f6stliche Geschmack der Erdn\u00fcsse passt ideal zu s\u00fcssen und herzhaften Gerichten. Als echtes Konzentrat aus Fetts\u00e4uren, Proteinen und wertvollen Mineralien garantiert sie Ihnen einen intensiven Geschmack, vollkommene Zufriedenheit und optimale Qualit\u00e4t.<\/strong><\/p>\n<p><strong>Die Erdnussbutter 100 % von OstroVit wird zu 100 % aus Erdn\u00fcssen hergestellt. Sie ist frei von Salz, Zucker und Palm\u00f6l. Erdn\u00fcsse, auch Erdn\u00fcsse genannt, unterscheiden sich von anderen N\u00fcssen durch ihren h\u00f6chsten Proteingehalt. Alle OstroVit-Produkte stehen f\u00fcr Qualit\u00e4t und Liebe zum Detail. Nach dem Mahlen werden die Produkte bei niedrigen Temperaturen gelagert, wodurch die essentiellen Fetts\u00e4uren Omega 3, 6 und 9 erhalten bleiben. <\/strong><\/p>\n<h4><strong>Eigenschaften:<\/strong><\/h4>\n<p><strong>Eine Quelle leicht verdaulicher Proteine.<\/strong><\/p>\n<p><strong>Reich an gesunden einfach und mehrfach unges\u00e4ttigten Fetten.<\/strong><\/p>\n<p><strong>Ideal f\u00fcr k\u00f6rperlich aktive Menschen mit erh\u00f6htem Kalorienbedarf.<\/strong><\/p>\n<p><strong>Hervorragende Quelle f\u00fcr Mikro- und Makron\u00e4hrstoffe f\u00fcr Veganer und Vegetarier.<\/strong><\/p>\n<p><strong>Hervorragende Mineralstoffbasis.<\/strong><\/p>\n<h4><strong>Zutaten:<\/strong><\/h4>\n<p><strong>100% ger\u00f6stete Erdn\u00fcsse.<\/strong><\/p>\n<h4><span style=\"color: #d0121a;\"><strong> Verzehrempfehlung: <\/strong><\/span><\/h4>\n<p><span style=\"color: #d0121a;\"><strong>Diese k\u00f6stliche, 100% nat\u00fcrliche Erdnussbutter kann als Brotaufstrich oder einfach als leckerer Snack genossen werden.<\/strong><\/span><\/p>\n<h4><strong>N\u00e4hrwertangaben pro 100G:<\/strong><\/h4>\n<p><strong>637 Kalorien \u2013 52 g Fett, davon 7 g ges\u00e4ttigte Fetts\u00e4uren \u2013 9,6 g Kohlenhydrate, davon 4,4 g Zucker \u2013 29 g Eiweiss.<\/strong><\/p>\n<h4><strong>Allergene:<\/strong><\/h4>\n<p><strong>Enth\u00e4lt Erdn\u00fcsse, andere N\u00fcsse, Sesam, Sojabohnen, Gluten, Krustentiere und Eier, die ebenfalls in der Produktionsst\u00e4tte verarbeitet werden.<\/strong><\/p>\n<h4><strong>Warnhinweis<\/strong><\/h4>\n<p><strong>Ersetzt keine abwechslungsreiche Ern\u00e4hrung und gesunde Lebensweise.<\/strong><\/p>\n<p><strong>Ausserhalb der Reichweite von Kindern aufbewahren.<\/strong><\/p>\n<p><strong>Vor Feuchtigkeit gesch\u00fctzt an einem k\u00fchlen, trockenen Ort lagern.<\/strong><\/p>\n<p><strong>Nicht f\u00fcr schwangere oder stillende Frauen geeignet, sofern nicht anders angegeben.<\/strong><\/p>\n<h4><strong>Details zu den gesundheitsbezogenen Angaben:<\/strong><\/h4>\n<p><strong>Proteine tragen zur Erhaltung oder zum Aufbau von Muskelmasse bei.<\/strong><\/p>\n<p><strong>Kohlenhydrate tragen zur Wiederherstellung einer normalen Muskelfunktion *Kontraktion* nach sehr intensiver und l\u00e4ngerer k\u00f6rperlicher Anstrengung bei, die zu Muskelerm\u00fcdung und einer Verringerung der Glykogenspeicher im Muskel f\u00fchrt.<\/strong><\/p>\n<p>&nbsp;<\/p>\n<p>&nbsp;<\/p>\n","protected":false},"excerpt":{"rendered":"<h5><strong>Erdnussbutter 1 kg von OstroVit<\/strong><\/h5>\n<p><strong>Die Erdnussbutter besteht zu 100 % aus ger\u00f6steten Erdn\u00fcssen mit einem hohen Proteingehalt.<\/strong><\/p>\n<p><strong>Ohne Zusatz von Salz und Zucker<\/strong><\/p>\n<p><strong>Ohne Palm\u00f6l<\/strong><\/p>\n<p><strong>Hoher Proteingehalt 29%<\/strong><\/p>\n<p><strong>Vegan <\/strong><\/p>\n","protected":false},"featured_media":44051,"comment_status":"open","ping_status":"closed","template":"","meta":[],"product_cat":[1762,1768,1798,1784],"product_tag":[2990,3042],"class_list":{"0":"post-44044","1":"product","2":"type-product","3":"status-publish","4":"has-post-thumbnail","6":"product_cat-sporternaehrung","7":"product_cat-gesundheit-diaet","8":"product_cat-ostrovit-de","9":"product_cat-vegan-de","10":"product_tag-ostrovit-de","11":"product_tag-peanut-butter-de","12":"pa_aromes-crunchy-de-de","13":"pa_aromes-smooth-2","15":"first","16":"instock","17":"taxable","18":"shipping-taxable","19":"purchasable","20":"product-type-variable","21":"has-default-attributes"},"tiered_pricing_type":"fixed","tiered_pricing_fixed_rules":[],"tiered_pricing_product_settings":{"layout":"default","base_unit_name":{"singular":null,"plural":null},"default_variation":null},"tiered_pricing_minimum_quantity":null,"tiered_pricing_roles_data":[],"tiered_pricing_percentage_rules":[],"_links":{"self":[{"href":"https:\/\/keepfitnutrition.ch\/de\/wp-json\/wp\/v2\/product\/44044","targetHints":{"allow":["GET"]}}],"collection":[{"href":"https:\/\/keepfitnutrition.ch\/de\/wp-json\/wp\/v2\/product"}],"about":[{"href":"https:\/\/keepfitnutrition.ch\/de\/wp-json\/wp\/v2\/types\/product"}],"replies":[{"embeddable":true,"href":"https:\/\/keepfitnutrition.ch\/de\/wp-json\/wp\/v2\/comments?post=44044"}],"wp:featuredmedia":[{"embeddable":true,"href":"https:\/\/keepfitnutrition.ch\/de\/wp-json\/wp\/v2\/media\/44051"}],"wp:attachment":[{"href":"https:\/\/keepfitnutrition.ch\/de\/wp-json\/wp\/v2\/media?parent=44044"}],"wp:term":[{"taxonomy":"product_cat","embeddable":true,"href":"https:\/\/keepfitnutrition.ch\/de\/wp-json\/wp\/v2\/product_cat?post=44044"},{"taxonomy":"product_tag","embeddable":true,"href":"https:\/\/keepfitnutrition.ch\/de\/wp-json\/wp\/v2\/product_tag?post=44044"}],"curies":[{"name":"wp","href":"https:\/\/api.w.org\/{rel}","templated":true}]}}