{"id":43942,"date":"2024-08-19T14:34:00","date_gmt":"2024-08-19T14:34:00","guid":{"rendered":"https:\/\/keepfitnutrition.ch\/?post_type=product&#038;p=43942"},"modified":"2026-02-17T16:53:38","modified_gmt":"2026-02-17T16:53:38","slug":"kollagen-pro-peak","status":"publish","type":"product","link":"https:\/\/keepfitnutrition.ch\/de\/produkt\/kollagen-pro-peak\/","title":{"rendered":"COLLAGEN PRO\u00ae"},"content":{"rendered":"<h3 style=\"text-align: center;\"><strong>Kollagen Pro Rinderkollagen 540 g natur Peak.<\/strong><\/h3>\n<p style=\"text-align: center;\"><img loading=\"lazy\" decoding=\"async\" class=\"alignnone size-full wp-image-44017\" src=\"https:\/\/keepfitnutrition.ch\/wp-content\/uploads\/2025\/10\/Collagen-Pro-Description-A-K-OK.webp\" alt=\"\" width=\"623\" height=\"504\" srcset=\"https:\/\/keepfitnutrition.ch\/wp-content\/uploads\/2025\/10\/Collagen-Pro-Description-A-K-OK.webp 623w, https:\/\/keepfitnutrition.ch\/wp-content\/uploads\/2025\/10\/Collagen-Pro-Description-A-K-OK-600x485.webp 600w\" sizes=\"auto, (max-width: 623px) 100vw, 623px\" \/><\/p>\n<p><img loading=\"lazy\" decoding=\"async\" class=\"alignnone size-full wp-image-43896 aligncenter\" src=\"https:\/\/keepfitnutrition.ch\/wp-content\/uploads\/2024\/08\/Collagen-Pro-Nature-Peak-Marketing-III-Description-K.webp\" alt=\"\" width=\"623\" height=\"350\" srcset=\"https:\/\/keepfitnutrition.ch\/wp-content\/uploads\/2024\/08\/Collagen-Pro-Nature-Peak-Marketing-III-Description-K.webp 623w, https:\/\/keepfitnutrition.ch\/wp-content\/uploads\/2024\/08\/Collagen-Pro-Nature-Peak-Marketing-III-Description-K-600x337.webp 600w\" sizes=\"auto, (max-width: 623px) 100vw, 623px\" \/><\/p>\n<h3 style=\"text-align: center;\"><strong>Fortigel\u00ae, Tendoforte\u00ae und Bodybalance\u00ae. <\/strong><\/h3>\n<p><strong>Collagen Pro\u00ae ist ein Nahrungserg\u00e4nzungsmittel auf Basis von hydrolysierten Rinderkollagenpeptiden und Vitamin C. Es besteht aus drei verschiedenen Arten von Kollagenpeptiden: Fortigel\u00ae, Tendoforte\u00ae und Bodybalance\u00ae. Diese Kombination liefert alle Arten von Kollagen *I, II und III* und wirkt gezielt auf die verschiedenen Gewebe, die aus diesem Protein bestehen, n\u00e4mlich Sehnen, B\u00e4nder, Gelenke sowie N\u00e4gel, Haare und Muskeln. Das zugesetzte Vitamin C ist f\u00fcr die Kollagensynthese unerl\u00e4sslich, da es eine Vorstufe im Biosyntheseprozess des Kollagens ist.<\/strong><\/p>\n<h4><strong>Collagen Pro\u00ae von Peak: eine konzentrierte und hochwirksame Formel.<\/strong><\/h4>\n<p><strong>Collagen Pro\u00ae ist ein hochwertiges Nahrungserg\u00e4nzungsmittel, das nur 4 Inhaltsstoffe enth\u00e4lt, von denen 3 zertifiziert sind: Fortigel\u00ae, Tendoforte\u00ae und Bodybalance\u00ae, die alle aus den Bioactive Collagen Peptides\u00ae stammen, die von Gelita, dem weltweit f\u00fchrenden Anbieter von bioaktivem Kollagen, entwickelt wurden.<\/strong><\/p>\n<h4><strong>Fortigel\u00ae: f\u00fcr den Knorpel.<\/strong><\/h4>\n<p><strong>Fortigel\u00ae f\u00f6rdert die Gesundheit der Gelenke. Es enth\u00e4lt eine Mischung spezifischer Peptide, die die Chondrozyten stimulieren, also die Zellen, die f\u00fcr die Knorpelsynthese verantwortlich sind. Seine Wirksamkeit wurde durch zahlreiche wissenschaftliche Studien best\u00e4tigt. Es f\u00f6rdert die Regeneration des Knorpels und hilft, alters- oder k\u00f6rperlich bedingte Gelenkbeschwerden zu lindern.<\/strong><\/p>\n<h4><strong>Tendoforte\u00ae: f\u00fcr Sehnen und B\u00e4nder.<\/strong><\/h4>\n<p><strong>Tendoforte\u00ae wurde entwickelt, um die Gesundheit von Sehnen und B\u00e4ndern zu verbessern. Es st\u00e4rkt deren Struktur, verringert das Verletzungsrisiko und beschleunigt die Erholung nach dem Training. Seine Wirksamkeit ist nachgewiesen, insbesondere in Verbindung mit regelm\u00e4ssiger k\u00f6rperlicher Aktivit\u00e4t.<\/strong><\/p>\n<h4><strong>Bodybalance\u00ae: f\u00fcr die K\u00f6rperzusammensetzung.<\/strong><\/h4>\n<p><strong>Bodybalance\u00ae wirkt auf die fettfreie Masse (Muskeln, Knochen, Bindegewebe, K\u00f6rperwasser) und hilft, die Fettmasse zu reduzieren. In Synergie mit dem Training f\u00f6rdert es eine bessere Muskelkraft und eine optimierte K\u00f6rperzusammensetzung. Es wird auch hinsichtlich seiner Auswirkungen auf die Beweglichkeit und Spannkraft untersucht, selbst bei gesunden Menschen.<\/strong><\/p>\n<h4><strong>Vitamin C: unverzichtbarer Cofaktor.<\/strong><\/h4>\n<p><strong>Collagen Pro\u00ae enth\u00e4lt ausserdem Vitamin C, das f\u00fcr die Kollagensynthese unerl\u00e4sslich ist. Es aktiviert zwei wichtige Enzyme, die die Hydroxylierung von Prolin und Lysin erm\u00f6glichen, welche f\u00fcr die Bildung stabiler und funktionsf\u00e4higer Kollagenfasern notwendig sind.<\/strong><\/p>\n<h4><strong>Die grundlegende Rolle von Kollagen im K\u00f6rper.<\/strong><\/h4>\n<p><strong>Kollagen ist das am h\u00e4ufigsten vorkommendes Protein im menschlichen K\u00f6rper und macht etwa 30 % unserer gesamten Proteine aus. Es kommt in Haut, Knochen, Knorpeln, Sehnen, B\u00e4ndern und Haaren vor. Es sorgt f\u00fcr den Zusammenhalt, die Geschmeidigkeit, die Elastizit\u00e4t und die Festigkeit des Gewebes.<br \/>\nMit zunehmendem Alter nimmt die Kollagensynthese ab, was zu einer fortschreitenden Verschlechterung des Gewebes f\u00fchrt: Faltenbildung, Verlust der Hautfestigkeit, Gelenkschw\u00e4che, Abnahme der Knochendichte usw. Eine gezielte Nahrungserg\u00e4nzung kann diese Auswirkungen verlangsamen und die strukturellen Funktionen des K\u00f6rpers unterst\u00fctzen.<\/strong><\/p>\n<h4><strong>Auswirkungen auf die Haut.<\/strong><\/h4>\n<p><strong>Kollagenfasern unterst\u00fctzen die Elastizit\u00e4t und Feuchtigkeitsversorgung der Haut. Sie stabilisieren Elastin und Hyalurons\u00e4ure. Studien haben gezeigt, dass eine Nahrungserg\u00e4nzung mit Kollagenpeptiden die Hautfeuchtigkeit erh\u00f6ht, die Faserdichte st\u00e4rkt und die Fragmentierung des Kollagens in der Dermis verringert, was zu einer strafferen, glatteren und widerstandsf\u00e4higeren Haut beitr\u00e4gt.<\/strong><\/p>\n<h4><strong>Auswirkungen auf die Knochen<\/strong><\/h4>\n<p><strong>Kollagenpeptide stimulieren die Osteoblasten *knochenbildende Zellen*, ohne die Osteoklasten *knochenabbauende Zellen* zu beeintr\u00e4chtigen. Dies unterst\u00fctzt die Knochenerneuerung, erh\u00e4lt die Mineraldichte und verbessert die Knochenfestigkeit.<\/strong><\/p>\n<h4><strong>Auswirkungen auf den Knorpel<\/strong><\/h4>\n<p><strong>Eine Studie des Collagen Research Institute (CRI) hat gezeigt, dass Kollagenpeptide die Aktivit\u00e4t der Chondrozyten stimulieren, die Produktion von Aggrecan (ein f\u00fcr die Flexibilit\u00e4t des Knorpels essenzielles Proteoglykan) erh\u00f6hen und die Regeneration der Knorpelmatrix f\u00f6rdern, wodurch alters- oder sportbedingte Gelenkschmerzen und -steifheit reduziert werden.<\/strong><\/p>\n<h4><strong>Weitere Vorteile<\/strong><\/h4>\n<p><strong>Kollagen ist auch f\u00fcr die Gesundheit von Haaren und N\u00e4geln wichtig. Die Peptide f\u00f6rdern die Produktion von Keratin, einem Strukturprotein, das f\u00fcr das Wachstum und die Festigkeit dieser Gewebe entscheidend ist.<\/strong><\/p>\n<h4><span style=\"color: #d0121a;\"><strong>Anwendungsempfehlung:<\/strong><\/span><\/h4>\n<p><span style=\"color: #d0121a;\"><strong> Geben Sie 1.5 dl Fruchtsaft oder Wasser mit 1 Messl\u00f6ffel *13.5 g* Kollagen in einen Shaker oder ein Glas und sch\u00fctteln Sie es guit duch. Nehmen Sie es vorzugsweise abends vor dem Schlafengehen oder morgens auf n\u00fcchternen Magen ein.<\/strong><\/span><\/p>\n<h4><strong>Zutaten<\/strong><strong>:<\/strong><\/h4>\n<p><strong>Hydrolysiertes Kollagen *99,9 %* *Rind*, L-Ascorbins\u00e4ure.<\/strong><\/p>\n<h4><strong>N\u00e4hrwertangaben pro 100 g:<\/strong><\/h4>\n<p><strong>365 Kalorien \u2013 0,2 g Fett \u2013 0,2 g Kohlenhydrate \u2013 91 g Eiwei\u00df \u2013 0,0 g Salz.<\/strong><\/p>\n<h4><strong>Warnhinweis<\/strong><strong>:<\/strong><\/h4>\n<p><strong>Ausserhalb der Reichweite von Kindern aufbewahren.<\/strong><\/p>\n<p><strong>Nicht f\u00fcr schwangere Frauen geeignet, sofern nicht anders angegeben.<\/strong><\/p>\n<p><strong>Vor Feuchtigkeit gesch\u00fctzt an einem k\u00fchlen, trockenen Ort aufbewahren.<\/strong><\/p>\n<p><strong>Im Rahmen einer gesunden Lebensweise und einer abwechslungsreichen, ausgewogenen Ern\u00e4hrung verzehren.<\/strong><\/p>\n","protected":false},"excerpt":{"rendered":"<h5><strong>Kollagen Pro Rinderkollagen 540 g natur Peak.<\/strong><\/h5>\n<p><strong>St\u00e4rkt Gelenke und Knochen.<\/strong><\/p>\n<p><strong>Unterst\u00fctzt die Muskelregeneration.<\/strong><\/p>\n<p><strong>F\u00f6rdert die Gesundheit von Haaren und N\u00e4geln.<\/strong><\/p>\n<p><strong>Straffere und strahlendere Haut.<\/strong><\/p>\n<p><strong>540 g &#8211; 40 Tage &#8211; 1.24 CHF\/Tag.<\/strong><\/p>\n","protected":false},"featured_media":43941,"comment_status":"open","ping_status":"closed","template":"","meta":[],"product_cat":[1762,1768],"product_tag":[3071],"class_list":{"0":"post-43942","1":"product","2":"type-product","3":"status-publish","4":"has-post-thumbnail","6":"product_cat-sporternaehrung","7":"product_cat-gesundheit-diaet","8":"product_tag-peak-de","10":"first","11":"instock","12":"taxable","13":"shipping-taxable","14":"purchasable","15":"product-type-simple"},"tiered_pricing_type":"fixed","tiered_pricing_fixed_rules":[],"tiered_pricing_product_settings":{"layout":"default","base_unit_name":{"singular":null,"plural":null},"default_variation":null},"tiered_pricing_minimum_quantity":null,"tiered_pricing_roles_data":[],"tiered_pricing_percentage_rules":[],"_links":{"self":[{"href":"https:\/\/keepfitnutrition.ch\/de\/wp-json\/wp\/v2\/product\/43942","targetHints":{"allow":["GET"]}}],"collection":[{"href":"https:\/\/keepfitnutrition.ch\/de\/wp-json\/wp\/v2\/product"}],"about":[{"href":"https:\/\/keepfitnutrition.ch\/de\/wp-json\/wp\/v2\/types\/product"}],"replies":[{"embeddable":true,"href":"https:\/\/keepfitnutrition.ch\/de\/wp-json\/wp\/v2\/comments?post=43942"}],"wp:featuredmedia":[{"embeddable":true,"href":"https:\/\/keepfitnutrition.ch\/de\/wp-json\/wp\/v2\/media\/43941"}],"wp:attachment":[{"href":"https:\/\/keepfitnutrition.ch\/de\/wp-json\/wp\/v2\/media?parent=43942"}],"wp:term":[{"taxonomy":"product_cat","embeddable":true,"href":"https:\/\/keepfitnutrition.ch\/de\/wp-json\/wp\/v2\/product_cat?post=43942"},{"taxonomy":"product_tag","embeddable":true,"href":"https:\/\/keepfitnutrition.ch\/de\/wp-json\/wp\/v2\/product_tag?post=43942"}],"curies":[{"name":"wp","href":"https:\/\/api.w.org\/{rel}","templated":true}]}}