{"id":43930,"date":"2025-10-13T13:01:02","date_gmt":"2025-10-13T13:01:02","guid":{"rendered":"https:\/\/keepfitnutrition.ch\/?post_type=product&#038;p=43930"},"modified":"2026-04-13T16:15:39","modified_gmt":"2026-04-13T16:15:39","slug":"haferpulver-instant","status":"publish","type":"product","link":"https:\/\/keepfitnutrition.ch\/de\/produkt\/haferpulver-instant\/","title":{"rendered":"HAFERPULVER INSTANT"},"content":{"rendered":"<h3 style=\"text-align: center;\"><strong>Zec+ Instant Haferflockenpulver 5KG.<\/strong><img loading=\"lazy\" decoding=\"async\" class=\"alignnone size-full wp-image-43933 aligncenter\" src=\"https:\/\/keepfitnutrition.ch\/wp-content\/uploads\/2025\/10\/Poudre-avoine-5kg-Zec-Fiche-Description-K.webp\" alt=\"\" width=\"800\" height=\"608\" srcset=\"https:\/\/keepfitnutrition.ch\/wp-content\/uploads\/2025\/10\/Poudre-avoine-5kg-Zec-Fiche-Description-K.webp 800w, https:\/\/keepfitnutrition.ch\/wp-content\/uploads\/2025\/10\/Poudre-avoine-5kg-Zec-Fiche-Description-K-768x584.webp 768w, https:\/\/keepfitnutrition.ch\/wp-content\/uploads\/2025\/10\/Poudre-avoine-5kg-Zec-Fiche-Description-K-600x456.webp 600w\" sizes=\"auto, (max-width: 800px) 100vw, 800px\" \/><\/h3>\n<p><strong>Das Hafermehl von Zec+ ist ein hochwertiges Sportern\u00e4hrungsprodukt, ideal f\u00fcr eine gesunde Ern\u00e4hrung. Hergestellt aus reinem Hafer, ist dieses Pulver eine ausgezeichnete Quelle f\u00fcr komplexe Kohlenhydrate und pflanzliches Eiweiss. Es hat einen neutralen Geschmack und kann vielseitig in verschiedenen Rezepten verwendet werden, von Smoothies bis hin zu Backwaren. Mit seinem hohen Ballaststoffgehalt unterst\u00fctzt Hafermehl die Verdauung und sorgt f\u00fcr ein langanhaltendes S\u00e4ttigungsgef\u00fchl. Die sorgf\u00e4ltige Herstellung in Deutschland\u00a0 garantiert eine hohe Qualit\u00e4t und Reinheit des Produkts. Hafermehl ist eine ausgezeichnete Wahl f\u00fcr Sportler und gesundheitsbewusste Menschen, die ihre Ern\u00e4hrung mit einem n\u00e4hrstoffreichen Superfood bereichern m\u00f6chten.<\/strong><\/p>\n<h4><span style=\"color: #d0121a;\"><strong>Anwendungsempfehlungen: <\/strong><\/span><\/h4>\n<p><span style=\"color: #d0121a;\"><strong>Je nach Ihrem Ziel und Ihrer t\u00e4glichen Kalorienzufuhr mischen Sie 30 bis 100G oder mehr Haferflockenpulver mit Ihrem Lieblings-Molkenprotein oder -Isolat unmittelbar nach dem Sport oder zum Fr\u00fchst\u00fcck und\/oder als Snack oder beim Kochen Ihrer Lieblingsrezepte.<\/strong><\/span><\/p>\n<h4><strong>Zutaten <\/strong><\/h4>\n<p><strong>100 % Vollkornhafermehl.<\/strong><\/p>\n<h4><strong>N\u00e4hrwerte pro 100G:<\/strong><\/h4>\n<p><strong>377 Kalorien \u2013 70 g Kohlenhydrate, davon 1.2 g Zucker \u2013 5.1 g Fett, davon 1 g ges\u00e4ttigte Fetts\u00e4uren \u2013 11 g Eiwei\u00df \u2013 4.1 g Ballaststoffe. <\/strong><\/p>\n<h4><strong>Vorsichtsmassnahmen<\/strong><\/h4>\n<p><strong>Ausserhalb der Reichweite von Kindern aufbewahren.<\/strong><\/p>\n<p><strong>Vor Feuchtigkeit gesch\u00fctzt an einem k\u00fchlen, trockenen Ort lagern.<\/strong><\/p>\n<p><strong>Im Rahmen einer gesunden Lebensweise und einer abwechslungsreichen, ausgewogenen Ern\u00e4hrung verzehren.<\/strong><\/p>\n<p>&nbsp;<\/p>\n","protected":false},"excerpt":{"rendered":"<h5><strong>Zec+ Instant Haferflockenpulver 5 KG.<\/strong><\/h5>\n<p><strong>Haferflocken sind zwar vor allem als Fr\u00fchst\u00fccksnahrung bekannt, eignen sich aber ebenso ideal f\u00fcr die Sportern\u00e4hrung.<br \/>\nSie sind reich an komplexen Kohlenhydraten und zuckerarm und eignen sich daher perfekt f\u00fcr Proteinshakes. <\/strong><\/p>\n<p><strong>Keine Kl\u00fcmpchen im Shaker <\/strong><\/p>\n<p><strong>Neutrales Aroma &#8211; 100 bis 166 Portionen.<\/strong><\/p>\n","protected":false},"featured_media":43929,"comment_status":"open","ping_status":"closed","template":"","meta":[],"product_cat":[1762,1766],"product_tag":[3028],"class_list":{"0":"post-43930","1":"product","2":"type-product","3":"status-publish","4":"has-post-thumbnail","6":"product_cat-sporternaehrung","7":"product_cat-suesskartoffel-haferflocken","8":"product_tag-zec-de","10":"first","11":"instock","12":"taxable","13":"shipping-taxable","14":"purchasable","15":"product-type-simple"},"tiered_pricing_type":"fixed","tiered_pricing_fixed_rules":[],"tiered_pricing_product_settings":{"layout":"default","base_unit_name":{"singular":null,"plural":null},"default_variation":null},"tiered_pricing_minimum_quantity":null,"tiered_pricing_roles_data":[],"tiered_pricing_percentage_rules":[],"_links":{"self":[{"href":"https:\/\/keepfitnutrition.ch\/de\/wp-json\/wp\/v2\/product\/43930","targetHints":{"allow":["GET"]}}],"collection":[{"href":"https:\/\/keepfitnutrition.ch\/de\/wp-json\/wp\/v2\/product"}],"about":[{"href":"https:\/\/keepfitnutrition.ch\/de\/wp-json\/wp\/v2\/types\/product"}],"replies":[{"embeddable":true,"href":"https:\/\/keepfitnutrition.ch\/de\/wp-json\/wp\/v2\/comments?post=43930"}],"wp:featuredmedia":[{"embeddable":true,"href":"https:\/\/keepfitnutrition.ch\/de\/wp-json\/wp\/v2\/media\/43929"}],"wp:attachment":[{"href":"https:\/\/keepfitnutrition.ch\/de\/wp-json\/wp\/v2\/media?parent=43930"}],"wp:term":[{"taxonomy":"product_cat","embeddable":true,"href":"https:\/\/keepfitnutrition.ch\/de\/wp-json\/wp\/v2\/product_cat?post=43930"},{"taxonomy":"product_tag","embeddable":true,"href":"https:\/\/keepfitnutrition.ch\/de\/wp-json\/wp\/v2\/product_tag?post=43930"}],"curies":[{"name":"wp","href":"https:\/\/api.w.org\/{rel}","templated":true}]}}