{"id":43839,"date":"2025-09-30T13:26:05","date_gmt":"2025-09-30T13:26:05","guid":{"rendered":"https:\/\/keepfitnutrition.ch\/?post_type=product&#038;p=43839"},"modified":"2026-03-28T16:26:16","modified_gmt":"2026-03-28T16:26:16","slug":"maximum-krea-genic-pulver","status":"publish","type":"product","link":"https:\/\/keepfitnutrition.ch\/de\/produkt\/maximum-krea-genic-pulver\/","title":{"rendered":"MAXIMUM KREA-GENIC\u00ae PULVER"},"content":{"rendered":"<h3 style=\"text-align: center;\"><strong>MAXIMUM Krea-Genic Pulver 554G. Weider.<\/strong><img loading=\"lazy\" decoding=\"async\" class=\"alignnone size-full wp-image-43836 aligncenter\" src=\"https:\/\/keepfitnutrition.ch\/wp-content\/uploads\/2025\/09\/KREA-GENIC-WEIDER-554G-Fiche.-K.webp\" alt=\"\" width=\"800\" height=\"578\" srcset=\"https:\/\/keepfitnutrition.ch\/wp-content\/uploads\/2025\/09\/KREA-GENIC-WEIDER-554G-Fiche.-K.webp 800w, https:\/\/keepfitnutrition.ch\/wp-content\/uploads\/2025\/09\/KREA-GENIC-WEIDER-554G-Fiche.-K-768x555.webp 768w, https:\/\/keepfitnutrition.ch\/wp-content\/uploads\/2025\/09\/KREA-GENIC-WEIDER-554G-Fiche.-K-600x434.webp 600w\" sizes=\"auto, (max-width: 800px) 100vw, 800px\" \/><\/h3>\n<h4 style=\"text-align: center;\"><strong>Nahrungserg\u00e4nzungsmittel mit hochwertigem Kreatin und einer einzigartigen Formel mit doppeltem Puffer, Taurin und Beta-Alanin.<\/strong><\/h4>\n<p><strong>1 Portion *7,9 g* enth\u00e4lt 3431 mg Kreatinmonohydrat, 1823 mg Taurin und 1215 mg Beta-Alanin.<\/strong><\/p>\n<p><strong>F\u00fcr mehr Intensit\u00e4t beim Training.<\/strong><\/p>\n<p><strong>Kraftzuwachs.<\/strong><\/p>\n<p><strong>100 % reine Kreatinform.<\/strong><\/p>\n<p><strong>Funktioniert ohne Aufladephase.<\/strong><\/p>\n<p><strong>Hervorragende Absorptions- und Verwertungsf\u00e4higkeit.<\/strong><\/p>\n<p><strong>Angereichert mit Beta-Alanin und Taurin.<\/strong><\/p>\n<p><strong>Optimale Muskelregeneration.<\/strong><\/p>\n<p><strong>Steigert deine Kraft beim Training im Rahmen einer kurzfristigen intensiven k\u00f6rperlichen Aktivit\u00e4t.<\/strong><\/p>\n<p><strong>Maximum Krea-Genic\u00ae ist seit vielen Jahren ein absoluter Geheimtipp! Kreatin ist zweifellos das am besten untersuchte Nahrungserg\u00e4nzungsmittel auf dem Markt. Mit ihrer einzigartigen Doppelpufferformel setzt dieses Krea-Genic\u00ae-Pulver neue Massst\u00e4be in Sachen Wirksamkeit und Qualit\u00e4t. Eine t\u00e4gliche Portion von 7,9 g Krea-Genic\u00ae steigert Ihre Kraftleistung bei intensiver k\u00f6rperlicher Aktivit\u00e4t.<\/strong><\/p>\n<p><strong>Weider Maximum Krea-Genic\u00ae ist ein Kreatin der neuen Generation, das von denselben Herstellern produziert wird, die auch den Creapure\u00ae-Standard auf den Markt gebracht haben. Es handelt sich um ein doppelt gepuffertes Kreatin, das heisst, es ist nicht nur in der sauren Umgebung des Magens, sondern auch im Blutkreislauf stabil, wodurch sichergestellt wird, dass die maximale Menge an Kreatin die Muskelzellen intakt und einsatzbereit erreicht. Explosive Kraft, intensive Liegest\u00fctze und extreme Ausdauer sind mit Krea-Genic\u00ae in greifbarer N\u00e4he.<\/strong><\/p>\n<h4><span style=\"color: #000000;\"><strong style=\"color: #d0121a;\">Anwendungsempfehlung: <\/strong><\/span><\/h4>\n<p><span style=\"color: #000000;\"><strong style=\"color: #d0121a;\">Nehmen Sie an Trainingstagen 1 Portion *7.9g* mit 2dl Wasser oder Ihrem bevorzugten Molkenisolat unmittelbar nach dem Training ein.<\/strong><\/span><\/p>\n<h4><strong>Warnhinweis<\/strong><\/h4>\n<p><strong>Nahrungserg\u00e4nzungsmittel sollten im Rahmen einer gesunden Lebensweise verwendet werden und nicht als Ersatz f\u00fcr eine abwechslungsreiche und ausgewogene Ern\u00e4hrung dienen.<\/strong><\/p>\n<p><strong>Die empfohlene Tagesdosis darf nicht \u00fcberschritten werden.<\/strong><\/p>\n<p><strong>Ausserhalb der Reichweite von kleinen Kindern aufbewahren.<\/strong><\/p>\n<p><strong>Dieses Nahrungserg\u00e4nzungsmittel darf nicht von Kindern eingenommen werden.<\/strong><\/p>\n<p><strong>Nahrungserg\u00e4nzungsmittel nicht f\u00fcr schwangere Frauen empfohlen.<\/strong><\/p>\n","protected":false},"excerpt":{"rendered":"<h5><strong>MAXIMUM Krea-Genic Pulver 554G. Weider.<\/strong><\/h5>\n<p><strong>Das Pulver Maximum Krea-Genic\u00ae enth\u00e4lt hochwertiges Kreatin in Kombination mit reinem Taurin und Beta-Alanin.<\/strong><\/p>\n<p><strong>Kreatin ist eine ergogene Substanz, die beim Krafttraining zum Aufbau von Kraft und Muskelwachstum beitr\u00e4gt.<\/strong><\/p>\n<p><strong>1 Dose enth\u00e4lt 554 g f\u00fcr 70 Trainingseinheiten.<\/strong><\/p>\n","protected":false},"featured_media":43834,"comment_status":"open","ping_status":"closed","template":"","meta":[],"product_cat":[1762,1778,1780],"product_tag":[3022,3004],"class_list":{"0":"post-43839","1":"product","2":"type-product","3":"status-publish","4":"has-post-thumbnail","6":"product_cat-sporternaehrung","7":"product_cat-kraft","8":"product_cat-glutamin-kreatin","9":"product_tag-krea-genic-de","10":"product_tag-weider-de","12":"first","13":"instock","14":"taxable","15":"shipping-taxable","16":"purchasable","17":"product-type-simple"},"tiered_pricing_type":"fixed","tiered_pricing_fixed_rules":[],"tiered_pricing_product_settings":{"layout":"default","base_unit_name":{"singular":null,"plural":null},"default_variation":null},"tiered_pricing_minimum_quantity":null,"tiered_pricing_roles_data":[],"tiered_pricing_percentage_rules":[],"_links":{"self":[{"href":"https:\/\/keepfitnutrition.ch\/de\/wp-json\/wp\/v2\/product\/43839","targetHints":{"allow":["GET"]}}],"collection":[{"href":"https:\/\/keepfitnutrition.ch\/de\/wp-json\/wp\/v2\/product"}],"about":[{"href":"https:\/\/keepfitnutrition.ch\/de\/wp-json\/wp\/v2\/types\/product"}],"replies":[{"embeddable":true,"href":"https:\/\/keepfitnutrition.ch\/de\/wp-json\/wp\/v2\/comments?post=43839"}],"wp:featuredmedia":[{"embeddable":true,"href":"https:\/\/keepfitnutrition.ch\/de\/wp-json\/wp\/v2\/media\/43834"}],"wp:attachment":[{"href":"https:\/\/keepfitnutrition.ch\/de\/wp-json\/wp\/v2\/media?parent=43839"}],"wp:term":[{"taxonomy":"product_cat","embeddable":true,"href":"https:\/\/keepfitnutrition.ch\/de\/wp-json\/wp\/v2\/product_cat?post=43839"},{"taxonomy":"product_tag","embeddable":true,"href":"https:\/\/keepfitnutrition.ch\/de\/wp-json\/wp\/v2\/product_tag?post=43839"}],"curies":[{"name":"wp","href":"https:\/\/api.w.org\/{rel}","templated":true}]}}