{"id":43800,"date":"2025-09-04T11:39:49","date_gmt":"2025-09-04T11:39:49","guid":{"rendered":"https:\/\/keepfitnutrition.ch\/?post_type=product&#038;p=43800"},"modified":"2025-10-05T11:19:41","modified_gmt":"2025-10-05T11:19:41","slug":"elektrolyt-90-tabs-ostrovit","status":"publish","type":"product","link":"https:\/\/keepfitnutrition.ch\/de\/produkt\/elektrolyt-90-tabs-ostrovit\/","title":{"rendered":"ELEKTROLYT 90 TABLETTEN OSTROVIT"},"content":{"rendered":"<h3 style=\"text-align: center;\"><strong>Elektrolyt 90 Tabletten von OstroVit<\/strong><strong>.<\/strong><img loading=\"lazy\" decoding=\"async\" class=\"alignnone size-medium wp-image-43803 aligncenter\" src=\"https:\/\/keepfitnutrition.ch\/wp-content\/uploads\/2025\/09\/Electrolytes-Ostrovit-Marketing-800x312.webp\" alt=\"\" width=\"800\" height=\"312\" srcset=\"https:\/\/keepfitnutrition.ch\/wp-content\/uploads\/2025\/09\/Electrolytes-Ostrovit-Marketing-800x312.webp 800w, https:\/\/keepfitnutrition.ch\/wp-content\/uploads\/2025\/09\/Electrolytes-Ostrovit-Marketing-768x300.webp 768w, https:\/\/keepfitnutrition.ch\/wp-content\/uploads\/2025\/09\/Electrolytes-Ostrovit-Marketing-600x234.webp 600w, https:\/\/keepfitnutrition.ch\/wp-content\/uploads\/2025\/09\/Electrolytes-Ostrovit-Marketing.webp 922w\" sizes=\"auto, (max-width: 800px) 100vw, 800px\" \/><\/h3>\n<h4><strong>Elektrolyt enth\u00e4lt f\u00fcnf wichtige Elektrolyte:<\/strong><\/h4>\n<p><strong>Kalium, Kalzium, Magnesium, Natrium und Chlor, was es zu einer idealen Wahl f\u00fcr Sportler oder Menschen macht, die diese wichtigen N\u00e4hrstoffe aufgrund von k\u00f6rperlicher Anstrengung, Erbrechen oder \u00fcberm\u00e4ssigem Schwitzen schnell verlieren.<\/strong><\/p>\n<p><strong>Diese Inhaltsstoffe f\u00f6rdern die Muskelfunktion, beugen Kr\u00e4mpfen vor und tragen zu einer angemessenen Erholung nach dem Training bei. Zu den Vorteilen geh\u00f6ren:<\/strong><\/p>\n<ul>\n<li><strong>Verringerung der M\u00fcdigkeit<\/strong><\/li>\n<li><strong>Unterst\u00fctzung des Energiestoffwechsels<\/strong><\/li>\n<li><strong>Wiederherstellung des Fl\u00fcssigkeits- und Mineralstoffgleichgewichts im K\u00f6rper<\/strong><\/li>\n<\/ul>\n<p><strong>Electrolyte ist eine sichere und praktische Option f\u00fcr alle, die ihr Wohlbefinden und ihre t\u00e4gliche Leistungsf\u00e4higkeit optimieren m\u00f6chten. <\/strong><\/p>\n<h4><strong><span style=\"color: #d0121a;\">\u00a0Anwendungsempfehlung: <\/span><\/strong><\/h4>\n<p><strong><span style=\"color: #d0121a;\">Nehmen Sie 3 Tabletten t\u00e4glich mit einem Glas Wasser ein, vorzugsweise nach dem Training oder tags\u00fcber, wenn Sie Fl\u00fcssigkeit zu sich nehmen m\u00fcssen.<\/span><\/strong><\/p>\n<h4><strong>N\u00e4hrwertangaben pro Portion von 3 Tabletten:<\/strong><\/h4>\n<p><strong>300 mg Kalium \u2013 185 mg Kalzium \u2013 150 mg Magnesium \u2013 208 mg Natrium \u2013 321 mg Chlor.<\/strong><\/p>\n<h4><strong>Zutaten:<\/strong><\/h4>\n<p><strong>Kaliumcitrat (Kalium), F\u00fcllstoff: mikrokristalline Cellulose; Magnesiumcarbonat (Magnesium), Natriumchlorid (Natrium, Chlor), Calciumcarbonat (Calcium), St\u00e4rke, Trennmittel: Siliciumdioxid.<\/strong><\/p>\n<p><strong>Das Produkt kann Milch (einschliesslich Laktose), Soja, Erdn\u00fcsse, andere N\u00fcsse, Sesam, glutenhaltiges Getreide, Eier, Krebstiere und Fisch enthalten.<\/strong><\/p>\n<h4><strong>Warnhinweis:<\/strong><\/h4>\n<p><strong>Nahrungserg\u00e4nzungsmittel sollten im Rahmen einer gesunden Lebensweise verwendet werden und nicht als Ersatz f\u00fcr eine abwechslungsreiche und ausgewogene Ern\u00e4hrung dienen.<\/strong><\/p>\n<p><strong>Die empfohlene Tagesdosis darf nicht \u00fcberschritten werden.<\/strong><\/p>\n<p><strong>Ausserhalb der Reichweite von kleinen Kindern aufbewahren.<\/strong><\/p>\n<p><strong>Nicht f\u00fcr schwangere und stillende Frauen geeignet, sofern vom Arzt nicht anders empfohlen.<\/strong><\/p>\n","protected":false},"excerpt":{"rendered":"<h5><strong>Elektrolyt 90 Tabletten von OstroVit<\/strong><strong>.<\/strong><\/h5>\n<p><strong>Elektrolyt OstroVit ist ein Nahrungserg\u00e4nzungsmittel, das entwickelt wurde, um den Wasser- und Mineralstoffhaushalt w\u00e4hrend k\u00f6rperlicher Aktivit\u00e4t oder bei Fl\u00fcssigkeitsverlust aufrechtzuerhalten. Seine fortschrittliche Formel erm\u00f6glicht einen schnellen Ausgleich der durch Schweiss und intensive k\u00f6rperliche Anstrengung verlorenen essenziellen Elektrolyte.<\/strong><\/p>\n","protected":false},"featured_media":43799,"comment_status":"open","ping_status":"closed","template":"","meta":[],"product_cat":[1762,1768,1798],"product_tag":[2990],"class_list":{"0":"post-43800","1":"product","2":"type-product","3":"status-publish","4":"has-post-thumbnail","6":"product_cat-sporternaehrung","7":"product_cat-gesundheit-diaet","8":"product_cat-ostrovit-de","9":"product_tag-ostrovit-de","11":"first","12":"instock","13":"taxable","14":"shipping-taxable","15":"purchasable","16":"product-type-simple"},"tiered_pricing_type":"fixed","tiered_pricing_fixed_rules":[],"tiered_pricing_product_settings":{"layout":"default","base_unit_name":{"singular":null,"plural":null},"default_variation":null},"tiered_pricing_minimum_quantity":null,"tiered_pricing_roles_data":[],"tiered_pricing_percentage_rules":[],"_links":{"self":[{"href":"https:\/\/keepfitnutrition.ch\/de\/wp-json\/wp\/v2\/product\/43800","targetHints":{"allow":["GET"]}}],"collection":[{"href":"https:\/\/keepfitnutrition.ch\/de\/wp-json\/wp\/v2\/product"}],"about":[{"href":"https:\/\/keepfitnutrition.ch\/de\/wp-json\/wp\/v2\/types\/product"}],"replies":[{"embeddable":true,"href":"https:\/\/keepfitnutrition.ch\/de\/wp-json\/wp\/v2\/comments?post=43800"}],"wp:featuredmedia":[{"embeddable":true,"href":"https:\/\/keepfitnutrition.ch\/de\/wp-json\/wp\/v2\/media\/43799"}],"wp:attachment":[{"href":"https:\/\/keepfitnutrition.ch\/de\/wp-json\/wp\/v2\/media?parent=43800"}],"wp:term":[{"taxonomy":"product_cat","embeddable":true,"href":"https:\/\/keepfitnutrition.ch\/de\/wp-json\/wp\/v2\/product_cat?post=43800"},{"taxonomy":"product_tag","embeddable":true,"href":"https:\/\/keepfitnutrition.ch\/de\/wp-json\/wp\/v2\/product_tag?post=43800"}],"curies":[{"name":"wp","href":"https:\/\/api.w.org\/{rel}","templated":true}]}}