{"id":43733,"date":"2024-05-14T13:12:07","date_gmt":"2024-05-14T13:12:07","guid":{"rendered":"https:\/\/keepfitnutrition.ch\/?post_type=product&#038;p=43733"},"modified":"2026-02-24T16:07:23","modified_gmt":"2026-02-24T16:07:23","slug":"vitamin-c-1000mg-90tabs-ostrovit","status":"publish","type":"product","link":"https:\/\/keepfitnutrition.ch\/de\/produkt\/vitamin-c-1000mg-90tabs-ostrovit\/","title":{"rendered":"VITAMIN C 90 TABLETTEN"},"content":{"rendered":"<h3 style=\"text-align: center;\"><strong>Vitamin C, ein Klassiker im Alltag und in der Ern\u00e4hrung.<\/strong><\/h3>\n<p><strong>Vitamin C oder Ascorbins\u00e4ure ist ein Vitamin, das an wesentlichen Funktionen f\u00fcr die Gesundheit des K\u00f6rpers beteiligt ist. Dieses wasserl\u00f6sliche Vitamin wird von Wissenschaftlern als eines der st\u00e4rksten nat\u00fcrlichen Antioxidantien angesehen.<\/strong><\/p>\n<p><strong>Obwohl Vitamin C nat\u00fcrlicherweise in Lebensmitteln enthalten ist, macht die sinkende N\u00e4hrstoffqualit\u00e4t von Obst die Einnahme in Form von Nahrungserg\u00e4nzungsmitteln interessant.<\/strong><\/p>\n<h4><strong>Empfohlene Verwendung in der Europ\u00e4ischen Union:<\/strong><\/h4>\n<p><strong>Nehmen Sie t\u00e4glich 1 Portion *1 Kapsel* ein.<\/strong><\/p>\n<h4><strong>Empfohlene Verwendung in der Schweiz:<\/strong><\/h4>\n<p><strong>Nehmen Sie t\u00e4glich eine halbe Portion 500 mg *1\/2 Kapsel* ein.<\/strong><\/p>\n<h4><span style=\"color: #d0121a;\"><strong>Anwendungsempfehlung: <\/strong><\/span><\/h4>\n<p><span style=\"color: #d0121a;\"><strong>Nehmen Sie t\u00e4glich eine halbe Tablette 500mg mit einem Glas Wasser ein, vorzugsweise morgens.<\/strong><\/span><\/p>\n<p><strong>Insbesondere f\u00fcr Sportler erm\u00f6glicht Vitamin C die Synthese von L-Carnitin. Es spielt eine wichtige Rolle bei Muskelkontraktionen w\u00e4hrend langer und intensiver Anstrengungen. Es erm\u00f6glicht auch den Transport von Fetts\u00e4uren zu deren Abbau und Umwandlung in Energie.<\/strong><\/p>\n<h4><strong>Zutaten:<\/strong><\/h4>\n<p><strong>L-Ascorbins\u00e4ure *Vitamin C*, F\u00fcllstoff: mikrokristalline Cellulose; St\u00e4rke, Trennmittel: Siliciumdioxid.<\/strong><\/p>\n<h4><strong>Warnhinweis<\/strong><\/h4>\n<p><strong>Nahrungserg\u00e4nzungsmittel sollten im Rahmen einer gesunden Lebensweise verwendet werden und nicht als Ersatz f\u00fcr eine abwechslungsreiche und ausgewogene Ern\u00e4hrung dienen.<\/strong><\/p>\n<p><strong>Die empfohlene Tagesdosis darf nicht \u00fcberschritten werden.<\/strong><\/p>\n<p><strong>Ausserhalb der Reichweite von kleinen Kindern aufbewahren.<\/strong><\/p>\n<p><strong>Nicht empfohlen f\u00fcr schwangere und stillende Frauen, sofern vom Arzt nicht anders verordnet.<\/strong><\/p>\n<p><strong>Die Anwendung bei Personen mit Niereninsuffizienz wird nicht empfohlen.<\/strong><\/p>\n<h4 data-hveid=\"CAEIAhAA\" data-complete=\"true\" data-processed=\"true\"><strong class=\"Yjhzub\" data-complete=\"true\">Die Einzelheiten Gesundheitsbezogene Angaben:<\/strong><\/h4>\n<div class=\"Y3BBE\" data-sfc-cp=\"\" data-hveid=\"CAEIAhAA\" data-complete=\"true\" data-processed=\"true\"><strong class=\"Yjhzub\" data-complete=\"true\" data-processed=\"true\">Vitamin C tr\u00e4gt zur Verringerung von M\u00fcdigkeit und Erm\u00fcdung bei<\/strong><\/div>\n<div data-sfc-cp=\"\" data-hveid=\"CAEIAhAA\" data-complete=\"true\" data-processed=\"true\"><\/div>\n<div class=\"Y3BBE\" data-sfc-cp=\"\" data-hveid=\"CAEIAxAA\" data-complete=\"true\" data-processed=\"true\"><strong class=\"Yjhzub\" data-complete=\"true\" data-processed=\"true\">Vitamin C tr\u00e4gt zu einer normalen Funktion des Immunsystems bei<\/strong><\/div>\n<div data-sfc-cp=\"\" data-hveid=\"CAEIBBAA\" data-complete=\"true\" data-processed=\"true\"><\/div>\n<div class=\"Y3BBE\" data-sfc-cp=\"\" data-hveid=\"CAEIBBAA\" data-complete=\"true\" data-processed=\"true\"><strong class=\"Yjhzub\" data-complete=\"true\" data-processed=\"true\">Vitamin C tr\u00e4gt dazu bei, die Zellen vor oxidativem Stress zu sch\u00fctzen.<\/strong><\/div>\n<div class=\"Fsg96\" data-sfc-cp=\"\" data-complete=\"true\" data-processed=\"true\"><\/div>\n<div class=\"Fsg96\" data-sfc-cp=\"\" data-complete=\"true\" data-processed=\"true\"><\/div>\n","protected":false},"excerpt":{"rendered":"<h5><strong>Vitamin C OstroVit 90 Tabletten.<\/strong><\/h5>\n<p><span class=\"T286Pc\" data-sfc-cp=\"\" data-complete=\"true\"><strong class=\"Yjhzub\" data-complete=\"true\">Tr\u00e4gt zur Verringerung von M\u00fcdigkeit und Erm\u00fcdung bei<\/strong><\/span><\/p>\n<p><span class=\"T286Pc\" data-sfc-cp=\"\" data-complete=\"true\"><strong class=\"Yjhzub\" data-complete=\"true\">Tr\u00e4gt zu einer normalen Funktion des Immunsystems bei<\/strong><\/span><\/p>\n<p><span class=\"T286Pc\" data-sfc-cp=\"\" data-complete=\"true\"><strong class=\"Yjhzub\" data-complete=\"true\">Tr\u00e4gt dazu bei, die Zellen vor oxidativem Stress zu sch\u00fctzen.<\/strong><\/span><\/p>\n","protected":false},"featured_media":43735,"comment_status":"open","ping_status":"closed","template":"","meta":[],"product_cat":[1762,1768,1798],"product_tag":[2990],"class_list":{"0":"post-43733","1":"product","2":"type-product","3":"status-publish","4":"has-post-thumbnail","6":"product_cat-sporternaehrung","7":"product_cat-gesundheit-diaet","8":"product_cat-ostrovit-de","9":"product_tag-ostrovit-de","11":"first","12":"instock","13":"taxable","14":"shipping-taxable","15":"purchasable","16":"product-type-simple"},"tiered_pricing_type":"fixed","tiered_pricing_fixed_rules":[],"tiered_pricing_product_settings":{"layout":"default","base_unit_name":{"singular":null,"plural":null},"default_variation":null},"tiered_pricing_minimum_quantity":null,"tiered_pricing_roles_data":[],"tiered_pricing_percentage_rules":[],"_links":{"self":[{"href":"https:\/\/keepfitnutrition.ch\/de\/wp-json\/wp\/v2\/product\/43733","targetHints":{"allow":["GET"]}}],"collection":[{"href":"https:\/\/keepfitnutrition.ch\/de\/wp-json\/wp\/v2\/product"}],"about":[{"href":"https:\/\/keepfitnutrition.ch\/de\/wp-json\/wp\/v2\/types\/product"}],"replies":[{"embeddable":true,"href":"https:\/\/keepfitnutrition.ch\/de\/wp-json\/wp\/v2\/comments?post=43733"}],"wp:featuredmedia":[{"embeddable":true,"href":"https:\/\/keepfitnutrition.ch\/de\/wp-json\/wp\/v2\/media\/43735"}],"wp:attachment":[{"href":"https:\/\/keepfitnutrition.ch\/de\/wp-json\/wp\/v2\/media?parent=43733"}],"wp:term":[{"taxonomy":"product_cat","embeddable":true,"href":"https:\/\/keepfitnutrition.ch\/de\/wp-json\/wp\/v2\/product_cat?post=43733"},{"taxonomy":"product_tag","embeddable":true,"href":"https:\/\/keepfitnutrition.ch\/de\/wp-json\/wp\/v2\/product_tag?post=43733"}],"curies":[{"name":"wp","href":"https:\/\/api.w.org\/{rel}","templated":true}]}}