{"id":43589,"date":"2025-09-10T14:55:53","date_gmt":"2025-09-10T14:55:53","guid":{"rendered":"https:\/\/keepfitnutrition.ch\/?post_type=product&#038;p=43589"},"modified":"2025-12-09T12:59:32","modified_gmt":"2025-12-09T12:59:32","slug":"zink-picolinat-ostrovit","status":"publish","type":"product","link":"https:\/\/keepfitnutrition.ch\/de\/produkt\/zink-picolinat-ostrovit\/","title":{"rendered":"ZINK PICOLINAT OSTROVIT"},"content":{"rendered":"<h3 style=\"text-align: center;\"><strong>Zink Picolinat 150 Tabletten OstroVit.<\/strong><img loading=\"lazy\" decoding=\"async\" class=\"alignnone size-full wp-image-43581 aligncenter\" src=\"https:\/\/keepfitnutrition.ch\/wp-content\/uploads\/2025\/08\/Zinc-Picolinate-Ostrovit-Verso-K.webp\" alt=\"\" width=\"800\" height=\"800\" srcset=\"https:\/\/keepfitnutrition.ch\/wp-content\/uploads\/2025\/08\/Zinc-Picolinate-Ostrovit-Verso-K.webp 800w, https:\/\/keepfitnutrition.ch\/wp-content\/uploads\/2025\/08\/Zinc-Picolinate-Ostrovit-Verso-K-280x280.webp 280w, https:\/\/keepfitnutrition.ch\/wp-content\/uploads\/2025\/08\/Zinc-Picolinate-Ostrovit-Verso-K-768x768.webp 768w, https:\/\/keepfitnutrition.ch\/wp-content\/uploads\/2025\/08\/Zinc-Picolinate-Ostrovit-Verso-K-300x300.webp 300w, https:\/\/keepfitnutrition.ch\/wp-content\/uploads\/2025\/08\/Zinc-Picolinate-Ostrovit-Verso-K-600x600.webp 600w, https:\/\/keepfitnutrition.ch\/wp-content\/uploads\/2025\/08\/Zinc-Picolinate-Ostrovit-Verso-K-100x100.webp 100w\" sizes=\"auto, (max-width: 800px) 100vw, 800px\" \/><\/h3>\n<h4><strong>Zink, ein unverzichtbares Mineral<\/strong><\/h4>\n<p><strong>Zusammen mit Kalzium, Eisen und Magnesium geh\u00f6rt Zink zu den wichtigsten Mineralien f\u00fcr die Gesundheit. Es spielt eine Reihe wichtiger Rollen f\u00fcr die allgemeine Funktion des K\u00f6rpers, wie z. B. die Aufrechterhaltung des Immunsystems, die Wundheilung oder das endokrine System insgesamt.<br \/>\nDas Nahrungserg\u00e4nzungsmittel Zink in Kapselform wurde entwickelt, um den Bed\u00fcrfnissen von Sportlern, Veganern\/Vegetariern, schwangeren\/stillenden Frauen, \u00e4lteren Menschen, Menschen mit geschw\u00e4chtem Immunsystem und Menschen mit zu Akne neigender Haut gerecht zu werden.<br \/>\nZinkpicolinat wird allen Personen empfohlen, deren Zinkspiegel f\u00fcr eine optimale Gesundheit nicht ausreicht, sowie Personen mit erh\u00f6htem Bedarf zur St\u00e4rkung ihrer Immunit\u00e4t.<\/strong><\/p>\n<h4><strong>Zinkpicolinat: optimale Aufnahme<\/strong><\/h4>\n<p><strong>Zink ist ein f\u00fcr den K\u00f6rper essentielles Spurenelement. Es erm\u00f6glicht mehr als 300 Enzymen im menschlichen K\u00f6rper, richtig zu funktionieren. Obwohl der K\u00f6rper Zink besser aufnimmt als Eisen, kann die Aufnahme dieses Minerals manchmal problematisch sein. Sportler sind von diesem Eisenmangel nicht ausgenommen. Aufgrund ihrer k\u00f6rperlichen oder sportlichen Aktivit\u00e4t erleiden sie dreimal so hohe Verluste wie inaktive Menschen.<\/strong><\/p>\n<h4><strong>Zink, das Mineral f\u00fcr die Immunit\u00e4t zusammen mit Vitamin C und Vitamin D<\/strong><\/h4>\n<p><strong>Das Immunsystem ist ein Netzwerk aus Organen, Zellen und Proteinen, das den K\u00f6rper gegen Infektionen oder Bedrohungen verteidigt, die die Integrit\u00e4t des Organismus beeintr\u00e4chtigen wollen. Ohne ein starkes Immunsystem w\u00fcrde der K\u00f6rper st\u00e4ndig krank werden. Von allen Mineralien, die der K\u00f6rper ben\u00f6tigt, hat Zink zusammen mit Vitamin C und Vitamin D die wichtigste Funktion zur Unterst\u00fctzung des Immunsystems. Diese beiden Vitamine und dieses Mineral wirken synergetisch, um die Immunit\u00e4t des K\u00f6rpers zu st\u00e4rken, insbesondere durch die Aufrechterhaltung der biologischen Barrieren und die Sicherstellung der ordnungsgem\u00e4ssen Funktion der f\u00fcr das angeborene und adaptive Immunsystem verantwortlichen Zellen.<\/strong><\/p>\n<h4><strong>Zinkmangel in der Allgemeinbev\u00f6lkerung<\/strong><\/h4>\n<p><strong>Zinkmangel ist nicht der h\u00e4ufigste Mangel. Er betrifft haupts\u00e4chlich vier Bev\u00f6lkerungsgruppen:<\/strong><\/p>\n<p><strong>Frauen: Diese M\u00e4ngel stehen im Zusammenhang mit den erheblichen Verlusten durch die Menstruation.<\/strong><\/p>\n<p><strong>Sportler *insbesondere Ausdauersportler*: Schwitzen und starker Wasserverlust f\u00fchren zu einem Zinkmangel. Der Bedarf von Sportlern kann dreimal so hoch sein wie der der \u00fcbrigen Bev\u00f6lkerung.<\/strong><\/p>\n<p><strong>\u00c4ltere Menschen: Die Zinkaufnahme nimmt mit zunehmendem Alter ab, und die Nahrungsaufnahme ist oft zuverl\u00e4ssiger als bei j\u00fcngeren Menschen.<\/strong><\/p>\n<p><strong>Vegetarier und Veganer: Diese Ern\u00e4hrungsformen sind mit zwei Problemen konfrontiert: einer insgesamt zink\u00e4rmeren Ern\u00e4hrung und dem Vorhandensein von Antin\u00e4hrstoffen *Phytaten*, die die Zinkaufnahme stark verringern k\u00f6nnen.<\/strong><\/p>\n<p><strong>Ein hoch bioverf\u00fcgbares Nahrungserg\u00e4nzungsmittel auf Basis von Zinkpicolinat ist sehr wichtig, um diese Verluste auszugleichen.<\/strong><\/p>\n<h4><strong>Zutaten:<\/strong><\/h4>\n<p><strong>F\u00fcllstoff: mikrokristalline Cellulose; Zinkpicolinat *Zink*, St\u00e4rke, Trennmittel: Magnesiumsalze von Fetts\u00e4uren, Siliciumdioxid.<\/strong><\/p>\n<h4><strong>Anwendungsempfehlung:<\/strong><\/h4>\n<p><strong>Nehmen Sie 2 Tablette t\u00e4glich mit einem Glas Wasser ausserhalb der Mahlzeiten ein, vorzugsweise abends.<\/strong><\/p>\n<h4><strong>Wichtiger Hinweis:<\/strong><\/h4>\n<p><strong>Die Aufnahme von Zink erfolgt \u00fcber Transporter, die auch f\u00fcr Eisen und Kupfer zust\u00e4ndig sind.<br \/>\nUm eine optimale Aufnahme zu gew\u00e4hrleisten, empfehle ich Ihnen, Zink nicht gleichzeitig mit Eisen oder Kupfer einzunehmen.<br \/>\nIch empfehle Ihnen, Eisen morgens und Zink abends einzunehmen.<\/strong><\/p>\n<p><strong>Vermeiden Sie w\u00e4hrend der Einnahme den Konsum von Kaffee\/Tee und Milchprodukten.<\/strong><\/p>\n<h4><strong>N\u00e4hrwertangaben<\/strong><\/h4>\n<p><strong>1 Tablette enth\u00e4lt 15 mg Zinkpicolinat.<\/strong><\/p>\n<h4><strong>Warnhinweis<\/strong><\/h4>\n<p><strong>Nahrungserg\u00e4nzungsmittel sollten im Rahmen einer gesunden Lebensweise verwendet werden und nicht als Ersatz f\u00fcr eine abwechslungsreiche und ausgewogene Ern\u00e4hrung dienen.<\/strong><\/p>\n<p><strong>Die empfohlene Tagesdosis darf nicht \u00fcberschritten werden.<\/strong><\/p>\n<p><strong>Ausserhalb der Reichweite von kleinen Kindern aufbewahren.<\/strong><\/p>\n<p><strong>Nicht empfohlen f\u00fcr schwangere und stillende Frauen, sofern nicht anders angegeben.<\/strong><\/p>\n<p><strong>Die Anwendung bei Personen mit Niereninsuffizienz wird nicht empfohlen.<\/strong><\/p>\n<p>&nbsp;<\/p>\n","protected":false},"excerpt":{"rendered":"<h5><strong>Zinkpicolinat 150 Tabletten OstroVit.<\/strong><\/h5>\n<p><strong>Zinkpicolinat ist ein Nahrungserg\u00e4nzungsmittel, das eine Quelle f\u00fcr Zink in einer hoch bioverf\u00fcgbaren Form liefert: Zinkpicolinat.<br \/>\nDieses Produkt in Form von leicht zu schluckenden Tabletten wurde f\u00fcr Menschen entwickelt, die ihre t\u00e4gliche Ern\u00e4hrung mit diesem wertvollen Mikron\u00e4hrstoff erg\u00e4nzen m\u00f6chten.<\/strong><\/p>\n<p><strong>1 Packung enth\u00e4lt 150 Tabletten, was 75 Portionen f\u00fcr 75 Tage entspricht.<\/strong><\/p>\n","protected":false},"featured_media":43579,"comment_status":"open","ping_status":"closed","template":"","meta":[],"product_cat":[1762,1768,1798,1784],"product_tag":[2990],"class_list":{"0":"post-43589","1":"product","2":"type-product","3":"status-publish","4":"has-post-thumbnail","6":"product_cat-sporternaehrung","7":"product_cat-gesundheit-diaet","8":"product_cat-ostrovit-de","9":"product_cat-vegan-de","10":"product_tag-ostrovit-de","12":"first","13":"instock","14":"taxable","15":"shipping-taxable","16":"purchasable","17":"product-type-simple"},"tiered_pricing_type":"fixed","tiered_pricing_fixed_rules":[],"tiered_pricing_product_settings":{"layout":"default","base_unit_name":{"singular":null,"plural":null},"default_variation":null},"tiered_pricing_minimum_quantity":null,"tiered_pricing_roles_data":[],"tiered_pricing_percentage_rules":[],"_links":{"self":[{"href":"https:\/\/keepfitnutrition.ch\/de\/wp-json\/wp\/v2\/product\/43589","targetHints":{"allow":["GET"]}}],"collection":[{"href":"https:\/\/keepfitnutrition.ch\/de\/wp-json\/wp\/v2\/product"}],"about":[{"href":"https:\/\/keepfitnutrition.ch\/de\/wp-json\/wp\/v2\/types\/product"}],"replies":[{"embeddable":true,"href":"https:\/\/keepfitnutrition.ch\/de\/wp-json\/wp\/v2\/comments?post=43589"}],"wp:featuredmedia":[{"embeddable":true,"href":"https:\/\/keepfitnutrition.ch\/de\/wp-json\/wp\/v2\/media\/43579"}],"wp:attachment":[{"href":"https:\/\/keepfitnutrition.ch\/de\/wp-json\/wp\/v2\/media?parent=43589"}],"wp:term":[{"taxonomy":"product_cat","embeddable":true,"href":"https:\/\/keepfitnutrition.ch\/de\/wp-json\/wp\/v2\/product_cat?post=43589"},{"taxonomy":"product_tag","embeddable":true,"href":"https:\/\/keepfitnutrition.ch\/de\/wp-json\/wp\/v2\/product_tag?post=43589"}],"curies":[{"name":"wp","href":"https:\/\/api.w.org\/{rel}","templated":true}]}}