{"id":43559,"date":"2025-09-09T12:24:26","date_gmt":"2025-09-09T12:24:26","guid":{"rendered":"https:\/\/keepfitnutrition.ch\/?post_type=product&#038;p=43559"},"modified":"2026-03-27T14:46:59","modified_gmt":"2026-03-27T14:46:59","slug":"cla-1000-ostrovit-180-kapseln","status":"publish","type":"product","link":"https:\/\/keepfitnutrition.ch\/de\/produkt\/cla-1000-ostrovit-180-kapseln\/","title":{"rendered":"CLA 1000 OSTROVIT"},"content":{"rendered":"<h3 style=\"text-align: center;\"><strong>CLA 1000 OstroVit 180 Kapseln.<\/strong><img loading=\"lazy\" decoding=\"async\" class=\"alignnone size-full wp-image-45030 aligncenter\" src=\"https:\/\/keepfitnutrition.ch\/wp-content\/uploads\/2025\/09\/CLA-1000mg-Ostrovit-180-capsules-Marketing-Ok.webp\" alt=\"\" width=\"700\" height=\"241\" srcset=\"https:\/\/keepfitnutrition.ch\/wp-content\/uploads\/2025\/09\/CLA-1000mg-Ostrovit-180-capsules-Marketing-Ok.webp 700w, https:\/\/keepfitnutrition.ch\/wp-content\/uploads\/2025\/09\/CLA-1000mg-Ostrovit-180-capsules-Marketing-Ok-600x207.webp 600w\" sizes=\"auto, (max-width: 700px) 100vw, 700px\" \/><\/h3>\n<p><span style=\"color: #000000;\"><strong>CLA (konjugierte Linols\u00e4ure) ist eine nat\u00fcrliche Nahrungserg\u00e4nzung, die K\u00f6rperfett reduziert und die Definition der Muskeln f\u00f6rdert. CLA beeinflusst den Fetteinlagerungsprozess im K\u00f6rper, indem es bestimmte Enzyme blockiert, die sich zu Fettzellen entwickeln, und gleichzeitig die Umwandlung von Fett zu Energie unterst\u00fctzt.<\/strong><\/span><\/p>\n<p><span style=\"color: #000000;\"><strong>CLA verhindert den Jojo-Effekt (st\u00e4ndige Gewichtszunahme und Gewichtsabnahme durch herk\u00f6mmliche Di\u00e4ten) und wirkt sich au\u00dferdem als Antioxidantium positiv auf das Immunsystem aus und hilft bei der Kontrolle des Cholesterinspiegels. CLA verf\u00fcgt \u00fcber folgende Wirkmechanismen:<\/strong><\/span><\/p>\n<ol>\n<li><span style=\"color: #000000;\"><strong>Abhahme absorbierter und akkumulierter Fette nach Mahlzeiten durch Beeinflussung der Lipoproteinlipase. Dieses Enzym ist unverzichtbar, um Triglycerinen den Weg in die Zellen zu bahnen.<\/strong><\/span><\/li>\n<li><span style=\"color: #000000;\"><strong>Verbesserte Nutzung von K\u00f6rperfett. Dieser Prozess findet in den Mitochondrien der Muskelzellen statt, indem das CPT (Carnitin-Palmitoyltransferase) Enzym stimuliert wird. Da Fett die Zelle wie oben beschrieben nicht erreicht, wird es \u00fcber den Blutkreislauf in den Muskel geleitet, vo es verbrannt wird.<\/strong><\/span><\/li>\n<li><span style=\"color: #000000;\"><strong>Reduzierung der Gesamtanzahl von Fettzellen im K\u00f6rper. CLA beeinflusst die Umwandlung von Preadipozyten zu Adipozyten.<\/strong><\/span><\/li>\n<\/ol>\n<p><span style=\"color: #000000;\"><span style=\"color: #000000;\"><strong>\u00a0CLA Hauptvorteile: <\/strong><\/span><\/span><\/p>\n<ul>\n<li><span style=\"color: #000000;\"><strong>reduziert K\u00f6rperfett,<\/strong><\/span><\/li>\n<li><span style=\"color: #000000;\"><strong>reduziert die Fettansammlung,<\/strong><\/span><\/li>\n<li><span style=\"color: #000000;\"><strong>verhindert die Gewichtszunahme nach herk\u00f6mmlichen Di\u00e4ten,<\/strong><\/span><\/li>\n<li><span style=\"color: #000000;\"><strong>erh\u00f6ht die Nutzung von eingelagertem Fett,<\/strong><\/span><\/li>\n<li><span style=\"color: #000000;\"><strong>reduziert die Gesamtanzahl der Fettzellen im K\u00f6rper,<\/strong><\/span><\/li>\n<li><span style=\"color: #000000;\"><strong>unterst\u00fctzt das Muskeltoning,<\/strong><\/span><\/li>\n<li><span style=\"color: #000000;\"><strong>verbessert die allgemeine Gesundheiht <\/strong><\/span><\/li>\n<li><span style=\"color: #000000;\"><strong>Antioxidantium <\/strong><\/span><\/li>\n<li><span style=\"color: #000000;\"><strong>Unterst\u00fctzt Ihr Immunsystem.<\/strong><\/span><\/li>\n<\/ul>\n<h4><strong><span style=\"color: #2445a2;\"><span style=\"color: #d0121a;\">Empfohlene Tagesdose:\u00a0<\/span><\/span><\/strong><\/h4>\n<p><span style=\"color: #2445a2;\"><strong><span style=\"color: #d0121a;\">Nehmen Sie 1 Kapsel mit einem Glas Wasser, 3x pro Tag mit Ihren Mahzeiten.<\/span><\/strong><\/span><\/p>\n<h4><strong>Warnhinweis:<\/strong><\/h4>\n<p style=\"background: #FFFFFF;\"><strong><span lang=\"de-ch\" style=\"font-size: 10pt; font-family: 'Open Sans', sans-serif; color: #000000;\" xml:lang=\"de-ch\">Nahrungserg\u00e4nzungsmittel sollten als Teil eines gesunden Lebensstils verwendet werden und nicht als Ersatz f\u00fcr eine abwechslungsreiche und ausgewogene Ern\u00e4hrung.<\/span><\/strong><\/p>\n<p style=\"background: #FFFFFF;\"><strong><span lang=\"de-ch\" style=\"font-size: 10pt; font-family: 'Open Sans', sans-serif; color: #000000;\" xml:lang=\"de-ch\">Die empfohlene Tagesdosis darf nicht \u00fcberschritten werden.<\/span><\/strong><\/p>\n<p style=\"background: #FFFFFF;\"><strong><span lang=\"de-ch\" style=\"font-size: 10pt; font-family: 'Open Sans', sans-serif; color: #000000;\" xml:lang=\"de-ch\">Ausserhalb der Reichweite von Kleinkindern aufbewahren.<\/span><\/strong><\/p>\n<p style=\"background: #FFFFFF; margin: 0cm 0cm 7.5pt 0cm;\"><strong><span lang=\"de-ch\" style=\"font-size: 10pt; font-family: 'Open Sans', sans-serif; color: #000000;\" xml:lang=\"de-ch\">Dieses Nahrungserg\u00e4nzungsmittel darf nicht von Kindern eingenommen werden.<\/span><\/strong><\/p>\n<h4><strong>Details zu den gesundheitsbezogenen Angaben:<\/strong><\/h4>\n<p><strong class=\"Yjhzub\" data-sfc-cb=\"\" data-complete=\"true\" data-processed=\"true\" aria-owns=\"action-menu-parent-container\">Linols\u00e4ure tr\u00e4gt zur Aufrechterhaltung eines normalen Cholesterinspiegels bei.<\/strong><\/p>\n","protected":false},"excerpt":{"rendered":"<h5><strong><span style=\"color: #000000;\">CLA 1000 OstroVit 180 Kapseln<\/span><\/strong><\/h5>\n<p><strong>CLA *konjugierte Linols\u00e4ure* ist eine nat\u00fcrliche Nahrungserg\u00e4nzung, die K\u00f6rperfett reduziert und die Definition der Muskeln f\u00f6rdert. CLA beeinflusst den Fetteinlagerungsprozess im K\u00f6rper, indem es bestimmte Enzyme blockiert, die sich zu Fettzellen entwickeln, und gleichzeitig die Umwandlung von Fett zu Energie unterst\u00fctzt.<\/strong><\/p>\n","protected":false},"featured_media":45026,"comment_status":"open","ping_status":"closed","template":"","meta":[],"product_cat":[1762,1768,1798],"product_tag":[2997,2996,2990],"class_list":{"0":"post-43559","1":"product","2":"type-product","3":"status-publish","4":"has-post-thumbnail","6":"product_cat-sporternaehrung","7":"product_cat-gesundheit-diaet","8":"product_cat-ostrovit-de","9":"product_tag-bruleur-de-graisse-de","10":"product_tag-cla-de","11":"product_tag-ostrovit-de","13":"first","14":"instock","15":"taxable","16":"shipping-taxable","17":"purchasable","18":"product-type-simple"},"tiered_pricing_type":"fixed","tiered_pricing_fixed_rules":[],"tiered_pricing_product_settings":{"layout":"default","base_unit_name":{"singular":null,"plural":null},"default_variation":null},"tiered_pricing_minimum_quantity":null,"tiered_pricing_roles_data":[],"tiered_pricing_percentage_rules":[],"_links":{"self":[{"href":"https:\/\/keepfitnutrition.ch\/de\/wp-json\/wp\/v2\/product\/43559","targetHints":{"allow":["GET"]}}],"collection":[{"href":"https:\/\/keepfitnutrition.ch\/de\/wp-json\/wp\/v2\/product"}],"about":[{"href":"https:\/\/keepfitnutrition.ch\/de\/wp-json\/wp\/v2\/types\/product"}],"replies":[{"embeddable":true,"href":"https:\/\/keepfitnutrition.ch\/de\/wp-json\/wp\/v2\/comments?post=43559"}],"wp:featuredmedia":[{"embeddable":true,"href":"https:\/\/keepfitnutrition.ch\/de\/wp-json\/wp\/v2\/media\/45026"}],"wp:attachment":[{"href":"https:\/\/keepfitnutrition.ch\/de\/wp-json\/wp\/v2\/media?parent=43559"}],"wp:term":[{"taxonomy":"product_cat","embeddable":true,"href":"https:\/\/keepfitnutrition.ch\/de\/wp-json\/wp\/v2\/product_cat?post=43559"},{"taxonomy":"product_tag","embeddable":true,"href":"https:\/\/keepfitnutrition.ch\/de\/wp-json\/wp\/v2\/product_tag?post=43559"}],"curies":[{"name":"wp","href":"https:\/\/api.w.org\/{rel}","templated":true}]}}