{"id":43516,"date":"2025-09-08T09:40:22","date_gmt":"2025-09-08T09:40:22","guid":{"rendered":"https:\/\/keepfitnutrition.ch\/?post_type=product&#038;p=43516"},"modified":"2025-08-27T13:40:35","modified_gmt":"2025-08-27T13:40:35","slug":"trinkflasche-800ml","status":"publish","type":"product","link":"https:\/\/keepfitnutrition.ch\/de\/produkt\/trinkflasche-800ml\/","title":{"rendered":"TRINKFLASCHE 800 ML"},"content":{"rendered":"<h3 style=\"text-align: center;\"><strong>Die perfekte Fl\u00fcssigkeitszufuhr unter allen Umst\u00e4nden!<\/strong><\/h3>\n<p><strong>Ideal, um w\u00e4hrend intensiver Trainingseinheiten hydriert zu bleiben. Diese Trinkflasche hat ein grosses Fassungsverm\u00f6gen, sodass Sie w\u00e4hrend des Trainings, aber auch den ganzen Tag \u00fcber ausreichend Fl\u00fcssigkeit zu sich nehmen k\u00f6nnen. Dank ihres ergonomischen Designs und ihrer praktischen Handhabung ist sie ein unverzichtbares Accessoire f\u00fcr alle Ihre sportlichen Aktivit\u00e4ten.<\/strong><\/p>\n<p><strong>Lassen Sie sich nicht mehr durch Dehydrierung in Ihrer Leistungsf\u00e4higkeit beeintr\u00e4chtigen, entscheiden Sie sich f\u00fcr diese Trinkflasche und profitieren Sie jederzeit von einer optimalen Fl\u00fcssigkeitszufuhr.<\/strong><\/p>\n<h4><strong>Pflege<\/strong><\/h4>\n<p><strong>Wir empfehlen, die Flasche nach jedem Gebrauch zu reinigen, es sei denn, sie wurde ausschliesslich f\u00fcr Wasser verwendet. Sie k\u00f6nnen sie von Hand oder ganz einfach in der Sp\u00fclmaschine reinigen.<\/strong><\/p>\n<h4><strong>Empfehlungen zur Fl\u00fcssigkeitszufuhr.<\/strong><\/h4>\n<p><strong>500 ml pro Stunde bei Temperaturen unter 10 \u00b0C.<\/strong><\/p>\n<p><strong>600-700 ml pro Stunde bei Temperaturen zwischen 10 \u00b0C und 20 \u00b0C.<\/strong><\/p>\n<p><strong>800 ml bis 1 l pro Stunde bei Temperaturen \u00fcber 20 \u00b0C.<\/strong><\/p>\n","protected":false},"excerpt":{"rendered":"<h5><strong>Trinkflasche 800ml Nutripure.<\/strong><\/h5>\n<p><strong>Ideal, um w\u00e4hrend des Trainings schneller und einfacher Fl\u00fcssigkeit aufzunehmen. <\/strong><\/p>\n<p><strong>Verschluss mit hohem Durchfluss \u2013 Hermetischer Verschluss ohne Auslaufen \u2013 Einfache Pflege.<\/strong><\/p>\n<p><strong>Ergonomisches Design f\u00fcr besseren Halt \u2013 Grosses Fassungsverm\u00f6gen *800 ml*.<\/strong><\/p>\n<p><strong>Hergestellt aus recyceltem Material \u2013 frei von BPA und Phthalaten.<\/strong><\/p>\n","protected":false},"featured_media":43514,"comment_status":"open","ping_status":"closed","template":"","meta":[],"product_cat":[1760],"product_tag":[],"class_list":{"0":"post-43516","1":"product","2":"type-product","3":"status-publish","4":"has-post-thumbnail","6":"product_cat-zubehoer","8":"first","9":"instock","10":"taxable","11":"shipping-taxable","12":"purchasable","13":"product-type-simple"},"tiered_pricing_type":"fixed","tiered_pricing_fixed_rules":[],"tiered_pricing_product_settings":{"layout":"default","base_unit_name":{"singular":null,"plural":null},"default_variation":null},"tiered_pricing_minimum_quantity":null,"tiered_pricing_roles_data":[],"tiered_pricing_percentage_rules":[],"_links":{"self":[{"href":"https:\/\/keepfitnutrition.ch\/de\/wp-json\/wp\/v2\/product\/43516","targetHints":{"allow":["GET"]}}],"collection":[{"href":"https:\/\/keepfitnutrition.ch\/de\/wp-json\/wp\/v2\/product"}],"about":[{"href":"https:\/\/keepfitnutrition.ch\/de\/wp-json\/wp\/v2\/types\/product"}],"replies":[{"embeddable":true,"href":"https:\/\/keepfitnutrition.ch\/de\/wp-json\/wp\/v2\/comments?post=43516"}],"wp:featuredmedia":[{"embeddable":true,"href":"https:\/\/keepfitnutrition.ch\/de\/wp-json\/wp\/v2\/media\/43514"}],"wp:attachment":[{"href":"https:\/\/keepfitnutrition.ch\/de\/wp-json\/wp\/v2\/media?parent=43516"}],"wp:term":[{"taxonomy":"product_cat","embeddable":true,"href":"https:\/\/keepfitnutrition.ch\/de\/wp-json\/wp\/v2\/product_cat?post=43516"},{"taxonomy":"product_tag","embeddable":true,"href":"https:\/\/keepfitnutrition.ch\/de\/wp-json\/wp\/v2\/product_tag?post=43516"}],"curies":[{"name":"wp","href":"https:\/\/api.w.org\/{rel}","templated":true}]}}