{"id":43452,"date":"2025-09-07T11:51:54","date_gmt":"2025-09-07T11:51:54","guid":{"rendered":"https:\/\/keepfitnutrition.ch\/?post_type=product&#038;p=43452"},"modified":"2026-04-01T16:04:56","modified_gmt":"2026-04-01T16:04:56","slug":"berberin-ostrovit-500mg","status":"publish","type":"product","link":"https:\/\/keepfitnutrition.ch\/de\/produkt\/berberin-ostrovit-500mg\/","title":{"rendered":"BERBERIN OSTROVIT 500MG"},"content":{"rendered":"<h3 style=\"text-align: center;\"><strong>Berberin 90 Tabletten OstroVit.<\/strong><\/h3>\n<p><strong>Berberin ist ein Nahrungserg\u00e4nzungsmittel, das einen standardisierten Berberin-Extrakt aus der Wurzel des Berberis-Strauchs enth\u00e4lt (2 % Berberin). Dieses Pr\u00e4parat ist in Form von Tabletten erh\u00e4ltlich, die leicht zu schlucken sind, und richtet sich an Verbraucher, die ihre t\u00e4gliche Ern\u00e4hrung mit einem wertvollen Inhaltsstoff erg\u00e4nzen m\u00f6chten.<\/strong><\/p>\n<h4><strong>Eine wertvolle Erg\u00e4nzung zur t\u00e4glichen Ern\u00e4hrung<\/strong><\/h4>\n<p><strong>Berberin ist eine chemische Verbindung aus der Gruppe der Isochinolinalkaloide. Es handelt sich um einen nat\u00fcrlichen Stoff pflanzlichen Ursprungs, der in den Wurzeln, St\u00e4ngeln und Fr\u00fcchten von Str\u00e4uchern aus der Familie der Berberitzengew\u00e4chse vorkommt. Berberin ist vor allem in Europa bekannt und in Wasser und Alkohol schwer l\u00f6slich. Es ist in Nahrungserg\u00e4nzungsmitteln in verschiedenen chemischen Formen enthalten: als Hydrochlorid, Sulfat oder nat\u00fcrlicher Extrakt. OstroVit verwendet einen standardisierten Berberitzenwurzelextrakt mit 2 % Berberin, was die Qualit\u00e4t des Nahrungserg\u00e4nzungsmittels verbessert und einen hohen Wirkstoffgehalt pro Portion garantiert.<\/strong><\/p>\n<h4><span style=\"color: #d0121a;\"><strong>Anwendungsempfehlung: <\/strong><\/span><\/h4>\n<p><span style=\"color: #d0121a;\"><strong>Nehmen Sie t\u00e4glich 1 Tablette mit einem Glas Wasser vor einer Hauptmahlzeit ein, *idealerweise vor einer fettreichen Mahlzeit*.<\/strong><\/span><\/p>\n<h4><strong>Zutaten:<\/strong><\/h4>\n<p><strong>Berberiswurzelextrakt *Berberis aristata DC.* standardisiert auf 2 % Berberin, F\u00fcllstoff: mikrokristalline Cellulose; St\u00e4rke, Trennmittel: Magnesiumsalze von Fetts\u00e4uren, Siliciumdioxid.<\/strong><\/p>\n<h4><strong>N\u00e4hrwerte pro 1 Tablette, *1 Portion*:<\/strong><\/h4>\n<p><strong>500 mg Berberiswurzelextrakt, davon 10 mg Berberin.<\/strong><\/p>\n<h4><strong>Warnhinweis<\/strong><\/h4>\n<p><strong>Ausserhalb der Reichweite von Kindern aufbewahren.<\/strong><\/p>\n<p><strong>Nahrungserg\u00e4nzungsmittel nicht f\u00fcr schwangere Frauen empfohlen, sofern nicht anders angegeben.<\/strong><\/p>\n<p><strong>Vor Feuchtigkeit gesch\u00fctzt an einem k\u00fchlen, trockenen Ort aufbewahren.<\/strong><\/p>\n<p><strong>Die empfohlene Tagesdosis darf nicht \u00fcberschritten werden.<\/strong><\/p>\n<p>&nbsp;<\/p>\n<p>&nbsp;<\/p>\n<p style=\"text-align: center;\">\n","protected":false},"excerpt":{"rendered":"<h5><strong>Berberin 90 Tabletten OstroVit.<\/strong><\/h5>\n<p><strong>Berberin der Marke Ostrovit, ein hochwertiges Nahrungserg\u00e4nzungsmittel auf Basis von Berberin-Extrakt. Dieses Produkt wurde entwickelt, um die Blutzuckerkontrolle zu verbessern und einen normalen Cholesterinspiegel im Blut aufrechtzuerhalten.<\/strong><\/p>\n<p><strong>Hilft bei der Verbesserung der Blutzuckerkontrolle.<\/strong><\/p>\n<p><strong>Hilft bei der Aufrechterhaltung eines gesunden Cholesterinspiegels.<\/strong><\/p>\n<p><strong>Ideal vor einer reichhaltigen Mahlzeit.<\/strong><\/p>\n<p><strong>90 Tabletten f\u00fcr 90 Tage.<\/strong><\/p>\n","protected":false},"featured_media":43449,"comment_status":"open","ping_status":"closed","template":"","meta":[],"product_cat":[1762,1768,1798,1784],"product_tag":[2991,2990,2999],"class_list":{"0":"post-43452","1":"product","2":"type-product","3":"status-publish","4":"has-post-thumbnail","6":"product_cat-sporternaehrung","7":"product_cat-gesundheit-diaet","8":"product_cat-ostrovit-de","9":"product_cat-vegan-de","10":"product_tag-glucose-de","11":"product_tag-ostrovit-de","12":"product_tag-vegan-de","14":"first","15":"instock","16":"taxable","17":"shipping-taxable","18":"purchasable","19":"product-type-simple"},"tiered_pricing_type":"fixed","tiered_pricing_fixed_rules":[],"tiered_pricing_product_settings":{"layout":"default","base_unit_name":{"singular":null,"plural":null},"default_variation":null},"tiered_pricing_minimum_quantity":null,"tiered_pricing_roles_data":[],"tiered_pricing_percentage_rules":[],"_links":{"self":[{"href":"https:\/\/keepfitnutrition.ch\/de\/wp-json\/wp\/v2\/product\/43452","targetHints":{"allow":["GET"]}}],"collection":[{"href":"https:\/\/keepfitnutrition.ch\/de\/wp-json\/wp\/v2\/product"}],"about":[{"href":"https:\/\/keepfitnutrition.ch\/de\/wp-json\/wp\/v2\/types\/product"}],"replies":[{"embeddable":true,"href":"https:\/\/keepfitnutrition.ch\/de\/wp-json\/wp\/v2\/comments?post=43452"}],"wp:featuredmedia":[{"embeddable":true,"href":"https:\/\/keepfitnutrition.ch\/de\/wp-json\/wp\/v2\/media\/43449"}],"wp:attachment":[{"href":"https:\/\/keepfitnutrition.ch\/de\/wp-json\/wp\/v2\/media?parent=43452"}],"wp:term":[{"taxonomy":"product_cat","embeddable":true,"href":"https:\/\/keepfitnutrition.ch\/de\/wp-json\/wp\/v2\/product_cat?post=43452"},{"taxonomy":"product_tag","embeddable":true,"href":"https:\/\/keepfitnutrition.ch\/de\/wp-json\/wp\/v2\/product_tag?post=43452"}],"curies":[{"name":"wp","href":"https:\/\/api.w.org\/{rel}","templated":true}]}}