{"id":43441,"date":"2025-09-06T14:47:48","date_gmt":"2025-09-06T14:47:48","guid":{"rendered":"https:\/\/keepfitnutrition.ch\/?post_type=product&#038;p=43441"},"modified":"2026-03-03T16:01:45","modified_gmt":"2026-03-03T16:01:45","slug":"vitamin-d3-2000ui","status":"publish","type":"product","link":"https:\/\/keepfitnutrition.ch\/de\/produkt\/vitamin-d3-2000ui\/","title":{"rendered":"VITAMIN D3 2000UI"},"content":{"rendered":"<h3 style=\"text-align: center;\"><strong>Vitamin D3 2000 IE, ein wertvoller Mikron\u00e4hrstoff.<\/strong><\/h3>\n<h3 style=\"text-align: center;\"><img loading=\"lazy\" decoding=\"async\" class=\"alignnone size-full wp-image-43697 aligncenter\" src=\"https:\/\/keepfitnutrition.ch\/wp-content\/uploads\/2025\/08\/Vit-D3-2000-IU-Ostrovit-60-Gelules-.webp\" alt=\"\" width=\"450\" height=\"450\" srcset=\"https:\/\/keepfitnutrition.ch\/wp-content\/uploads\/2025\/08\/Vit-D3-2000-IU-Ostrovit-60-Gelules-.webp 450w, https:\/\/keepfitnutrition.ch\/wp-content\/uploads\/2025\/08\/Vit-D3-2000-IU-Ostrovit-60-Gelules--280x280.webp 280w, https:\/\/keepfitnutrition.ch\/wp-content\/uploads\/2025\/08\/Vit-D3-2000-IU-Ostrovit-60-Gelules--300x300.webp 300w, https:\/\/keepfitnutrition.ch\/wp-content\/uploads\/2025\/08\/Vit-D3-2000-IU-Ostrovit-60-Gelules--100x100.webp 100w\" sizes=\"auto, (max-width: 450px) 100vw, 450px\" \/><\/h3>\n<p><img loading=\"lazy\" decoding=\"async\" class=\"alignnone size-full wp-image-43696 aligncenter\" src=\"https:\/\/keepfitnutrition.ch\/wp-content\/uploads\/2025\/08\/VITAMINE-D3-2000ui-60-capsules-Fiche-K.webp\" alt=\"\" width=\"800\" height=\"481\" srcset=\"https:\/\/keepfitnutrition.ch\/wp-content\/uploads\/2025\/08\/VITAMINE-D3-2000ui-60-capsules-Fiche-K.webp 800w, https:\/\/keepfitnutrition.ch\/wp-content\/uploads\/2025\/08\/VITAMINE-D3-2000ui-60-capsules-Fiche-K-768x462.webp 768w, https:\/\/keepfitnutrition.ch\/wp-content\/uploads\/2025\/08\/VITAMINE-D3-2000ui-60-capsules-Fiche-K-600x361.webp 600w\" sizes=\"auto, (max-width: 800px) 100vw, 800px\" \/><\/p>\n<p><strong>Vitamin D3, auch bekannt als Cholecalciferol, ist eine organische chemische Verbindung, die zur Gruppe der fettl\u00f6slichen Vitamine geh\u00f6rt. Seine Aufnahme h\u00e4ngt daher eng mit dem Vorhandensein von Fetten in der t\u00e4glichen Ern\u00e4hrung zusammen. Vitamin D3 ist eine Substanz, die dem K\u00f6rper \u00fcber die Nahrung zugef\u00fchrt wird *es kommt insbesondere in fettem Fisch vor* und \u00fcber die Hautsynthese. Es wird jedoch haupts\u00e4chlich im Fettgewebe und in der Leber gespeichert.<\/strong><\/p>\n<p><strong>Neben Cholecalciferol enth\u00e4lt das Pr\u00e4parat OstroVit auch Distel\u00f6l, einen Inhaltsstoff, der die Aufnahme und Assimilation des Wirkstoffs positiv beeinflussen kann und somit eine wirksame Erg\u00e4nzung gew\u00e4hrleistet.<\/strong><\/p>\n<p><strong>Vitamin D3 spielt eine wichtige Rolle bei der Kalzifizierung, indem es die richtige Aufnahme von Kalzium in der Darmschleimhaut erm\u00f6glicht und die Kalzium- und Phosphorkonzentration im Blut erh\u00f6ht.<\/strong><\/p>\n<p><strong>Vitamin D3 ist auch ein Verb\u00fcndeter unseres Immunsystems.<\/strong><\/p>\n<p><strong>Im Winter sinken die Vitamin-D3-Speicher des K\u00f6rpers aufgrund des Mangels an Sonnenlicht.<\/strong><\/p>\n<h4><span style=\"color: #d0121a;\"><strong>Anwendungsempfehlung: <\/strong><\/span><\/h4>\n<p><span style=\"color: #d0121a;\"><strong>Nehmen Sie t\u00e4glich 1 Kapsel vorzugsweise zu einer Mahlzeit ein, um die Aufnahme zu optimieren.<\/strong><\/span><\/p>\n<h4><strong>F\u00fcr wen ist dieses Nahrungserg\u00e4nzungsmittel geeignet?<\/strong><\/h4>\n<p><strong>Vitamin D3 ist ein f\u00fcr das reibungslose Funktionieren des K\u00f6rpers essentielles Vitamin. Dieses Nahrungserg\u00e4nzungsmittel ist geeignet f\u00fcr:<\/strong><\/p>\n<p><strong>Die allgemeine Bev\u00f6lkerung <span style=\"color: #d0121a;\">*unverzichtbarim Herbst und Winter* <\/span>*ausser Kinder unter 10 Jahren, schwangere und stillende Frauen*<\/strong><\/p>\n<p><strong>\u00c4ltere Menschen<\/strong><\/p>\n<p><strong>F\u00fcr Menschen, die isoliert leben oder wenig Sonnenlicht ausgesetzt sind<\/strong><\/p>\n<p><strong>F\u00fcr Sportler, die einen erh\u00f6hten Bedarf an Vitamin D3 haben<\/strong><\/p>\n<p><strong>F\u00fcr Menschen mit \u00dcbergewicht oder Adipositas<\/strong><\/p>\n<p><strong>F\u00fcr Menschen mit einer Erkrankung, die die intestinale Aufnahme von Vitamin D3 beeintr\u00e4chtigt *Beispiel: Morbus Crohn, Reizdarmsyndrom*.<\/strong><\/p>\n<h4><strong>Zutaten:<\/strong><\/h4>\n<p><strong>Distel\u00f6l *Carthamus tinctorius L*, Gelatine, Feuchthaltemittel \u2013 Glycerin; gereinigtes Wasser; Cholecalciferol *Vitamin D*.<\/strong><\/p>\n<h4><strong>Allergene:<\/strong><\/h4>\n<p><strong>Hergestellt in einer Fabrik, die Zutaten aus Milch *einschliesslich Laktose*, Soja, Erdn\u00fcssen, anderen N\u00fcssen, Sesam, glutenhaltigem Getreide, Eiern, Krustentieren und Fisch verwendet.<\/strong><\/p>\n<h4><strong>Warnhinweis<\/strong><\/h4>\n<p><strong>Ausserhalb der Reichweite von Kindern aufbewahren.<\/strong><\/p>\n<p><strong>Nahrungserg\u00e4nzungsmittel, das schwangeren Frauen nicht empfohlen wird, sofern nicht anders angegeben.<\/strong><\/p>\n<p><strong>Vor Feuchtigkeit gesch\u00fctzt an einem k\u00fchlen, trockenen Ort aufbewahren.<\/strong><\/p>\n<p><strong>Die empfohlene Tagesdosis darf nicht \u00fcberschritten werden.<\/strong><\/p>\n<p><strong>Im Rahmen einer gesunden Lebensweise und einer abwechslungsreichen und ausgewogenen Ern\u00e4hrung verzehren.<\/strong><\/p>\n<p>&nbsp;<\/p>\n<p>&nbsp;<\/p>\n","protected":false},"excerpt":{"rendered":"<h5><strong>Vitamin D3 2000 IE 60 Portionen von OstroVit.<\/strong><\/h5>\n<p><strong>Vitamin D3 2000 IE ist ein hochwertiges Nahrungserg\u00e4nzungsmittel, das Vitamin D3 enth\u00e4lt. Dieses Pr\u00e4parat ist in Form von gut resorbierbaren Kapseln erh\u00e4ltlich und wurde f\u00fcr Personen entwickelt, die ihre t\u00e4gliche Ern\u00e4hrung mit einem wertvollen Mikron\u00e4hrstoff erg\u00e4nzen m\u00f6chten.<\/strong><\/p>\n<p><strong>Enth\u00e4lt 2000 IE *50 \u00b5g* Vitamin D3 pro Kapsel.<\/strong><\/p>\n<p><strong>1 Packung enth\u00e4lt 60 Kapseln f\u00fcr 60 Tage.<\/strong><\/p>\n","protected":false},"featured_media":43438,"comment_status":"open","ping_status":"closed","template":"","meta":[],"product_cat":[1762,1768,1798],"product_tag":[],"class_list":{"0":"post-43441","1":"product","2":"type-product","3":"status-publish","4":"has-post-thumbnail","6":"product_cat-sporternaehrung","7":"product_cat-gesundheit-diaet","8":"product_cat-ostrovit-de","10":"first","11":"instock","12":"taxable","13":"shipping-taxable","14":"purchasable","15":"product-type-simple"},"tiered_pricing_type":"fixed","tiered_pricing_fixed_rules":[],"tiered_pricing_product_settings":{"layout":"default","base_unit_name":{"singular":null,"plural":null},"default_variation":null},"tiered_pricing_minimum_quantity":null,"tiered_pricing_roles_data":[],"tiered_pricing_percentage_rules":[],"_links":{"self":[{"href":"https:\/\/keepfitnutrition.ch\/de\/wp-json\/wp\/v2\/product\/43441","targetHints":{"allow":["GET"]}}],"collection":[{"href":"https:\/\/keepfitnutrition.ch\/de\/wp-json\/wp\/v2\/product"}],"about":[{"href":"https:\/\/keepfitnutrition.ch\/de\/wp-json\/wp\/v2\/types\/product"}],"replies":[{"embeddable":true,"href":"https:\/\/keepfitnutrition.ch\/de\/wp-json\/wp\/v2\/comments?post=43441"}],"wp:featuredmedia":[{"embeddable":true,"href":"https:\/\/keepfitnutrition.ch\/de\/wp-json\/wp\/v2\/media\/43438"}],"wp:attachment":[{"href":"https:\/\/keepfitnutrition.ch\/de\/wp-json\/wp\/v2\/media?parent=43441"}],"wp:term":[{"taxonomy":"product_cat","embeddable":true,"href":"https:\/\/keepfitnutrition.ch\/de\/wp-json\/wp\/v2\/product_cat?post=43441"},{"taxonomy":"product_tag","embeddable":true,"href":"https:\/\/keepfitnutrition.ch\/de\/wp-json\/wp\/v2\/product_tag?post=43441"}],"curies":[{"name":"wp","href":"https:\/\/api.w.org\/{rel}","templated":true}]}}