{"id":43424,"date":"2025-09-05T15:13:09","date_gmt":"2025-09-05T15:13:09","guid":{"rendered":"https:\/\/keepfitnutrition.ch\/?post_type=product&#038;p=43424"},"modified":"2026-03-18T09:38:07","modified_gmt":"2026-03-18T09:38:07","slug":"biotin-plus-ostrovit","status":"publish","type":"product","link":"https:\/\/keepfitnutrition.ch\/de\/produkt\/biotin-plus-ostrovit\/","title":{"rendered":"BIOTIN PLUS OSTROVIT"},"content":{"rendered":"<h3 style=\"text-align: center;\"><strong>Biotin Plus 100 Tablet von Ostrovit.<\/strong><\/h3>\n<p><img loading=\"lazy\" decoding=\"async\" class=\"alignnone size-full wp-image-43431 aligncenter\" src=\"https:\/\/keepfitnutrition.ch\/wp-content\/uploads\/2025\/08\/Biotin-Plus-Ostrovit-Maketing-K.webp\" alt=\"\" width=\"800\" height=\"800\" srcset=\"https:\/\/keepfitnutrition.ch\/wp-content\/uploads\/2025\/08\/Biotin-Plus-Ostrovit-Maketing-K.webp 800w, https:\/\/keepfitnutrition.ch\/wp-content\/uploads\/2025\/08\/Biotin-Plus-Ostrovit-Maketing-K-280x280.webp 280w, https:\/\/keepfitnutrition.ch\/wp-content\/uploads\/2025\/08\/Biotin-Plus-Ostrovit-Maketing-K-768x768.webp 768w, https:\/\/keepfitnutrition.ch\/wp-content\/uploads\/2025\/08\/Biotin-Plus-Ostrovit-Maketing-K-300x300.webp 300w, https:\/\/keepfitnutrition.ch\/wp-content\/uploads\/2025\/08\/Biotin-Plus-Ostrovit-Maketing-K-600x600.webp 600w, https:\/\/keepfitnutrition.ch\/wp-content\/uploads\/2025\/08\/Biotin-Plus-Ostrovit-Maketing-K-100x100.webp 100w\" sizes=\"auto, (max-width: 800px) 100vw, 800px\" \/><\/p>\n<p><strong>Biotin *Vitamin B7* ist eine wasserl\u00f6sliche organische Verbindung aus der Gruppe der Vitamine. Es kann aus tierischen und pflanzlichen Organismen gewonnen werden. Es ist wichtig zu beachten, dass es als Coenzym bei der Synthese von Enzymen eine wichtige Rolle f\u00fcr unseren Organismus spielt. Es ist indirekt an der Glukoneogenese und am Krebszyklus beteiligt. Es kann die Hautregeneration f\u00f6rdern.<\/strong><\/p>\n<p><strong>Zink ist eines der essentiellen Mineralstoffe in der menschlichen Ern\u00e4hrung. Es spielt eine wichtige Rolle als Bestandteil von Dutzenden verschiedener Enzyme. Es kommt haupts\u00e4chlich in Fleischprodukten, Eiern, Austern, Fisch und H\u00fclsenfr\u00fcchten vor. Forschungsergebnisse deuten darauf hin, dass ein niedriger Zinkspiegel die Insulinempfindlichkeit verringern, aber auch zu einem erh\u00f6hten Testosteronspiegel f\u00fchren kann. Zink wird haupts\u00e4chlich \u00fcber den Schweiss ausgeschieden, weshalb eine Zinkerg\u00e4nzung f\u00fcr Sportler mit Zinkmangel unerl\u00e4sslich ist. Ein Zinkmangel kann sich durch Hautver\u00e4nderungen wie Akne oder Geschw\u00fcre \u00e4ussern.<\/strong><\/p>\n<p><strong>Selen ist ein f\u00fcr unseren K\u00f6rper essentielles Mineral. Es kommt in organischer und anorganischer Form vor. Es spielt eine wichtige Rolle im K\u00f6rper: Es ist f\u00fcr die ordnungsgem\u00e4sse Funktion von Enzymen notwendig, tr\u00e4gt zur Beseitigung freier Radikale bei und sch\u00fctzt Zellen und rote Blutk\u00f6rperchen vor deren toxischen Auswirkungen. Es tr\u00e4gt zur Gesundheit von Haaren und N\u00e4geln bei, reguliert die ordnungsgem\u00e4sse Funktion des Immunsystems, ist f\u00fcr die Gesundheit der Schilddr\u00fcse verantwortlich und spielt sogar eine Rolle bei der ordnungsgem\u00e4ssen Spermatogenese.<\/strong><\/p>\n<p><strong>Fols\u00e4ure ist ein essentielles Vitamin, das oft als Vitamin B9 bezeichnet wird. Als chemische Verbindung pflanzlichen Ursprungs spielt es eine wichtige Rolle f\u00fcr das Wachstum von Neugeborenen und ist f\u00fcr die Planung einer Schwangerschaft unerl\u00e4sslich. Die Einnahme von Fols\u00e4urepr\u00e4paraten ist f\u00fcr schwangere Frauen manchmal notwendig, da Fols\u00e4ure thermisch instabil ist und bei W\u00e4rmebehandlungen wie Kochen, Backen oder Braten zerf\u00e4llt *sich zersetzt*.<\/strong><\/p>\n<h4><span style=\"color: #d0121a;\"><strong>Anwendungsempfehlung: <\/strong><\/span><\/h4>\n<p><span style=\"color: #d0121a;\"><strong>Nehmen Sie t\u00e4glich 1 Tablette *Portion* mit einem Glas Wasser nach einer Mahlzeir ein.<\/strong><\/span><\/p>\n<h4><strong>Zutaten:<\/strong><\/h4>\n<p><strong>F\u00fcllstoff: mikrokristalline Cellulose; Zinkpicolinat (Zink), St\u00e4rke, L-Selenomethionin (Selen), Trennmittel: Magnesiumsalze von Fetts\u00e4uren, Siliciumdioxid; D-Biotin (Biotin), Pteroylmonoglutamins\u00e4ure (Fols\u00e4ure).<\/strong><\/p>\n<h4><strong>Allergene:<\/strong><\/h4>\n<p><strong>Das Produkt kann Milch (einschliesslich Laktose), Soja, Erdn\u00fcsse, andere N\u00fcsse, Sesam, Hafer, Eier und Krustentiere enthalten.<\/strong><\/p>\n<h4><strong>Warnhinweis<\/strong><\/h4>\n<p><strong>Ausserhalb der Reichweite von Kindern aufbewahren.<\/strong><\/p>\n<p><strong>Nahrungserg\u00e4nzungsmittel nicht f\u00fcr schwangere Frauen empfohlen, sofern nicht anders angegeben.<\/strong><\/p>\n<p><strong>Vor Feuchtigkeit gesch\u00fctzt an einem k\u00fchlen, trockenen Ort aufbewahren.<\/strong><\/p>\n<p><strong>Die empfohlene Tagesdosis darf nicht \u00fcberschritten werden.<\/strong><\/p>\n<p><strong>Im Rahmen einer gesunden Lebensweise und einer abwechslungsreichen, ausgewogenen Ern\u00e4hrung zu verzehren.<\/strong><\/p>\n","protected":false},"excerpt":{"rendered":"<h5><strong>Biotin Plus 100 Tablet von Ostrovit.<\/strong><\/h5>\n<p><strong>Reich an Biotin 2500 \u00b5g.<\/strong><\/p>\n<p><strong>Mit Zink, Selen und Fols\u00e4ure angereichert.<\/strong><\/p>\n<p><strong>Tr\u00e4gt zur Erhaltung normaler Haare und Haut bei.<\/strong><\/p>\n<p><strong>Tr\u00e4gt zur normalen Funktion des Immunsystems bei.<\/strong><\/p>\n","protected":false},"featured_media":43427,"comment_status":"open","ping_status":"closed","template":"","meta":[],"product_cat":[1762,1768,1798],"product_tag":[],"class_list":{"0":"post-43424","1":"product","2":"type-product","3":"status-publish","4":"has-post-thumbnail","6":"product_cat-sporternaehrung","7":"product_cat-gesundheit-diaet","8":"product_cat-ostrovit-de","10":"first","11":"outofstock","12":"taxable","13":"shipping-taxable","14":"purchasable","15":"product-type-simple"},"tiered_pricing_type":"fixed","tiered_pricing_fixed_rules":[],"tiered_pricing_product_settings":{"layout":"default","base_unit_name":{"singular":null,"plural":null},"default_variation":null},"tiered_pricing_minimum_quantity":null,"tiered_pricing_roles_data":[],"tiered_pricing_percentage_rules":[],"_links":{"self":[{"href":"https:\/\/keepfitnutrition.ch\/de\/wp-json\/wp\/v2\/product\/43424","targetHints":{"allow":["GET"]}}],"collection":[{"href":"https:\/\/keepfitnutrition.ch\/de\/wp-json\/wp\/v2\/product"}],"about":[{"href":"https:\/\/keepfitnutrition.ch\/de\/wp-json\/wp\/v2\/types\/product"}],"replies":[{"embeddable":true,"href":"https:\/\/keepfitnutrition.ch\/de\/wp-json\/wp\/v2\/comments?post=43424"}],"wp:featuredmedia":[{"embeddable":true,"href":"https:\/\/keepfitnutrition.ch\/de\/wp-json\/wp\/v2\/media\/43427"}],"wp:attachment":[{"href":"https:\/\/keepfitnutrition.ch\/de\/wp-json\/wp\/v2\/media?parent=43424"}],"wp:term":[{"taxonomy":"product_cat","embeddable":true,"href":"https:\/\/keepfitnutrition.ch\/de\/wp-json\/wp\/v2\/product_cat?post=43424"},{"taxonomy":"product_tag","embeddable":true,"href":"https:\/\/keepfitnutrition.ch\/de\/wp-json\/wp\/v2\/product_tag?post=43424"}],"curies":[{"name":"wp","href":"https:\/\/api.w.org\/{rel}","templated":true}]}}