{"id":43365,"date":"2025-09-04T16:16:32","date_gmt":"2025-09-04T16:16:32","guid":{"rendered":"https:\/\/keepfitnutrition.ch\/?post_type=product&#038;p=43365"},"modified":"2026-03-27T14:46:50","modified_gmt":"2026-03-27T14:46:50","slug":"cooking-spray-coconut-oil-2","status":"publish","type":"product","link":"https:\/\/keepfitnutrition.ch\/de\/produkt\/cooking-spray-coconut-oil-2\/","title":{"rendered":"COOKING SPRAY COCONUT OIL"},"content":{"rendered":"<h3 style=\"text-align: center;\"><strong>Cooking Spray <\/strong><strong>Coconut Oil<\/strong><\/h3>\n<h3><img loading=\"lazy\" decoding=\"async\" class=\"alignnone size-medium wp-image-44614 aligncenter\" src=\"https:\/\/keepfitnutrition.ch\/wp-content\/uploads\/2025\/09\/Cooking-Spray-190ml-Marketing-Ok-800x789.webp\" alt=\"\" width=\"800\" height=\"789\" srcset=\"https:\/\/keepfitnutrition.ch\/wp-content\/uploads\/2025\/09\/Cooking-Spray-190ml-Marketing-Ok-800x789.webp 800w, https:\/\/keepfitnutrition.ch\/wp-content\/uploads\/2025\/09\/Cooking-Spray-190ml-Marketing-Ok-768x758.webp 768w, https:\/\/keepfitnutrition.ch\/wp-content\/uploads\/2025\/09\/Cooking-Spray-190ml-Marketing-Ok-600x592.webp 600w, https:\/\/keepfitnutrition.ch\/wp-content\/uploads\/2025\/09\/Cooking-Spray-190ml-Marketing-Ok-100x100.webp 100w, https:\/\/keepfitnutrition.ch\/wp-content\/uploads\/2025\/09\/Cooking-Spray-190ml-Marketing-Ok.webp 1037w\" sizes=\"auto, (max-width: 800px) 100vw, 800px\" \/><\/h3>\n<h3 style=\"text-align: center;\"><img loading=\"lazy\" decoding=\"async\" class=\"alignnone size-full wp-image-43369 aligncenter\" src=\"https:\/\/keepfitnutrition.ch\/wp-content\/uploads\/2025\/07\/Cooking-Spray-190ml-One-Cal-Fiche-.webp-K.webp\" alt=\"\" width=\"800\" height=\"800\" srcset=\"https:\/\/keepfitnutrition.ch\/wp-content\/uploads\/2025\/07\/Cooking-Spray-190ml-One-Cal-Fiche-.webp-K.webp 800w, https:\/\/keepfitnutrition.ch\/wp-content\/uploads\/2025\/07\/Cooking-Spray-190ml-One-Cal-Fiche-.webp-K-280x280.webp 280w, https:\/\/keepfitnutrition.ch\/wp-content\/uploads\/2025\/07\/Cooking-Spray-190ml-One-Cal-Fiche-.webp-K-768x768.webp 768w, https:\/\/keepfitnutrition.ch\/wp-content\/uploads\/2025\/07\/Cooking-Spray-190ml-One-Cal-Fiche-.webp-K-300x300.webp 300w, https:\/\/keepfitnutrition.ch\/wp-content\/uploads\/2025\/07\/Cooking-Spray-190ml-One-Cal-Fiche-.webp-K-600x600.webp 600w, https:\/\/keepfitnutrition.ch\/wp-content\/uploads\/2025\/07\/Cooking-Spray-190ml-One-Cal-Fiche-.webp-K-100x100.webp 100w\" sizes=\"auto, (max-width: 800px) 100vw, 800px\" \/><\/h3>\n<p><strong>Di\u00e4tetische Kochsprays, mit denen Sie Ihre Lieblingsgerichte ganz einfach und ohne \u00fcberfl\u00fcssige Kalorien und Fette zubereiten k\u00f6nnen. Tats\u00e4chlich ist es heute m\u00f6glich, Fleisch, Fisch, Gem\u00fcse oder sogar Pfannkuchen und Cr\u00eapes mit einem geruchlosen Spray aus Kokos\u00f6l zuzubereiten, ohne Ihre Ern\u00e4hrung oder selbst die strengste Di\u00e4t zu beeintr\u00e4chtigen. In Form von 100% nat\u00fcrlichem, kalorienfreiem Kokos\u00f6l- oder Butterspray m\u00fcssen Sie nur ein paar Spr\u00fchst\u00f6sse verwenden, um Ihre Speisen zu garen, zu braten oder zu r\u00f6sten, ohne dass sie w\u00e4hrend des Garvorgangs ankleben.<\/strong><\/p>\n<h4><strong>Anwendungsempfehlung:<\/strong><\/h4>\n<p><strong>Spr\u00fchen Sie das Produkt in einem Abstand von etwa 20 cm senkrecht auf eine Pfanne oder einen nicht erhitzten Backofen. Vor Gebrauch gut sch\u00fctteln.<\/strong><\/p>\n<p><strong>Ohne k\u00fcnstliche Farbstoffe, Aromen oder Konservierungsstoffe.<\/strong><\/p>\n","protected":false},"excerpt":{"rendered":"<h5><span style=\"color: #2445a2;\"><strong>Cooking Spray Coconut Oil 190ml from International Collection<\/strong><\/span><\/h5>\n<p><span style=\"color: #2445a2;\"><strong>Wenn man eine Di\u00e4t macht, ist es sehr schwierig, Speisen ohne Butter zuzubereiten. Mit dem Cooking Spray k\u00f6nnen Sie Ihre Lieblinsgerichte ganz einfach zubereiten. So wird Ihre t\u00e4gliche Ern\u00e4hrung abwechslungsreicher und leckerer, und Sie m\u00fcssen sich nicht mehr einschr\u00e4nken. <\/strong><\/span><\/p>\n<p><span style=\"color: #2445a2;\"><strong>Ideal f\u00fcr Pfannkuchen, Cr\u00eapes, Fleisch, Fisch und Ihre Lieblingsgerichte.<\/strong><\/span><\/p>\n","protected":false},"featured_media":43367,"comment_status":"open","ping_status":"closed","template":"","meta":[],"product_cat":[1762,1768,1760],"product_tag":[],"class_list":{"0":"post-43365","1":"product","2":"type-product","3":"status-publish","4":"has-post-thumbnail","6":"product_cat-sporternaehrung","7":"product_cat-gesundheit-diaet","8":"product_cat-zubehoer","9":"pa_contenance-141g_-de","11":"first","12":"instock","13":"taxable","14":"shipping-taxable","15":"purchasable","16":"product-type-simple"},"tiered_pricing_type":"fixed","tiered_pricing_fixed_rules":[],"tiered_pricing_product_settings":{"layout":"default","base_unit_name":{"singular":null,"plural":null},"default_variation":null},"tiered_pricing_minimum_quantity":null,"tiered_pricing_roles_data":[],"tiered_pricing_percentage_rules":[],"_links":{"self":[{"href":"https:\/\/keepfitnutrition.ch\/de\/wp-json\/wp\/v2\/product\/43365","targetHints":{"allow":["GET"]}}],"collection":[{"href":"https:\/\/keepfitnutrition.ch\/de\/wp-json\/wp\/v2\/product"}],"about":[{"href":"https:\/\/keepfitnutrition.ch\/de\/wp-json\/wp\/v2\/types\/product"}],"replies":[{"embeddable":true,"href":"https:\/\/keepfitnutrition.ch\/de\/wp-json\/wp\/v2\/comments?post=43365"}],"wp:featuredmedia":[{"embeddable":true,"href":"https:\/\/keepfitnutrition.ch\/de\/wp-json\/wp\/v2\/media\/43367"}],"wp:attachment":[{"href":"https:\/\/keepfitnutrition.ch\/de\/wp-json\/wp\/v2\/media?parent=43365"}],"wp:term":[{"taxonomy":"product_cat","embeddable":true,"href":"https:\/\/keepfitnutrition.ch\/de\/wp-json\/wp\/v2\/product_cat?post=43365"},{"taxonomy":"product_tag","embeddable":true,"href":"https:\/\/keepfitnutrition.ch\/de\/wp-json\/wp\/v2\/product_tag?post=43365"}],"curies":[{"name":"wp","href":"https:\/\/api.w.org\/{rel}","templated":true}]}}