{"id":43116,"date":"2025-06-17T11:58:35","date_gmt":"2025-06-17T11:58:35","guid":{"rendered":"https:\/\/keepfitnutrition.ch\/?post_type=product&#038;p=43116"},"modified":"2026-04-15T16:30:18","modified_gmt":"2026-04-15T16:30:18","slug":"100-whey-gold-standard","status":"publish","type":"product","link":"https:\/\/keepfitnutrition.ch\/de\/produkt\/100-whey-gold-standard\/","title":{"rendered":"100% WHEY GOLD STANDARD"},"content":{"rendered":"<h2 style=\"text-align: center;\"><strong>100% Whey Gold Standard.<\/strong><img loading=\"lazy\" decoding=\"async\" class=\"alignnone size-medium wp-image-43150 aligncenter\" src=\"https:\/\/keepfitnutrition.ch\/wp-content\/uploads\/2025\/06\/Gold-Standard-Whey-Marketing-_1-800x800.webp\" alt=\"\" width=\"800\" height=\"800\" srcset=\"https:\/\/keepfitnutrition.ch\/wp-content\/uploads\/2025\/06\/Gold-Standard-Whey-Marketing-_1-800x800.webp 800w, https:\/\/keepfitnutrition.ch\/wp-content\/uploads\/2025\/06\/Gold-Standard-Whey-Marketing-_1-280x280.webp 280w, https:\/\/keepfitnutrition.ch\/wp-content\/uploads\/2025\/06\/Gold-Standard-Whey-Marketing-_1-768x768.webp 768w, https:\/\/keepfitnutrition.ch\/wp-content\/uploads\/2025\/06\/Gold-Standard-Whey-Marketing-_1-300x300.webp 300w, https:\/\/keepfitnutrition.ch\/wp-content\/uploads\/2025\/06\/Gold-Standard-Whey-Marketing-_1-600x600.webp 600w, https:\/\/keepfitnutrition.ch\/wp-content\/uploads\/2025\/06\/Gold-Standard-Whey-Marketing-_1-100x100.webp 100w, https:\/\/keepfitnutrition.ch\/wp-content\/uploads\/2025\/06\/Gold-Standard-Whey-Marketing-_1.webp 894w\" sizes=\"auto, (max-width: 800px) 100vw, 800px\" \/><\/h2>\n<h4><strong>Worum geht es?<\/strong><\/h4>\n<p><strong>Ein Erg\u00e4nzungsern\u00e4hrungsmittel aus sehr guten Proteinquellen mit einem hohen Anteil an Molkeproteinisolat.<\/strong><\/p>\n<h4><strong>Seine St\u00e4rken:<\/strong><\/h4>\n<ul>\n<li><strong>24 g reines Molkeprotein pro Portion.<\/strong><\/li>\n<li><strong>Enth\u00e4lt hervorragende Molkeproteinquellen *Whey*.<\/strong><\/li>\n<li><strong>Mit dem hohen Anteil an Molkeproteinisolat.<\/strong><\/li>\n<li><strong>Hydrolysiertes Protein mit niedrigem Molekulargewicht f\u00fcr eine effiziente Assimilation.<\/strong><\/li>\n<li><strong>Sehr laktosearm<\/strong><\/li>\n<li><strong>4g Glutamin pro Portion<\/strong><\/li>\n<li><strong>5 g BCAA&#8217;s *Leucin, Isoleucin, Valin* pro Portion.<\/strong><\/li>\n<\/ul>\n<p><strong>100% Whey Gold Standard liefert 24 g Protein, das auf konzentriertem Milchprotein *WPC*, Milchproteinisolat *WPI* und hydrolysiertem Protein *WPH* basiert, wodurch es weniger als 1 g Zucker pro Portion und mehr als 5 g BCAAs enth\u00e4lt und somit ideal f\u00fcr die Muskelerholung ist.<\/strong><\/p>\n<h4><strong>Zutaten:<\/strong><\/h4>\n<p><strong>Proteinmischung *WPI Molkeproteinisolat**Sojalecithin**WPC Molkeproteinkonzentrat**WPH hydrolysiertes Molkeproteinisolat*, Aroma, S\u00fcssstoffe: Acesulfam-K, Sucralose, Enzymkomplex *Amylase, Protease, Cellulase.<\/strong><\/p>\n<h4><strong>N\u00e4hrwertangaben f\u00fcr 1 Portion 30g:<\/strong><\/h4>\n<p><strong>113 Kalorien &#8211; 0.4g Fett &#8211; 1.7g Kohlenhydrate &#8211; 1g Zucker &#8211; 24g Eiweiss &#8211; 0.07g Salz.<\/strong><\/p>\n<p><strong>Die N\u00e4hrwertangaben k\u00f6nnen je nach Geschmacksrichtung leicht variieren.<\/strong><\/p>\n<h4><strong><span lang=\"de-ch\" style=\"color: #c00000;\" xml:lang=\"de-ch\">Empfehlung f\u00fcr die Verwendung:<\/span><\/strong><\/h4>\n<p class=\"Style1\"><strong><span lang=\"de-ch\" style=\"color: #c00000;\" xml:lang=\"de-ch\">R\u00fchren Sie je nach K\u00f6rpergewicht 2x t\u00e4glich 30-40gr (1scoop = 30gr) Pulver in 2-3dl k\u00fchlem Wasser zum Fr\u00fchst\u00fcck und direkt nach dem Training an.<\/span><\/strong><\/p>\n<h4><strong>Warnhinweis<\/strong><\/h4>\n<p class=\"Style1\"><strong><span lang=\"de-ch\" xml:lang=\"de-ch\">Dieses Produkt ist kein Ersatz f\u00fcr eine Mahlzeit, sondern ein Nahrungserg\u00e4nzungsmittel, das im Rahmen einer gesunden und ausgewogenen Lebensweise verwendet werden sollte.<\/span><\/strong><\/p>\n<p class=\"Style1\"><strong><span lang=\"de-ch\" xml:lang=\"de-ch\">\u00dcberschreiten Sie nicht die empfohlene Dosis.<\/span><\/strong><\/p>\n<p class=\"Style1\"><strong><span lang=\"de-ch\" xml:lang=\"de-ch\">Nicht f\u00fcr schwangere oder stillende Frauen empfohlen, sofern nicht anders empfohlen.<\/span><\/strong><\/p>\n<p class=\"Style1\"><strong><span lang=\"de-ch\" xml:lang=\"de-ch\">Ausserhalb der Reichweite von Kindern aufbewahren.<\/span><\/strong><\/p>\n","protected":false},"excerpt":{"rendered":"<h5><strong>100% Whey Gold Standard von Optimum Nutrition<\/strong><\/h5>\n<p><strong>Dieser Komplex aus drei Whey-Proteinen ist ideal f\u00fcr Personen, die den Muskelaufbau unterst\u00fctzen m\u00f6chten. Er ist seit mehreren Jahren auf dem Markt f\u00fcr Nahrungserg\u00e4nzungsmittel anerkannt und geh\u00f6rt zu den Referenzen in seiner Kategorie.<\/strong><\/p>\n<p><strong>1.30chf\/die Portion.<\/strong><\/p>\n","protected":false},"featured_media":43141,"comment_status":"open","ping_status":"closed","template":"","meta":[],"product_cat":[1762,1764],"product_tag":[2972],"class_list":{"0":"post-43116","1":"product","2":"type-product","3":"status-publish","4":"has-post-thumbnail","6":"product_cat-sporternaehrung","7":"product_cat-protein","8":"product_tag-optimum-nutrition-de","9":"pa_aromes-double-rich-chocolate","10":"pa_aromes-vanillaicecream-de","11":"pa_contenance-2270g-de","12":"pa_contenance-450g-de","14":"first","15":"instock","16":"taxable","17":"shipping-taxable","18":"purchasable","19":"product-type-variable","20":"has-default-attributes"},"tiered_pricing_type":"fixed","tiered_pricing_fixed_rules":[],"tiered_pricing_product_settings":{"layout":"default","base_unit_name":{"singular":null,"plural":null},"default_variation":null},"tiered_pricing_minimum_quantity":null,"tiered_pricing_roles_data":[],"tiered_pricing_percentage_rules":[],"_links":{"self":[{"href":"https:\/\/keepfitnutrition.ch\/de\/wp-json\/wp\/v2\/product\/43116","targetHints":{"allow":["GET"]}}],"collection":[{"href":"https:\/\/keepfitnutrition.ch\/de\/wp-json\/wp\/v2\/product"}],"about":[{"href":"https:\/\/keepfitnutrition.ch\/de\/wp-json\/wp\/v2\/types\/product"}],"replies":[{"embeddable":true,"href":"https:\/\/keepfitnutrition.ch\/de\/wp-json\/wp\/v2\/comments?post=43116"}],"wp:featuredmedia":[{"embeddable":true,"href":"https:\/\/keepfitnutrition.ch\/de\/wp-json\/wp\/v2\/media\/43141"}],"wp:attachment":[{"href":"https:\/\/keepfitnutrition.ch\/de\/wp-json\/wp\/v2\/media?parent=43116"}],"wp:term":[{"taxonomy":"product_cat","embeddable":true,"href":"https:\/\/keepfitnutrition.ch\/de\/wp-json\/wp\/v2\/product_cat?post=43116"},{"taxonomy":"product_tag","embeddable":true,"href":"https:\/\/keepfitnutrition.ch\/de\/wp-json\/wp\/v2\/product_tag?post=43116"}],"curies":[{"name":"wp","href":"https:\/\/api.w.org\/{rel}","templated":true}]}}