{"id":43094,"date":"2025-08-03T12:32:49","date_gmt":"2025-08-03T12:32:49","guid":{"rendered":"https:\/\/keepfitnutrition.ch\/?post_type=product&#038;p=43094"},"modified":"2026-02-12T11:10:14","modified_gmt":"2026-02-12T11:10:14","slug":"menosan-himalaya","status":"publish","type":"product","link":"https:\/\/keepfitnutrition.ch\/de\/produkt\/menosan-himalaya\/","title":{"rendered":"MENOSAN"},"content":{"rendered":"<h3 style=\"text-align: center;\"><strong>Menosan 60 Tablets von Himalaya.<\/strong><\/h3>\n<h4 style=\"text-align: center;\"><strong>Tr\u00e4gt zur Gesunderhaltung der Fortpflanzungsorgane bei. Asparagus racemosus unterst\u00fctzt das weibliche Fortpflanzungssystem.<\/strong><\/h4>\n<p><strong>Menosan ist ein Nahrungserg\u00e4nzungsmittel der Marke Himalaya Herbals und wurde entwickelt, um bei der Bew\u00e4ltigung der Symptome der Menopause zu helfen. Es enth\u00e4lt Phyto\u00f6strogene, die als selektive Modulatoren der \u00d6strogenrezeptoren fungieren und dabei helfen, Beschwerden wie Hitzewallungen und Nachtschweiss zu lindern.<\/strong><\/p>\n<p><strong>Menosan ist eine exklusive, patentierte Kr\u00e4uterformel, die Frauen hilft, die gelegentlichen Herausforderungen zu bek\u00e4mpfen, die mit den Wechseljahren verbunden sind. Es f\u00f6rdert das k\u00f6rperliche und emotionale Wohlbefinden in den Wechseljahren und nach den Wechseljahren und hilft bei gelegentlichen Stimmungsschwankungen, Schlaflosigkeit, Reizbarkeit und M\u00fcdigkeit, die h\u00e4ufig von Frauen berichtet werden.<\/strong><\/p>\n<p><strong>Menosan bietet einen umfassenden Ansatz f\u00fcr die Gesundheit der Frau, der das hormonelle Gleichgewicht im Allgemeinen f\u00f6rdert. Menosan f\u00f6rdert auch eine gesunde Funktion der Harnwege sowie eine beruhigende Wirkung, um ein optimales Wohlgef\u00fchl zu erzeugen.<\/strong><\/p>\n<h4><strong>Wichtigste Eigenschaften<\/strong><\/h4>\n<ul>\n<li><strong>Bietet k\u00f6rperliche und emotionale Unterst\u00fctzung f\u00fcr Frauen in den Wechseljahren<\/strong><\/li>\n<li><strong>Hilft Frauen bei den nat\u00fcrlichen Beschwerden und Spannungen, die w\u00e4hrend der Wechseljahre im K\u00f6rper auftreten<\/strong><\/li>\n<li><strong>Verbessert den Hormonverbrauch und das hormonelle Gleichgewicht im Allgemeinen<\/strong><\/li>\n<li><strong>Wirkt als Tonikum f\u00fcr die Nerven und die nat\u00fcrlichen Beschwerden der Wechseljahre.<\/strong><\/li>\n<\/ul>\n<h4><strong>Zutaten:<\/strong><\/h4>\n<ul>\n<li><strong>Gotu Kola (Centella Asiatica)<\/strong><\/li>\n<li><strong>Chebula (Terminalia Chebula)<\/strong><\/li>\n<li><strong>S\u00fcssholz (Glycyrrhiza Glabra)<\/strong><\/li>\n<li><strong>Malva (Sida Cordifolia)<\/strong><\/li>\n<li><strong>Shatavari (Asparagus Racemosua)<\/strong><\/li>\n<li><strong>Asoka Baum (Saraca Indica)<\/strong><\/li>\n<\/ul>\n<h4><strong><span style=\"color: #d0121a;\">Empfehlung f\u00fcr die Verwendung: <\/span><\/strong><\/h4>\n<p><strong><span style=\"color: #d0121a;\">1 Tablette zweimal t\u00e4glich zu den Mahlzeiten mit Wasser einnehmen.<\/span><\/strong><\/p>\n<h4><strong>Warnhinweis<\/strong><\/h4>\n<p class=\"textb\"><strong><span lang=\"de-ch\" style=\"color: #000000;\" xml:lang=\"de-ch\">Die empfohlene Tagesdosis nicht \u00fcberschreiten.<\/span><\/strong><\/p>\n<p class=\"textb\"><strong><span lang=\"de-ch\" style=\"color: #000000;\" xml:lang=\"de-ch\">Ausserhalb der Reichweite von Kleinkindern aufbewahren.<\/span><\/strong><\/p>\n<p class=\"textb\"><strong><span lang=\"de-ch\" style=\"color: #000000;\" xml:lang=\"de-ch\">Dieses Produkt ist kein Arzneimittel, sondern ein Nahrungserg\u00e4nzungsmittel, das nicht dazu bestimmt ist, eine allopathische Behandlung zu ersetzen.<\/span><\/strong><\/p>\n<p><strong>F\u00fcr Ihre Gesundheit sollten Sie regelm\u00e4ssig sportliche Aktivit\u00e4ten aus\u00fcben.<\/strong><\/p>\n","protected":false},"excerpt":{"rendered":"<h5><span style=\"color: #2445a2;\"><strong>Menosan von Himalaya Herbals <\/strong><\/span><\/h5>\n<p><span style=\"color: #2445a2;\"><strong>Hilft Frauen, mit dem Unbehagen und den unangenehmen Symptomen umzugehen, die mit den Wechseljahren einhergehen. <\/strong><\/span><\/p>\n<p><span style=\"color: #2445a2;\"><strong>Hilft, das Gleichgewicht der weiblichen Physiologie w\u00e4hrend und nach der Menopause aufrechtzuerhalten. Hilft bei Stimmungsschwankungen und Schlaflosigkeit. Unterst\u00fctzendes Tonikum gegen Hitzewallungen.<\/strong><\/span><\/p>\n<h5><strong>DLUO 06.2027.<\/strong><\/h5>\n","protected":false},"featured_media":43096,"comment_status":"open","ping_status":"closed","template":"","meta":[],"product_cat":[1762,1768],"product_tag":[2923,2963],"class_list":{"0":"post-43094","1":"product","2":"type-product","3":"status-publish","4":"has-post-thumbnail","6":"product_cat-sporternaehrung","7":"product_cat-gesundheit-diaet","8":"product_tag-himalaya-de","9":"product_tag-menosan","10":"pa_contenance-100tabletten-de","12":"first","13":"outofstock","14":"taxable","15":"shipping-taxable","16":"purchasable","17":"product-type-simple"},"tiered_pricing_type":"fixed","tiered_pricing_fixed_rules":[],"tiered_pricing_product_settings":{"layout":"default","base_unit_name":{"singular":null,"plural":null},"default_variation":null},"tiered_pricing_minimum_quantity":null,"tiered_pricing_roles_data":[],"tiered_pricing_percentage_rules":[],"_links":{"self":[{"href":"https:\/\/keepfitnutrition.ch\/de\/wp-json\/wp\/v2\/product\/43094","targetHints":{"allow":["GET"]}}],"collection":[{"href":"https:\/\/keepfitnutrition.ch\/de\/wp-json\/wp\/v2\/product"}],"about":[{"href":"https:\/\/keepfitnutrition.ch\/de\/wp-json\/wp\/v2\/types\/product"}],"replies":[{"embeddable":true,"href":"https:\/\/keepfitnutrition.ch\/de\/wp-json\/wp\/v2\/comments?post=43094"}],"wp:featuredmedia":[{"embeddable":true,"href":"https:\/\/keepfitnutrition.ch\/de\/wp-json\/wp\/v2\/media\/43096"}],"wp:attachment":[{"href":"https:\/\/keepfitnutrition.ch\/de\/wp-json\/wp\/v2\/media?parent=43094"}],"wp:term":[{"taxonomy":"product_cat","embeddable":true,"href":"https:\/\/keepfitnutrition.ch\/de\/wp-json\/wp\/v2\/product_cat?post=43094"},{"taxonomy":"product_tag","embeddable":true,"href":"https:\/\/keepfitnutrition.ch\/de\/wp-json\/wp\/v2\/product_tag?post=43094"}],"curies":[{"name":"wp","href":"https:\/\/api.w.org\/{rel}","templated":true}]}}