{"id":42892,"date":"2025-08-30T12:35:42","date_gmt":"2025-08-30T12:35:42","guid":{"rendered":"https:\/\/keepfitnutrition.ch\/?post_type=product&#038;p=42892"},"modified":"2026-03-04T12:57:03","modified_gmt":"2026-03-04T12:57:03","slug":"omega-3-1000mg-epax-90-caps","status":"publish","type":"product","link":"https:\/\/keepfitnutrition.ch\/de\/produkt\/omega-3-1000mg-epax-90-caps\/","title":{"rendered":"OMEGA 3 1000MG EPAX\u00ae"},"content":{"rendered":"<h3 style=\"text-align: center;\"><strong>Keep Fit Nutrition pr\u00e4sentiert Ihnen: Omega 3 mit dem EPAX\u00ae-Label, dem weltweit f\u00fchrenden Spezialisten f\u00fcr Omega-3-Konzentrate marinen Ursprungs.<\/strong><img loading=\"lazy\" decoding=\"async\" class=\"alignnone size-full wp-image-42886 aligncenter\" src=\"https:\/\/keepfitnutrition.ch\/wp-content\/uploads\/2025\/05\/Analyse-EPAX-Omega-3-K.webp\" alt=\"\" width=\"800\" height=\"800\" srcset=\"https:\/\/keepfitnutrition.ch\/wp-content\/uploads\/2025\/05\/Analyse-EPAX-Omega-3-K.webp 800w, https:\/\/keepfitnutrition.ch\/wp-content\/uploads\/2025\/05\/Analyse-EPAX-Omega-3-K-280x280.webp 280w, https:\/\/keepfitnutrition.ch\/wp-content\/uploads\/2025\/05\/Analyse-EPAX-Omega-3-K-768x768.webp 768w, https:\/\/keepfitnutrition.ch\/wp-content\/uploads\/2025\/05\/Analyse-EPAX-Omega-3-K-300x300.webp 300w, https:\/\/keepfitnutrition.ch\/wp-content\/uploads\/2025\/05\/Analyse-EPAX-Omega-3-K-600x600.webp 600w, https:\/\/keepfitnutrition.ch\/wp-content\/uploads\/2025\/05\/Analyse-EPAX-Omega-3-K-100x100.webp 100w\" sizes=\"auto, (max-width: 800px) 100vw, 800px\" \/><\/h3>\n<p><strong>Das EPAX\u00ae-Siegel garantiert die hohe Qualit\u00e4t und Reinheit von Omega-3-Fisch\u00f6len. Dieses Label, das aus dem gleichnamigen norwegischen Unternehmen hervorgegangen ist, ist streng und innovativ und hat sich zu einem international anerkannten Zeichen f\u00fcr Exzellenz in diesem Bereich entwickelt.<br \/>\nDas norwegische Unternehmen EPAX\u00ae ist der weltweit f\u00fchrende Spezialist f\u00fcr Omega-3-Konzentrate marinen Ursprungs und hat seinen Sitz in der Inselgruppe der Gemeinde Alesund, 230 km nord\u00f6stlich von Bergen. In diesem malerischen Fischereihafen liegen direkt am Kai der EPAX\u00ae-Fabrik die Boote mit den in kalten Gew\u00e4ssern gefangenen Wildfischen, aus denen die \u00d6le unter strengster Einhaltung der Anforderungen an eine umweltvertr\u00e4gliche Fischerei gewonnen werden.<\/strong><\/p>\n<p><strong>Diese nachhaltige Meeresfischerei ist in Gebieten erlaubt, die nach den Kriterien von *Friend of the Sea *FOS* zertifiziert sind. Diese Kriterien wurden von der 2008 gegr\u00fcndeten NGO aufgestellt, um sicherzustellen, dass die Produkte aus dem Meer stammen und von Unternehmen hergestellt werden, die sich f\u00fcr den Schutz der Ozeane einsetzen. FOS ist heute das erste und wichtigste internationale Zertifizierungssystem f\u00fcr nachhaltigen Fisch und Meeresfr\u00fcchte, das auf einer detaillierten Charta beruht: <\/strong><\/p>\n<p><strong>Keine Auswirkungen auf den Meeresboden<\/strong><\/p>\n<p><strong>Eine selektive Fangmethode<\/strong><\/p>\n<p><strong>Ein System der R\u00fcckverfolgbarkeit, das die Aufrechterhaltung der Konservierungskette erm\u00f6glicht.<\/strong><\/p>\n<h4><strong>Eine einzigartige Extraktionsmethode:<\/strong><\/h4>\n<p><strong>Das EPAX\u00ae-Label verwendet eine l\u00f6sungsmittelfreie Methode der Kaltextraktion von \u00d6len, die in hochmodernen Anlagen mit enzymatischer Konzentration und sanfter molekularer Destillation durchgef\u00fchrt wird.<\/strong><\/p>\n<p><strong>Sauerstoffr\u00fcckst\u00e4nde werden sorgf\u00e4ltig reduziert, um das Risiko einer Oxidation zu vermeiden, und es werden keine Chemikalien verwendet, um die besten Vorteile von Omega-3-Fetts\u00e4uren zu bieten.<\/strong><\/p>\n<p><strong>Dies ist eine essentielle Fetts\u00e4ure, die auch als mehrfach unges\u00e4ttigte S\u00e4ure bezeichnet wird. Es gibt tierische und pflanzliche Quellen, aber man findet es haupts\u00e4chlich in Wildfischen, die in kalten Gew\u00e4ssern gefangen werden. Omega 3 hat eine \u00e4usserst positive Wirkung auf die allgemeine Gesundheit; es f\u00f6rdert die Gesundheit des Herz-Kreislauf-Systems, senkt den Cholesterinspiegel im Blut, senkt den Blutdruck, verbessert die Gehirn- und Verdauungsfunktion und stimuliert das Immunsystem.<\/strong><\/p>\n<h4><strong>N\u00e4hrwertangaben f\u00fcr 1 Omega 3 EPAX\u00ae :<\/strong><\/h4>\n<p><strong>1000mg MSC Fisch\u00f6l aus nachhaltiger Fischerei<br \/>\n800mg Omega 3<br \/>\n400mg EPA<br \/>\n300mg DHA<br \/>\nTotox-Index &lt; 2<\/strong><\/p>\n<h4><span style=\"color: #d0121a;\"><strong>Verzehrempfehlung: <\/strong><\/span><\/h4>\n<p><span style=\"color: #d0121a;\"><strong>Nehmen Sie 1 bis 3 Kapseln t\u00e4glich mit einem Glas Wasser zu den Mahlzeiten ein, je nachdem, ob Sie eine Omega 3 reiche Ern\u00e4hrung haben oder nicht.<\/strong><\/span><\/p>\n<h4><strong>Zutaten:<\/strong><\/h4>\n<p><strong>Fisch\u00f6l, Meeresgelatine (Fisch), Feuchthaltemittel: Glycerin, Antioxidantien: Rosmarinextrakt und eine Mischung aus nat\u00fcrlichen Tocopherolen.<\/strong><\/p>\n<p><strong>Omega-3-Fetts\u00e4uren liegen in Form von Triglyceriden vor.<\/strong><\/p>\n<h4><strong>Warnhinweis<\/strong><\/h4>\n<p><strong>Au\u00dferhalb der Reichweite von Kindern aufbewahren.<\/strong><\/p>\n<p><strong>Das Produkt darf nicht von Kindern, schwangeren Frauen und stillenden M\u00fcttern eingenommen werden. <\/strong><\/p>\n<p><strong>Die empfohlene Tagesdosis darf nicht \u00fcberschritten werden.<\/strong><\/p>\n<p><strong>Nahrungserg\u00e4nzungsmittel nicht f\u00fcr schwangere Frauen geeignet, sofern nicht anders angeordnet.<\/strong><\/p>\n<p><strong>Vor Feuchtigkeit gesch\u00fctzt an einem k\u00fchlen, trockenen Ort aufbewahren.<\/strong><\/p>\n<p><strong>Im Rahmen einer gesunden Lebensweise und einer abwechslungsreichen, ausgewogenen Ern\u00e4hrung verzehren.<\/strong><\/p>\n<p><strong>Das Nahrungserg\u00e4nzungsmittel kann nicht als Ersatz f\u00fcr eine abwechslungsreiche Ern\u00e4hrung verwendet werden.<\/strong><\/p>\n<h4><strong>Details zu den gesundheitsbezogenen Angaben:<\/strong><\/h4>\n<p><strong>EPA und DHA tragen zu einer normalen Herzfunktion bei \/ DHA tr\u00e4gt zu einer normalen Gehirnfunktion bei.<\/strong><\/p>\n<p><strong>DHA tr\u00e4gt zur Erhaltung einer normalen Sehkraft bei.<\/strong><\/p>\n<p><strong>EPA und DHA tragen zu einem normalen Blutdruck bei.<\/strong><\/p>\n<h4><strong>Die Marke Keep Fit Nutrition<\/strong><\/h4>\n<p><strong>Das Team von Keep Fit Nutrition besteht aus leidenschaftlichen Fachleuten mit mehr als 15 Jahren Erfahrung im Bereich der Nachrungserg\u00e4nzungsmittel und der Sportern\u00e4hrung. Sie verf\u00fcren \u00fcber ein umfassendes Know-how in der Konzeption und Entwicklung von hochwertigen Sportern\u00e4hrungsprodukten, von denen die meisten mit einem Qualit\u00e4tslabel ausgezeichnet sind. Die Entwicklungsprozesse finden am Hauptsitz von Keep Fit Nutrition in Granges-Paccot sowie in den Labors der Produkte, die in Frankreich und Deutschland von einem Team hergestellet werden, das von seinem Beruf begeistert ist und die Marke Keep Fit Nutrition im Laufe der Zeit weiterentwickelt und das immer mit dem gleichen Schwerpunkt:\u00a0Qualit\u00e4t an erster Stelle!<\/strong><\/p>\n<h3 style=\"text-align: center;\"><\/h3>\n","protected":false},"excerpt":{"rendered":"<h5><strong>Omega 3 pure EPAX\u00ae 90 Kapseln von Keep Fit Nutrition<\/strong><\/h5>\n<p><strong>Keep Fit Nutrition pr\u00e4sentiert Ihnen: Omega 3 mit dem G\u00fctesiegel von EPAX\u00ae, dem weltweit f\u00fchrenden Spezialisten f\u00fcr Omega-3-Konzentrate marinen Ursprungs.<\/strong><\/p>\n<p><strong>Wir empfehlen Ihnen, Ihre Omega-3-Fetts\u00e4uren im K\u00fchlschrank zu lagern, um den Totox-Index *Gesamtoxidation* so niedrig wie m\u00f6glich zu halten.<\/strong><\/p>\n","protected":false},"featured_media":42884,"comment_status":"open","ping_status":"closed","template":"","meta":[],"product_cat":[1762,1768,1792],"product_tag":[2947,2945,2946],"class_list":{"0":"post-42892","1":"product","2":"type-product","3":"status-publish","4":"has-post-thumbnail","6":"product_cat-sporternaehrung","7":"product_cat-gesundheit-diaet","8":"product_cat-keep-fit-nutrition-de","9":"product_tag-epax-de","10":"product_tag-keep-fit-nutrition-de","11":"product_tag-omega-3-de","12":"pa_contenance-200kapseln_-de","14":"first","15":"instock","16":"taxable","17":"shipping-taxable","18":"purchasable","19":"product-type-simple"},"tiered_pricing_type":"fixed","tiered_pricing_fixed_rules":[],"tiered_pricing_product_settings":{"layout":"default","base_unit_name":{"singular":null,"plural":null},"default_variation":null},"tiered_pricing_minimum_quantity":null,"tiered_pricing_roles_data":[],"tiered_pricing_percentage_rules":[],"_links":{"self":[{"href":"https:\/\/keepfitnutrition.ch\/de\/wp-json\/wp\/v2\/product\/42892","targetHints":{"allow":["GET"]}}],"collection":[{"href":"https:\/\/keepfitnutrition.ch\/de\/wp-json\/wp\/v2\/product"}],"about":[{"href":"https:\/\/keepfitnutrition.ch\/de\/wp-json\/wp\/v2\/types\/product"}],"replies":[{"embeddable":true,"href":"https:\/\/keepfitnutrition.ch\/de\/wp-json\/wp\/v2\/comments?post=42892"}],"wp:featuredmedia":[{"embeddable":true,"href":"https:\/\/keepfitnutrition.ch\/de\/wp-json\/wp\/v2\/media\/42884"}],"wp:attachment":[{"href":"https:\/\/keepfitnutrition.ch\/de\/wp-json\/wp\/v2\/media?parent=42892"}],"wp:term":[{"taxonomy":"product_cat","embeddable":true,"href":"https:\/\/keepfitnutrition.ch\/de\/wp-json\/wp\/v2\/product_cat?post=42892"},{"taxonomy":"product_tag","embeddable":true,"href":"https:\/\/keepfitnutrition.ch\/de\/wp-json\/wp\/v2\/product_tag?post=42892"}],"curies":[{"name":"wp","href":"https:\/\/api.w.org\/{rel}","templated":true}]}}