{"id":42801,"date":"2024-07-24T11:26:52","date_gmt":"2024-07-24T11:26:52","guid":{"rendered":"https:\/\/keepfitnutrition.ch\/?post_type=product&#038;p=42801"},"modified":"2026-02-13T09:33:29","modified_gmt":"2026-02-13T09:33:29","slug":"reines-glycin-600g","status":"publish","type":"product","link":"https:\/\/keepfitnutrition.ch\/de\/produkt\/reines-glycin-600g\/","title":{"rendered":"REINES GLYCIN 600G."},"content":{"rendered":"<h3 style=\"text-align: center;\"><strong>Pures Glycin 100% kristallisiertes Pulver von Keep Fit Nutrition<\/strong><\/h3>\n<h4><strong>Das Glycin, das Ihr K\u00f6rper braucht<\/strong><\/h4>\n<p><strong>Glycin ist eine leicht s\u00fcssliche Aminos\u00e4ure mit zahlreichen gesundheitlichen Vorteilen, darunter die Verringerung von Entz\u00fcndungen, die Unterst\u00fctzung des Nervensystems und die Regeneration von Gewebe.<\/strong><\/p>\n<p><strong>Da Glycin vom K\u00f6rper synthetisiert werden kann, handelt es sich nicht um eine essentielle Aminos\u00e4ure. Sie kommt in unserer modernen Ern\u00e4hrung kaum oder gar nicht vor. Dennoch ist Glycin f\u00fcr die Abdeckung zahlreicher Funktionen im K\u00f6rper unerl\u00e4sslich, insbesondere f\u00fcr die Synthese der Kollagenfasern unserer Muskeln, Sehnen, B\u00e4nder und unserer Haut.<\/strong><\/p>\n<p><strong>Sie ist ausserdem die kleinste und einfachste Aminos\u00e4ure, wodurch sie f\u00fcr eine Vielzahl von Funktionen verwendet werden kann. Glycin wird f\u00fcr die Produktion von Glutathion, DNA, Kreatin, Galle, H\u00e4moglobin und den meisten Proteinen ben\u00f6tigt. Es tr\u00e4gt auch dazu bei, die Glykogenspeicherung zu f\u00f6rdern, wodurch Glukose leicht f\u00fcr die Energiegewinnung verf\u00fcgbar wird. Glycin fungiert auch als beruhigender Neurotransmitter im Gehirn, wo es die Nervenimpulse erleichtert und f\u00fcr die Aufrechterhaltung eines gesunden und erholsamen Schlafs wichtig ist.<\/strong><\/p>\n<h4><strong>Die Vorteile von Glycin sind zahlreich:<\/strong><\/h4>\n<p><strong>Entz\u00fcndungshemmend und antioxidativ<\/strong><\/p>\n<p><strong>Glycin hilft, Entz\u00fcndungen zu reduzieren, indem es die Produktion von Entz\u00fcndungszytokinen (TNF-\u03b1, IL-6) reguliert.<\/strong><\/p>\n<p><strong>Es ist an der Synthese von Glutathion beteiligt, einem starken Antioxidans, das die Zellen vor oxidativem Stress sch\u00fctzt.<\/strong><\/p>\n<p><strong>Unterst\u00fctzt das Nervensystem und den Schlaf<\/strong><\/p>\n<p><strong>Sie wirkt als beruhigender Neurotransmitter, f\u00f6rdert die Entspannung und baut Stress ab.<\/strong><\/p>\n<p><strong>Es verbessert die Schlafqualit\u00e4t, indem es die K\u00f6rpertemperatur senkt und die Produktion von Serotonin\/Melatonin f\u00f6rdert.<\/strong><\/p>\n<p><strong>Glycin hilft bei der Ausscheidung von Toxinen und Schwermetallen, indem es die Leberfunktion unterst\u00fctzt.<\/strong><\/p>\n<p><strong>Es ist am Methylierungszyklus beteiligt, der f\u00fcr die Entgiftung von \u00d6strogenen unerl\u00e4sslich ist, was besonders f\u00fcr Frauen mit Endometriose interessant ist.<\/strong><\/p>\n<p><strong>Verbessert die Verdauung und die Darmgesundheit<\/strong><\/p>\n<p><strong>Glycin ist auch ein Bestandteil von Kollagen, das die Reparatur der Darmschleimhaut f\u00f6rdert.<\/strong><\/p>\n<h4><span style=\"color: #d0121a;\"><strong>Empfehlung f\u00fcr die Verwendung: <\/strong><\/span><\/h4>\n<p><span style=\"color: #d0121a;\"><strong>Nehmen Sie 2 Messl\u00f6ffel *10g* pro Tag in einem Glas Wasser oder Fruchtsaft ein, morgens auf n\u00fcchternen Magen oder abends vor dem Schlafengehen. <\/strong><\/span><\/p>\n<p><span style=\"color: #d0121a;\"><strong>Tipp: 100% kristallisiertes Glycin hat eine sehr hohe S\u00fcsskraft und kann daher sehr leicht Zucker ersetzen.<\/strong><\/span><\/p>\n<h4><strong>Zutaten:<\/strong><\/h4>\n<p><strong>100% reines, kristallisiertes Glycin, ohne S\u00fcssstoffe.<\/strong><\/p>\n<h4><strong>Warnung:<\/strong><\/h4>\n<p><strong>Die empfohlene Dosis nicht \u00fcberschreiten.<\/strong><\/p>\n<p><strong>Nicht f\u00fcr schwangere oder stillende Frauen empfohlen, sofern nicht anders empfohlen.<\/strong><\/p>\n<p><strong>Ausserhalb der Reichweite von Kindern aufbewahren.<\/strong><\/p>\n<p><strong>Vor Feuchtigkeit gesch\u00fctzt an einem k\u00fchlen und trockenen Ort aufbewahren.<\/strong><\/p>\n<p><strong>Im Rahmen einer gesunden Lebensweise und einer abwechslungsreichen und ausgewogenen Ern\u00e4hrung einnehmen.<\/strong><\/p>\n<h4><strong>Die Marke Keep Fit Nutrition<\/strong><\/h4>\n<p><strong>Das Team von Keep Fit Nutrition besteht aus leidenschaftlichen Fachleuten mit mehr als 15 Jahren Erfahrung im Bereich der Nachrungserg\u00e4nzungsmittel und der Sportern\u00e4hrung. Sie verf\u00fcren \u00fcber ein umfassendes Know-how in der Konzeption und Entwicklung von hochwertigen Sportern\u00e4hrungsprodukten, von denen die meisten mit einem Qualit\u00e4tslabel ausgezeichnet sind. Die Entwicklungsprozesse finden am Hauptsitz von Keep Fit Nutrition in Granges-Paccot sowie in den Labors der Produkte, die in Frankreich und Deutschland von einem Team hergestellet werden, das von seinem Beruf begeistert ist und die Marke Keep Fit Nutrition im Laufe der Zeit weiterentwickelt und das immer mit dem gleichen Schwerpunkt:\u00a0<span style=\"text-decoration: underline;\">Qualit\u00e4t an erster Stelle!<\/span><\/strong><\/p>\n","protected":false},"excerpt":{"rendered":"<h5><strong>Reines 100% kristallisiertes Glycin von Keep Fit Nutrition.<\/strong><\/h5>\n<p><strong>Reines Glycin, 100% kristallisiert und aufgrund seiner Qualit\u00e4t und Reinheit ausgew\u00e4hlt<\/strong><\/p>\n<p><strong>Das f\u00fcr Ihr Wohlbefinden unerl\u00e4ssliche Glycin mit S\u00fcsskraft daher eine ausgezeichnete Alternative zu Zucker<\/strong><\/p>\n<p><strong>Entz\u00fcndungshemmend und antioxidativ<\/strong><\/p>\n<p><strong>Hervorragende Unterst\u00fctzung des Nervensystems und des Schlafs<\/strong><\/p>\n<p><strong>Auch die vegane Alternative zu marinem und bovinem Kollagen.<\/strong><\/p>\n","protected":false},"featured_media":42799,"comment_status":"open","ping_status":"closed","template":"","meta":[],"product_cat":[1762,1768,1772,1792,1784],"product_tag":[2945],"class_list":{"0":"post-42801","1":"product","2":"type-product","3":"status-publish","4":"has-post-thumbnail","6":"product_cat-sporternaehrung","7":"product_cat-gesundheit-diaet","8":"product_cat-100-eaa-bcaa-de","9":"product_cat-keep-fit-nutrition-de","10":"product_cat-vegan-de","11":"product_tag-keep-fit-nutrition-de","12":"pa_contenance-454g_-de","14":"first","15":"instock","16":"taxable","17":"shipping-taxable","18":"purchasable","19":"product-type-simple"},"tiered_pricing_type":"fixed","tiered_pricing_fixed_rules":[],"tiered_pricing_product_settings":{"layout":"default","base_unit_name":{"singular":null,"plural":null},"default_variation":null},"tiered_pricing_minimum_quantity":null,"tiered_pricing_roles_data":[],"tiered_pricing_percentage_rules":[],"_links":{"self":[{"href":"https:\/\/keepfitnutrition.ch\/de\/wp-json\/wp\/v2\/product\/42801","targetHints":{"allow":["GET"]}}],"collection":[{"href":"https:\/\/keepfitnutrition.ch\/de\/wp-json\/wp\/v2\/product"}],"about":[{"href":"https:\/\/keepfitnutrition.ch\/de\/wp-json\/wp\/v2\/types\/product"}],"replies":[{"embeddable":true,"href":"https:\/\/keepfitnutrition.ch\/de\/wp-json\/wp\/v2\/comments?post=42801"}],"wp:featuredmedia":[{"embeddable":true,"href":"https:\/\/keepfitnutrition.ch\/de\/wp-json\/wp\/v2\/media\/42799"}],"wp:attachment":[{"href":"https:\/\/keepfitnutrition.ch\/de\/wp-json\/wp\/v2\/media?parent=42801"}],"wp:term":[{"taxonomy":"product_cat","embeddable":true,"href":"https:\/\/keepfitnutrition.ch\/de\/wp-json\/wp\/v2\/product_cat?post=42801"},{"taxonomy":"product_tag","embeddable":true,"href":"https:\/\/keepfitnutrition.ch\/de\/wp-json\/wp\/v2\/product_tag?post=42801"}],"curies":[{"name":"wp","href":"https:\/\/api.w.org\/{rel}","templated":true}]}}