{"id":42746,"date":"2025-05-05T14:06:18","date_gmt":"2025-05-05T14:06:18","guid":{"rendered":"https:\/\/keepfitnutrition.ch\/?post_type=product&#038;p=42746"},"modified":"2026-04-13T13:19:23","modified_gmt":"2026-04-13T13:19:23","slug":"big-fit-2kg-lean-gainer-pancakes","status":"publish","type":"product","link":"https:\/\/keepfitnutrition.ch\/de\/produkt\/big-fit-2kg-lean-gainer-pancakes\/","title":{"rendered":"BIG FIT 2KG"},"content":{"rendered":"<h3 style=\"text-align: center;\"><strong>Big Fit, Lean Gainer und Pancakes von Keep Fit Nutrition.<\/strong><\/h3>\n<h4 style=\"text-align: center;\"><strong>Sie haben zwei M\u00f6glichkeiten, die Ihnen zur Verf\u00fcgung stehen.<\/strong><\/h4>\n<p><strong>1. Der Big Fit ist ideal, um die besten Pancakes zum Fr\u00fchst\u00fcck und als Snack oder zu jeder anderen Tageszeit zuzubereiten. Das Rezept ist sehr einfach und l\u00e4sst sich in 5 Minuten zubereiten:<br \/>\nF\u00fcr 2 Pancakes (ca. 10 cm): Geben Sie 30 g Big Fit Pulver und 1 mittelgrosses Ei in eine Sch\u00fcssel, verr\u00fchren Sie es zu einer dicken, homogenen Textur *geben Sie bei Bedarf etwas Fl\u00fcssigkeit hinzu, z. B. Pflanzenmilch*, geben Sie die H\u00e4lfte der Textur f\u00fcr einen Pancake in eine Pfanne bei niedriger Hitze und backen Sie ihn von jeder Seite ca. 1 Minute und 40 Sekunden. Tipp: Sie k\u00f6nnen auch etwas Hefe hinzuf\u00fcgen, um den Pancake aufzuquellen.<\/strong><\/p>\n<p><strong>Das ist eine gesunde, ausgewogene Mahlzeit f\u00fcr die ganze Familie und ein echter Genuss! Guten Appetit!<\/strong><\/p>\n<p><strong>2. Als Lean Gainer zur Erh\u00f6hung der Kalorienzufuhr nach dem Training, als Snack oder sogar am Morgen, wenn Sie keine Zeit zum Kochen haben; geben Sie 2 dl Wasser oder Pflanzenmilch mit 50 g Pulver oder mehr hinzu, indem Sie die Fl\u00fcssigkeit in Ihrem Shaker leicht erh\u00f6hen, und geniessen Sie es!<\/strong><\/p>\n<h4><strong>Zutaten:<\/strong><\/h4>\n<p><strong>S\u00fcsskartoffelpulver, Whey Protein Isolat aus Molke *Milch*, Maltodextrin, nat\u00fcrliches Aroma, Sucralose.<\/strong><\/p>\n<h4><strong>N\u00e4hrwertangaben pro 100g:<\/strong><\/h4>\n<p><strong>345 Kalorien &#8211; 40g Protein &#8211; 52g Kohlenhydrate &#8211; 10g Zucker &#8211; 0.5g Fett &#8211; 1g Ballaststoffe.<\/strong><\/p>\n<h4><strong>Warnhinweis<\/strong><\/h4>\n<p class=\"textn\"><strong><span lang=\"de-ch\" xml:lang=\"de-ch\">Als Teil eines gesunden Lebensstils und einer abwechslungsreichen und ausgewogenen Ern\u00e4hrung zu konsumieren.<\/span><\/strong><\/p>\n<p class=\"textn\"><strong><span lang=\"de-ch\" xml:lang=\"de-ch\">Vor Feuchtigkeit gesch\u00fctzt an einem k\u00fchlen und trockenen Ort aufbewahren.<\/span><\/strong><\/p>\n<p class=\"textn\"><span lang=\"de-ch\" xml:lang=\"de-ch\"><strong>Nicht f\u00fcr schwangere Frauen empfohlen, sofern nicht anders angegeben.<\/strong><\/span><\/p>\n<h4><strong>Die Marke Keep Fit Nutrition<\/strong><\/h4>\n<p><strong>Das Team von Keep Fit Nutrition besteht aus leidenschaftlichen Fachleuten mit mehr als 15 Jahren Erfahrung im Bereich der Nachrungserg\u00e4nzungsmittel und der Sportern\u00e4hrung. Sie verf\u00fcren \u00fcber ein umfassendes Know-how in der Konzeption und Entwicklung von hochwertigen Sportern\u00e4hrungsprodukten, von denen die meisten mit einem Qualit\u00e4tslabel ausgezeichnet sind. Die Entwicklungsprozesse finden am Hauptsitz von Keep Fit Nutrition in Granges-Paccot sowie in den Labors der Produkte, die in Frankreich und Deutschland von einem Team hergestellet werden, das von seinem Beruf begeistert ist und die Marke Keep Fit Nutrition im Laufe der Zeit weiterentwickelt und das immer mit dem gleichen Schwerpunkt:\u00a0<span style=\"text-decoration: underline;\">Qualit\u00e4t an erster Stelle!<\/span><\/strong><\/p>\n","protected":false},"excerpt":{"rendered":"<h5><strong>Big Fit, Lean Gainer &amp; Pancakes von Keep Fit Nutrition.<\/strong><\/h5>\n<p><strong>Big Fit ist ein gesunder Lean Gainer, der aus S\u00fcsskartoffelmehl und Whey Isolate Native besteht.<\/strong><\/p>\n<p><strong>Big Fit ist auch ideal, um die besten Pancakes f\u00fcr Fr\u00fchst\u00fcck und Snacks oder zu jeder anderen Tageszeit zu machen.<\/strong><\/p>\n","protected":false},"featured_media":42743,"comment_status":"open","ping_status":"closed","template":"","meta":[],"product_cat":[1762,1764,1766,1788,1792],"product_tag":[],"class_list":{"0":"post-42746","1":"product","2":"type-product","3":"status-publish","4":"has-post-thumbnail","6":"product_cat-sporternaehrung","7":"product_cat-protein","8":"product_cat-suesskartoffel-haferflocken","9":"product_cat-rice-cream-gainer","10":"product_cat-keep-fit-nutrition-de","11":"pa_aromes-haselnuss-schokolade","12":"pa_aromes-keks-de","14":"first","15":"instock","16":"taxable","17":"shipping-taxable","18":"purchasable","19":"product-type-variable","20":"has-default-attributes"},"tiered_pricing_type":"fixed","tiered_pricing_fixed_rules":[],"tiered_pricing_product_settings":{"layout":"default","base_unit_name":{"singular":null,"plural":null},"default_variation":null},"tiered_pricing_minimum_quantity":null,"tiered_pricing_roles_data":[],"tiered_pricing_percentage_rules":[],"_links":{"self":[{"href":"https:\/\/keepfitnutrition.ch\/de\/wp-json\/wp\/v2\/product\/42746","targetHints":{"allow":["GET"]}}],"collection":[{"href":"https:\/\/keepfitnutrition.ch\/de\/wp-json\/wp\/v2\/product"}],"about":[{"href":"https:\/\/keepfitnutrition.ch\/de\/wp-json\/wp\/v2\/types\/product"}],"replies":[{"embeddable":true,"href":"https:\/\/keepfitnutrition.ch\/de\/wp-json\/wp\/v2\/comments?post=42746"}],"wp:featuredmedia":[{"embeddable":true,"href":"https:\/\/keepfitnutrition.ch\/de\/wp-json\/wp\/v2\/media\/42743"}],"wp:attachment":[{"href":"https:\/\/keepfitnutrition.ch\/de\/wp-json\/wp\/v2\/media?parent=42746"}],"wp:term":[{"taxonomy":"product_cat","embeddable":true,"href":"https:\/\/keepfitnutrition.ch\/de\/wp-json\/wp\/v2\/product_cat?post=42746"},{"taxonomy":"product_tag","embeddable":true,"href":"https:\/\/keepfitnutrition.ch\/de\/wp-json\/wp\/v2\/product_tag?post=42746"}],"curies":[{"name":"wp","href":"https:\/\/api.w.org\/{rel}","templated":true}]}}