{"id":42606,"date":"2025-09-01T12:04:45","date_gmt":"2025-09-01T12:04:45","guid":{"rendered":"https:\/\/keepfitnutrition.ch\/?post_type=product&#038;p=42606"},"modified":"2026-03-09T09:53:49","modified_gmt":"2026-03-09T09:53:49","slug":"hyper-detox","status":"publish","type":"product","link":"https:\/\/keepfitnutrition.ch\/de\/produkt\/hyper-detox\/","title":{"rendered":"HYPER DETOX"},"content":{"rendered":"<h4><strong>Hyper Detox gibt unserem K\u00f6rper die F\u00e4higkeit, auszuscheiden, zu entw\u00e4ssern, zu reinigen und zu entgiften!<\/strong><\/h4>\n<p><strong>Im Alltag produziert unser K\u00f6rper auf nat\u00fcrliche Weise *M\u00fcll*, den wir als Toxine bezeichnen und der von dem stammt, was wir essen, von der Energie, die wir verbrennen, von \u00e4usseren Einfl\u00fcssen oder sogar von Stress. Normalerweise werden sie von unseren Organen *Niere, Leber, Darm und Haut* ausgeschieden. Wenn die Organen jedoch \u00fcberlastet sind, sammeln sich diese Toxine an und k\u00f6nnen zu Stoffwechselproblemen, Entz\u00fcndungen, Insulinresistenz und vielem mehr f\u00fchren. <\/strong><\/p>\n<p><strong>Hyper Detox ist eine 100% nat\u00fcrliche Formel, die zum Gleichgewicht der K\u00f6rperfl\u00fcssigkeiten beitr\u00e4gt, Blut und Lymphe reinigt, Restabf\u00e4lle und Unreinheiten entw\u00e4ssert und beseitigt und die Bildung von Harn- und Oxals\u00e4ure verringert. <\/strong><\/p>\n<p><strong>Wirkt auf die Haut *Ekzem, Akne, Cellulite, Wassereinlagerungen, vorzeitige Alterung*, auf Lymphe und Blut, auf Arthritis, Rheuma und Gelenke, auf die Faszien, auf Nieren- und Gallensteine, auf den Harns\u00e4ure- und Oxals\u00e4urespiegel.<\/strong><\/p>\n<h4><strong>Hyper Detox ist ideal f\u00fcr:<\/strong><\/h4>\n<p><strong>Sportler, *auch Nichtsportler*.<br \/>\nMenschen, die viel Eiweiss zu sich nehmen<br \/>\nMenschen mit Insulinresistenz<br \/>\nMenschen, die schlecht ausscheiden und dadurch viele Wassereinlagerungen und hartn\u00e4ckige Cellulite haben.<br \/>\nMenschen, die Gelenkprobleme haben<br \/>\nMenschen, die Hautprobleme oder Rheuma haben.<br \/>\nOder ganz einfach Menschen, die vorbeugend t\u00e4tig sein wollen.<\/strong><\/p>\n<h4><strong>Dank dieser 100% nat\u00fcrlichen Zusammensetzung kommt die Entgiftung wieder zu ihrem Recht.<\/strong><\/h4>\n<p><strong>Wirkt auf die Kalziumoxalatkristalle und verhindert, dass sie sich auf die Skelett-, Nieren- und Blasenfunktion verklumpen. *\u00dcberm\u00e4ssiger Gem\u00fcsekonsum korreliert mit einem Anstieg der Oxalate*.<br \/>\nVerringert das Risiko der Bildung von Harns\u00e4urekristallen *Tropfen oder Steine, die durch \u00fcbersch\u00fcssiges Eiweiss verursacht werden.<br \/>\nFragmentierung von Nieren- und Gallensteinen<br \/>\nUnterst\u00fctzt die Beweglichkeit der Gelenke, indem es Steifheit und entz\u00fcndliche Verspannungen mildert.<br \/>\nSenkt den Cholesterin- und Triglyceridspiegel.<br \/>\nErleichtert die Umwandlung von T4 in T3 *aktive Form* in der Leber und optimiert so die <\/strong><strong>Schilddr\u00fcsenaktivit\u00e4t.<br \/>\nAlkalisierung des Urins.<br \/>\nDrainage von \u00d6demen, die mit der Ansammlung kolloidaler Abfallstoffe zusammenh\u00e4ngen *Verringerung von Wassereinlagerungen und Cellulite.<br \/>\nReinigung des Lymph- und Blutkreislaufs *Sch\u00f6nheit der Haut*.<br \/>\nGeschmeidige Faszien; verbessert die Elastizit\u00e4t des Bindegewebes durch optimale Hydratation und gezielte Entgiftung.<\/strong><\/p>\n<h4><strong style=\"color: #333333;\"><span style=\"color: #d0121a;\">Empfehlung und Vorsichtsmassnahmen f\u00fcr den Gebrauch: <\/span><\/strong><\/h4>\n<p><strong style=\"color: #333333;\"><span style=\"color: #d0121a;\">Die empfohlene Standarddosis des *Hyper Detox* Pulvers ist 1gestrichener Messl\u00f6ffel pro Tag, vorzugsweise nach einer Mahzeit.<\/span><\/strong><\/p>\n<p><strong style=\"color: #333333;\"><span style=\"color: #d0121a;\">Passt sowohl zu s\u00fcssen als auch zu salzigen Speisen, als heisser oder kalter Tee, als Fruchtsaft oder einfach in ein Glas Wasser.<\/span><\/strong><\/p>\n<p><strong style=\"color: #333333;\"><span style=\"color: #d0121a;\">Den Beutel nach dem \u00d6ffnen gut verschliessen und innerhalb von 3 Monaten nach dem \u00d6ffnen verbrauchen.<\/span><\/strong><\/p>\n<p><strong>Hyper Detox passt perfekt zu Holistique Base und Femina aus der Reihe SuperZaliment.<\/strong><\/p>\n<h4><strong>Zutaten:<\/strong><\/h4>\n<p><strong>Zusammensetzung und botanischer Name: Chanca piedra *Phyllanthus niruri* &#8211; Gr\u00fcne Macatia *Boerhavia diffusa L.* &#8211; Indische Sarsaparille *Hemidesmus indicus* &#8211; Cordyceps aus dem Myzel *Cordyceps sinensis*.<br \/>\nVerwendeter Teil: Bl\u00e4tter &#8211; Wurzeln &#8211; ganze Pflanzen, Fr\u00fcchte und Pilze.<\/strong><\/p>\n<h4 class=\"MsoNormal\"><strong>Warnhinweis:<\/strong><\/h4>\n<p><strong>Die empfohlene Tagesdosis nicht \u00fcberschreiten.<\/strong><\/p>\n<p><strong>Ausserhalb der Reichweite von Kleinkindern aufbewahren.<\/strong><\/p>\n<p><strong>Nicht empfohlen f\u00fcr Kinder<\/strong><\/p>\n<p><strong>Nicht f\u00fcr schwangere Frauen empfohlen, sofern nicht anders empfohlen.<\/strong><\/p>\n","protected":false},"excerpt":{"rendered":"<h5><strong>Hyper Detox von SuperZaliment.<\/strong><\/h5>\n<p><strong>Diese Zusammensetzung hat die Aufgabe, die Ausscheidungswege zu regulieren und zu sanieren: *Nieren, Gallenblase, Lymphe, Blut und Haut*, indem Harns\u00e4ure- und Oxals\u00e4urekristalle, die Schmerzen und Nierensteine verursachen k\u00f6nnen, auf nat\u00fcrliche Weise aufgel\u00f6st werden.<\/strong><\/p>\n<p><strong>1 Beutel enth\u00e4lt 55 g, durchschnittliche Dauer 1 Monat.<\/strong><\/p>\n","protected":false},"featured_media":42608,"comment_status":"open","ping_status":"closed","template":"","meta":[],"product_cat":[1762,1768,1794,1786,1784],"product_tag":[],"class_list":{"0":"post-42606","1":"product","2":"type-product","3":"status-publish","4":"has-post-thumbnail","6":"product_cat-sporternaehrung","7":"product_cat-gesundheit-diaet","8":"product_cat-superzaliment-de","9":"product_cat-bio-de","10":"product_cat-vegan-de","12":"first","13":"instock","14":"taxable","15":"shipping-taxable","16":"purchasable","17":"product-type-simple"},"tiered_pricing_type":"fixed","tiered_pricing_fixed_rules":{"2":"35.05"},"tiered_pricing_product_settings":{"layout":"default","base_unit_name":{"singular":null,"plural":null},"default_variation":null},"tiered_pricing_minimum_quantity":null,"tiered_pricing_roles_data":[],"tiered_pricing_percentage_rules":[],"_links":{"self":[{"href":"https:\/\/keepfitnutrition.ch\/de\/wp-json\/wp\/v2\/product\/42606","targetHints":{"allow":["GET"]}}],"collection":[{"href":"https:\/\/keepfitnutrition.ch\/de\/wp-json\/wp\/v2\/product"}],"about":[{"href":"https:\/\/keepfitnutrition.ch\/de\/wp-json\/wp\/v2\/types\/product"}],"replies":[{"embeddable":true,"href":"https:\/\/keepfitnutrition.ch\/de\/wp-json\/wp\/v2\/comments?post=42606"}],"wp:featuredmedia":[{"embeddable":true,"href":"https:\/\/keepfitnutrition.ch\/de\/wp-json\/wp\/v2\/media\/42608"}],"wp:attachment":[{"href":"https:\/\/keepfitnutrition.ch\/de\/wp-json\/wp\/v2\/media?parent=42606"}],"wp:term":[{"taxonomy":"product_cat","embeddable":true,"href":"https:\/\/keepfitnutrition.ch\/de\/wp-json\/wp\/v2\/product_cat?post=42606"},{"taxonomy":"product_tag","embeddable":true,"href":"https:\/\/keepfitnutrition.ch\/de\/wp-json\/wp\/v2\/product_tag?post=42606"}],"curies":[{"name":"wp","href":"https:\/\/api.w.org\/{rel}","templated":true}]}}