{"id":42511,"date":"2025-08-31T08:58:11","date_gmt":"2025-08-31T08:58:11","guid":{"rendered":"https:\/\/keepfitnutrition.ch\/?post_type=product&#038;p=42511"},"modified":"2026-02-23T18:13:23","modified_gmt":"2026-02-23T18:13:23","slug":"multipurpose-cream","status":"publish","type":"product","link":"https:\/\/keepfitnutrition.ch\/de\/produkt\/multipurpose-cream\/","title":{"rendered":"MULTIPURPOSE CREAM"},"content":{"rendered":"<h4><strong>Multipurpose Cream 20G von Himalaya Herbals.<\/strong><\/h4>\n<p><strong>Die Multipurpose Cream ist eine nat\u00fcrliche Mehrzweckcreme f\u00fcr alle t\u00e4glichen Hautverletzungen, Wunden, Insektenstiche, Verbrennungen, Sch\u00fcrfwunden und Prellungen. Diese Mehrzweckcreme enth\u00e4lt ayurvedische Kr\u00e4uter mit therapeutischen und heilenden Eigenschaften. Sie wirkt entz\u00fcndungshemmend, antibakteriell und beruhigend auf die empfindliche Haut. Diese Creme kombiniert moderne Wissenschaft mit traditionellen Kr\u00e4utern nach den Lehren des Ayurveda. Sie hat eine therapeutische und heilende Wirkung. Ihre Wirksamkeit wurde durch klinische Studien belegt.<\/strong><\/p>\n<p><strong>Die einzigartige Formel basiert auf ayurvedischen Kr\u00e4utern und Aloe Vera mit entz\u00fcndungshemmenden, antibakteriellen und regenerierenden Eigenschaften. Die Creme tr\u00e4gt dazu bei, die nat\u00fcrliche Barriere der Epidermis zu st\u00e4rken und sorgt gleichzeitig f\u00fcr ein langanhaltendes Wohlgef\u00fchl.<\/strong><\/p>\n<h4><strong>Auf Basis nat\u00fcrlicher Inhaltsstoffe wie Z.B:<\/strong><\/h4>\n<p><strong>Aloe Vera<\/strong><\/p>\n<p><strong>Mandel<\/strong><\/p>\n<p><strong>Vitex Negundo<\/strong><\/p>\n<p><strong>Zink.<\/strong><\/p>\n<h4><span style=\"color: #d0121a;\"><strong>Empfehlung f\u00fcr die Anwendung:\u00a0<\/strong><\/span><\/h4>\n<p><span style=\"color: #d0121a;\"><strong> Massieren Sie die erforderliche Menge des Gels 3 bis 4 mal t\u00e4glich auf die betroffene Stelle ein.<\/strong><\/span><\/p>\n<h4><strong>Zutaten:<\/strong><\/h4>\n<p><strong>Aqua, Aloe Vera Blattextrakt, Propylenglykol, Stearins\u00e4ure, Cetylalkohol, Glycerylstearat SE, Cetylpalmitat, Mineral\u00f6l, Ceteareth 20, Natriumborat, Zinkoxid, Dimethicone, Prunus amygdalus dulcis Samenauszug, Vitex negundo Blattextrakt, Rubia cordifolia-Wurzelextrakt, Glycerylstearat &amp; PEG-100-Stearat, Parf\u00fcm, Methylparaben, 2-Brom-2-nitropropan 1,3-diol, Propylparaben, Benzylsalicylat, Alpha-Isomethyl-Ionon, Hydroxycitronellal, Linalool, Benzylbenzoat, Cumarin, Lilial, Limonen, Geraniol, Citronellol.<\/strong><\/p>\n<h4><strong>Warnhinweis<\/strong><\/h4>\n<p class=\"textb\"><strong><span lang=\"de-ch\" style=\"color: #000000;\" xml:lang=\"de-ch\">Die empfohlene Tagesdosis nicht \u00fcberschreiten.<\/span><\/strong><\/p>\n<p class=\"textb\"><strong><span lang=\"de-ch\" style=\"color: #000000;\" xml:lang=\"de-ch\">Ausserhalb der Reichweite von Kleinkindern aufbewahren.<\/span><\/strong><\/p>\n<p class=\"textb\"><strong><span lang=\"de-ch\" style=\"color: #000000;\" xml:lang=\"de-ch\">Dieses Produkt ist kein Arzneimittel, sondern ein Nahrungserg\u00e4nzungsmittel, das nicht dazu bestimmt ist, eine allopathische Behandlung zu ersetzen.<\/span><\/strong><\/p>\n<p class=\"textb\"><strong><span lang=\"de-ch\" style=\"color: #000000;\" xml:lang=\"de-ch\">\u00dcben Sie im Interesse Ihrer Gesundheit regelm\u00e4ssig k\u00f6rperliche Aktivit\u00e4t aus.<\/span><\/strong><\/p>\n","protected":false},"excerpt":{"rendered":"<h5><strong>Multipurpose Cream von Himalaya Herbals.<\/strong><\/h5>\n<p><strong>Mehrzweckcreme zur Bek\u00e4mpfung der t\u00e4glichen Hautbelastungen<\/strong><\/p>\n<p><strong>Heilende Eigenschaften auf der Grundlage ayurvedischer Kr\u00e4uter<\/strong><\/p>\n<p><strong>Wirksam bei der Behandlung von Wunden, Verbrennungen und Sch\u00fcrfwunden.<\/strong><\/p>\n<p>&nbsp;<\/p>\n","protected":false},"featured_media":42513,"comment_status":"open","ping_status":"closed","template":"","meta":[],"product_cat":[1762,1768],"product_tag":[2923],"class_list":{"0":"post-42511","1":"product","2":"type-product","3":"status-publish","4":"has-post-thumbnail","6":"product_cat-sporternaehrung","7":"product_cat-gesundheit-diaet","8":"product_tag-himalaya-de","10":"first","11":"instock","12":"taxable","13":"shipping-taxable","14":"purchasable","15":"product-type-simple"},"tiered_pricing_type":"fixed","tiered_pricing_fixed_rules":[],"tiered_pricing_product_settings":{"layout":"default","base_unit_name":{"singular":null,"plural":null},"default_variation":null},"tiered_pricing_minimum_quantity":null,"tiered_pricing_roles_data":[],"tiered_pricing_percentage_rules":[],"_links":{"self":[{"href":"https:\/\/keepfitnutrition.ch\/de\/wp-json\/wp\/v2\/product\/42511","targetHints":{"allow":["GET"]}}],"collection":[{"href":"https:\/\/keepfitnutrition.ch\/de\/wp-json\/wp\/v2\/product"}],"about":[{"href":"https:\/\/keepfitnutrition.ch\/de\/wp-json\/wp\/v2\/types\/product"}],"replies":[{"embeddable":true,"href":"https:\/\/keepfitnutrition.ch\/de\/wp-json\/wp\/v2\/comments?post=42511"}],"wp:featuredmedia":[{"embeddable":true,"href":"https:\/\/keepfitnutrition.ch\/de\/wp-json\/wp\/v2\/media\/42513"}],"wp:attachment":[{"href":"https:\/\/keepfitnutrition.ch\/de\/wp-json\/wp\/v2\/media?parent=42511"}],"wp:term":[{"taxonomy":"product_cat","embeddable":true,"href":"https:\/\/keepfitnutrition.ch\/de\/wp-json\/wp\/v2\/product_cat?post=42511"},{"taxonomy":"product_tag","embeddable":true,"href":"https:\/\/keepfitnutrition.ch\/de\/wp-json\/wp\/v2\/product_tag?post=42511"}],"curies":[{"name":"wp","href":"https:\/\/api.w.org\/{rel}","templated":true}]}}