{"id":42404,"date":"2025-03-14T12:25:04","date_gmt":"2025-03-14T12:25:04","guid":{"rendered":"https:\/\/keepfitnutrition.ch\/?post_type=product&#038;p=42404"},"modified":"2026-04-14T16:21:36","modified_gmt":"2026-04-14T16:21:36","slug":"whey-isolate-performance-2kg","status":"publish","type":"product","link":"https:\/\/keepfitnutrition.ch\/de\/produkt\/whey-isolate-performance-2kg\/","title":{"rendered":"WHEY PROTEIN ISOLAT"},"content":{"rendered":"<h3 style=\"text-align: center;\"><strong>Whey Protein Isolat 2kg von Performance Sports Nutrition.<\/strong><\/h3>\n<p><img loading=\"lazy\" decoding=\"async\" class=\"size-medium wp-image-42373 aligncenter\" src=\"https:\/\/keepfitnutrition.ch\/wp-content\/uploads\/2023\/10\/Logo-Performance-Sports-Nutrition-800x324.webp\" alt=\"\" width=\"800\" height=\"324\" srcset=\"https:\/\/keepfitnutrition.ch\/wp-content\/uploads\/2023\/10\/Logo-Performance-Sports-Nutrition-800x324.webp 800w, https:\/\/keepfitnutrition.ch\/wp-content\/uploads\/2023\/10\/Logo-Performance-Sports-Nutrition-768x311.webp 768w, https:\/\/keepfitnutrition.ch\/wp-content\/uploads\/2023\/10\/Logo-Performance-Sports-Nutrition-1536x622.webp 1536w, https:\/\/keepfitnutrition.ch\/wp-content\/uploads\/2023\/10\/Logo-Performance-Sports-Nutrition-600x243.webp 600w, https:\/\/keepfitnutrition.ch\/wp-content\/uploads\/2023\/10\/Logo-Performance-Sports-Nutrition.webp 1575w\" sizes=\"auto, (max-width: 800px) 100vw, 800px\" \/><\/p>\n<p><strong>Der reine Proteinshake von Performance Sports Nutrition mit ausgezeichnetem Geschmack. Molkeisolat enth\u00e4lt 87% hochwertige Proteine *Molkeisolat und hydrolysat*. Sie werden schneller als andere Proteine absorbiert und sorgen f\u00fcr eine maximale Proteinsynthese. Molkeisolat enth\u00e4lt praktisch kein Fett und ist die beste Proteinquelle, um den Aufbau Ihrer Muskelmasse zu unterst\u00fctzen, und ist ausserdem sehr laktosearm. Diese Formel hat ein \u00fcberlegenes Aminos\u00e4ureprofil, ist reich an Glutamin und BCAAs *19.5% pro Portion* und sorgt so f\u00fcr eine optimale Muskelerholung nach dem Training.<\/strong><\/p>\n<h4><strong>Zutaten:<\/strong><\/h4>\n<p><strong>Molkeproteinisolat, *Emulgator; Sojalecithin* *Soja, Milch* 91%, Molkeproteinisolat Hydrolysat *Emulgator; Sojalecithin* *Milch 4%*, Kakaopulver 10 &#8211; 12% fettarm, Aroma, Verdickungsmittel Guarkernmehl, Salz, S\u00fcssengsmittel Sucralose.<\/strong><\/p>\n<h4 style=\"text-align: center;\"><strong>N\u00e4hrwertangaben:<\/strong><\/h4>\n<p><img loading=\"lazy\" decoding=\"async\" class=\"alignnone size-full wp-image-42421 aligncenter\" src=\"https:\/\/keepfitnutrition.ch\/wp-content\/uploads\/2025\/03\/Whey-Isolate-2kg-Infos-Nutrition.webp\" alt=\"\" width=\"760\" height=\"267\" srcset=\"https:\/\/keepfitnutrition.ch\/wp-content\/uploads\/2025\/03\/Whey-Isolate-2kg-Infos-Nutrition.webp 760w, https:\/\/keepfitnutrition.ch\/wp-content\/uploads\/2025\/03\/Whey-Isolate-2kg-Infos-Nutrition-600x211.webp 600w\" sizes=\"auto, (max-width: 760px) 100vw, 760px\" \/><\/p>\n<p>&nbsp;<\/p>\n<h4><strong><span lang=\"de-ch\" style=\"color: #c00000;\" xml:lang=\"de-ch\">Empfehlung f\u00fcr die Verwendung:<\/span><\/strong><\/h4>\n<p class=\"Style1\"><strong><span lang=\"de-ch\" style=\"color: #c00000;\" xml:lang=\"de-ch\">R\u00fchren Sie je nach K\u00f6rpergewicht 2x t\u00e4glich 30-40gr (1scoop = 30gr) Pulver in 2-3dl k\u00fchlem Wasser zum Fr\u00fchst\u00fcck und direkt nach dem Training an.<\/span><\/strong><\/p>\n<h4><strong>Warnhinweis<\/strong><\/h4>\n<p class=\"Style1\"><strong><span lang=\"de-ch\" xml:lang=\"de-ch\">Dieses Produkt ist kein Ersatz f\u00fcr eine Mahlzeit, sondern ein Nahrungserg\u00e4nzungsmittel, das im Rahmen einer gesunden und ausgewogenen Lebensweise verwendet werden sollte.<\/span><\/strong><\/p>\n<p class=\"Style1\"><strong><span lang=\"de-ch\" xml:lang=\"de-ch\">\u00dcberschreiten Sie nicht die empfohlene Dosis.<\/span><\/strong><\/p>\n<p class=\"Style1\"><strong><span lang=\"de-ch\" xml:lang=\"de-ch\">Nicht f\u00fcr schwangere oder stillende Frauen empfohlen, sofern nicht anders empfohlen.<\/span><\/strong><\/p>\n<p class=\"Style1\"><strong><span lang=\"de-ch\" xml:lang=\"de-ch\">Ausserhalb der Reichweite von Kindern aufbewahren.<\/span><\/strong><\/p>\n","protected":false},"excerpt":{"rendered":"<h5><span style=\"color: #2445a2;\"><strong>Whey Protein Isolate 2kg von Performance Sports Nutrition. <\/strong><\/span><\/h5>\n<p><span style=\"color: #2445a2;\"><strong>Isolate ist eine ideale Proteinquelle f\u00fcr den Aufbau von Muskelmasse, da sie wenig Fett, Zucker und Laktose enth\u00e4lt.<\/strong><\/span><\/p>\n<p><span style=\"color: #2445a2;\"><strong>Hergestellt in Belgien.<\/strong><\/span><\/p>\n<p><strong>1.43chf\/die Portion.<\/strong><\/p>\n","protected":false},"featured_media":42415,"comment_status":"open","ping_status":"closed","template":"","meta":[],"product_cat":[1762,1764,1790],"product_tag":[],"class_list":{"0":"post-42404","1":"product","2":"type-product","3":"status-publish","4":"has-post-thumbnail","6":"product_cat-sporternaehrung","7":"product_cat-protein","8":"product_cat-performance-de","9":"pa_aromes-vanilla-de","10":"pa_aromes-schokolade-de","11":"pa_contenance-2kg-de","13":"first","14":"instock","15":"taxable","16":"shipping-taxable","17":"purchasable","18":"product-type-variable","19":"has-default-attributes"},"tiered_pricing_type":"fixed","tiered_pricing_fixed_rules":[],"tiered_pricing_product_settings":{"layout":"default","base_unit_name":{"singular":null,"plural":null},"default_variation":null},"tiered_pricing_minimum_quantity":null,"tiered_pricing_roles_data":[],"tiered_pricing_percentage_rules":[],"_links":{"self":[{"href":"https:\/\/keepfitnutrition.ch\/de\/wp-json\/wp\/v2\/product\/42404","targetHints":{"allow":["GET"]}}],"collection":[{"href":"https:\/\/keepfitnutrition.ch\/de\/wp-json\/wp\/v2\/product"}],"about":[{"href":"https:\/\/keepfitnutrition.ch\/de\/wp-json\/wp\/v2\/types\/product"}],"replies":[{"embeddable":true,"href":"https:\/\/keepfitnutrition.ch\/de\/wp-json\/wp\/v2\/comments?post=42404"}],"wp:featuredmedia":[{"embeddable":true,"href":"https:\/\/keepfitnutrition.ch\/de\/wp-json\/wp\/v2\/media\/42415"}],"wp:attachment":[{"href":"https:\/\/keepfitnutrition.ch\/de\/wp-json\/wp\/v2\/media?parent=42404"}],"wp:term":[{"taxonomy":"product_cat","embeddable":true,"href":"https:\/\/keepfitnutrition.ch\/de\/wp-json\/wp\/v2\/product_cat?post=42404"},{"taxonomy":"product_tag","embeddable":true,"href":"https:\/\/keepfitnutrition.ch\/de\/wp-json\/wp\/v2\/product_tag?post=42404"}],"curies":[{"name":"wp","href":"https:\/\/api.w.org\/{rel}","templated":true}]}}