{"id":42375,"date":"2025-08-31T13:07:48","date_gmt":"2025-08-31T13:07:48","guid":{"rendered":"https:\/\/keepfitnutrition.ch\/?post_type=product&#038;p=42375"},"modified":"2026-02-24T15:39:32","modified_gmt":"2026-02-24T15:39:32","slug":"omega-3-2000mg-copie","status":"publish","type":"product","link":"https:\/\/keepfitnutrition.ch\/de\/produkt\/omega-3-2000mg-copie\/","title":{"rendered":"OMEGA 3"},"content":{"rendered":"<h3 style=\"text-align: center;\"><strong>Omega 3, 90 Kapseln von Performance Sports Nutrition<\/strong><\/h3>\n<p><strong>Omega 3 Performance ist ein starker Verb\u00fcndeter der Gesundheit. Es handelt sich um eine essentielle Fetts\u00e4ure, die auchals mehrfach unges\u00e4ttigte Fetts\u00e4ure bezeichnet wird. Diese Fetts\u00e4ure stammt aus tierischen und pflanzlichen Quellen, kommt aber haupts\u00e4chlich in Fisch vor. <\/strong><\/p>\n<p><strong>Omega 3 hat \u00e4usserst positive Auswirkungen auf die allgemeine Gesundheit; es f\u00f6rdet die Gesundheit des Herz-Kreislauf-Systems, senkt den Cholesterinspiegel im Blut, senkt den Blutdruck, verbessert die Gehirn- und Verdauungsfunktion und stimuliert das Immunsystem.<\/strong><\/p>\n<h4><strong>N\u00e4hrwertangaben:<\/strong><\/h4>\n<p><img loading=\"lazy\" decoding=\"async\" class=\"alignnone size-full wp-image-42381\" src=\"https:\/\/keepfitnutrition.ch\/wp-content\/uploads\/2025\/03\/Omega-3-Complex-Info-Nutrition.webp\" alt=\"\" width=\"661\" height=\"120\" srcset=\"https:\/\/keepfitnutrition.ch\/wp-content\/uploads\/2025\/03\/Omega-3-Complex-Info-Nutrition.webp 661w, https:\/\/keepfitnutrition.ch\/wp-content\/uploads\/2025\/03\/Omega-3-Complex-Info-Nutrition-600x109.webp 600w\" sizes=\"auto, (max-width: 661px) 100vw, 661px\" \/><\/p>\n<h4><span style=\"color: #d0121a;\"><strong>Verzehrempfehlung:<\/strong><\/span><\/h4>\n<p><span style=\"color: #d0121a;\"><strong>2 x 1 Kapseln mit 1 Glass Wasser vor den Mahlzeiten einnehmen.<\/strong><\/span><\/p>\n<h4><strong>Zutaten:<\/strong><\/h4>\n<p><strong>Fish\u00f6l, Kapsel; Gelatine, gereinigtes Wasser, F\u00fcllstoff; Glycerin, Antioxidationsmittel; DL-alpha-Tocopherylacetat.<\/strong><\/p>\n<h4><strong>Warnhinweis<\/strong><\/h4>\n<p><strong>Au\u00dferhalb der Reichweite von Kindern aufbewahren.<\/strong><\/p>\n<p><strong>Das Produkt darf nicht von Kindern, schwangeren Frauen und stillenden M\u00fcttern eingenommen werden. <\/strong><\/p>\n<p><strong>Die empfohlene Tagesdosis darf nicht \u00fcberschritten werden.<\/strong><\/p>\n<p><strong>Nahrungserg\u00e4nzungsmittel nicht f\u00fcr schwangere Frauen geeignet, sofern nicht anders angeordnet.<\/strong><\/p>\n<p><strong>Vor Feuchtigkeit gesch\u00fctzt an einem k\u00fchlen, trockenen Ort aufbewahren.<\/strong><\/p>\n<p><strong>Im Rahmen einer gesunden Lebensweise und einer abwechslungsreichen, ausgewogenen Ern\u00e4hrung verzehren.<\/strong><\/p>\n<p><strong>Das Nahrungserg\u00e4nzungsmittel kann nicht als Ersatz f\u00fcr eine abwechslungsreiche Ern\u00e4hrung verwendet werden.<\/strong><\/p>\n<h4><strong>Details zu den gesundheitsbezogenen Angaben:<\/strong><\/h4>\n<p><strong>EPA und DHA tragen zu einer normalen Herzfunktion bei \/ DHA tr\u00e4gt zu einer normalen Gehirnfunktion bei.<\/strong><\/p>\n<p><strong>DHA tr\u00e4gt zur Erhaltung einer normalen Sehkraft bei.<\/strong><\/p>\n<p><strong>EPA und DHA tragen zu einem normalen Blutdruck bei.<\/strong><\/p>\n","protected":false},"excerpt":{"rendered":"<h5><strong>Omega 3 von Performance Sports Nutrition<\/strong><\/h5>\n<p><strong>Omega 3 ist ein Nahrungserg\u00e4nzungsmittel, das f\u00fcr einen gesunden K\u00f6rper und Organismus unerl\u00e4sslich ist.<\/strong><\/p>\n<p><strong>Wir empfehlen Ihnen, Omega 3 im K\u00fchlschrank zu lagern, um den Totox-Index *Total Oxidation* so niedrig wie m\u00f6glich zu halten.<\/strong><\/p>\n","protected":false},"featured_media":42378,"comment_status":"open","ping_status":"closed","template":"","meta":[],"product_cat":[1762,1768,1790],"product_tag":[2946],"class_list":{"0":"post-42375","1":"product","2":"type-product","3":"status-publish","4":"has-post-thumbnail","6":"product_cat-sporternaehrung","7":"product_cat-gesundheit-diaet","8":"product_cat-performance-de","9":"product_tag-omega-3-de","10":"pa_contenance-200kapseln_-de","12":"first","13":"instock","14":"taxable","15":"shipping-taxable","16":"purchasable","17":"product-type-simple"},"tiered_pricing_type":"fixed","tiered_pricing_fixed_rules":[],"tiered_pricing_product_settings":{"layout":"default","base_unit_name":{"singular":null,"plural":null},"default_variation":null},"tiered_pricing_minimum_quantity":null,"tiered_pricing_roles_data":[],"tiered_pricing_percentage_rules":[],"_links":{"self":[{"href":"https:\/\/keepfitnutrition.ch\/de\/wp-json\/wp\/v2\/product\/42375","targetHints":{"allow":["GET"]}}],"collection":[{"href":"https:\/\/keepfitnutrition.ch\/de\/wp-json\/wp\/v2\/product"}],"about":[{"href":"https:\/\/keepfitnutrition.ch\/de\/wp-json\/wp\/v2\/types\/product"}],"replies":[{"embeddable":true,"href":"https:\/\/keepfitnutrition.ch\/de\/wp-json\/wp\/v2\/comments?post=42375"}],"wp:featuredmedia":[{"embeddable":true,"href":"https:\/\/keepfitnutrition.ch\/de\/wp-json\/wp\/v2\/media\/42378"}],"wp:attachment":[{"href":"https:\/\/keepfitnutrition.ch\/de\/wp-json\/wp\/v2\/media?parent=42375"}],"wp:term":[{"taxonomy":"product_cat","embeddable":true,"href":"https:\/\/keepfitnutrition.ch\/de\/wp-json\/wp\/v2\/product_cat?post=42375"},{"taxonomy":"product_tag","embeddable":true,"href":"https:\/\/keepfitnutrition.ch\/de\/wp-json\/wp\/v2\/product_tag?post=42375"}],"curies":[{"name":"wp","href":"https:\/\/api.w.org\/{rel}","templated":true}]}}