{"id":42168,"date":"2025-02-18T16:46:16","date_gmt":"2025-02-18T16:46:16","guid":{"rendered":"https:\/\/keepfitnutrition.ch\/?post_type=product&#038;p=42168"},"modified":"2025-10-23T10:00:20","modified_gmt":"2025-10-23T10:00:20","slug":"stacker2-100-mizellenkasein","status":"publish","type":"product","link":"https:\/\/keepfitnutrition.ch\/de\/produkt\/stacker2-100-mizellenkasein\/","title":{"rendered":"STACKER2 100% KASEIN"},"content":{"rendered":"<h3 style=\"text-align: center;\"><strong>Stacker2, 100% Kasein 908G.<\/strong><\/h3>\n<p><img loading=\"lazy\" decoding=\"async\" class=\"alignnone size-full wp-image-42088 aligncenter\" src=\"https:\/\/keepfitnutrition.ch\/wp-content\/uploads\/2022\/11\/Casein-900g-Stacker-Fiche-OK.webp\" alt=\"\" width=\"800\" height=\"800\" srcset=\"https:\/\/keepfitnutrition.ch\/wp-content\/uploads\/2022\/11\/Casein-900g-Stacker-Fiche-OK.webp 800w, https:\/\/keepfitnutrition.ch\/wp-content\/uploads\/2022\/11\/Casein-900g-Stacker-Fiche-OK-280x280.webp 280w, https:\/\/keepfitnutrition.ch\/wp-content\/uploads\/2022\/11\/Casein-900g-Stacker-Fiche-OK-768x768.webp 768w, https:\/\/keepfitnutrition.ch\/wp-content\/uploads\/2022\/11\/Casein-900g-Stacker-Fiche-OK-300x300.webp 300w, https:\/\/keepfitnutrition.ch\/wp-content\/uploads\/2022\/11\/Casein-900g-Stacker-Fiche-OK-600x600.webp 600w, https:\/\/keepfitnutrition.ch\/wp-content\/uploads\/2022\/11\/Casein-900g-Stacker-Fiche-OK-100x100.webp 100w\" sizes=\"auto, (max-width: 800px) 100vw, 800px\" \/><\/p>\n<h4><strong>Die 3 Hauptvorteile dieses mizellaren Kaseins von Stacker2 sind:<\/strong><\/h4>\n<p><strong>Erholung &#8211; Muskelwachstum &#8211; Anti-Katabolismus<\/strong><\/p>\n<p><strong>Vollst\u00e4ndige Formel und hochwertige Inhaltsstoffe<\/strong><\/p>\n<p><strong>Optimierte Assimilation<\/strong><\/p>\n<p><strong>Ihr Muskelaufbau und die Erhaltung Ihrer Muskeln werden durch Proteine deutlich gef\u00f6rdert. Im Gegensatz zu vielen anderen Proteinen ben\u00f6tigt Kasein zwar mehr Zeit, um vom K\u00f6rper aufgenommen zu werden, daf\u00fcr werden Sie aber auch l\u00e4nger mit Protein versorgt. Der besonders niedrige Zucker und Fettgehalt, sorgt auch f\u00fcr die optimale Verwendung w\u00e4hrend einer Definitionsphase und Di\u00e4ten. Kasein kann leicht in Wasser aufgel\u00f6st werden und eignet sich hervorragend f\u00fcr Sportler aller Leistungsstufen, Fitness &#8211; Crossfit sowie alle Kraftsportarten. Das 100% mizellare Kaseion ist in den Geschmacksrichtungen Schokolade und Vanille erh\u00e4ltlich.<\/strong><\/p>\n<h4><span style=\"color: #d0121a;\"><strong>Empfehlung f\u00fcr die Verwendung: <\/strong><\/span><\/h4>\n<p><span style=\"color: #d0121a;\"><strong>R\u00fchren Sie abends vor dem Schlafengehen 1 bis 1 1\/2 Portionen *30 bis 45G* ( je nach K\u00f6rpergewicht ) Kasein in 250 bis 300ml Wasser ein.<\/strong><\/span><\/p>\n<h4 class=\"openn\"><strong>Warnung:<\/strong><\/h4>\n<p class=\"openn\"><strong>Dieses Produkt ist kein Ersatz f\u00fcr eine Mahlzeit, sondern ein Nahrungserg\u00e4nzungsmittel, das im Rahmen einer gesunden und ausgewogenen Lebensweise verwendet werden sollte.<\/strong><\/p>\n<p class=\"openn\"><strong>\u00dcberschreiten Sie nicht die empfohlene Dosis.<\/strong><\/p>\n<p class=\"openn\"><strong>Nicht f\u00fcr schwangere oder stillende Frauen empfohlen, sofern nicht anders empfohlen.<\/strong><\/p>\n<p class=\"openn\"><strong>Ausserhalb der Reichweite von Kindern aufbewahren.<\/strong><\/p>\n","protected":false},"excerpt":{"rendered":"<h5><span style=\"color: #2445a2;\"><strong>Stacker2, Mizellenkasein 908G<\/strong><\/span><\/h5>\n<p><span style=\"color: #2445a2;\"><strong> Mit Mizellenkasein liefert dir Stacker2 ein erstklassiges Protein in Pulverform auf der Basis von reinem mizellaren Kasein.<\/strong><\/span><\/p>\n","protected":false},"featured_media":42086,"comment_status":"open","ping_status":"closed","template":"","meta":[],"product_cat":[1762,1764],"product_tag":[],"class_list":{"0":"post-42168","1":"product","2":"type-product","3":"status-publish","4":"has-post-thumbnail","6":"product_cat-sporternaehrung","7":"product_cat-protein","8":"pa_aromes-schokolade-de","10":"first","11":"instock","12":"taxable","13":"shipping-taxable","14":"purchasable","15":"product-type-variable","16":"has-default-attributes"},"tiered_pricing_type":"fixed","tiered_pricing_fixed_rules":[],"tiered_pricing_product_settings":{"layout":"default","base_unit_name":{"singular":null,"plural":null},"default_variation":null},"tiered_pricing_minimum_quantity":null,"tiered_pricing_roles_data":[],"tiered_pricing_percentage_rules":[],"_links":{"self":[{"href":"https:\/\/keepfitnutrition.ch\/de\/wp-json\/wp\/v2\/product\/42168","targetHints":{"allow":["GET"]}}],"collection":[{"href":"https:\/\/keepfitnutrition.ch\/de\/wp-json\/wp\/v2\/product"}],"about":[{"href":"https:\/\/keepfitnutrition.ch\/de\/wp-json\/wp\/v2\/types\/product"}],"replies":[{"embeddable":true,"href":"https:\/\/keepfitnutrition.ch\/de\/wp-json\/wp\/v2\/comments?post=42168"}],"wp:featuredmedia":[{"embeddable":true,"href":"https:\/\/keepfitnutrition.ch\/de\/wp-json\/wp\/v2\/media\/42086"}],"wp:attachment":[{"href":"https:\/\/keepfitnutrition.ch\/de\/wp-json\/wp\/v2\/media?parent=42168"}],"wp:term":[{"taxonomy":"product_cat","embeddable":true,"href":"https:\/\/keepfitnutrition.ch\/de\/wp-json\/wp\/v2\/product_cat?post=42168"},{"taxonomy":"product_tag","embeddable":true,"href":"https:\/\/keepfitnutrition.ch\/de\/wp-json\/wp\/v2\/product_tag?post=42168"}],"curies":[{"name":"wp","href":"https:\/\/api.w.org\/{rel}","templated":true}]}}