{"id":41059,"date":"2025-10-14T05:25:23","date_gmt":"2025-10-14T05:25:23","guid":{"rendered":"https:\/\/keepfitnutrition.ch\/?post_type=product&#038;p=41059"},"modified":"2025-12-16T12:21:51","modified_gmt":"2025-12-16T12:21:51","slug":"geschenkgutschein-wert-50-00-chf","status":"publish","type":"product","link":"https:\/\/keepfitnutrition.ch\/de\/produkt\/geschenkgutschein-wert-50-00-chf\/","title":{"rendered":"GESCHENKGUTSCHEIN WERT 50.00 CHF"},"content":{"rendered":"","protected":false},"excerpt":{"rendered":"<h4><strong>Geschenkgutschein Wert 50.00 CHF<\/strong><\/h4>\n<p><strong>Verschenken Sie einen Keep Fit Nutrition-Geschenkgutschein, egal ob als Geburtstagsgeschenk, Weihnachtsgeschenk, Dankesch\u00f6n, Hochzeitsgeschenk, Hochzeitstag, Jubil\u00e4um, an Freunde oder Familie. Ihr Geschenk wird jeden erfreuen, indem Sie ihn w\u00e4hlen lassen, was er mag.<\/strong><\/p>\n<p><strong>Ein Geschenkgutschein mit einem eleganten roten Umschlag.<\/strong><\/p>\n<p><strong>G\u00fcltigkeit: 1 Jahr<\/strong><\/p>\n<p><strong>Nicht in Bargeld umwandelbar<\/strong><\/p>\n","protected":false},"featured_media":40825,"comment_status":"open","ping_status":"closed","template":"","meta":[],"product_cat":[1760],"product_tag":[],"class_list":{"0":"post-41059","1":"product","2":"type-product","3":"status-publish","4":"has-post-thumbnail","6":"product_cat-zubehoer","8":"first","9":"instock","10":"taxable","11":"shipping-taxable","12":"purchasable","13":"product-type-simple"},"tiered_pricing_type":"fixed","tiered_pricing_fixed_rules":[],"tiered_pricing_product_settings":{"layout":"default","base_unit_name":{"singular":null,"plural":null},"default_variation":null},"tiered_pricing_minimum_quantity":null,"tiered_pricing_roles_data":[],"tiered_pricing_percentage_rules":[],"_links":{"self":[{"href":"https:\/\/keepfitnutrition.ch\/de\/wp-json\/wp\/v2\/product\/41059","targetHints":{"allow":["GET"]}}],"collection":[{"href":"https:\/\/keepfitnutrition.ch\/de\/wp-json\/wp\/v2\/product"}],"about":[{"href":"https:\/\/keepfitnutrition.ch\/de\/wp-json\/wp\/v2\/types\/product"}],"replies":[{"embeddable":true,"href":"https:\/\/keepfitnutrition.ch\/de\/wp-json\/wp\/v2\/comments?post=41059"}],"wp:featuredmedia":[{"embeddable":true,"href":"https:\/\/keepfitnutrition.ch\/de\/wp-json\/wp\/v2\/media\/40825"}],"wp:attachment":[{"href":"https:\/\/keepfitnutrition.ch\/de\/wp-json\/wp\/v2\/media?parent=41059"}],"wp:term":[{"taxonomy":"product_cat","embeddable":true,"href":"https:\/\/keepfitnutrition.ch\/de\/wp-json\/wp\/v2\/product_cat?post=41059"},{"taxonomy":"product_tag","embeddable":true,"href":"https:\/\/keepfitnutrition.ch\/de\/wp-json\/wp\/v2\/product_tag?post=41059"}],"curies":[{"name":"wp","href":"https:\/\/api.w.org\/{rel}","templated":true}]}}