{"id":40124,"date":"2024-12-20T16:06:15","date_gmt":"2024-12-20T16:06:15","guid":{"rendered":"https:\/\/keepfitnutrition.ch\/product\/sucre-de-coco-bio-2\/"},"modified":"2025-01-14T16:05:52","modified_gmt":"2025-01-14T16:05:52","slug":"sucre-de-coco-bio-2","status":"publish","type":"product","link":"https:\/\/keepfitnutrition.ch\/de\/produkt\/sucre-de-coco-bio-2\/","title":{"rendered":"BIO-KOKOSPALMZUCKER"},"content":{"rendered":"<h4><strong>Kokosbl\u00fctenzucker, k\u00f6stlicher Geschmack, n\u00e4hrstoffreich<\/strong><\/h4>\n<p><strong>Der aus Kokosbl\u00fcten gewonnene Nektar wird an der Luft getrocknet, um den Zucker auskristallisieren zu lassen. Dieser sehr einfache Prozess l\u00e4sst Kokosbl\u00fctenzucker entstehen, den wir Ihnen in der Version 100% Bio anbieten. Kokosbl\u00fctenzucker hat einen k\u00f6stlichen Karamellgeschmack, was ihn f\u00fcr all Ihre Zubereitungen zu einer ausgezeichneten Alternative zu normalem Zucker macht.<\/strong><\/p>\n<p><strong>Neben dem k\u00f6stlichen Geschmack ist neben weiteren Vorteilen sein sehr niedriger glyk\u00e4mischer Index *35* zu erw\u00e4hnen. Zur Erinnerung: Alle Lebensmittel \u00fcber 55 *wie weisser und brauner Zucker* weisen einen hohen glyk\u00e4mischen Index auf. Lebensmittel mit einem hohen glyk\u00e4mischen Faktor f\u00f6rdern die Fettspeicherung und damit die Gewichtszunahme. Kokosbl\u00fctenzucker hat dagegen weniger Kalorien wird alle Ihre Zubereitungen erleichtern und Gewichtszunahmen vermeiden.<\/strong><\/p>\n<p><strong>Kokosbl\u00fctenzucker ist unraffiniert. Es beh\u00e4lt daher alle N\u00e4hrstoffe, im Gegensatz zum raffinierten Weisszucker. Er ist also von Natur aus reich an B-Vitaminen, Kalium und Zink.<\/strong><\/p>\n<h4><span style=\"color: #d0121a;\"><strong>Tipps f\u00fcr die Einnahme:<\/strong><\/span><\/h4>\n<p><span style=\"color: #d0121a;\"><strong>Zur Verwendung in Getr\u00e4nken, Kuchen und Desserts. Das Produkt kann M\u00fcsli, Obstsalat und anderen Lebensmitteln zugesetzt werden.<\/strong><\/span><\/p>\n<h4><strong>N\u00e4hrwertangaben f\u00fcr 1 Portion 10G:<\/strong><\/h4>\n<p><strong>Energie 37.6 Kcal, Fette 0.01G Ges\u00e4ttigte Fetts\u00e4uren 0.01G, Kohlenhydrate 9.2G, Zucker 8.66G, Protein 0.12G, Natrium 0.01G.<\/strong><\/p>\n<h4><strong>Zutaten:<\/strong><\/h4>\n<p><strong>Bio-Kokosnussbaum *Cocos nucifera*. Kann Spuren von enthalten: Kokosnuss. Produktionsland: Indonesia.<\/strong><\/p>\n<p><strong>Soil Association: Tierschutz und Erhaltung der Tierwelt &#8211; 100% nat\u00fcrliches Produkt &#8211; Aus der nat\u00fcrlichen Umgebung ohne chemische Behandlung-GVO-frei &#8211; Entspricht den HACCP-Qualit\u00e4tsstandards.<\/strong><\/p>\n<h4><\/h4>\n","protected":false},"excerpt":{"rendered":"<h5><span style=\"color: #2445a2;\"><strong>Bio &#8211; Kokospalmzucker 250G.<\/strong><\/span><\/h5>\n<p><span style=\"color: #2445a2;\"><strong>Unraffinierter Naturzucker<\/strong><\/span><\/p>\n<p><span style=\"color: #2445a2;\"><strong>Niedriger Glyk\u00e4mischer Index *35*<\/strong><\/span><\/p>\n<p><span style=\"color: #2445a2;\"><strong>Delikater Nusskaramellgeschmack<\/strong><\/span><\/p>\n<p><span style=\"color: #2445a2;\"><strong>100% Bio-zertifiziert, ohne Zusatzstoffe, ohne GVO.<\/strong><\/span><\/p>\n","protected":false},"featured_media":41284,"comment_status":"open","ping_status":"closed","template":"","meta":[],"product_cat":[1768,1762],"product_tag":[],"class_list":{"0":"post-40124","1":"product","2":"type-product","3":"status-publish","4":"has-post-thumbnail","6":"product_cat-gesundheit-diaet","7":"product_cat-sporternaehrung","9":"first","10":"instock","11":"taxable","12":"shipping-taxable","13":"purchasable","14":"product-type-simple"},"tiered_pricing_type":"fixed","tiered_pricing_fixed_rules":[],"tiered_pricing_product_settings":{"layout":"default","base_unit_name":{"singular":null,"plural":null},"default_variation":null},"tiered_pricing_minimum_quantity":null,"tiered_pricing_roles_data":[],"tiered_pricing_percentage_rules":[],"_links":{"self":[{"href":"https:\/\/keepfitnutrition.ch\/de\/wp-json\/wp\/v2\/product\/40124","targetHints":{"allow":["GET"]}}],"collection":[{"href":"https:\/\/keepfitnutrition.ch\/de\/wp-json\/wp\/v2\/product"}],"about":[{"href":"https:\/\/keepfitnutrition.ch\/de\/wp-json\/wp\/v2\/types\/product"}],"replies":[{"embeddable":true,"href":"https:\/\/keepfitnutrition.ch\/de\/wp-json\/wp\/v2\/comments?post=40124"}],"wp:featuredmedia":[{"embeddable":true,"href":"https:\/\/keepfitnutrition.ch\/de\/wp-json\/wp\/v2\/media\/41284"}],"wp:attachment":[{"href":"https:\/\/keepfitnutrition.ch\/de\/wp-json\/wp\/v2\/media?parent=40124"}],"wp:term":[{"taxonomy":"product_cat","embeddable":true,"href":"https:\/\/keepfitnutrition.ch\/de\/wp-json\/wp\/v2\/product_cat?post=40124"},{"taxonomy":"product_tag","embeddable":true,"href":"https:\/\/keepfitnutrition.ch\/de\/wp-json\/wp\/v2\/product_tag?post=40124"}],"curies":[{"name":"wp","href":"https:\/\/api.w.org\/{rel}","templated":true}]}}