{"id":39866,"date":"2024-03-07T17:22:04","date_gmt":"2024-03-07T17:22:04","guid":{"rendered":"https:\/\/keepfitnutrition.ch\/product\/rumalaya-gel-2\/"},"modified":"2026-04-14T16:10:22","modified_gmt":"2026-04-14T16:10:22","slug":"gel-rumalaya","status":"publish","type":"product","link":"https:\/\/keepfitnutrition.ch\/de\/produkt\/gel-rumalaya\/","title":{"rendered":"GEL RUMALAYA"},"content":{"rendered":"<h3 style=\"text-align: center;\"><strong>Gel Rumalaya 50G. von Himalaya.<\/strong><\/h3>\n<p style=\"text-align: center;\"><strong><img loading=\"lazy\" decoding=\"async\" class=\"alignnone size-full wp-image-42387\" src=\"https:\/\/keepfitnutrition.ch\/wp-content\/uploads\/2024\/03\/RUMALAYA-Gel-Marketing-K.webp\" alt=\"\" width=\"800\" height=\"800\" srcset=\"https:\/\/keepfitnutrition.ch\/wp-content\/uploads\/2024\/03\/RUMALAYA-Gel-Marketing-K.webp 800w, https:\/\/keepfitnutrition.ch\/wp-content\/uploads\/2024\/03\/RUMALAYA-Gel-Marketing-K-280x280.webp 280w, https:\/\/keepfitnutrition.ch\/wp-content\/uploads\/2024\/03\/RUMALAYA-Gel-Marketing-K-768x768.webp 768w, https:\/\/keepfitnutrition.ch\/wp-content\/uploads\/2024\/03\/RUMALAYA-Gel-Marketing-K-300x300.webp 300w, https:\/\/keepfitnutrition.ch\/wp-content\/uploads\/2024\/03\/RUMALAYA-Gel-Marketing-K-600x600.webp 600w, https:\/\/keepfitnutrition.ch\/wp-content\/uploads\/2024\/03\/RUMALAYA-Gel-Marketing-K-100x100.webp 100w\" sizes=\"auto, (max-width: 800px) 100vw, 800px\" \/><\/strong><\/p>\n<p><strong>Rumalaya Gel wurde entwickelt, um die Beweglichkeit und Gesundheit Ihrer Gelenke und Knochen zu unterst\u00fctzen, indem es Schmerzen in diesen Bereichen lindert. Es wurde entwickelt, um Schmerzen mithilfe einer starken schmerzlindernden Formel zu lindern, damit Sie wieder in einen normalen Zustand zur\u00fcckkehren k\u00f6nnen.<\/strong><\/p>\n<p><strong>Das schmerzstillende Gel wird auf pflanzlicher Basis hergestellt und dient zur schnellen Linderung von Gelenk und Knochenschmerzen, die durch verschiedene orthop\u00e4dische Erkrankungen und St\u00f6rungen des Muskel-Skelett-Systems verursacht werden. Dank seiner einzigartigen nat\u00fcrlichen Formel lindert es sofort Schmerzen in Muskeln, Gelenken der Blutgef\u00e4sse und verbessert so die Blutzirkulation, was eine schnelle Schmerzbeseitigung und die Entspannung des Muskelgewebes erleichtert. Rumalaya Gel hilft, die verlorene Beweglichkeit wiederherzustellen, wodurch die Bewegungsfreiheit wieder hergestellt wird. Das Gel wird schnell absorbiert und dringt tief in die Haut ein.<\/strong><\/p>\n<h4><strong>Indikationen:<\/strong><\/h4>\n<p><strong>Arthritis, Polyarthritis, Arthrose, Gicht, Verletzungen des Bewegungsapparats, Prellungen, H\u00e4matome, Verstauchungen, Verrenkungen, B\u00e4nder- und Sehnenverletzungen, rheumatische Erkrankungen, Osteochondrose, \u00d6deme und Entz\u00fcndungen.<\/strong><\/p>\n<h4><span style=\"color: #d0121a;\"><strong>Empfehlung f\u00fcr die Anwendung:<\/strong><\/span><\/h4>\n<p><span style=\"color: #d0121a;\"><strong> Massieren Sie die erforderliche Menge des Gels 3 bis 4 mal t\u00e4glich auf die betroffene Stelle ein.<\/strong><\/span><\/p>\n<h4><strong>Zutaten:<\/strong><\/h4>\n<p><strong>Wasser, Gaultheria-Blatt\u00f6l, Pinus roxburghii oleo Gummiharz\u00f6l, Mentha arvensis Luftextrakt, Cetearylalkohol, Propylenglycol, Ceteareth-20, Cetylpalmitat, Ethoxydiglycol, Vitex negundo Luftteil\u00f6l, Cedrus deodara Holz\u00f6l, Zingiber officinale *Ingwer* Rhizom\u00f6l, Boswellia serrata Horz\u00f6l, Triethanolamin, Carbomer, Methylparaben, Propylparaben.<\/strong><\/p>\n<h4><strong>Warnhinweis<\/strong><\/h4>\n<p class=\"textb\"><strong><span lang=\"de-ch\" style=\"color: #000000;\" xml:lang=\"de-ch\">Die empfohlene Tagesdosis nicht \u00fcberschreiten.<\/span><\/strong><\/p>\n<p class=\"textb\"><strong><span lang=\"de-ch\" style=\"color: #000000;\" xml:lang=\"de-ch\">Ausserhalb der Reichweite von Kleinkindern aufbewahren.<\/span><\/strong><\/p>\n<p class=\"textb\"><strong><span lang=\"de-ch\" style=\"color: #000000;\" xml:lang=\"de-ch\">Dieses Produkt ist kein Arzneimittel, sondern ein Nahrungserg\u00e4nzungsmittel, das nicht dazu bestimmt ist, eine allopathische Behandlung zu ersetzen.<\/span><\/strong><\/p>\n<p class=\"textb\"><strong><span lang=\"de-ch\" style=\"color: #000000;\" xml:lang=\"de-ch\">\u00dcben Sie im Interesse Ihrer Gesundheit regelm\u00e4ssig k\u00f6rperliche Aktivit\u00e4t aus.<\/span><\/strong><\/p>\n","protected":false},"excerpt":{"rendered":"<p><strong>Topisches, schnell wirkendes Gel<\/strong><\/p>\n<p><strong>Lindert Gelenkschmerzen<\/strong><\/p>\n<p><strong>Warme und kalte Wirkung, wenn es auf die Hasut einmassiert wird.<\/strong><\/p>\n<h5><strong>DLUO 05.2028.<\/strong><\/h5>\n","protected":false},"featured_media":41586,"comment_status":"open","ping_status":"closed","template":"","meta":[],"product_cat":[1762,1768],"product_tag":[2923],"class_list":{"0":"post-39866","1":"product","2":"type-product","3":"status-publish","4":"has-post-thumbnail","6":"product_cat-sporternaehrung","7":"product_cat-gesundheit-diaet","8":"product_tag-himalaya-de","10":"first","11":"instock","12":"taxable","13":"shipping-taxable","14":"purchasable","15":"product-type-simple"},"tiered_pricing_type":"fixed","tiered_pricing_fixed_rules":[],"tiered_pricing_product_settings":{"layout":"default","base_unit_name":{"singular":null,"plural":null},"default_variation":null},"tiered_pricing_minimum_quantity":null,"tiered_pricing_roles_data":[],"tiered_pricing_percentage_rules":[],"_links":{"self":[{"href":"https:\/\/keepfitnutrition.ch\/de\/wp-json\/wp\/v2\/product\/39866","targetHints":{"allow":["GET"]}}],"collection":[{"href":"https:\/\/keepfitnutrition.ch\/de\/wp-json\/wp\/v2\/product"}],"about":[{"href":"https:\/\/keepfitnutrition.ch\/de\/wp-json\/wp\/v2\/types\/product"}],"replies":[{"embeddable":true,"href":"https:\/\/keepfitnutrition.ch\/de\/wp-json\/wp\/v2\/comments?post=39866"}],"wp:featuredmedia":[{"embeddable":true,"href":"https:\/\/keepfitnutrition.ch\/de\/wp-json\/wp\/v2\/media\/41586"}],"wp:attachment":[{"href":"https:\/\/keepfitnutrition.ch\/de\/wp-json\/wp\/v2\/media?parent=39866"}],"wp:term":[{"taxonomy":"product_cat","embeddable":true,"href":"https:\/\/keepfitnutrition.ch\/de\/wp-json\/wp\/v2\/product_cat?post=39866"},{"taxonomy":"product_tag","embeddable":true,"href":"https:\/\/keepfitnutrition.ch\/de\/wp-json\/wp\/v2\/product_tag?post=39866"}],"curies":[{"name":"wp","href":"https:\/\/api.w.org\/{rel}","templated":true}]}}