{"id":39854,"date":"2024-09-18T14:25:43","date_gmt":"2024-09-18T14:25:43","guid":{"rendered":"https:\/\/keepfitnutrition.ch\/product\/shilajit-primavie-60-kapseln\/"},"modified":"2026-04-11T17:21:46","modified_gmt":"2026-04-11T17:21:46","slug":"shilajit-primavie-60-kapseln","status":"publish","type":"product","link":"https:\/\/keepfitnutrition.ch\/de\/produkt\/shilajit-primavie-60-kapseln\/","title":{"rendered":"SHILAJIT PRIMAVIE\u00ae"},"content":{"rendered":"<h3 style=\"text-align: center;\"><strong>Shilajit <\/strong><strong>PrimaVie<\/strong><b>\u00ae <\/b><strong>60 Kapseln.<\/strong><\/h3>\n<p><img loading=\"lazy\" decoding=\"async\" class=\"alignnone size-full wp-image-41280 aligncenter\" src=\"https:\/\/keepfitnutrition.ch\/wp-content\/uploads\/2023\/09\/SHILAJIT-PRIMAVIER-60-CAPSULES-VERSO.webp\" alt=\"\" width=\"800\" height=\"800\" srcset=\"https:\/\/keepfitnutrition.ch\/wp-content\/uploads\/2023\/09\/SHILAJIT-PRIMAVIER-60-CAPSULES-VERSO.webp 800w, https:\/\/keepfitnutrition.ch\/wp-content\/uploads\/2023\/09\/SHILAJIT-PRIMAVIER-60-CAPSULES-VERSO-280x280.webp 280w, https:\/\/keepfitnutrition.ch\/wp-content\/uploads\/2023\/09\/SHILAJIT-PRIMAVIER-60-CAPSULES-VERSO-768x768.webp 768w, https:\/\/keepfitnutrition.ch\/wp-content\/uploads\/2023\/09\/SHILAJIT-PRIMAVIER-60-CAPSULES-VERSO-300x300.webp 300w, https:\/\/keepfitnutrition.ch\/wp-content\/uploads\/2023\/09\/SHILAJIT-PRIMAVIER-60-CAPSULES-VERSO-600x600.webp 600w, https:\/\/keepfitnutrition.ch\/wp-content\/uploads\/2023\/09\/SHILAJIT-PRIMAVIER-60-CAPSULES-VERSO-100x100.webp 100w\" sizes=\"auto, (max-width: 800px) 100vw, 800px\" \/><\/p>\n<h4><strong>PrimaVie<\/strong><b>\u00ae: ein gesch\u00fctzter Extrakt aus gereinigtem Shilajit, dessen Wirksamkeit klinisch erwiesen ist.<\/b><\/h4>\n<p class=\"MsoNormal\"><b><span lang=\"de-ch\" style=\"font-size: 10pt; line-height: 107%; font-family: 'Open Sans', sans-serif;\" xml:lang=\"de-ch\">Shilajit ist eine schwarze, organisch-mineralische, harzige Substanz mit adaptogenen Eigenschaften. Shilajit wird in den Bergen des Himalayas gewonnen, besteht aus pflanzlichen Stoffen und enth\u00e4lt zahlreiche Mineralien. Die Verwendung dieses Exsudats in der traditionellen ayurvedischen Medizin geht auf die Zivilisation des Industals, 3000 v. Chr., zur\u00fcck.<br \/>\nPrimaVie\u00ae ist ein hochwertiger, gereinigter Shilajit-Extrakt aus dem Himalaya, der an Fulvos\u00e4uren und Dibenzo-a-Pyronen standardisiert ist. PrimaVie\u00ae Shilajit f\u00f6rdert die Energieproduktion und hat entz\u00fcndungshemmende und antioxidative Eigenschaften.<br \/>\nAufgrund dieser Eigenschaften hat Shilajit PrimaVie\u00ae viele klinisch nachgewiesene gesundheitliche Vorteile:<br \/>\nReduziert den Stresspegel<br \/>\nWirkt als allgemeines St\u00e4rkungsmittel<br \/>\nStarkes Adaptogen<br \/>\nSt\u00e4rkt das Immunsystem<br \/>\nF\u00f6rdert den Muskelaufbau<br \/>\nF\u00f6rdert einen gesunden Testosteronspiegel<br \/>\nSteigert das Ged\u00e4chtnis und die Konzentration<br \/>\nVerz\u00f6gert die Zeichen des Alterns<\/span><\/b><\/p>\n<p class=\"MsoNormal\"><b><span lang=\"de-ch\" style=\"font-size: 12.5pt; line-height: 107%; font-family: 'Open Sans', sans-serif; color: #ff0000;\" xml:lang=\"de-ch\">Empfehlung f\u00fcr die Verwendung:<br \/>\n<\/span><\/b><b><span lang=\"de-ch\" style=\"font-size: 10pt; line-height: 107%; font-family: 'Open Sans', sans-serif; color: #ff0000;\" xml:lang=\"de-ch\">Nehmen Sie 2 Kapseln pro Tag mit einem Glas Wasser zu den Mahlzeiten ein.<\/span><\/b><b><\/b><\/p>\n<p class=\"MsoNormal\"><b><span lang=\"de-ch\" style=\"font-size: 12.5pt; line-height: 107%; font-family: 'Open Sans', sans-serif;\" xml:lang=\"de-ch\">N\u00e4hrwertangaben:<br \/>\n<\/span><\/b><b><span lang=\"de-ch\" style=\"font-size: 10pt; line-height: 107%; font-family: 'Open Sans', sans-serif;\" xml:lang=\"de-ch\">1 Kapsel enth\u00e4lt 250mg Shilajit *Mineralpech* PrimaVie\u00ae.<\/span><\/b><b><\/b><\/p>\n<p class=\"MsoNormal\"><b><span lang=\"de-ch\" style=\"font-size: 12.5pt; line-height: 107%; font-family: 'Open Sans', sans-serif;\" xml:lang=\"de-ch\">Sonstige Bestandteile:<br \/>\n<\/span><\/b><b><span lang=\"de-ch\" style=\"font-size: 10pt; line-height: 107%; font-family: 'Open Sans', sans-serif;\" xml:lang=\"de-ch\">Mikrokristalline Cellulose, pflanzliche Cellulose *Kapsel*, Magnesiumsteat pflanzlichen Ursprungs, Crosscarm\u00e9llose-Natrium.<\/span><\/b><b><\/b><\/p>\n<p class=\"MsoNormal\"><b><span lang=\"de-ch\" style=\"font-size: 12.5pt; line-height: 107%; font-family: 'Open Sans', sans-serif;\" xml:lang=\"de-ch\">Warnhinweis<br \/>\n<\/span><\/b><b><span lang=\"de-ch\" style=\"font-size: 10pt; line-height: 107%; font-family: 'Open Sans', sans-serif;\" xml:lang=\"de-ch\">Vorsicht und ausserhalb der Reichweite von Kindern aufbewahren.<\/span><\/b><b><\/b><\/p>\n<p class=\"MsoNormal\"><b><span lang=\"de-ch\" style=\"font-size: 10pt; line-height: 107%; font-family: 'Open Sans', sans-serif;\" xml:lang=\"de-ch\">Nicht bei Kindern und schwangeren oder stillenden Frauen anwenden.<\/span><\/b><\/p>\n<p class=\"MsoNormal\"><b><span lang=\"de-ch\" style=\"font-size: 10pt; line-height: 107%; font-family: 'Open Sans', sans-serif;\" xml:lang=\"de-ch\">Um das Produkt so frisch wie m\u00f6glich zu halten, bewahren Sie es an einem k\u00fchlen, trockenen Ort auf, der vor Hitze, Feuchtigkeit und Licht gesch\u00fctzt ist.<\/span><\/b><\/p>\n<p class=\"MsoNormal\"><b><span lang=\"de-ch\" style=\"font-size: 10pt; line-height: 107%; font-family: 'Open Sans', sans-serif;\" xml:lang=\"de-ch\">Die empfohlene Tagesdosis nicht \u00fcberschreiten.<\/span><\/b><\/p>\n","protected":false},"excerpt":{"rendered":"<h5><strong><span style=\"color: #2445a2;\">Shilajit Patentiert 60 <\/span><\/strong><strong><span style=\"color: #2445a2;\">Kapseln <\/span><\/strong><\/h5>\n<p><strong><span style=\"color: #2445a2;\">Shilajit ist eine nat\u00fcrliche mineralische Substanz, die in den hochgelegenen Regionen des Himalayas aus dem Gestein austritt. Shilajit wird traditionell wegen seiner allgemein tonisierenden und verj\u00fcngenden Wirkung verwendet und f\u00f6rdert des Muskelaufbau.<\/span><\/strong><\/p>\n","protected":false},"featured_media":41279,"comment_status":"open","ping_status":"closed","template":"","meta":[],"product_cat":[1762,1778],"product_tag":[],"class_list":{"0":"post-39854","1":"product","2":"type-product","3":"status-publish","4":"has-post-thumbnail","6":"product_cat-sporternaehrung","7":"product_cat-kraft","8":"pa_contenance-60kapseln_-de","10":"first","11":"instock","12":"taxable","13":"shipping-taxable","14":"purchasable","15":"product-type-simple"},"tiered_pricing_type":"fixed","tiered_pricing_fixed_rules":[],"tiered_pricing_product_settings":{"layout":"default","base_unit_name":{"singular":null,"plural":null},"default_variation":null},"tiered_pricing_minimum_quantity":null,"tiered_pricing_roles_data":[],"tiered_pricing_percentage_rules":[],"_links":{"self":[{"href":"https:\/\/keepfitnutrition.ch\/de\/wp-json\/wp\/v2\/product\/39854","targetHints":{"allow":["GET"]}}],"collection":[{"href":"https:\/\/keepfitnutrition.ch\/de\/wp-json\/wp\/v2\/product"}],"about":[{"href":"https:\/\/keepfitnutrition.ch\/de\/wp-json\/wp\/v2\/types\/product"}],"replies":[{"embeddable":true,"href":"https:\/\/keepfitnutrition.ch\/de\/wp-json\/wp\/v2\/comments?post=39854"}],"wp:featuredmedia":[{"embeddable":true,"href":"https:\/\/keepfitnutrition.ch\/de\/wp-json\/wp\/v2\/media\/41279"}],"wp:attachment":[{"href":"https:\/\/keepfitnutrition.ch\/de\/wp-json\/wp\/v2\/media?parent=39854"}],"wp:term":[{"taxonomy":"product_cat","embeddable":true,"href":"https:\/\/keepfitnutrition.ch\/de\/wp-json\/wp\/v2\/product_cat?post=39854"},{"taxonomy":"product_tag","embeddable":true,"href":"https:\/\/keepfitnutrition.ch\/de\/wp-json\/wp\/v2\/product_tag?post=39854"}],"curies":[{"name":"wp","href":"https:\/\/api.w.org\/{rel}","templated":true}]}}