{"id":39765,"date":"2023-08-24T15:54:52","date_gmt":"2023-08-24T15:54:52","guid":{"rendered":"https:\/\/keepfitnutrition.ch\/product\/blackbelt-pflegedusche\/"},"modified":"2025-01-14T15:53:59","modified_gmt":"2025-01-14T15:53:59","slug":"blackbelt-pflegedusche","status":"publish","type":"product","link":"https:\/\/keepfitnutrition.ch\/de\/produkt\/blackbelt-pflegedusche\/","title":{"rendered":"BLACKBELT PFLEGEDUSCHE"},"content":{"rendered":"<h4><strong>Nachgewiesene Anti-Muskelkater-Wirkung<\/strong><\/h4>\n<p><b><span lang=\"de\" style=\"font-size: 10pt; line-height: 107%; font-family: 'Open Sans', sans-serif;\" xml:lang=\"de\">Dieses Produkt ist ein Anti-Muskelkater-Mittel; Sie brauchen nur unter die Dusche zu gehen.<br \/>\nWir haben eine Vielzahl von Wirkstoffen zusammengestellt, denn abgesehen von der kombinierten Wirkung der Inhaltsstoffe sind wir alle mehr oder weniger empfindlich auf bestimmte Inhaltsstoffe.<br \/>\n91 % der Teilnehmer an der unabh\u00e4ngigen Studie waren der Meinung, dass sich der Muskelkater nach einer intensiven Trainingseinheit, die auf die Beine ausgerichtet war, deutlich verringert hatte und dass sie innerhalb von 72 Stunden nach dem Training wieder normal laufen konnten *davon 29 % mit einem vollst\u00e4ndigen Verschwinden des Muskelkaters*.<br \/>\nEs gibt noch 9% der Menschen, aber wir wissen nat\u00fcrlich nicht, ob sie sich an die Gebrauchsanweisungen gehalten haben: Haben sie das Wasser zum Einseifen abgestellt? Haben sie genug Produkt verwendet? Haben sie das Produkt zu lange einwirken lassen, bevor sie es absp\u00fclten? Haben sie am Tag der Sitzung mit dem Produkt geduscht oder haben sie 1 oder 2 Tage gewartet, bis der Muskelkater einsetzte? All das sind Faktoren, die dazu f\u00fchren, dass das Duschgel nicht wirken kann.<br \/>\nAuch andere Faktoren spielen bei der Erholung eine Rolle: Ihr Fl\u00fcssigkeitshaushalt und Ihre Schlafqualit\u00e4t. Auch hier haben wir keine Informationen \u00fcber diese Elemente f\u00fcr die 9 % der Befragten.<br \/>\n9 von 10 Personen erzielen spektakul\u00e4re Ergebnisse, ohne etwas anderes zu tun als zu duschen.<br \/>\nEs sei daran erinnert, dass eine t\u00e4gliche Anwendung, insbesondere am Tag der Sitzung und am n\u00e4chsten Tag, optimal ist, um den Muskelkater zu minimieren. Ebenso wie das Abdrehen des Wassers zum Einseifen, eine ausreichende Menge des Produkts, um sich gr\u00fcndlich zu waschen,\u00a0<\/span><\/b><b><span lang=\"de\" style=\"font-size: 10pt; line-height: 107%; font-family: 'Open Sans', sans-serif;\" xml:lang=\"de\">und das Einwirkenlassen des Duschgels f\u00fcr 1 bis 2 Minuten vor dem Absp\u00fclen. Wir empfehlen Ihnen ausserdem, auf die Qualit\u00e4t Ihres Schlafs und Ihren Fl\u00fcssigkeitshaushalt zu achten.<\/span><\/b><\/p>\n<p><b><span lang=\"de\" style=\"font-size: 10pt; line-height: 107%; font-family: 'Open Sans', sans-serif;\" xml:lang=\"de\"> Die Anti-Muskelkater-Wirkung ist die am schnellsten feststellbare Wirkung, aber es gibt noch viele andere!<br \/>\nNeben der deutlichen Verringerung des Muskelkaters ist es ein Produkt mit Wirkstoffen, die daf\u00fcr bekannt sind, die Erholung von Muskeln, Sehnen und B\u00e4ndern zu verbessern.<\/span><\/b><\/p>\n<h4><strong>Nachgewiesene Verringerung der Muskellerm\u00fcdung.<\/strong><\/h4>\n<p class=\"MsoNormal\"><b><span lang=\"de\" style=\"font-size: 10pt; line-height: 107%; font-family: 'Open Sans', sans-serif;\" xml:lang=\"de\">Dieses Produkt hilft gegen Muskelerm\u00fcdung; Sie brauchen nur unter die Dusche zu gehen. Dieses Produkt enth\u00e4lt \u00e4therischen \u00d6lextrakten aus Wintergr\u00fcn, Rosmarin, Arnika und Pfefferminz\u00f6l, die alle f\u00fcr ihre Anti-Muskelkater- und Anti-Krampf-Wirkung bekannt sind.<\/span><\/b><\/p>\n<h4><strong>Nachgewiesene Wohlf\u00fchl &amp; Entspannungswirkung.<\/strong><\/h4>\n<p><b><span lang=\"de\" style=\"font-size: 10pt; line-height: 107%; font-family: 'Open Sans', sans-serif;\" xml:lang=\"de\">Dieses Duschgel ist ein nachgewiesenes Entspannungs- und Wohlf\u00fchlprodukt! Sie brauchen nur unter die Dusche zu gehen!<br \/>\nWenn Sie ein Sportler sind, der auf seine Gesundheit und sein Wohlbefinden achtet, kennen Sie bereits unsere Wirkstoffe und ihre positiven Auswirkungen auf den K\u00f6rper. Wenn Sie sich um Ihr Wohlbefinden k\u00fcmmern m\u00f6chten, ist dies die perfekte Kombination, ganz ohne Anstrengung! Sie brauchen nur zu duschen!<\/span><\/b><\/p>\n<h4><strong>Aktive Inhaltsstoffe:<\/strong><\/h4>\n<p class=\"MsoNormal\"><b><span lang=\"de\" style=\"font-size: 10pt; line-height: 107%; font-family: 'Open Sans', sans-serif;\" xml:lang=\"de\">Magnesium, Zink, Arnika\u00f6lmazerat Bio, \u00e4therisches Wintergr\u00fcn\u00f6l Bio, \u00e4therisches Rosmarin\u00f6l Bio, Koffein, Corolea+*Olivenbaum- und Frauenmantel-Extrakt*, Pfefferminzbl\u00fctenwasser Bio, Vitamin B6, Vitamin B3, Vitamin E.<\/span><\/b><\/p>\n<h4><strong>Inhaltsstoffe, die f\u00fcr hautstraffende und fettverbrennende Effekte bekannt sind.<\/strong><\/h4>\n<p class=\"MsoNormal\"><b><span lang=\"de\" style=\"font-size: 10pt; line-height: 107%; font-family: 'Open Sans', sans-serif;\" xml:lang=\"de\">Fett abbauen, verbrennen und nicht wieder einlagern &#8211; das ist das Ergebnis, das wir uns alle w\u00fcnschen! Aus diesem Grund haben wir zwei Wirkstoffe, die f\u00fcr diese Effekte bekannt sind, in diesem Produkt kombiniert: Koffein und Corolea+. Koffein ist ausserdem ein hervorragender Hautstraffer, der f\u00fcr ein optimales Erscheinungsbild sorgt.<br \/>\nAuch wenn die Wirkung dieser Inhaltsstoffe mehr Zeit in Anspruch nimmt, in 21 Tagen der Studie nur mit dem Duschgel:<br \/>\n33% der Befragten sehen bereits eine sichtbare Verbesserung der Muskeln.<br \/>\n43% der Befragten sind der Meinung, dass dieses Produkt ihre Silhouette formt und verbessert.<br \/>\n57 % der Frauen im Panel stellten eine Verbesserung des Erscheinungsbildes von Orangenhaut und Cellulite fest.<br \/>\nDie Wirkung dieser aktiven Inhaltsstoffe ist eine Hilfe im Rahmen einer Lebensweise, die Ihrem Ziel entspricht.<\/span><\/b><\/p>\n<h4 class=\"MsoNormal\"><strong>Inhaltsstoffe, die daf\u00fcr bekannt sind, Orangenhaut und Cellulite zu bek\u00e4mpfen<\/strong><\/h4>\n<p class=\"MsoNormal\"><b><span lang=\"de\" style=\"font-size: 10pt; line-height: 107%; font-family: 'Open Sans', sans-serif;\" xml:lang=\"de\">Blackbelt Pflegedusche enth\u00e4lt Koffein, das als Hautstraffer bekannt ist und ein besseres Hautbild an den sogenannten *Orangenhaut*-Zonen f\u00f6rdert.<br \/>\nAuch wenn die Wirkung dieser Inhaltsstoffe l\u00e4nger dauert, stellten 57 % der Frauen nach nur 21 Tagen eine Verbesserung des Erscheinungsbildes von Orangenhaut und Cellulite fest.<\/span><\/b><\/p>\n<h4><strong>Die Verbesserung Ihrer Erholung kann zur Verbesserung Ihrer Leistung beitragen<\/strong><\/h4>\n<p class=\"MsoNormal\"><b><span lang=\"de\" style=\"font-size: 10pt; line-height: 107%; font-family: 'Open Sans', sans-serif;\" xml:lang=\"de\">Eine gute Erholung ist das Geheimnis vieler Sportler und Spitzensportler, die \u00fcber ein Team zur Optimierung ihrer Erholung verf\u00fcgen. Eine bessere Erholung bedeutet potenziell mehr Trainingseinheiten und mehr Leistung in den folgenden Trainingseinheiten. Dieses Produkt enth\u00e4lt auch eine Hilfe zur Wiederherstellung der ATP-Reserven, Coroela+.<\/span><\/b><\/p>\n<p class=\"MsoNormal\"><b><span lang=\"de\" style=\"font-size: 10pt; line-height: 107%; font-family: 'Open Sans', sans-serif;\" xml:lang=\"de\">ATP ist f\u00fcr die sportliche Leistung von entscheidender Bedeutung! Um Ihnen zu helfen, noch mehr Leistung zu erbringen, wurden diesem Produkt energiespendende Wirkstoffe wie Koffein und Pfefferminzbl\u00fctenwasser hinzugef\u00fcgt, die f\u00fcr diese Wirkung bekannt sind. Inhaltsstoff *nicht dopingrelevant*.<\/span><\/b><\/p>\n<h4><strong>Bekannte Inhaltsstoffe zur Bek\u00e4mpfung von Gelenk-B\u00e4nder-und Sehnenschmerzen<\/strong><\/h4>\n<p class=\"MsoNormal\"><b><span lang=\"de\" style=\"font-size: 10pt; line-height: 107%; font-family: 'Open Sans', sans-serif;\" xml:lang=\"de\">Mit Extrakten aus \u00e4therischen Bio-\u00d6len von Wintergr\u00fcn, Bio-Kampfer-Rosmarin, Bio-Arnika\u00f6lmazerat und Bio-Pfefferminzbl\u00fctenwasser, die alle f\u00fcr ihre entz\u00fcndungshemmenden Eigenschaften bekannt sind und regelm\u00e4ssig bei der nat\u00fcrlichen Behandlung von Arthrose und Arthritis eingesetzt werden.<\/span><\/b><\/p>\n<h4 class=\"MsoNormal\"><strong>95% der Empfehlungen<\/strong><\/h4>\n<p class=\"MsoNormal\"><b><span lang=\"de\" style=\"font-size: 10pt; line-height: 107%; font-family: 'Open Sans', sans-serif;\" xml:lang=\"de\">In der unabh\u00e4ngigen Studie Nr. 374568, die von SGS IDEA im Jahr 2024 unter 21 Sportlern durchgef\u00fchrt wurde, die 21 Tage lang dieses Duschgel testeten, wurde Blackbelt Duschgel von 20\/21 Sportler*innen empfohlen.<\/span><\/b><\/p>\n<h4><span style=\"color: #d0121a;\"><strong>Empfehlung f\u00fcr die Verwendung:<\/strong><\/span><\/h4>\n<p class=\"MsoNormal\"><b><span lang=\"de\" style=\"font-size: 10pt; line-height: 107%; font-family: 'Open Sans', sans-serif; color: #ff0000;\" xml:lang=\"de\"><span style=\"color: #d0121a;\">Machen Sie sich unter der Dusche nass, stellen Sie das Wasser ab, um sich einzuseifen, und lassen Sie das Produkt 1 bis 2 Minuten auf den beanspruchten Muskeln einwirken, um die Wirksamkeit zu erh\u00f6hen, und verwenden Sie es t\u00e4glich, auch an Ruhetagen. Sp\u00fclen Sie sich ab. Dieses Produkt kann t\u00e4glich als Duschgel und Shampoo verwendet werden.<\/span><br \/>\n<span style=\"color: #d0121a;\"> Tipps gegen Muskelkater; Denken Sie auch daran, t\u00e4glich ausreichend Fl\u00fcssigkeit zu sich zu nehmen und nach dem Training leichte Dehn\u00fcbungen zu machen. Um die Wirkung gegen Muskelkater nach einem anstrengenden Training zu verst\u00e4rken, k\u00f6nnen Sie das Duschgel vor dem Absp\u00fclen noch l\u00e4nger in die Muskeln einmassieren. Sie k\u00f6nnen auch am n\u00e4chsten Tag mit dem Duschgel duschen, um eine weitere Dosis des Produkts auf Ihre Muskeln aufzutragen, und das Ganze am \u00fcbern\u00e4chsten Tag wiederholen.<\/span><\/span><\/b><\/p>\n<p class=\"MsoNormal\"><b><span lang=\"de\" style=\"font-size: 10pt; line-height: 107%; font-family: 'Open Sans', sans-serif;\" xml:lang=\"de\">Die Wirkung gegen Muskelkater ist am schnellsten zu erkennen. Bei den anderen Wirkungen, insbesondere der optischen Verbesserung der Orangenhaut oder der Muskeldefinition, werden Sie die Verbesserung erst mit der Zeit sehen, wenn Sie eine gesunde und abwechslungsreiche Ern\u00e4hrung zu sich nehmen, die Ihrem Ziel entspricht.<\/span><\/b><\/p>\n<h4><strong>Zutaten:<\/strong><\/h4>\n<p class=\"MsoNormal\"><b><span lang=\"de\" style=\"font-size: 10pt; line-height: 107%; font-family: 'Open Sans', sans-serif;\" xml:lang=\"de\">Aqua, mentha piperita flower\/leaf\/stem water, ammonium lauryl sulfate, caprylyl\/capryl glucoside, cocamidopropyl betaine, magnesium pca, glycerin, helianthus annuus seed oil, benzyl alcohol, arnica montana flower extract, gaultheria fragrantissima oil, rosmarinus officinalis leaf oil, camphor, zinc pca, caffeine und coffea arabica seed extract, olea europaea leaf extract und alchemilla vulgaris extract, pyridoxine hcl, niacinamide, tocopherol, sphingomonas ferment extract, bisabolol, xanthan gum, dehydroacetic acid, benzoic acid, lecithin, dimethyl phenethyl acetate, methyl salicylate, linalyl acetate, tetramethyl acetyloctahydronaphthalenes, parfum.<\/span><\/b><\/p>\n<h4><strong>Warnhinweis<\/strong><\/h4>\n<p class=\"MsoNormal\"><b><span lang=\"de\" style=\"font-size: 10pt; line-height: 107%; font-family: 'Open Sans', sans-serif;\" xml:lang=\"de\">Ausserhalb der Reichweite von Kindern aufbewahren.<\/span><\/b><\/p>\n<p class=\"MsoNormal\"><b><span lang=\"de\" style=\"font-size: 10pt; line-height: 107%; font-family: 'Open Sans', sans-serif;\" xml:lang=\"de\">Nur zur \u00e4usserlichen Anwendung. Nicht verschlucken.<\/span><\/b><\/p>\n<p class=\"MsoNormal\"><b><span lang=\"de\" style=\"font-size: 10pt; line-height: 107%; font-family: 'Open Sans', sans-serif;\" xml:lang=\"de\">Vermeiden Sie den Kontakt mit den Augen. Bei Augenkontakt , mit reichlich klarem Wasser aussp\u00fclen.<\/span><\/b><\/p>\n<p class=\"MsoNormal\"><b><span lang=\"de\" style=\"font-size: 10pt; line-height: 107%; font-family: 'Open Sans', sans-serif;\" xml:lang=\"de\">Nicht auf gereizte oder gesch\u00e4digte Haut oder auf Wunden oder Verbrennungen auftragen.<\/span><\/b><\/p>\n<p class=\"MsoNormal\"><b><span lang=\"de\" style=\"font-size: 10pt; line-height: 107%; font-family: 'Open Sans', sans-serif;\" xml:lang=\"de\">Bei Reizungen die Anwendung abbrechen.<\/span><\/b><\/p>\n<p class=\"MsoNormal\"><b><span lang=\"de\" style=\"font-size: 10pt; line-height: 107%; font-family: 'Open Sans', sans-serif;\" xml:lang=\"de\">Nicht bei Kindern und schwangeren oder stillenden Frauen anwenden.<\/span><\/b><\/p>\n<p class=\"MsoNormal\"><b><span lang=\"de\" style=\"font-size: 10pt; line-height: 107%; font-family: 'Open Sans', sans-serif;\" xml:lang=\"de\">Vor Hitze und Licht gesch\u00fctzt aufbewahren.<\/span><\/b><\/p>\n<p class=\"MsoNormal\"><b><span lang=\"de\" style=\"font-size: 10pt; line-height: 107%; font-family: 'Open Sans', sans-serif;\" xml:lang=\"de\">Die Farbe des Produkts kann sich im Laufe der Zeit ver\u00e4ndern, aber diese Ver\u00e4nderung beeintr\u00e4chtigt nicht die Eigenschaften dieses Duschgels.<\/span><\/b><\/p>\n","protected":false},"excerpt":{"rendered":"<p class=\"MsoNormal\"><span style=\"color: #2445a2;\"><b><span lang=\"de\" style=\"font-size: 12.5pt; line-height: 107%; font-family: 'Open Sans', sans-serif;\" xml:lang=\"de\">BlackBelt Punch Pflege Duschgel<\/span><\/b><\/span><\/p>\n<p class=\"MsoNormal\"><span style=\"color: #2445a2;\"><b><span lang=\"de\" style=\"font-size: 10.5pt; line-height: 107%; font-family: 'Open Sans', sans-serif;\" xml:lang=\"de\">Nachgewiesene Anti-Muskelkater-Wirkung<\/span><\/b><\/span><\/p>\n<p class=\"MsoNormal\"><span style=\"color: #2445a2;\"><b><span lang=\"de\" style=\"font-size: 10.5pt; line-height: 107%; font-family: 'Open Sans', sans-serif;\" xml:lang=\"de\">Nachgewiesene Wohlf\u00fchl- &amp; Entspannungswirkung<\/span><\/b><\/span><\/p>\n<p class=\"MsoNormal\"><span style=\"color: #2445a2;\"><b><span lang=\"de\" style=\"font-size: 10.5pt; line-height: 107%; font-family: 'Open Sans', sans-serif;\" xml:lang=\"de\">Bekannte Inhaltsstoffe f\u00fcr hautstraffende Effekte<\/span><\/b><\/span><\/p>\n<p class=\"MsoNormal\"><span style=\"color: #2445a2;\"><b><span lang=\"de\" style=\"font-size: 10.5pt; line-height: 107%; font-family: 'Open Sans', sans-serif;\" xml:lang=\"de\">Bekannte Inhaltsstoffe zur Bek\u00e4mpfung von Orangenhaut und Cellulite<\/span><\/b><\/span><\/p>\n<p class=\"MsoNormal\"><span style=\"color: #2445a2;\"><b><span lang=\"de\" style=\"font-size: 10.5pt; line-height: 107%; font-family: 'Open Sans', sans-serif;\" xml:lang=\"de\">Verbesserung der Erholung kann zur Steigerung der Leistungsf\u00e4higkeit beitragen<\/span><\/b><\/span><\/p>\n","protected":false},"featured_media":41583,"comment_status":"open","ping_status":"closed","template":"","meta":[],"product_cat":[1768,1776,1760],"product_tag":[],"class_list":{"0":"post-39765","1":"product","2":"type-product","3":"status-publish","4":"has-post-thumbnail","6":"product_cat-gesundheit-diaet","7":"product_cat-angebote","8":"product_cat-zubehoer","9":"pa_contenance-400ml-de","10":"pa_contenance-200ml-de","12":"first","13":"instock","14":"sale","15":"taxable","16":"shipping-taxable","17":"purchasable","18":"product-type-variable","19":"has-default-attributes"},"tiered_pricing_type":"fixed","tiered_pricing_fixed_rules":[],"tiered_pricing_product_settings":{"layout":"default","base_unit_name":{"singular":null,"plural":null},"default_variation":null},"tiered_pricing_minimum_quantity":null,"tiered_pricing_roles_data":[],"tiered_pricing_percentage_rules":[],"_links":{"self":[{"href":"https:\/\/keepfitnutrition.ch\/de\/wp-json\/wp\/v2\/product\/39765","targetHints":{"allow":["GET"]}}],"collection":[{"href":"https:\/\/keepfitnutrition.ch\/de\/wp-json\/wp\/v2\/product"}],"about":[{"href":"https:\/\/keepfitnutrition.ch\/de\/wp-json\/wp\/v2\/types\/product"}],"replies":[{"embeddable":true,"href":"https:\/\/keepfitnutrition.ch\/de\/wp-json\/wp\/v2\/comments?post=39765"}],"wp:featuredmedia":[{"embeddable":true,"href":"https:\/\/keepfitnutrition.ch\/de\/wp-json\/wp\/v2\/media\/41583"}],"wp:attachment":[{"href":"https:\/\/keepfitnutrition.ch\/de\/wp-json\/wp\/v2\/media?parent=39765"}],"wp:term":[{"taxonomy":"product_cat","embeddable":true,"href":"https:\/\/keepfitnutrition.ch\/de\/wp-json\/wp\/v2\/product_cat?post=39765"},{"taxonomy":"product_tag","embeddable":true,"href":"https:\/\/keepfitnutrition.ch\/de\/wp-json\/wp\/v2\/product_tag?post=39765"}],"curies":[{"name":"wp","href":"https:\/\/api.w.org\/{rel}","templated":true}]}}