{"id":33761,"date":"2022-11-18T15:14:14","date_gmt":"2022-11-18T15:14:14","guid":{"rendered":"https:\/\/keepfitnutrition.ch\/product\/vitadraine-drink-wasserretention\/"},"modified":"2025-02-03T17:11:20","modified_gmt":"2025-02-03T17:11:20","slug":"vitadraine-drink-wasserretention","status":"publish","type":"product","link":"https:\/\/keepfitnutrition.ch\/de\/produkt\/vitadraine-drink-wasserretention\/","title":{"rendered":"VITADRAINE *WASSERRETENTION*"},"content":{"rendered":"<h4><strong>Vitadraine Drink 500ml Gegen Wasserreinlagerungen.<\/strong><\/h4>\n<p class=\"textn\"><strong><span lang=\"de-ch\" xml:lang=\"de-ch\">Nutzen; F\u00f6rdert eine vollst\u00e4ndige Drainage.<\/span><\/strong><\/p>\n<p class=\"textn\"><strong>Anwendungsgebiet(e); Bei Gewichtszunahme in Verbindung mit Wasser\u00fcberschuss.<\/strong><\/p>\n<p class=\"textn\"><strong><span lang=\"de-ch\" xml:lang=\"de-ch\">Hauptwirkstoffe; Lindensplint, L\u00f6wenzahn, Quecke, Kirschenstiele<\/span><\/strong><\/p>\n<p class=\"textn\"><strong><span lang=\"de-ch\" xml:lang=\"de-ch\">Zu sch\u00e4tzen; Die vegetarische Formel und die leicht verdauliche fl\u00fcssige Form; Das Plus: Der Geschmack nach roten Fr\u00fcchten.<\/span><\/strong><\/p>\n<p class=\"textn\"><strong>Dauer der Kur; 21 Tage<\/strong><\/p>\n<h4><strong>Zutaten:<\/strong><\/h4>\n<p class=\"textn\"><strong>Wasser, Pflanzenmazerat aus Birke, Mariendistel, L\u00f6wenzahn, Traubentrester, M\u00e4des\u00fcss, Lindensplint, Quecke, Pillendreher, Kirschenstielenextrakt *Maltodextrin*, Fructosesirup, Fructo-Oligosaccharide, Aroma, Glycerin, Farbstoff; Rote Beete-Saftkonzentrat *Maltodextrin, S\u00e4ureregulator: Zitronens\u00e4ure*, S\u00fcssungsmittel Acesulfam-Kalium, Konservierungsmittel: Natriumbenzoat, Kaliumsorbat.<\/strong><\/p>\n<p class=\"textn\"><strong><span lang=\"de-ch\" xml:lang=\"de-ch\">Die Listen der Zutaten, aus denen die Produkte bestehen, werden regelm\u00e4ssig aktualisiert. Sie sollten die Liste der Inhaltsstoffe auf der Verpackung lesen, um sicherzustellen, dass sie f\u00fcr Ihren pers\u00f6nlichen Gebrauch geeignet sind.<\/span><\/strong><\/p>\n<h4><strong>N\u00e4hrwertangaben f\u00fcr 30ml:<\/strong><\/h4>\n<p class=\"textn\"><strong>Fructo-Oligosaccharide 3g, Birke 220mg, Mariendistel 220mg, L\u00f6wenzahn 220mg, Traubentrester 220mg, Wiesenk\u00f6nigin 220mg, Lindensplintholz 220mg, Quecke 220mg, Rosenkranz 110mg, Kirschenstielenextrakt 55mg.<\/strong><\/p>\n<h4><span style=\"color: #d0121a;\"><strong>Empfehlung f\u00fcr die Verwendung:<\/strong><\/span><\/h4>\n<p class=\"textn\"><strong><span style=\"color: #c00000;\">Morgens trinken, vor Gebrauch gut sch\u00fctteln.<\/span><\/strong><\/p>\n<p class=\"textn\"><strong><span lang=\"de-ch\" style=\"color: #c00000;\" xml:lang=\"de-ch\">Aktivierungsphase *7 Tage*; 30ml *2x15ml* mit Hilfe des Messbechers in ein grosses Glas Wasser geben.<\/span><\/strong><\/p>\n<p class=\"textn\"><strong><span lang=\"de-ch\" style=\"color: #c00000;\" xml:lang=\"de-ch\">Erhaltungsphase *14 Tage*; 20 ml in ein grosses Glas Wasser geben.<\/span><\/strong><\/p>\n<p class=\"textn\"><span style=\"color: #c00000;\"><strong>Als Kur \u00fcber 3 Wochen anwenden. Bei Bedarf wiederholen. Aufgrund der Nat\u00fcrlichkeit des Produkts und der verwendeten Pflanzen kann es manchmal zu einem Bodensatz kommen. Um diesen zu entfernen, gen\u00fcgt es, die Flasche vor Gebrauch zu sch\u00fctteln. Nach dem \u00d6ffnen gut verschliessen. Vor Hitze und Feuchtigkeit gesch\u00fctzt aufbewahren. Nach dem \u00d6ffnen im K\u00fchlschrank aufbewahren und vorzugsweise innerhalb von 1 Monat verbrauchen.<\/strong><\/span><\/p>\n<h4><strong>Vorsichtsmassnahmen f\u00fcr den Gebrauch:<\/strong><\/h4>\n<p class=\"textn\"><strong><span lang=\"de-ch\" xml:lang=\"de-ch\">Nahrungserg\u00e4nzungsmittel mit S\u00fcssungsmittel. <\/span>Personen mit einer Allergie gegen Salicylderivate wird von der Einnahme abgeraten. Von der Verwendung bei Personen, die unter gerinnungshemmender Behandlung stehen, sowie bei Kindern und Jugendlichen wird abgeraten *Wiesen-Reinhold, Birke*.<\/strong><\/p>\n<p class=\"textn\"><strong>Schwangeren Frauen wird von der Einnahme abgeraten *Rote Bete*.<\/strong><\/p>\n<p class=\"textn\"><strong>Es wird empfohlen, dieses Nahrungserg\u00e4nzungsmittel im Rahmen einer abwechslungsreichen und ausgewogenen Ern\u00e4hrung und einer gesunden Lebensweise zu verzehren.<\/strong><\/p>\n<p class=\"textn\"><strong>Die empfohlene Dosis darf nicht \u00fcberschritten werden.<\/strong><\/p>\n<p class=\"textn\"><strong><span lang=\"de-ch\" xml:lang=\"de-ch\">Ausserhalb der Reichweite von Kleinkindern aufbewahren.<\/span><\/strong><\/p>\n<p class=\"textn\"><strong>Am besten vor dem auf der Flasche angegebenen Datum verbrauchen.<\/strong><\/p>\n","protected":false},"excerpt":{"rendered":"<h5><span style=\"color: #2445a2;\"><strong>Vitadraine Drink 500ml gegen Wassereinlagerungen<\/strong><\/span><\/h5>\n<p class=\"textb\"><strong><span style=\"color: #2445a2;\">Das Nahrungserg\u00e4nzungsmittel Vitadraine Drink f\u00f6rdert eine vollst\u00e4ndige Drainage.<\/span><\/strong><\/p>\n<p class=\"textb\"><strong><span lang=\"de-ch\" style=\"color: #2445a2;\" xml:lang=\"de-ch\">L\u00f6wenzahn und Lindensplintholz helfen bei der Drainage des K\u00f6rpers, Quecke und Kirschschw\u00e4nze erleichtern die Ausscheidung \u00fcber die Nieren und begrenzen so die Wassereinlagerungen.<\/span><\/strong><\/p>\n<p class=\"textb\"><strong><span lang=\"de-ch\" style=\"color: #2445a2;\" xml:lang=\"de-ch\">F.O.S *Fructo-Oligosaccharide*, l\u00f6sliche Ballaststoffe und M\u00e4des\u00fcss vervollst\u00e4ndigen die Formel.<\/span><\/strong><\/p>\n<p class=\"textb\"><strong><span style=\"color: #2445a2;\">Vitadraine Drink ist frei von Aspartam und eignet sich f\u00fcr eine vegetarische Ern\u00e4hrung sowie f\u00fcr sportliche und nicht sportliche Frauen.<\/span><\/strong><\/p>\n","protected":false},"featured_media":41286,"comment_status":"open","ping_status":"closed","template":"","meta":[],"product_cat":[1762,1768],"product_tag":[],"class_list":{"0":"post-33761","1":"product","2":"type-product","3":"status-publish","4":"has-post-thumbnail","6":"product_cat-sporternaehrung","7":"product_cat-gesundheit-diaet","9":"first","10":"instock","11":"taxable","12":"shipping-taxable","13":"purchasable","14":"product-type-simple"},"tiered_pricing_type":"fixed","tiered_pricing_fixed_rules":[],"tiered_pricing_product_settings":{"layout":"default","base_unit_name":{"singular":null,"plural":null},"default_variation":null},"tiered_pricing_minimum_quantity":null,"tiered_pricing_roles_data":[],"tiered_pricing_percentage_rules":[],"_links":{"self":[{"href":"https:\/\/keepfitnutrition.ch\/de\/wp-json\/wp\/v2\/product\/33761","targetHints":{"allow":["GET"]}}],"collection":[{"href":"https:\/\/keepfitnutrition.ch\/de\/wp-json\/wp\/v2\/product"}],"about":[{"href":"https:\/\/keepfitnutrition.ch\/de\/wp-json\/wp\/v2\/types\/product"}],"replies":[{"embeddable":true,"href":"https:\/\/keepfitnutrition.ch\/de\/wp-json\/wp\/v2\/comments?post=33761"}],"wp:featuredmedia":[{"embeddable":true,"href":"https:\/\/keepfitnutrition.ch\/de\/wp-json\/wp\/v2\/media\/41286"}],"wp:attachment":[{"href":"https:\/\/keepfitnutrition.ch\/de\/wp-json\/wp\/v2\/media?parent=33761"}],"wp:term":[{"taxonomy":"product_cat","embeddable":true,"href":"https:\/\/keepfitnutrition.ch\/de\/wp-json\/wp\/v2\/product_cat?post=33761"},{"taxonomy":"product_tag","embeddable":true,"href":"https:\/\/keepfitnutrition.ch\/de\/wp-json\/wp\/v2\/product_tag?post=33761"}],"curies":[{"name":"wp","href":"https:\/\/api.w.org\/{rel}","templated":true}]}}