{"id":33754,"date":"2024-06-20T16:31:08","date_gmt":"2024-06-20T16:31:08","guid":{"rendered":"https:\/\/keepfitnutrition.ch\/product\/xtend-eaa-40-portions-2\/"},"modified":"2026-04-01T16:05:08","modified_gmt":"2026-04-01T16:05:08","slug":"xtend-eaa-40-portions","status":"publish","type":"product","link":"https:\/\/keepfitnutrition.ch\/de\/produkt\/xtend-eaa-40-portions\/","title":{"rendered":"XTEND EAA 40 PORTIONS"},"content":{"rendered":"<h4><strong>Z\u00fcchte, bewahre und erhol dich mit dem EAA von XTEND.<\/strong><\/h4>\n<p><strong>Verbessere deine Muskelerholung erheblich mit EAA von Xtend, das mit allen 9 essentiellen Aminos\u00e4uren f\u00fcr eine vollst\u00e4ndige Proteinquelle hergestellt wird. Sie sind ein einfacher weg, um eine vollst\u00e4ndige Palette an essentiellen Aminos\u00e4uren zu erhalten, die dir beim Aufbau von Muskelmasse helfen. Erh\u00f6he deine Routine mit null Zucker une einer Vielzahl an leckeren, zuckerfreien Geschmacksrichtungen.<\/strong><\/p>\n<h4><span style=\"color: #d0121a;\"><strong>Empfehlung f\u00fcr die Verwendung:<\/strong><\/span><\/h4>\n<p><span style=\"color: #d0121a;\"><strong>Als Nahrungserg\u00e4nzung 1 Messl\u00f6ffel *8.2g* mit 3 bis 7.5dl Wasser oder mehr*nach Belieben anpassen* mischen und gut sch\u00fctteln und w\u00e4hrend des Trainings und \/oder nach dem Training oder an einem Ruhetag konsumieren.<\/strong><\/span><\/p>\n<h4><strong>N\u00e4hrwertangaben f\u00fcr 1 Portion *8.2g*:<\/strong><\/h4>\n<p><strong>25 Kalorien &#8211; 1g Kohlenhydrate &#8211; 0g Zucker &#8211; 150mg Natrium *Himalaya-Rosensalz* &#8211; 120mg Kalium &#8211; 5g Aminos\u00e4uren Xtend &#8211; 1.5g L-Leucin &#8211; 750mg L-Isoleucin &#8211; 750mg L-Valin &#8211; 750mg L-Threonin &#8211; 250mg L-Arginin &#8211; 200mg L-Phenylalanin &#8211; 100mg L-Tryptophan &#8211; 25mg L-Histidin &#8211; 25mg L-Methionin.<\/strong><\/p>\n<h4><strong>Warnhinweis<\/strong><\/h4>\n<p><strong>\u00dcberschreiten Sie nicht die empfohlene Dosis.<\/strong><\/p>\n<p><strong>Nicht f\u00fcr schwangere oder stillende Frauen empfohlen, sofern nicht anders empfohlen.<\/strong><\/p>\n<p><strong>Ausserhalb der Reichweite von Kindern aufbewahren.<\/strong><\/p>\n","protected":false},"excerpt":{"rendered":"<h5><span style=\"color: #2445a2;\"><strong>EAA 40 Portionen von Xtend<\/strong><\/span><\/h5>\n<p><span style=\"color: #2445a2;\"><strong>Baue deine Muskelmasse auf und bewahre sie mit den 9 essentiellen Aminos\u00e4uren von Xtend.<\/strong><\/span><\/p>\n<h5><span style=\"color: #2445a2;\">Die Vorteile dieses EAA<\/span><\/h5>\n<p><span style=\"color: #2445a2;\"><strong>Unterst\u00fctzt umfassend dein Muskelwachstum<\/strong><\/span><\/p>\n<p><span style=\"color: #2445a2;\"><strong>Bewarhrt und verbessert die fettfreie Muskelmasse<\/strong><\/span><\/p>\n<p><span style=\"color: #2445a2;\"><strong>Vollst\u00e4ndige Proteinquelle mit allen 9 essentiellen Aminos\u00e4uren<\/strong><\/span><\/p>\n<p><span style=\"color: #2445a2;\"><strong>F\u00f6rdert die Erholung und die sportliche Vitalit\u00e4t<\/strong><\/span><\/p>\n","protected":false},"featured_media":41365,"comment_status":"open","ping_status":"closed","template":"","meta":[],"product_cat":[1762,1772],"product_tag":[],"class_list":{"0":"post-33754","1":"product","2":"type-product","3":"status-publish","4":"has-post-thumbnail","6":"product_cat-sporternaehrung","7":"product_cat-100-eaa-bcaa-de","8":"pa_aromes-tropical-de","9":"pa_aromes-lemonlime-de","10":"pa_aromes-mango-de","11":"pa_aromes-sommerfrucht-de","12":"pa_aromes-apfel_himbeere-de","13":"pa_contenance-40portionen-de","15":"first","16":"instock","17":"taxable","18":"shipping-taxable","19":"purchasable","20":"product-type-variable","21":"has-default-attributes"},"tiered_pricing_type":"fixed","tiered_pricing_fixed_rules":[],"tiered_pricing_product_settings":{"layout":"default","base_unit_name":{"singular":null,"plural":null},"default_variation":null},"tiered_pricing_minimum_quantity":null,"tiered_pricing_roles_data":[],"tiered_pricing_percentage_rules":[],"_links":{"self":[{"href":"https:\/\/keepfitnutrition.ch\/de\/wp-json\/wp\/v2\/product\/33754","targetHints":{"allow":["GET"]}}],"collection":[{"href":"https:\/\/keepfitnutrition.ch\/de\/wp-json\/wp\/v2\/product"}],"about":[{"href":"https:\/\/keepfitnutrition.ch\/de\/wp-json\/wp\/v2\/types\/product"}],"replies":[{"embeddable":true,"href":"https:\/\/keepfitnutrition.ch\/de\/wp-json\/wp\/v2\/comments?post=33754"}],"wp:featuredmedia":[{"embeddable":true,"href":"https:\/\/keepfitnutrition.ch\/de\/wp-json\/wp\/v2\/media\/41365"}],"wp:attachment":[{"href":"https:\/\/keepfitnutrition.ch\/de\/wp-json\/wp\/v2\/media?parent=33754"}],"wp:term":[{"taxonomy":"product_cat","embeddable":true,"href":"https:\/\/keepfitnutrition.ch\/de\/wp-json\/wp\/v2\/product_cat?post=33754"},{"taxonomy":"product_tag","embeddable":true,"href":"https:\/\/keepfitnutrition.ch\/de\/wp-json\/wp\/v2\/product_tag?post=33754"}],"curies":[{"name":"wp","href":"https:\/\/api.w.org\/{rel}","templated":true}]}}