{"id":33735,"date":"2022-02-16T11:03:59","date_gmt":"2022-02-16T11:03:59","guid":{"rendered":"https:\/\/keepfitnutrition.ch\/product\/alpha-lipoic-acid-2\/"},"modified":"2026-01-30T15:41:30","modified_gmt":"2026-01-30T15:41:30","slug":"alpha-lipoic-acid","status":"publish","type":"product","link":"https:\/\/keepfitnutrition.ch\/de\/produkt\/alpha-lipoic-acid\/","title":{"rendered":"ALPHA LIPOIC ACID"},"content":{"rendered":"<h4><strong>Seine Wirkung<\/strong><\/h4>\n<p class=\"nero\"><strong>Alpha-Lipons\u00e4ure auch*ALA* genannt ist eine schwefelhaltige S\u00e4ure, die in allen K\u00f6rperzellen vorkommt. <span lang=\"de-ch\" xml:lang=\"de-ch\">Sie ist ein starkes Antioxidans, das verschiedene Arten von freien Radikalen neutralisieren kann, da Alpha-Lipons\u00e4ure sowohl wasserl\u00f6slich als auch fettl\u00f6slich ist. <\/span>Mit anderen Worten: Alpha-Lipons\u00e4ure kann in jeden Teil der Zelle gelangen, um dort die gef\u00e4hrlichen freien Radikale zu neutralisieren. Aus diesem Grund wird sie auch als *Universelles Antioxidans* bezeichnet.<\/strong><\/p>\n<p class=\"nero\"><strong>Alpha-Lipons\u00e4ure ist auch an der Erneuerung anderer Antioxidantien wie Vitamin E, Vitamin C und Glutathion beteiligt und verl\u00e4ngert so deren Lebensdauer und Wirksamkeit. Sie hat auch die F\u00e4higkeit, toxische Metalle wie Quecksilber, Arsen und Cadmium abzufangen.<\/strong><\/p>\n<p class=\"nero\"><span lang=\"de-ch\" xml:lang=\"de-ch\"><strong>Ausserdem tr\u00e4gt dieses starke Antioxidans zur Aufrechterhaltung eines normalen Cholesterinspiegels bei, was eine sehr positive Wirkung auf die Gesundheit hat. Dieses Nahrungserg\u00e4nzungsmittel ist auch als Erg\u00e4nzung zu einer Di\u00e4t sehr hilfreich.<\/strong><\/span><\/p>\n<h4><span style=\"color: #d0121a;\"><strong>Empfehlung f\u00fcr die Verwendung:<\/strong><\/span><\/h4>\n<p class=\"rosso\"><span style=\"color: #d0121a;\"><strong>Nehmen Sie 1 Kapsel mit einem Glas Wasser *1.5dl* t\u00e4glich mit dem Mittagessen ein.<\/strong><\/span><\/p>\n<h4><strong>N\u00e4hrwertangaben:<\/strong><\/h4>\n<p><b>1 Kapsel enth\u00e4lt 600mg Alpha Lipoic Acid<\/b><\/p>\n<h4><strong>Zutaten:<\/strong><\/h4>\n<p class=\"nero\"><strong>Kapsel *Rindergelatine*, Reismehl, mikrokristalline Zellulose, Magnesiumstearat *pflanzliche Quelle*, Siliciumdioxid.<\/strong><\/p>\n<h4 class=\"nero\"><strong>Warnhinweis<\/strong><\/h4>\n<p class=\"nero\"><strong>Dieses Nahrungserg\u00e4nzungsmittel sollte als Teil einer abwechslungsreichen und ausgewogenen Ern\u00e4hrung und einer gesunden Lebensweise verwendet werden.<\/strong><\/p>\n<p class=\"nero\"><strong>Die empfohlene Tagesdosis darf nicht \u00fcberschritten werden.<\/strong><\/p>\n<p class=\"nero\"><strong><span lang=\"de-ch\" xml:lang=\"de-ch\">Ausserhalb der Reichweite von Kleinkindern aufbewahren.<\/span><\/strong><\/p>\n<p class=\"nero\"><strong>Stillenden Frauen wird empfohlen, vor einer Nahrungserg\u00e4nzung eine medizinische Fachkraft zu konsultieren.<\/strong><\/p>\n<p class=\"nero\"><strong>Nicht empfohlen f\u00fcr Frauen, die schwanger sind oder schwanger werden m\u00f6chten.<\/strong><\/p>\n","protected":false},"excerpt":{"rendered":"<h5><span style=\"color: #2445a2;\"><strong>Alpha Lipoic Acid 600mg 120 Kapseln.<\/strong><\/span><\/h5>\n<p class=\"blu\"><span style=\"color: #2445a2;\"><strong>Alpha-Lipons\u00e4ure *ALA* ist Bestandteil einiger nat\u00fcrlicher Gesundheitsprodukte und wird als starkes Antioxidans eingesetzt und f\u00f6rdert einen sehr guten Abbau von Glukose.<\/strong><\/span><\/p>\n<p class=\"blu\"><span style=\"color: #2445a2;\"><strong>Tr\u00e4gt zur Aufrechterhaltung eines normalen Cholesterinspiegels bei.<\/strong><\/span><\/p>\n<p class=\"blu\"><span style=\"color: #2445a2;\"><strong>Starkes fett- und wasserl\u00f6sliches Antioxidans.<\/strong><\/span><\/p>\n<p class=\"blu\"><span style=\"color: #2445a2;\"><strong>Arbeitet synergistisch mit anderen Antioxidantien zusammen.<\/strong><\/span><\/p>\n","protected":false},"featured_media":40823,"comment_status":"open","ping_status":"closed","template":"","meta":[],"product_cat":[1762,1768],"product_tag":[2991],"class_list":{"0":"post-33735","1":"product","2":"type-product","3":"status-publish","4":"has-post-thumbnail","6":"product_cat-sporternaehrung","7":"product_cat-gesundheit-diaet","8":"product_tag-glucose-de","10":"first","11":"instock","12":"taxable","13":"shipping-taxable","14":"purchasable","15":"product-type-simple"},"tiered_pricing_type":"fixed","tiered_pricing_fixed_rules":[],"tiered_pricing_product_settings":{"layout":"default","base_unit_name":{"singular":null,"plural":null},"default_variation":null},"tiered_pricing_minimum_quantity":null,"tiered_pricing_roles_data":[],"tiered_pricing_percentage_rules":[],"_links":{"self":[{"href":"https:\/\/keepfitnutrition.ch\/de\/wp-json\/wp\/v2\/product\/33735","targetHints":{"allow":["GET"]}}],"collection":[{"href":"https:\/\/keepfitnutrition.ch\/de\/wp-json\/wp\/v2\/product"}],"about":[{"href":"https:\/\/keepfitnutrition.ch\/de\/wp-json\/wp\/v2\/types\/product"}],"replies":[{"embeddable":true,"href":"https:\/\/keepfitnutrition.ch\/de\/wp-json\/wp\/v2\/comments?post=33735"}],"wp:featuredmedia":[{"embeddable":true,"href":"https:\/\/keepfitnutrition.ch\/de\/wp-json\/wp\/v2\/media\/40823"}],"wp:attachment":[{"href":"https:\/\/keepfitnutrition.ch\/de\/wp-json\/wp\/v2\/media?parent=33735"}],"wp:term":[{"taxonomy":"product_cat","embeddable":true,"href":"https:\/\/keepfitnutrition.ch\/de\/wp-json\/wp\/v2\/product_cat?post=33735"},{"taxonomy":"product_tag","embeddable":true,"href":"https:\/\/keepfitnutrition.ch\/de\/wp-json\/wp\/v2\/product_tag?post=33735"}],"curies":[{"name":"wp","href":"https:\/\/api.w.org\/{rel}","templated":true}]}}