{"id":33731,"date":"2024-05-15T13:38:10","date_gmt":"2024-05-15T13:38:10","guid":{"rendered":"https:\/\/keepfitnutrition.ch\/product\/vitamin-c-pulver\/"},"modified":"2025-10-04T11:16:32","modified_gmt":"2025-10-04T11:16:32","slug":"vitamin-c-pulver","status":"publish","type":"product","link":"https:\/\/keepfitnutrition.ch\/de\/produkt\/vitamin-c-pulver\/","title":{"rendered":"VITAMIN C PULVER"},"content":{"rendered":"<h4><strong>Gepuffertes Vitamin C<\/strong><\/h4>\n<p class=\"nero\"><strong>Gepuffertes Vitamin C ist eine sehr interessante Option f\u00fcr diejenigen, die Vitamin C ohne die potenziellen Nebenwirkungen auf den Magen erhalten m\u00f6chten. Tats\u00e4chlich k\u00f6nnen manche Menschen Sodbrennen oder Verdauungsst\u00f6rungen versp\u00fcren, wenn sie herk\u00f6mmliches, also saures Vitamin C zu sich nehmen. <span lang=\"de-ch\" xml:lang=\"de-ch\">Dank seiner gepufferten Formulierung bietet dieses Vitamin C eine deutlich sanftere und vertr\u00e4glichere Alternative f\u00fcr empfindliche Personen.<\/span><\/strong><\/p>\n<p class=\"nero\"><strong>Glutenfrei, sojafrei, gentechnikfrei.<\/strong><\/p>\n<h4><strong>Vitamin C, ein Klassiker im Alltag und in der Ern\u00e4hrung<\/strong><\/h4>\n<p class=\"nero\"><strong><span lang=\"de-ch\" xml:lang=\"de-ch\">Vitamin C oder Ascorbins\u00e4ure ist ein Vitamin, das an wesentlichen Funktionen f\u00fcr die Gesundheit des K\u00f6rpers beteiligt ist. <\/span>Dieses wasserl\u00f6sliche Vitamin wird von Wissenschaftlern als eines der wichtigsten nat\u00fcrlichen Antioxidantien angesehen.<\/strong><\/p>\n<p class=\"nero\"><strong>Unser K\u00f6rper kann dieses Vitamin weder herstellen noch speichern, daher ist es wichtig, die t\u00e4gliche Zufuhr aufrechtzuerhalten. Die Anses *Agence nationale de s\u00e9curit\u00e9 sanitaire de l&#8217;alimentation, de l&#8217;environnement et du travail* r\u00e4t zu einer t\u00e4glichen Dosis von 110 mg Vit C pro Tag. <span lang=\"de-ch\" xml:lang=\"de-ch\">Die Anses hat ausserdem eine obere Sicherheitsgrenze von 1000 mg festgelegt. <\/span>Dieser Grenzwert umfasst die Aufnahme von Vitamin C \u00fcber die Nahrung und Nahrungserg\u00e4nzungsmittel.<\/strong><\/p>\n<p class=\"nero\"><strong>Obwohl Vitamin C nat\u00fcrlich in der Nahrung vorkommt, ist es aufgrund der abnehmenden N\u00e4hrstoffqualit\u00e4t von Fr\u00fcchten interessant, es in Form von Nahrungserg\u00e4nzungsmitteln zu sich zu nehmen.<\/strong><\/p>\n<h4><strong>Mit Vitamin C bleiben Sie gesund!<\/strong><\/h4>\n<p class=\"nero\"><strong>Das Auftreten von Skorbut bei Seeleuten, die sich \u00fcber viele Monate hinweg ohne Obst und Gem\u00fcse ern\u00e4hrten, zeigte die Notwendigkeit von Vit C in der Ern\u00e4hrung. Ein Vit-C-Mangel kann sich durch zahlreiche Symptome bemerkbar machen.<\/strong><\/p>\n<h4><strong>Tats\u00e4chlich tr\u00e4gt Vitamin C dazu bei:<\/strong><\/h4>\n<p class=\"nero\"><strong>Verringerung von M\u00fcdigkeit und Energiestoffwechsel<\/strong><\/p>\n<p class=\"nero\"><strong>Normale Funktion des Energiesystems<\/strong><\/p>\n<p class=\"nero\"><strong>Normale Funktion des Nervensystems<\/strong><\/p>\n<p class=\"nero\"><strong>Bek\u00e4mpfung von Erk\u00e4ltungen und grippalen Infekten<\/strong><\/p>\n<p class=\"nero\"><strong>Normale psychische Funktionen<\/strong><\/p>\n<p class=\"nero\"><strong>Sch\u00fctzt die Zellen vor oxidativem Stress.<\/strong><\/p>\n<p class=\"nero\"><strong>Erh\u00f6ht die Aufnahme von Eisen<\/strong><\/p>\n<p class=\"nero\"><strong>Tr\u00e4gt zu einer normalen Funktion des Immunsystems bei<\/strong><\/p>\n<p class=\"nero\"><strong>F\u00f6rdert die Synthese von Kollagen.<\/strong><\/p>\n<p class=\"nero\"><span lang=\"de-ch\" xml:lang=\"de-ch\"><strong>Insbesondere f\u00fcr Sportler: Vit C erm\u00f6glicht die Synthese von L-Carnitin. Es spielt eine grosse Rolle bei der Muskelkontraktion w\u00e4hrend langer und intensiver Anstrengungen. Es erm\u00f6glicht auch den Transport von Fetts\u00e4uren f\u00fcr deren Abbau und Umwandlung in Energie.<\/strong><\/span><\/p>\n<h4 class=\"nero\"><span style=\"color: #d0121a;\"><strong>Empfehlung f\u00fcr die Verwendung:<\/strong><\/span><\/h4>\n<p class=\"rosso\"><span lang=\"de-ch\" xml:lang=\"de-ch\"><span style=\"color: #d0121a;\"><strong>Nehmen Sie 1\/2 Messl\u00f6ffel (500mg) bis 1 Messl\u00f6ffel (1000mg) Vitamin C pro Tag mit einem Glas Wasser ein, vorzugsweise morgens.<\/strong><\/span><\/span><\/p>\n<h4><strong>N\u00e4hrwertangaben:<\/strong><\/h4>\n<p class=\"nero\" style=\"background: transparent;\"><strong>1 Messl\u00f6ffel *1.2g* enth\u00e4lt 1000mg Vit C *in Form von Natriumascorbat*, 130mg Natrium *in Form von Natriumascorbat*.<\/strong><\/p>\n<h4 class=\"nero\" style=\"background: transparent;\"><strong>Zutaten:<\/strong><\/h4>\n<p><strong>Vitamin C *in Form von Natriumascorbat*, Natrium *in Form von Natriumascorbat*.<\/strong><\/p>\n<h4><strong>Warhinweis<\/strong><\/h4>\n<p class=\"nero\"><strong>An einem k\u00fchlen und trockenen Ort aufbewahren.<\/strong><\/p>\n<p class=\"nero\"><strong>Nahrungserg\u00e4nzungsmittel sollten als Teil eines gesunden Lebensstils verwendet werden und nicht als Ersatz f\u00fcr eine abwechslungsreiche und ausgewogene Ern\u00e4hrung.<\/strong><\/p>\n<p class=\"nero\"><strong>Die empfohlene Tagesdosis darf nicht \u00fcberschritten werden.<\/strong><\/p>\n<p class=\"nero\"><strong>Ausserhalb der Reichweite von Kleinkindern aufbewahren.<\/strong><\/p>\n<p class=\"nero\"><strong>Von der Anwendung bei Personen mit Niereninsuffizienz wird abgeraten.<\/strong><\/p>\n","protected":false},"excerpt":{"rendered":"<h5><span style=\"color: #2445a2;\"><strong>Gepuffertes, nicht saures Vitamin C-Pulver 238G.<\/strong><\/span><\/h5>\n<p class=\"blu\"><span style=\"color: #2445a2;\"><strong>Gepuffertes Vitamin C, auch bekannt als*Natriumascorbat*, ist eine Form von Vitamin C, die so neutralisiert wurde, dass sie deutlich weniger sauer ist als herk\u00f6mmliches Vitamin C. Das bedeutet, dass es viel magenschonender ist und von Personen, die empfindlich auf saures Vitamin C reagieren, besser vertragen werden kann.<\/strong><\/span><\/p>\n<p class=\"blu\"><span style=\"color: #2445a2;\"><strong>Bestens geeignet f\u00fcr Veganer und Vegetarier.<\/strong><\/span><\/p>\n<p class=\"blu\"><span style=\"color: #2445a2;\"><strong>Individuelle Dosierungen sind einfach und ohne Verschwendung m\u00f6glich.<\/strong><\/span><\/p>\n<p class=\"nero\"><span style=\"color: #000000;\"><strong>Portionen pro Packung: 198 bis 1000mg\/Tag, oder 396 bis 500mg\/Tag.<\/strong><\/span><\/p>\n","protected":false},"featured_media":41008,"comment_status":"open","ping_status":"closed","template":"","meta":[],"product_cat":[1762,1768,1784],"product_tag":[],"class_list":{"0":"post-33731","1":"product","2":"type-product","3":"status-publish","4":"has-post-thumbnail","6":"product_cat-sporternaehrung","7":"product_cat-gesundheit-diaet","8":"product_cat-vegan-de","10":"first","11":"instock","12":"taxable","13":"shipping-taxable","14":"purchasable","15":"product-type-simple"},"tiered_pricing_type":"fixed","tiered_pricing_fixed_rules":[],"tiered_pricing_product_settings":{"layout":"default","base_unit_name":{"singular":null,"plural":null},"default_variation":null},"tiered_pricing_minimum_quantity":null,"tiered_pricing_roles_data":[],"tiered_pricing_percentage_rules":[],"_links":{"self":[{"href":"https:\/\/keepfitnutrition.ch\/de\/wp-json\/wp\/v2\/product\/33731","targetHints":{"allow":["GET"]}}],"collection":[{"href":"https:\/\/keepfitnutrition.ch\/de\/wp-json\/wp\/v2\/product"}],"about":[{"href":"https:\/\/keepfitnutrition.ch\/de\/wp-json\/wp\/v2\/types\/product"}],"replies":[{"embeddable":true,"href":"https:\/\/keepfitnutrition.ch\/de\/wp-json\/wp\/v2\/comments?post=33731"}],"wp:featuredmedia":[{"embeddable":true,"href":"https:\/\/keepfitnutrition.ch\/de\/wp-json\/wp\/v2\/media\/41008"}],"wp:attachment":[{"href":"https:\/\/keepfitnutrition.ch\/de\/wp-json\/wp\/v2\/media?parent=33731"}],"wp:term":[{"taxonomy":"product_cat","embeddable":true,"href":"https:\/\/keepfitnutrition.ch\/de\/wp-json\/wp\/v2\/product_cat?post=33731"},{"taxonomy":"product_tag","embeddable":true,"href":"https:\/\/keepfitnutrition.ch\/de\/wp-json\/wp\/v2\/product_tag?post=33731"}],"curies":[{"name":"wp","href":"https:\/\/api.w.org\/{rel}","templated":true}]}}