{"id":33693,"date":"2024-04-26T14:57:21","date_gmt":"2024-04-26T14:57:21","guid":{"rendered":"https:\/\/keepfitnutrition.ch\/product\/smartshake-xtend-2\/"},"modified":"2025-01-08T15:06:42","modified_gmt":"2025-01-08T15:06:42","slug":"shaker-smartshake-xtend","status":"publish","type":"product","link":"https:\/\/keepfitnutrition.ch\/de\/produkt\/shaker-smartshake-xtend\/","title":{"rendered":"SHAKER XTEND"},"content":{"rendered":"","protected":false},"excerpt":{"rendered":"<h5><strong><span style=\"color: #2445a2;\">Der Shaker Smartshake von Xtend<\/span><\/strong><\/h5>\n<p class=\"MsoNormal\"><span style=\"color: #2445a2;\"><strong>Das unverzichtbare Zubeh\u00f6r f\u00fcr Ihr Lieblingsgetr\u00e4nk.<\/strong><\/span><\/p>\n<p class=\"MsoNormal\"><span style=\"color: #2445a2;\"><strong>Zwei F\u00e4cher 600ml, 150ml.<\/strong><\/span><\/p>\n<p class=\"MsoNormal\"><span style=\"color: #2445a2;\"><strong>Stabiler Verschluss mit Klickverschluss.<\/strong><\/span><\/p>\n<p class=\"MsoNormal\"><span style=\"color: #2445a2;\"><strong>Anti-Klumpen-Gitter f\u00fcr eine gleichm\u00e4\u00dfige Zubereitung Ihres Lieblingsproteins.<\/strong><\/span><\/p>\n<p class=\"MsoNormal\"><span style=\"color: #2445a2;\"><strong>Der Xtend Shaker hinterl\u00e4sst keine unangenehmen Klumpen. Das Anti-Klumpen-Gitter sorgt f\u00fcr eine gleichm\u00e4\u00dfige Mischung Ihres Lieblingsgetr\u00e4nks. Der Deckel mit Klickverschluss ist stabil und 100% dicht.<\/strong><\/span><\/p>\n","protected":false},"featured_media":41493,"comment_status":"open","ping_status":"closed","template":"","meta":[],"product_cat":[1760],"product_tag":[],"class_list":{"0":"post-33693","1":"product","2":"type-product","3":"status-publish","4":"has-post-thumbnail","6":"product_cat-zubehoer","8":"first","9":"instock","10":"taxable","11":"shipping-taxable","12":"purchasable","13":"product-type-simple"},"tiered_pricing_type":"fixed","tiered_pricing_fixed_rules":[],"tiered_pricing_product_settings":{"layout":"default","base_unit_name":{"singular":null,"plural":null},"default_variation":null},"tiered_pricing_minimum_quantity":null,"tiered_pricing_roles_data":[],"tiered_pricing_percentage_rules":[],"_links":{"self":[{"href":"https:\/\/keepfitnutrition.ch\/de\/wp-json\/wp\/v2\/product\/33693","targetHints":{"allow":["GET"]}}],"collection":[{"href":"https:\/\/keepfitnutrition.ch\/de\/wp-json\/wp\/v2\/product"}],"about":[{"href":"https:\/\/keepfitnutrition.ch\/de\/wp-json\/wp\/v2\/types\/product"}],"replies":[{"embeddable":true,"href":"https:\/\/keepfitnutrition.ch\/de\/wp-json\/wp\/v2\/comments?post=33693"}],"wp:featuredmedia":[{"embeddable":true,"href":"https:\/\/keepfitnutrition.ch\/de\/wp-json\/wp\/v2\/media\/41493"}],"wp:attachment":[{"href":"https:\/\/keepfitnutrition.ch\/de\/wp-json\/wp\/v2\/media?parent=33693"}],"wp:term":[{"taxonomy":"product_cat","embeddable":true,"href":"https:\/\/keepfitnutrition.ch\/de\/wp-json\/wp\/v2\/product_cat?post=33693"},{"taxonomy":"product_tag","embeddable":true,"href":"https:\/\/keepfitnutrition.ch\/de\/wp-json\/wp\/v2\/product_tag?post=33693"}],"curies":[{"name":"wp","href":"https:\/\/api.w.org\/{rel}","templated":true}]}}