{"id":33681,"date":"2024-03-09T15:15:24","date_gmt":"2024-03-09T15:15:24","guid":{"rendered":"https:\/\/keepfitnutrition.ch\/product\/whey-protein\/"},"modified":"2026-04-01T16:04:49","modified_gmt":"2026-04-01T16:04:49","slug":"whey-protein-native-2kg","status":"publish","type":"product","link":"https:\/\/keepfitnutrition.ch\/de\/produkt\/whey-protein-native-2kg\/","title":{"rendered":"WHEY PROTEIN NATIVE"},"content":{"rendered":"<h4><strong>Das Whey Protein Native von Keep Fit Nutrition<\/strong><\/h4>\n<p class=\"textn\"><strong><span lang=\"de-ch\" xml:lang=\"de-ch\">Whey Protein ist nach wie vor das am h\u00e4ufigsten verwendete Nahrungserg\u00e4nzungsmittel, da es einfach zu verwenden ist und einen hohen Proteingehalt aufweist.<\/span><\/strong><\/p>\n<p class=\"textn\"><strong><span lang=\"de-ch\" xml:lang=\"de-ch\">Das Whey Protein Native besteht zu 75 % aus schnell assimilierbarem Protein, das zu 100 % aus franz\u00f6sischer Molke gewonnen wird.<\/span><\/strong><\/p>\n<p class=\"textn\"><span lang=\"de-ch\" xml:lang=\"de-ch\"><strong>Seine aussergew\u00f6hnliche Qualit\u00e4t und seine hervorragende Assimilation machen es zur idealen Erg\u00e4nzung f\u00fcr alle Sportler:innen.<\/strong><\/span><\/p>\n<h4><strong>Was ist der Unterschied zwischen dem 100% Isolate Native une dem Whey Protein Native von Keep Fit Nutrition?<\/strong><\/h4>\n<p class=\"textn\"><strong><span lang=\"de-ch\" xml:lang=\"de-ch\">Das Isolat Native ist laktosefrei, w\u00e4hrend das Whey Protein Native einen sehr niedrigen Laktosegehalt aufweist.<\/span><\/strong><\/p>\n<p class=\"textn\"><strong><span lang=\"de-ch\" xml:lang=\"de-ch\">Das Native Isolat hat einen Proteingehalt von bis zu 86 %, w\u00e4hrend das Native Whey Protein 75 % enth\u00e4lt. Alles, was Sie \u00fcber den Zahlen lesen, ist VERKAUFSMARKETING.<\/span><\/strong><\/p>\n<p class=\"textn\"><span lang=\"de-ch\" xml:lang=\"de-ch\"><strong>Native Isolate haben eine leichtere Textur und einen etwas weniger s\u00fcssen Geschmack, da sie keine Laktose enthalten.<\/strong><\/span><\/p>\n<h4><strong>Nur vier Zutaten:<\/strong><\/h4>\n<p><strong>WPC 80% Native aus Frankreich, 10% Bio-Kakao, Kokosnusspulver, nat\u00fcrliches Aroma, Sucralose.<\/strong><\/p>\n<h4 class=\"openn\"><strong>F\u00fcr Ihre Gesundheit enth\u00e4lt Keep Fit Nutrition keine sch\u00e4dlichen, st\u00f6renden Zusatzstoffe wie:<\/strong><\/h4>\n<p class=\"textn\"><strong><span lang=\"de-ch\" xml:lang=\"de-ch\">Acesulfam-K, Aspartam, Sojalecithin, Carboxymethylcellulose, Guargummi oder *Xanthan*, Farbstoffe, Silizium, Heisspasteurisierung aus K\u00e4se *unn\u00f6tige Salzbelastung*.<\/span><\/strong><\/p>\n<p class=\"textn\"><span lang=\"de-ch\" xml:lang=\"de-ch\"><strong>Nehmen Sie sich die Zeit, die Etiketten Ihres Whey-Protein-Konzentrats oder -Isolats zu lesen, und z\u00f6gern Sie nicht, uns bei Fragen zu kontaktieren.<\/strong><\/span><\/p>\n<h4 class=\"openn\"><span style=\"color: #d0121a;\"><strong>Empfehlung f\u00fcr die Verwendung:<\/strong><\/span><\/h4>\n<p class=\"textn\"><span style=\"color: #d0121a;\"><strong><span lang=\"de-ch\" xml:lang=\"de-ch\">R\u00fchren Sie 30 bis 40 g *2,5\u00a0<\/span>Messl\u00f6ffel = 40 g*, je nach K\u00f6rpergewicht, natives Whey-Isolat 2x t\u00e4glich in 1,5 bis max. 2 dl Wasser oder Mandelmilch *keine Kuhmilch* zum Fr\u00fchst\u00fcck und direkt nach dem Sport ein.<\/strong><\/span><\/p>\n<h4 class=\"openn\"><strong>N\u00e4hrwertangaben pro Portion 30g:<\/strong><\/h4>\n<p class=\"textn\"><strong><span lang=\"de-ch\" xml:lang=\"de-ch\">112.62Kcal Kalorien &#8211; 1.38g Fett davon 0.63g ges\u00e4ttigte Fetts\u00e4uren &#8211; 2.61g Kohlenhydrate davon Zucker 1.14g &#8211; 1.11g Ballaststoffe &#8211; 22.44g Eiweiss &#8211; 0.12g Salz.<\/span><\/strong><\/p>\n<p class=\"textn\"><span lang=\"de-ch\" xml:lang=\"de-ch\"><strong>Die N\u00e4hrwerte k\u00f6nnen je nach Aroma leicht variieren.<\/strong><\/span><\/p>\n<h4 class=\"openn\"><strong>Bei einer Molkeanalyse gibt es keine Nulltoleranz<\/strong><\/h4>\n<p class=\"textn\"><strong><span lang=\"de-ch\" xml:lang=\"de-ch\">Es wird immer eine Abweichung zwischen einer Analyse und dem Etikett geben, warum?<\/span><\/strong><\/p>\n<p class=\"textn\"><strong><span lang=\"de-ch\" xml:lang=\"de-ch\">Die Methode und die Genauigkeit der Analyse<\/span><\/strong><\/p>\n<p class=\"textn\"><strong><span lang=\"de-ch\" xml:lang=\"de-ch\">Die Feuchtigkeit zum Zeitpunkt der Messung.<\/span><\/strong><\/p>\n<p class=\"textn\"><strong><span lang=\"de-ch\" xml:lang=\"de-ch\">Leichte Abweichungen bei nat\u00fcrlichen Zutaten zwischen der theoretischen und der tats\u00e4chlichen Berechnung.<\/span><\/strong><\/p>\n<p class=\"textn\"><strong><span lang=\"de-ch\" xml:lang=\"de-ch\">Molke z. B. kann ihre Eigenschaften je nach Jahreszeit leicht ver\u00e4ndern, wenn die K\u00fche Gras oder Heu gefressen haben.<\/span><\/strong><\/p>\n<p><strong><span lang=\"de-ch\" xml:lang=\"de-ch\">Nat\u00fcrlich k\u00f6nnen wir die Etiketten nicht systematisch nach jeder Analyse \u00e4ndern, deshalb gibt es eine Toleranztabelle befindet sich unter den Anh\u00e4ge.<\/span><\/strong><\/p>\n<h4 class=\"openn\"><strong>Wichtig zu wissen:<\/strong><\/h4>\n<p class=\"textn\"><strong><span lang=\"de-ch\" xml:lang=\"de-ch\">Wenn Sie WPC 80% lesen, um mehr Protein auf einem Etikett zu sehen, ist dies nur die Referenz des Rohstoffs beim Lieferanten.<\/span><\/strong><\/p>\n<p class=\"textn\"><strong><span lang=\"de-ch\" xml:lang=\"de-ch\">Es ist UNM\u00d6GLICH, ein konzentriertes Whey-Protein* mit 80 % Protein zu finden, es sei denn, es ist die Macht des Marketings!<\/span><\/strong><\/p>\n<p class=\"textn\"><span lang=\"de-ch\" xml:lang=\"de-ch\"><strong>Das Maximum, das wir bekommen k\u00f6nnen, sind 76 g auf 100 g mit einem neutralen Geschmack, ohne Zusatz von Aromen und S\u00fcssstoffen.<\/strong><\/span><\/p>\n<h4 class=\"openn\"><strong>Ablauf einer Analyse bei Keep Fit Nutrition<\/strong><\/h4>\n<p class=\"textn\"><strong><span lang=\"de-ch\" xml:lang=\"de-ch\">Das Trockenpulver wird nach seiner Herstellung sofort einer gr\u00fcndlichen Analyse in einem Speziallabor unterzogen.<\/span><\/strong><\/p>\n<p class=\"textn\"><strong><span lang=\"de-ch\" xml:lang=\"de-ch\">Dieser Schritt garantiert eine strenge Kontrolle des Endprodukts und eine sorgf\u00e4ltige \u00dcberpr\u00fcfung der einzelnen Zutaten, wobei stets Quellen aus dem Herstellungsland bzw. Frankreich bevorzugt werden.<\/span><\/strong><\/p>\n<p class=\"textn\"><strong><span lang=\"de-ch\" xml:lang=\"de-ch\">Durch gr\u00fcndliche Analysen stellen wir sicher, dass unser Molke-Lieferant uns tats\u00e4chlich eine WPC 80 Native liefert, wie es im Produktdatenblatt angegeben ist.<\/span><\/strong><\/p>\n<p class=\"textn\"><strong><span lang=\"de-ch\" xml:lang=\"de-ch\">Anschliessend f\u00fchren wir eine gr\u00fcndliche mikrobiologische Analyse durch, auch wenn das Risiko einer mikrobiellen Kontamination bei Trockenpulver nicht gegeben ist.\u00a0<\/span><\/strong><strong><span lang=\"de-ch\" xml:lang=\"de-ch\">Diese vorbeugende.<\/span><\/strong><\/p>\n<p class=\"textn\"><strong><span lang=\"de-ch\" xml:lang=\"de-ch\">Massnahme soll die gesundheitliche Unbedenklichkeit unserer Produkte gew\u00e4hrleisten und zeugt von unserem unersch\u00fctterlichen Engagement f\u00fcr Qualit\u00e4t.<\/span><\/strong><\/p>\n<p class=\"textn\"><strong><span lang=\"de-ch\" xml:lang=\"de-ch\">Wir entscheiden uns gewissenhaft f\u00fcr Transparenz und Qualit\u00e4t und bieten unseren Verbrauchern damit eine un\u00fcbertroffene Zufriedenheitsgarantie.<\/span><\/strong><\/p>\n<p class=\"opensans10\"><strong><span lang=\"de-ch\" xml:lang=\"de-ch\">Die Analysen f\u00fcr die einzelnen Aromen mit der Toleranztabelle befinden sich unter Anh\u00e4nge.<\/span><\/strong><\/p>\n<p class=\"opensans10\"><strong><span lang=\"de-ch\" xml:lang=\"de-ch\">Die Fehlenden Analysen der neuen Aromen werden in Zukunft folgen.<\/span><\/strong><\/p>\n<h4 class=\"titr\"><strong>Warnhinweis<\/strong><\/h4>\n<p class=\"textn\"><strong><span lang=\"de-ch\" xml:lang=\"de-ch\">Dieses Produkt ist kein Ersatz f\u00fcr eine Mahlzeit, sondern ein Nahrungserg\u00e4nzungsmittel, das im Rahmen einer gesunden und ausgewogenen Lebensweise verwendet werden sollte.<\/span><\/strong><\/p>\n<p class=\"textn\"><strong><span lang=\"de-ch\" xml:lang=\"de-ch\">\u00dcberschreiten Sie nicht die empfohlene Dosis.<\/span><\/strong><\/p>\n<p class=\"textn\"><strong><span lang=\"de-ch\" xml:lang=\"de-ch\">Nicht f\u00fcr schwangere oder stillende Frauen empfohlen, sofern nicht anders empfohlen.<\/span><\/strong><\/p>\n<p class=\"textn\"><span lang=\"de-ch\" xml:lang=\"de-ch\"><strong>Ausserhalb der Reichweite von Kindern aufbewahren.<\/strong><\/span><\/p>\n<h4><strong>Die Marke Keep Fit Nutrition<\/strong><\/h4>\n<p><strong>Das Team von Keep Fit Nutrition besteht aus leidenschaftlichen Fachleuten mit mehr als 15 Jahren Erfahrung im Bereich der Nachrungserg\u00e4nzungsmittel und der Sportern\u00e4hrung. Sie verf\u00fcren \u00fcber ein umfassendes Know-how in der Konzeption und Entwicklung von hochwertigen Sportern\u00e4hrungsprodukten, von denen die meisten mit einem Qualit\u00e4tslabel ausgezeichnet sind. Die Entwicklungsprozesse finden am Hauptsitz von Keep Fit Nutrition in Granges-Paccot sowie in den Labors der Produkte, die in Frankreich und Deutschland von einem Team hergestellet werden, das von seinem Beruf begeistert ist und die Marke Keep Fit Nutrition im Laufe der Zeit weiterentwickelt und das immer mit dem gleichen Schwerpunkt:\u00a0<span style=\"text-decoration: underline;\">Qualit\u00e4t an erster Stelle!<\/span><\/strong><\/p>\n<p class=\"openn\">\n","protected":false},"excerpt":{"rendered":"<h5><strong><span style=\"color: #2445a2;\">Whey Protein Native 2kg von Keep Fit Nutrition <\/span><\/strong><\/h5>\n<p class=\"textb\"><span style=\"color: #2445a2;\"><strong><span lang=\"de-ch\" xml:lang=\"de-ch\">Sie sind auf der Suche nach einem preisg\u00fcnstigen Whey Protein Native, das aus 100% franz\u00f6sischer Molke hergestellt wird und nur aus 4 Zutaten besteht?<\/span><\/strong><\/span><\/p>\n<p class=\"textb\"><span style=\"color: #2445a2;\"><strong><span lang=\"de-ch\" xml:lang=\"de-ch\">Keep Fit Nutrition hat mit seinem Labor dieses Native Whey entwickelt, das Ihre Erwartungen mit einem ausgezeichneten Geschmack und einem Proteingehalt von 75% erf\u00fcllen wird.<\/span><\/strong><\/span><\/p>\n<p class=\"textb\"><span style=\"color: #2445a2;\"><strong><span lang=\"de-ch\" xml:lang=\"de-ch\">Native ist eine Kaltfiltration, die das Protein nicht denaturiert und nicht durch das K\u00e4senetz geht.<\/span><\/strong><\/span><\/p>\n<p class=\"textb\"><span lang=\"de-ch\" xml:lang=\"de-ch\"><span style=\"color: #2445a2;\"><strong>In Frankreich handwerklich hergestellt.<\/strong><\/span><\/span><\/p>\n","protected":false},"featured_media":41176,"comment_status":"open","ping_status":"closed","template":"","meta":[],"product_cat":[1762,1764,1792],"product_tag":[2945],"class_list":{"0":"post-33681","1":"product","2":"type-product","3":"status-publish","4":"has-post-thumbnail","6":"product_cat-sporternaehrung","7":"product_cat-protein","8":"product_cat-keep-fit-nutrition-de","9":"product_tag-keep-fit-nutrition-de","10":"pa_aromes-schokolade-de","11":"pa_contenance-2kg-de","13":"first","14":"outofstock","15":"taxable","16":"shipping-taxable","17":"purchasable","18":"product-type-variable","19":"has-default-attributes"},"tiered_pricing_type":"fixed","tiered_pricing_fixed_rules":[],"tiered_pricing_product_settings":{"layout":"default","base_unit_name":{"singular":null,"plural":null},"default_variation":null},"tiered_pricing_minimum_quantity":null,"tiered_pricing_roles_data":[],"tiered_pricing_percentage_rules":[],"_links":{"self":[{"href":"https:\/\/keepfitnutrition.ch\/de\/wp-json\/wp\/v2\/product\/33681","targetHints":{"allow":["GET"]}}],"collection":[{"href":"https:\/\/keepfitnutrition.ch\/de\/wp-json\/wp\/v2\/product"}],"about":[{"href":"https:\/\/keepfitnutrition.ch\/de\/wp-json\/wp\/v2\/types\/product"}],"replies":[{"embeddable":true,"href":"https:\/\/keepfitnutrition.ch\/de\/wp-json\/wp\/v2\/comments?post=33681"}],"wp:featuredmedia":[{"embeddable":true,"href":"https:\/\/keepfitnutrition.ch\/de\/wp-json\/wp\/v2\/media\/41176"}],"wp:attachment":[{"href":"https:\/\/keepfitnutrition.ch\/de\/wp-json\/wp\/v2\/media?parent=33681"}],"wp:term":[{"taxonomy":"product_cat","embeddable":true,"href":"https:\/\/keepfitnutrition.ch\/de\/wp-json\/wp\/v2\/product_cat?post=33681"},{"taxonomy":"product_tag","embeddable":true,"href":"https:\/\/keepfitnutrition.ch\/de\/wp-json\/wp\/v2\/product_tag?post=33681"}],"curies":[{"name":"wp","href":"https:\/\/api.w.org\/{rel}","templated":true}]}}